{"id":16687,"date":"2025-03-05T06:18:51","date_gmt":"2025-03-05T05:18:51","guid":{"rendered":"http:\/\/guydutoit.com\/koast-2019\/"},"modified":"2026-02-06T08:51:49","modified_gmt":"2026-02-06T07:51:49","slug":"koast-2019","status":"publish","type":"page","link":"https:\/\/guydutoit.com\/fr\/koast-2019\/","title":{"rendered":"KOAST 2019"},"content":{"rendered":"\t\t<div data-elementor-type=\"wp-page\" data-elementor-id=\"16687\" class=\"elementor elementor-16687 elementor-16638\" data-elementor-post-type=\"page\">\n\t\t\t\t<div class=\"elementor-element elementor-element-2374d031 e-flex e-con-boxed e-con e-parent\" data-id=\"2374d031\" data-element_type=\"container\" data-e-type=\"container\">\n\t\t\t\t\t<div class=\"e-con-inner\">\n\t\t\t\t<div class=\"elementor-element elementor-element-36207320 elementor-widget elementor-widget-text-editor\" data-id=\"36207320\" data-element_type=\"widget\" data-e-type=\"widget\" data-widget_type=\"text-editor.default\">\n\t\t\t\t<div class=\"elementor-widget-container\">\n\t\t\t\t\t\t\t\t\t<div class=\"vce-row-container\" data-vce-boxed-width=\"true\"><div id=\"el-35f51493\" class=\"vce-row vce-row--col-gap-30 vce-row-equal-height vce-row-content--top\" data-vce-do-apply=\"all el-35f51493\"><div class=\"vce-row-content\" data-vce-element-content=\"true\"><div id=\"el-e436661f\" class=\"vce-col vce-col--md-auto vce-col--xs-1 vce-col--xs-last vce-col--xs-first vce-col--sm-last vce-col--sm-first vce-col--md-last vce-col--lg-last vce-col--xl-last vce-col--md-first vce-col--lg-first vce-col--xl-first\"><div class=\"vce-col-inner\" data-vce-do-apply=\"border margin background el-e436661f\"><div class=\"vce-col-content\" data-vce-element-content=\"true\" data-vce-do-apply=\"padding el-e436661f\"><div class=\"vce-text-block\"><div id=\"el-277fd57d\" class=\"vce-text-block-wrapper vce\" data-vce-do-apply=\"all el-277fd57d\"><p>En 2019, Rolly Munro, Leigh Munro et moi-m\u00eame avons partag\u00e9 un espace d&#8217;exposition dans le studio\/atelier de Rolly \u00e0 Kerikeri.<\/p><p>Ce fut un week-end formidable avec de nombreux visiteurs et des discussions int\u00e9ressantes avec des personnes venues de loin pour visiter tous les artistes merveilleusement diversifi\u00e9s du Grand Nord et pour acheter des \u0153uvres d&#8217;art aux artistes locaux.<\/p><\/div><\/div><\/div><\/div><\/div><\/div><\/div><\/div>\t\t\t\t\t\t\t\t<\/div>\n\t\t\t\t<\/div>\n\t\t\t\t\t<\/div>\n\t\t\t\t<\/div>\n\t\t<div class=\"elementor-element elementor-element-f518e0c e-flex e-con-boxed e-con e-parent\" data-id=\"f518e0c\" data-element_type=\"container\" data-e-type=\"container\">\n\t\t\t\t\t<div class=\"e-con-inner\">\n\t\t\t\t<div class=\"elementor-element elementor-element-c16aa51 elementor-widget elementor-widget-gallery\" data-id=\"c16aa51\" data-element_type=\"widget\" data-e-type=\"widget\" data-settings=\"{&quot;gallery_layout&quot;:&quot;masonry&quot;,&quot;columns&quot;:2,&quot;lazyload&quot;:&quot;yes&quot;,&quot;columns_tablet&quot;:2,&quot;columns_mobile&quot;:1,&quot;gap&quot;:{&quot;unit&quot;:&quot;px&quot;,&quot;size&quot;:10,&quot;sizes&quot;:[]},&quot;gap_tablet&quot;:{&quot;unit&quot;:&quot;px&quot;,&quot;size&quot;:10,&quot;sizes&quot;:[]},&quot;gap_mobile&quot;:{&quot;unit&quot;:&quot;px&quot;,&quot;size&quot;:10,&quot;sizes&quot;:[]},&quot;link_to&quot;:&quot;file&quot;,&quot;overlay_background&quot;:&quot;yes&quot;,&quot;content_hover_animation&quot;:&quot;fade-in&quot;}\" data-widget_type=\"gallery.default\">\n\t\t\t\t<div class=\"elementor-widget-container\">\n\t\t\t\t\t\t\t<div class=\"elementor-gallery__container\">\n\t\t\t\t\t<\/div>\n\t\t\t\t\t<\/div>\n\t\t\t\t<\/div>\n\t\t\t\t\t<\/div>\n\t\t\t\t<\/div>\n\t\t<div class=\"elementor-element elementor-element-c1ae00d e-flex e-con-boxed e-con e-parent\" data-id=\"c1ae00d\" data-element_type=\"container\" data-e-type=\"container\">\n\t\t\t\t\t<div class=\"e-con-inner\">\n\t\t\t\t<div class=\"elementor-element elementor-element-71669c6 elementor-widget elementor-widget-gallery\" data-id=\"71669c6\" data-element_type=\"widget\" data-e-type=\"widget\" data-settings=\"{&quot;gallery_layout&quot;:&quot;masonry&quot;,&quot;lazyload&quot;:&quot;yes&quot;,&quot;columns&quot;:4,&quot;columns_tablet&quot;:2,&quot;columns_mobile&quot;:1,&quot;gap&quot;:{&quot;unit&quot;:&quot;px&quot;,&quot;size&quot;:10,&quot;sizes&quot;:[]},&quot;gap_tablet&quot;:{&quot;unit&quot;:&quot;px&quot;,&quot;size&quot;:10,&quot;sizes&quot;:[]},&quot;gap_mobile&quot;:{&quot;unit&quot;:&quot;px&quot;,&quot;size&quot;:10,&quot;sizes&quot;:[]},&quot;link_to&quot;:&quot;file&quot;,&quot;overlay_background&quot;:&quot;yes&quot;,&quot;content_hover_animation&quot;:&quot;fade-in&quot;}\" data-widget_type=\"gallery.default\">\n\t\t\t\t<div class=\"elementor-widget-container\">\n\t\t\t\t\t\t\t<div class=\"elementor-gallery__container\">\n\t\t\t\t\t\t\t<a class=\"e-gallery-item elementor-gallery-item elementor-animated-content\" href=\"https:\/\/i0.wp.com\/guydutoit.com\/wp-content\/uploads\/2025\/03\/Guy-du-Toits-art-for-KOAST-2019.jpg?fit=1806%2C1016&#038;ssl=1\" data-elementor-open-lightbox=\"yes\" data-elementor-lightbox-slideshow=\"71669c6\" data-elementor-lightbox-title=\"Guy du Toit&#039;s art for KOAST 2019\" data-e-action-hash=\"#elementor-action%3Aaction%3Dlightbox%26settings%3DeyJpZCI6MTY2NTEsInVybCI6Imh0dHBzOlwvXC9ndXlkdXRvaXQuY29tXC93cC1jb250ZW50XC91cGxvYWRzXC8yMDI1XC8wM1wvR3V5LWR1LVRvaXRzLWFydC1mb3ItS09BU1QtMjAxOS5qcGciLCJzbGlkZXNob3ciOiI3MTY2OWM2In0%3D\">\n\t\t\t\t\t<div class=\"e-gallery-image elementor-gallery-item__image\" data-thumbnail=\"https:\/\/i0.wp.com\/guydutoit.com\/wp-content\/uploads\/2025\/03\/Guy-du-Toits-art-for-KOAST-2019.jpg?fit=300%2C169&amp;ssl=1\" data-width=\"300\" data-height=\"169\" aria-label=\"\" role=\"img\" ><\/div>\n\t\t\t\t\t\t\t\t\t\t\t<div class=\"elementor-gallery-item__overlay\"><\/div>\n\t\t\t\t\t\t\t\t\t\t\t\t\t\t<\/a>\n\t\t\t\t\t\t\t<a class=\"e-gallery-item elementor-gallery-item elementor-animated-content\" href=\"https:\/\/i0.wp.com\/guydutoit.com\/wp-content\/uploads\/2025\/03\/Examples-of-Rolly-Munros-art.jpg?fit=1806%2C1806&#038;ssl=1\" data-elementor-open-lightbox=\"yes\" data-elementor-lightbox-slideshow=\"71669c6\" data-elementor-lightbox-title=\"Examples of Rolly Munro&#039;s art\" data-e-action-hash=\"#elementor-action%3Aaction%3Dlightbox%26settings%3DeyJpZCI6MTY2NDcsInVybCI6Imh0dHBzOlwvXC9ndXlkdXRvaXQuY29tXC93cC1jb250ZW50XC91cGxvYWRzXC8yMDI1XC8wM1wvRXhhbXBsZXMtb2YtUm9sbHktTXVucm9zLWFydC5qcGciLCJzbGlkZXNob3ciOiI3MTY2OWM2In0%3D\">\n\t\t\t\t\t<div class=\"e-gallery-image elementor-gallery-item__image\" data-thumbnail=\"https:\/\/i0.wp.com\/guydutoit.com\/wp-content\/uploads\/2025\/03\/Examples-of-Rolly-Munros-art.jpg?fit=300%2C300&amp;ssl=1\" data-width=\"300\" data-height=\"300\" aria-label=\"\" role=\"img\" ><\/div>\n\t\t\t\t\t\t\t\t\t\t\t<div class=\"elementor-gallery-item__overlay\"><\/div>\n\t\t\t\t\t\t\t\t\t\t\t\t\t\t<\/a>\n\t\t\t\t\t\t\t<a class=\"e-gallery-item elementor-gallery-item elementor-animated-content\" href=\"https:\/\/i0.wp.com\/guydutoit.com\/wp-content\/uploads\/2025\/03\/KOAST-2019-at-Rolly-Munros-studio.jpg?fit=1806%2C1806&#038;ssl=1\" data-elementor-open-lightbox=\"yes\" data-elementor-lightbox-slideshow=\"71669c6\" data-elementor-lightbox-title=\"KOAST 2019 at Rolly Munro&#039;s studio\" data-e-action-hash=\"#elementor-action%3Aaction%3Dlightbox%26settings%3DeyJpZCI6MTY2NTUsInVybCI6Imh0dHBzOlwvXC9ndXlkdXRvaXQuY29tXC93cC1jb250ZW50XC91cGxvYWRzXC8yMDI1XC8wM1wvS09BU1QtMjAxOS1hdC1Sb2xseS1NdW5yb3Mtc3R1ZGlvLmpwZyIsInNsaWRlc2hvdyI6IjcxNjY5YzYifQ%3D%3D\">\n\t\t\t\t\t<div class=\"e-gallery-image elementor-gallery-item__image\" data-thumbnail=\"https:\/\/i0.wp.com\/guydutoit.com\/wp-content\/uploads\/2025\/03\/KOAST-2019-at-Rolly-Munros-studio.jpg?fit=300%2C300&amp;ssl=1\" data-width=\"300\" data-height=\"300\" aria-label=\"\" role=\"img\" ><\/div>\n\t\t\t\t\t\t\t\t\t\t\t<div class=\"elementor-gallery-item__overlay\"><\/div>\n\t\t\t\t\t\t\t\t\t\t\t\t\t\t<\/a>\n\t\t\t\t\t\t\t<a class=\"e-gallery-item elementor-gallery-item elementor-animated-content\" href=\"https:\/\/i0.wp.com\/guydutoit.com\/wp-content\/uploads\/2025\/03\/Rolly-Munro-and-Guy-du-Toit-Koast-2019-scaled.jpg?fit=1153%2C2560&#038;ssl=1\" data-elementor-open-lightbox=\"yes\" data-elementor-lightbox-slideshow=\"71669c6\" data-elementor-lightbox-title=\"Rolly Munro and Guy du Toit Koast 2019\" data-e-action-hash=\"#elementor-action%3Aaction%3Dlightbox%26settings%3DeyJpZCI6MTY2NjMsInVybCI6Imh0dHBzOlwvXC9ndXlkdXRvaXQuY29tXC93cC1jb250ZW50XC91cGxvYWRzXC8yMDI1XC8wM1wvUm9sbHktTXVucm8tYW5kLUd1eS1kdS1Ub2l0LUtvYXN0LTIwMTktc2NhbGVkLmpwZyIsInNsaWRlc2hvdyI6IjcxNjY5YzYifQ%3D%3D\">\n\t\t\t\t\t<div class=\"e-gallery-image elementor-gallery-item__image\" data-thumbnail=\"https:\/\/i0.wp.com\/guydutoit.com\/wp-content\/uploads\/2025\/03\/Rolly-Munro-and-Guy-du-Toit-Koast-2019-scaled.jpg?fit=135%2C300&amp;ssl=1\" data-width=\"135\" data-height=\"300\" aria-label=\"\" role=\"img\" ><\/div>\n\t\t\t\t\t\t\t\t\t\t\t<div class=\"elementor-gallery-item__overlay\"><\/div>\n\t\t\t\t\t\t\t\t\t\t\t\t\t\t<\/a>\n\t\t\t\t\t\t\t<a class=\"e-gallery-item elementor-gallery-item elementor-animated-content\" href=\"https:\/\/i0.wp.com\/guydutoit.com\/wp-content\/uploads\/2025\/03\/Wood-art-on-display-for-KOAST-2019-scaled.jpg?fit=1440%2C2560&#038;ssl=1\" data-elementor-open-lightbox=\"yes\" data-elementor-lightbox-slideshow=\"71669c6\" data-elementor-lightbox-title=\"Wood art on display for KOAST 2019\" data-e-action-hash=\"#elementor-action%3Aaction%3Dlightbox%26settings%3DeyJpZCI6MTY2NzEsInVybCI6Imh0dHBzOlwvXC9ndXlkdXRvaXQuY29tXC93cC1jb250ZW50XC91cGxvYWRzXC8yMDI1XC8wM1wvV29vZC1hcnQtb24tZGlzcGxheS1mb3ItS09BU1QtMjAxOS1zY2FsZWQuanBnIiwic2xpZGVzaG93IjoiNzE2NjljNiJ9\">\n\t\t\t\t\t<div class=\"e-gallery-image elementor-gallery-item__image\" data-thumbnail=\"https:\/\/i0.wp.com\/guydutoit.com\/wp-content\/uploads\/2025\/03\/Wood-art-on-display-for-KOAST-2019-scaled.jpg?fit=169%2C300&amp;ssl=1\" data-width=\"169\" data-height=\"300\" aria-label=\"\" role=\"img\" ><\/div>\n\t\t\t\t\t\t\t\t\t\t\t<div class=\"elementor-gallery-item__overlay\"><\/div>\n\t\t\t\t\t\t\t\t\t\t\t\t\t\t<\/a>\n\t\t\t\t\t\t\t<a class=\"e-gallery-item elementor-gallery-item elementor-animated-content\" href=\"https:\/\/i0.wp.com\/guydutoit.com\/wp-content\/uploads\/2025\/03\/Rolly-and-Leigh-Munros-art.jpg?fit=1806%2C1016&#038;ssl=1\" data-elementor-open-lightbox=\"yes\" data-elementor-lightbox-slideshow=\"71669c6\" data-elementor-lightbox-title=\"Rolly and Leigh Munro&#039;s art\" data-e-action-hash=\"#elementor-action%3Aaction%3Dlightbox%26settings%3DeyJpZCI6MTY2NTksInVybCI6Imh0dHBzOlwvXC9ndXlkdXRvaXQuY29tXC93cC1jb250ZW50XC91cGxvYWRzXC8yMDI1XC8wM1wvUm9sbHktYW5kLUxlaWdoLU11bnJvcy1hcnQuanBnIiwic2xpZGVzaG93IjoiNzE2NjljNiJ9\">\n\t\t\t\t\t<div class=\"e-gallery-image elementor-gallery-item__image\" data-thumbnail=\"https:\/\/i0.wp.com\/guydutoit.com\/wp-content\/uploads\/2025\/03\/Rolly-and-Leigh-Munros-art.jpg?fit=300%2C169&amp;ssl=1\" data-width=\"300\" data-height=\"169\" aria-label=\"\" role=\"img\" ><\/div>\n\t\t\t\t\t\t\t\t\t\t\t<div class=\"elementor-gallery-item__overlay\"><\/div>\n\t\t\t\t\t\t\t\t\t\t\t\t\t\t<\/a>\n\t\t\t\t\t\t\t<a class=\"e-gallery-item elementor-gallery-item elementor-animated-content\" href=\"https:\/\/i0.wp.com\/guydutoit.com\/wp-content\/uploads\/2025\/03\/Rolly-Munros-studio-converted-to-a-temporary-gallery.jpg?fit=1806%2C1806&#038;ssl=1\" data-elementor-open-lightbox=\"yes\" data-elementor-lightbox-slideshow=\"71669c6\" data-elementor-lightbox-title=\"Rolly Munro&#039;s studio converted to a temporary gallery\" data-e-action-hash=\"#elementor-action%3Aaction%3Dlightbox%26settings%3DeyJpZCI6MTY2NjcsInVybCI6Imh0dHBzOlwvXC9ndXlkdXRvaXQuY29tXC93cC1jb250ZW50XC91cGxvYWRzXC8yMDI1XC8wM1wvUm9sbHktTXVucm9zLXN0dWRpby1jb252ZXJ0ZWQtdG8tYS10ZW1wb3JhcnktZ2FsbGVyeS5qcGciLCJzbGlkZXNob3ciOiI3MTY2OWM2In0%3D\">\n\t\t\t\t\t<div class=\"e-gallery-image elementor-gallery-item__image\" data-thumbnail=\"https:\/\/i0.wp.com\/guydutoit.com\/wp-content\/uploads\/2025\/03\/Rolly-Munros-studio-converted-to-a-temporary-gallery.jpg?fit=300%2C300&amp;ssl=1\" data-width=\"300\" data-height=\"300\" aria-label=\"\" role=\"img\" ><\/div>\n\t\t\t\t\t\t\t\t\t\t\t<div class=\"elementor-gallery-item__overlay\"><\/div>\n\t\t\t\t\t\t\t\t\t\t\t\t\t\t<\/a>\n\t\t\t\t\t<\/div>\n\t\t\t\t\t<\/div>\n\t\t\t\t<\/div>\n\t\t\t\t\t<\/div>\n\t\t\t\t<\/div>\n\t\t\t\t<\/div>\n\t\t","protected":false},"excerpt":{"rendered":"<p>En 2019, Rolly Munro, Leigh Munro et moi-m\u00eame avons partag\u00e9 un espace d&#8217;exposition dans le studio\/atelier de Rolly \u00e0 Kerikeri. Ce fut un week-end formidable avec de nombreux visiteurs et des discussions int\u00e9ressantes avec des personnes venues de loin pour visiter tous les artistes merveilleusement diversifi\u00e9s du Grand Nord et pour acheter des \u0153uvres d&#8217;art [&hellip;]<\/p>\n","protected":false},"author":2,"featured_media":0,"parent":0,"menu_order":0,"comment_status":"closed","ping_status":"closed","template":"","meta":{"site-sidebar-layout":"default","site-content-layout":"","ast-site-content-layout":"default","site-content-style":"default","site-sidebar-style":"default","ast-global-header-display":"","ast-banner-title-visibility":"","ast-main-header-display":"","ast-hfb-above-header-display":"","ast-hfb-below-header-display":"","ast-hfb-mobile-header-display":"","site-post-title":"","ast-breadcrumbs-content":"","ast-featured-img":"","footer-sml-layout":"","ast-disable-related-posts":"","theme-transparent-header-meta":"default","adv-header-id-meta":"","stick-header-meta":"default","header-above-stick-meta":"","header-main-stick-meta":"","header-below-stick-meta":"","astra-migrate-meta-layouts":"default","ast-page-background-enabled":"default","ast-page-background-meta":{"desktop":{"background-color":"var(--ast-global-color-4)","background-image":"","background-repeat":"repeat","background-position":"center center","background-size":"auto","background-attachment":"scroll","background-type":"","background-media":"","overlay-type":"","overlay-color":"","overlay-opacity":"","overlay-gradient":""},"tablet":{"background-color":"","background-image":"","background-repeat":"repeat","background-position":"center center","background-size":"auto","background-attachment":"scroll","background-type":"","background-media":"","overlay-type":"","overlay-color":"","overlay-opacity":"","overlay-gradient":""},"mobile":{"background-color":"","background-image":"","background-repeat":"repeat","background-position":"center center","background-size":"auto","background-attachment":"scroll","background-type":"","background-media":"","overlay-type":"","overlay-color":"","overlay-opacity":"","overlay-gradient":""}},"ast-content-background-meta":{"desktop":{"background-color":"var(--ast-global-color-5)","background-image":"","background-repeat":"repeat","background-position":"center center","background-size":"auto","background-attachment":"scroll","background-type":"","background-media":"","overlay-type":"","overlay-color":"","overlay-opacity":"","overlay-gradient":""},"tablet":{"background-color":"var(--ast-global-color-5)","background-image":"","background-repeat":"repeat","background-position":"center center","background-size":"auto","background-attachment":"scroll","background-type":"","background-media":"","overlay-type":"","overlay-color":"","overlay-opacity":"","overlay-gradient":""},"mobile":{"background-color":"var(--ast-global-color-5)","background-image":"","background-repeat":"repeat","background-position":"center center","background-size":"auto","background-attachment":"scroll","background-type":"","background-media":"","overlay-type":"","overlay-color":"","overlay-opacity":"","overlay-gradient":""}},"jetpack_post_was_ever_published":false,"footnotes":""},"class_list":["post-16687","page","type-page","status-publish","hentry"],"jetpack-related-posts":[{"id":15484,"url":"https:\/\/guydutoit.com\/fr\/buy-munro-hollowing-tools-online\/","url_meta":{"origin":16687,"position":0},"title":"Acheter des outils d&#8217;\u00e9vidage Munro en ligne","author":"Guy du Toit","date":"11 novembre 2024","format":false,"excerpt":"Acheter des outils d'\u00e9vidage Munro en ligne Lib\u00e9rez votre potentiel de tournage sur bois avec les outils de creusage MunroAm\u00e9liorez votre exp\u00e9rience du tournage sur bois avec les l\u00e9gendaires outils de creusage Munro, con\u00e7us par le c\u00e9l\u00e8bre ma\u00eetre du tournage sur bois Rolly Munro. CLIQUEZ sur l'IMAGE pour acc\u00e9der \u00e0\u2026","rel":"","context":"Article similaire","block_context":{"text":"Article similaire","link":""},"img":{"alt_text":"Munro Tools Spares","src":"https:\/\/i0.wp.com\/guydutoit.com\/wp-content\/uploads\/2024\/11\/Munro-Tools-Spares.png?resize=350%2C200&ssl=1","width":350,"height":200,"srcset":"https:\/\/i0.wp.com\/guydutoit.com\/wp-content\/uploads\/2024\/11\/Munro-Tools-Spares.png?resize=350%2C200&ssl=1 1x, https:\/\/i0.wp.com\/guydutoit.com\/wp-content\/uploads\/2024\/11\/Munro-Tools-Spares.png?resize=525%2C300&ssl=1 1.5x, https:\/\/i0.wp.com\/guydutoit.com\/wp-content\/uploads\/2024\/11\/Munro-Tools-Spares.png?resize=700%2C400&ssl=1 2x, https:\/\/i0.wp.com\/guydutoit.com\/wp-content\/uploads\/2024\/11\/Munro-Tools-Spares.png?resize=1050%2C600&ssl=1 3x"},"classes":[]},{"id":15490,"url":"https:\/\/guydutoit.com\/fr\/about-guy\/","url_meta":{"origin":16687,"position":1},"title":"\u00c0 propos de Guy","author":"Guy du Toit","date":"6 novembre 2024","format":false,"excerpt":"\u00c0 propos de Guy TRAVAIL DE COMMISSION EXPOSITIONS ET \u00c9V\u00c9NEMENTS DANS LA PRESSE COLLABORATIONS PRIX ET R\u00c9COMPENSES Hello, Kia Ora, Bonjour, Goeie dag ! Bienvenue sur mon site web ! Je m'appelle Guy (Gideon) du Toit et je suis un tourneur sur bois passionn\u00e9 qui cherche \u00e0 transformer le bois\u2026","rel":"","context":"Article similaire","block_context":{"text":"Article similaire","link":""},"img":{"alt_text":"","src":"https:\/\/i0.wp.com\/guydutoit.com\/wp-content\/uploads\/2024\/11\/team.png?resize=350%2C200&ssl=1","width":350,"height":200},"classes":[]},{"id":15485,"url":"https:\/\/guydutoit.com\/fr\/buy-woodturning-tools-and-accessories-online\/","url_meta":{"origin":16687,"position":2},"title":"Acheter des outils de tournage et des accessoires en ligne","author":"Guy du Toit","date":"11 novembre 2024","format":false,"excerpt":"Acheter des outils de tournage et des accessoires en ligne Lib\u00e9rez votre sculpteur int\u00e9rieur : Faites passer le tournage sur bois \u00e0 la vitesse sup\u00e9rieure Acheter en ligne les outils de tournage et d'\u00e9vidage Munro Ma\u00eetrisez les d\u00e9tails complexes et les formes creuses avec un contr\u00f4le in\u00e9gal\u00e9.Les fraises innovantes et\u2026","rel":"","context":"Article similaire","block_context":{"text":"Article similaire","link":""},"img":{"alt_text":"Munro Minimum6 Articulated hollower inside hollow form","src":"https:\/\/i0.wp.com\/guydutoit.com\/wp-content\/uploads\/2024\/11\/Munro-Minimum6-Articulated-hollower-inside-hollow-form.png?resize=350%2C200&ssl=1","width":350,"height":200,"srcset":"https:\/\/i0.wp.com\/guydutoit.com\/wp-content\/uploads\/2024\/11\/Munro-Minimum6-Articulated-hollower-inside-hollow-form.png?resize=350%2C200&ssl=1 1x, https:\/\/i0.wp.com\/guydutoit.com\/wp-content\/uploads\/2024\/11\/Munro-Minimum6-Articulated-hollower-inside-hollow-form.png?resize=525%2C300&ssl=1 1.5x, https:\/\/i0.wp.com\/guydutoit.com\/wp-content\/uploads\/2024\/11\/Munro-Minimum6-Articulated-hollower-inside-hollow-form.png?resize=700%2C400&ssl=1 2x, https:\/\/i0.wp.com\/guydutoit.com\/wp-content\/uploads\/2024\/11\/Munro-Minimum6-Articulated-hollower-inside-hollow-form.png?resize=1050%2C600&ssl=1 3x, https:\/\/i0.wp.com\/guydutoit.com\/wp-content\/uploads\/2024\/11\/Munro-Minimum6-Articulated-hollower-inside-hollow-form.png?resize=1400%2C800&ssl=1 4x"},"classes":[]},{"id":15486,"url":"https:\/\/guydutoit.com\/fr\/in-the-news\/","url_meta":{"origin":16687,"position":3},"title":"DANS L&#8217;ACTUALIT\u00c9","author":"Guy du Toit","date":"8 novembre 2024","format":false,"excerpt":"Dans l'actualit\u00e9 Dans la presse : L'artisanat \u00e0 l'honneur Le tournage sur bois au c\u0153ur de l'actualit\u00e9 J'ai h\u00e2te de partager quelques \u00e9l\u00e9ments qui mettent en valeur mon travail et ma passion pour le tournage sur bois ! Ces \u00e9v\u00e9nements m\u00e9diatiques ont permis d'entrer en contact avec un public plus\u2026","rel":"","context":"Article similaire","block_context":{"text":"Article similaire","link":""},"img":{"alt_text":"Guy du Toit Documentary","src":"https:\/\/i0.wp.com\/guydutoit.com\/wp-content\/uploads\/2024\/11\/Guy-du-Toit-Documentary.png?resize=350%2C200&ssl=1","width":350,"height":200},"classes":[]},{"id":16681,"url":"https:\/\/guydutoit.com\/es\/koast-2019\/","url_meta":{"origin":16687,"position":4},"title":"KOAST 2019","author":"Guy du Toit","date":"5 mars 2025","format":false,"excerpt":"En 2019 Rolly Munro, Leigh Munro y yo compartimos espacio expositivo en el estudio \/ taller de Rolly en Kerikeri.Fue un fin de semana estupendo con muchos visitantes y un mont\u00f3n de charlas interesantes con gente que vino de lejos para visitar a todos los artistas maravillosamente diversos del Extremo\u2026","rel":"","context":"Article similaire","block_context":{"text":"Article similaire","link":""},"img":{"alt_text":"","src":"","width":0,"height":0},"classes":[]},{"id":13467,"url":"https:\/\/guydutoit.com\/es\/buy-munro-hollowing-tools-online\/","url_meta":{"origin":16687,"position":5},"title":"Compre en l\u00ednea las herramientas para ahuecar de Munro","author":"Guy du Toit","date":"11 novembre 2024","format":false,"excerpt":"Compre en l\u00ednea las herramientas para ahuecar de Munro Libere su potencial de torneado de madera con las herramientas de ahuecado de MunroEleve su experiencia en el torneado de madera con las legendarias herramientas para ahuecar de Munro, dise\u00f1adas por el renombrado maestro tornero Rolly Munro. HAGA CLIC en la\u2026","rel":"","context":"Article similaire","block_context":{"text":"Article similaire","link":""},"img":{"alt_text":"","src":"https:\/\/i0.wp.com\/guydutoit.com\/wp-content\/uploads\/2025\/03\/Munro-Minimum6-Articulated-inside-Hollow-Form-png-scaled.webp?resize=350%2C200&ssl=1","width":350,"height":200,"srcset":"https:\/\/i0.wp.com\/guydutoit.com\/wp-content\/uploads\/2025\/03\/Munro-Minimum6-Articulated-inside-Hollow-Form-png-scaled.webp?resize=350%2C200&ssl=1 1x, https:\/\/i0.wp.com\/guydutoit.com\/wp-content\/uploads\/2025\/03\/Munro-Minimum6-Articulated-inside-Hollow-Form-png-scaled.webp?resize=525%2C300&ssl=1 1.5x, https:\/\/i0.wp.com\/guydutoit.com\/wp-content\/uploads\/2025\/03\/Munro-Minimum6-Articulated-inside-Hollow-Form-png-scaled.webp?resize=700%2C400&ssl=1 2x, https:\/\/i0.wp.com\/guydutoit.com\/wp-content\/uploads\/2025\/03\/Munro-Minimum6-Articulated-inside-Hollow-Form-png-scaled.webp?resize=1050%2C600&ssl=1 3x, https:\/\/i0.wp.com\/guydutoit.com\/wp-content\/uploads\/2025\/03\/Munro-Minimum6-Articulated-inside-Hollow-Form-png-scaled.webp?resize=1400%2C800&ssl=1 4x"},"classes":[]}],"jetpack_sharing_enabled":true,"jetpack_likes_enabled":true,"_links":{"self":[{"href":"https:\/\/guydutoit.com\/fr\/wp-json\/wp\/v2\/pages\/16687","targetHints":{"allow":["GET"]}}],"collection":[{"href":"https:\/\/guydutoit.com\/fr\/wp-json\/wp\/v2\/pages"}],"about":[{"href":"https:\/\/guydutoit.com\/fr\/wp-json\/wp\/v2\/types\/page"}],"author":[{"embeddable":true,"href":"https:\/\/guydutoit.com\/fr\/wp-json\/wp\/v2\/users\/2"}],"replies":[{"embeddable":true,"href":"https:\/\/guydutoit.com\/fr\/wp-json\/wp\/v2\/comments?post=16687"}],"version-history":[{"count":6,"href":"https:\/\/guydutoit.com\/fr\/wp-json\/wp\/v2\/pages\/16687\/revisions"}],"predecessor-version":[{"id":17775,"href":"https:\/\/guydutoit.com\/fr\/wp-json\/wp\/v2\/pages\/16687\/revisions\/17775"}],"wp:attachment":[{"href":"https:\/\/guydutoit.com\/fr\/wp-json\/wp\/v2\/media?parent=16687"}],"curies":[{"name":"wp","href":"https:\/\/api.w.org\/{rel}","templated":true}]}}