{"id":15919,"date":"2024-08-22T12:45:12","date_gmt":"2024-08-22T11:45:12","guid":{"rendered":"http:\/\/guydutoit.com\/shop-online\/non%20class\u00e9\/jeu-de-vis-de-remplacement-munro-hollowers\/"},"modified":"2026-02-21T12:40:00","modified_gmt":"2026-02-21T11:40:00","slug":"munro-hollowers-replacement-screw-sets","status":"publish","type":"product","link":"https:\/\/guydutoit.com\/fr\/product\/munro-hollowers-replacement-screw-sets\/","title":{"rendered":"Jeu de vis de remplacement Munro Hollowers"},"content":{"rendered":"<p><strong>Jeu de vis de rechange pour Munro Hollowers<\/strong><\/p>\n<p><strong>Vous devez remplacer vos vis Munro Hollower ?<\/strong>  Vous avez perdu une vis ? Tout tourneur sur bois exp\u00e9riment\u00e9 conna\u00eet ce sentiment lorsque quelque chose ne va pas, cette sensation de peur au creux de l&#8217;estomac. Peut-\u00eatre qu&#8217;en changeant votre disque de coupe, vous avez fait tomber votre vis torx sur le sol de l&#8217;atelier et que, conform\u00e9ment \u00e0 la loi de Murphy, elle est tomb\u00e9e dans cette fissure du sol entre le mur et les profondeurs de l&#8217;enfer, pour ne plus jamais r\u00e9appara\u00eetre. Ou dans le tas de copeaux que vous avez voulu balayer toute la semaine. Ou peut-\u00eatre avez-vous fait une b\u00eatise et d\u00e9cid\u00e9 de modifier votre outil et maintenant il ne fonctionne plus ? Quelle que soit la raison, nous pouvons vous envoyer un nouveau jeu de vis pour votre Munro Hollower le plus rapidement possible. N&#8217;utilisez pas de vis de remplacement bon march\u00e9, nos vis sont les jeux originaux utilis\u00e9s par Rolly Munro lorsqu&#8217;il assemble ses outils et sont de la taille, de la longueur, du filetage et de la taille de la fente corrects pour s&#8217;adapter parfaitement \u00e0 votre outil. Fabriqu\u00e9s en acier de haute qualit\u00e9, ils valent la peine d&#8217;\u00eatre achet\u00e9s pour savoir que votre hollower fonctionnera \u00e0 nouveau comme s&#8217;il \u00e9tait neuf.<\/p>\n<p><strong>Investissez dans la qualit\u00e9, investissez dans votre m\u00e9tier. Commandez d\u00e8s aujourd&#8217;hui votre jeu de vis de remplacement Munro et constatez la diff\u00e9rence ! <\/strong><\/p>\n","protected":false},"excerpt":{"rendered":"<p>Remplacez les vis de votre Munro Hollower par de nouvelles vis qui correspondent aux vis d&#8217;origine. Mat\u00e9riaux de haute qualit\u00e9, taille et filetage corrects &#8211; faites les choses correctement. <\/p>\n","protected":false},"featured_media":14596,"comment_status":"open","ping_status":"closed","template":"","meta":{"site-sidebar-layout":"default","site-content-layout":"","ast-site-content-layout":"default","site-content-style":"default","site-sidebar-style":"default","ast-global-header-display":"","ast-banner-title-visibility":"","ast-main-header-display":"","ast-hfb-above-header-display":"","ast-hfb-below-header-display":"","ast-hfb-mobile-header-display":"","site-post-title":"","ast-breadcrumbs-content":"","ast-featured-img":"","footer-sml-layout":"","ast-disable-related-posts":"","theme-transparent-header-meta":"default","adv-header-id-meta":"","stick-header-meta":"default","header-above-stick-meta":"","header-main-stick-meta":"","header-below-stick-meta":"","astra-migrate-meta-layouts":"default","ast-page-background-enabled":"default","ast-page-background-meta":{"desktop":{"background-color":"var(--ast-global-color-4)","background-image":"","background-repeat":"repeat","background-position":"center center","background-size":"auto","background-attachment":"scroll","background-type":"","background-media":"","overlay-type":"","overlay-color":"","overlay-opacity":"","overlay-gradient":""},"tablet":{"background-color":"","background-image":"","background-repeat":"repeat","background-position":"center center","background-size":"auto","background-attachment":"scroll","background-type":"","background-media":"","overlay-type":"","overlay-color":"","overlay-opacity":"","overlay-gradient":""},"mobile":{"background-color":"","background-image":"","background-repeat":"repeat","background-position":"center center","background-size":"auto","background-attachment":"scroll","background-type":"","background-media":"","overlay-type":"","overlay-color":"","overlay-opacity":"","overlay-gradient":""}},"ast-content-background-meta":{"desktop":{"background-color":"var(--ast-global-color-5)","background-image":"","background-repeat":"repeat","background-position":"center center","background-size":"auto","background-attachment":"scroll","background-type":"","background-media":"","overlay-type":"","overlay-color":"","overlay-opacity":"","overlay-gradient":""},"tablet":{"background-color":"var(--ast-global-color-5)","background-image":"","background-repeat":"repeat","background-position":"center center","background-size":"auto","background-attachment":"scroll","background-type":"","background-media":"","overlay-type":"","overlay-color":"","overlay-opacity":"","overlay-gradient":""},"mobile":{"background-color":"var(--ast-global-color-5)","background-image":"","background-repeat":"repeat","background-position":"center center","background-size":"auto","background-attachment":"scroll","background-type":"","background-media":"","overlay-type":"","overlay-color":"","overlay-opacity":"","overlay-gradient":""}},"jetpack_post_was_ever_published":false,"jetpack_publicize_message":"","jetpack_publicize_feature_enabled":true,"jetpack_social_post_already_shared":false,"jetpack_social_options":{"image_generator_settings":{"template":"highway","default_image_id":0,"font":"","enabled":false},"version":2}},"product_brand":[],"product_cat":[400],"product_tag":[409,408,412,413,411,407,405,404,406,415,414,410],"class_list":{"0":"post-15919","1":"product","2":"type-product","3":"status-publish","4":"has-post-thumbnail","6":"product_cat-munro-tools-fr","7":"product_tag-accessoires-pour-le-tournage-du-bois","8":"product_tag-formes-creuses-et-profondes","9":"product_tag-limiteur-depaisseur","10":"product_tag-limiteur-de-profondeur-de-la-gouge-de-tournage-sur-bois","11":"product_tag-mega2-fr","12":"product_tag-outil-articule","13":"product_tag-outil-de-creusage","14":"product_tag-outils-de-tournage-sur-bois","15":"product_tag-rolly-munro-fr","16":"product_tag-vis-de-remplacement","17":"product_tag-vis-torx","18":"product_tag-wundercutt10-fr","19":"desktop-align-left","20":"tablet-align-left","21":"mobile-align-left","22":"ast-product-gallery-layout-vertical-slider","23":"ast-product-single-variable","24":"ast-product-tabs-layout-horizontal","26":"first","27":"instock","28":"shipping-taxable","29":"purchasable","30":"product-type-variable"},"jetpack_publicize_connections":[],"jetpack-related-posts":[{"id":15926,"url":"https:\/\/guydutoit.com\/fr\/product\/munro-replacement-thickness-limiter\/","url_meta":{"origin":15919,"position":0},"title":"Limiteurs d&#8217;\u00e9paisseur de remplacement Munro","author":"Guy du Toit","date":"21 ao\u00fbt 2024","format":false,"excerpt":"La conception ing\u00e9nieuse de Rolly Munro \u00e9limine la frustration des essais et des erreurs. Obtenez des profondeurs de coupe pr\u00e9cises gr\u00e2ce au limiteur d'\u00e9paisseur de copeaux innovant, r\u00e9glable de 0,05 mm \u00e0 0,5 mm [1\/125\" \u00e0 1\/50\"].","rel":"","context":"Article similaire","block_context":{"text":"Article similaire","link":""},"img":{"alt_text":"Limiteurs d'\u00e9paisseur de remplacement Munro","src":"https:\/\/i0.wp.com\/guydutoit.com\/wp-content\/uploads\/2024\/11\/Munro-Replacement-Thickness-Limiters.png?fit=938%2C388&ssl=1&resize=350%2C200","width":350,"height":200,"srcset":"https:\/\/i0.wp.com\/guydutoit.com\/wp-content\/uploads\/2024\/11\/Munro-Replacement-Thickness-Limiters.png?fit=938%2C388&ssl=1&resize=350%2C200 1x, https:\/\/i0.wp.com\/guydutoit.com\/wp-content\/uploads\/2024\/11\/Munro-Replacement-Thickness-Limiters.png?fit=938%2C388&ssl=1&resize=525%2C300 1.5x, https:\/\/i0.wp.com\/guydutoit.com\/wp-content\/uploads\/2024\/11\/Munro-Replacement-Thickness-Limiters.png?fit=938%2C388&ssl=1&resize=700%2C400 2x"},"classes":[]},{"id":15918,"url":"https:\/\/guydutoit.com\/fr\/product\/munro-wundercutt10-replacement-head\/","url_meta":{"origin":15919,"position":1},"title":"T\u00eate de remplacement Munro Wundercutt10","author":"Guy du Toit","date":"22 ao\u00fbt 2024","format":false,"excerpt":"Vous construisez votre propre outil d'\u00e9vidage pour le tournage du bois ? Peut-\u00eatre avez-vous fait quelque chose de vraiment stupide et d\u00e9cid\u00e9 de modifier votre outil et maintenant il ne fonctionne plus ? Quelle que soit la raison, nous pouvons vous envoyer une nouvelle t\u00eate de remplacement pour votre Wundercutt10\u2026","rel":"","context":"Article similaire","block_context":{"text":"Article similaire","link":""},"img":{"alt_text":"","src":"https:\/\/i0.wp.com\/guydutoit.com\/wp-content\/uploads\/2024\/08\/Munro-Wunderkutt10-Replacement-Head.png?fit=1200%2C1200&ssl=1&resize=350%2C200","width":350,"height":200,"srcset":"https:\/\/i0.wp.com\/guydutoit.com\/wp-content\/uploads\/2024\/08\/Munro-Wunderkutt10-Replacement-Head.png?fit=1200%2C1200&ssl=1&resize=350%2C200 1x, https:\/\/i0.wp.com\/guydutoit.com\/wp-content\/uploads\/2024\/08\/Munro-Wunderkutt10-Replacement-Head.png?fit=1200%2C1200&ssl=1&resize=525%2C300 1.5x, https:\/\/i0.wp.com\/guydutoit.com\/wp-content\/uploads\/2024\/08\/Munro-Wunderkutt10-Replacement-Head.png?fit=1200%2C1200&ssl=1&resize=700%2C400 2x, https:\/\/i0.wp.com\/guydutoit.com\/wp-content\/uploads\/2024\/08\/Munro-Wunderkutt10-Replacement-Head.png?fit=1200%2C1200&ssl=1&resize=1050%2C600 3x"},"classes":[]},{"id":15947,"url":"https:\/\/guydutoit.com\/fr\/product\/munro-wundercutt10-deep-hollowing-tool\/","url_meta":{"origin":15919,"position":2},"title":"Munro Wundercutt10","author":"Guy du Toit","date":"27 juillet 2024","format":false,"excerpt":"Vous souhaitez cr\u00e9er de superbes formes creuses et passer \u00e0 la vitesse sup\u00e9rieure en mati\u00e8re de tournage sur bois ? Ne cherchez pas plus loin que le Wundercutt10 de Rolly Munro, le choix de confiance des tourneurs de bois du monde entier.","rel":"","context":"Article similaire","block_context":{"text":"Article similaire","link":""},"img":{"alt_text":"Wundercutt10 Creuseur articul\u00e9","src":"https:\/\/i0.wp.com\/guydutoit.com\/wp-content\/uploads\/2024\/11\/Wundercutt10-Articulated-Hollower.png?fit=1200%2C815&ssl=1&resize=350%2C200","width":350,"height":200,"srcset":"https:\/\/i0.wp.com\/guydutoit.com\/wp-content\/uploads\/2024\/11\/Wundercutt10-Articulated-Hollower.png?fit=1200%2C815&ssl=1&resize=350%2C200 1x, https:\/\/i0.wp.com\/guydutoit.com\/wp-content\/uploads\/2024\/11\/Wundercutt10-Articulated-Hollower.png?fit=1200%2C815&ssl=1&resize=525%2C300 1.5x, https:\/\/i0.wp.com\/guydutoit.com\/wp-content\/uploads\/2024\/11\/Wundercutt10-Articulated-Hollower.png?fit=1200%2C815&ssl=1&resize=700%2C400 2x, https:\/\/i0.wp.com\/guydutoit.com\/wp-content\/uploads\/2024\/11\/Wundercutt10-Articulated-Hollower.png?fit=1200%2C815&ssl=1&resize=1050%2C600 3x"},"classes":[]},{"id":15941,"url":"https:\/\/guydutoit.com\/fr\/product\/replacement-tungsten-carbide-cutting-wheels\/","url_meta":{"origin":15919,"position":3},"title":"Molette de coupe en carbure de tungst\u00e8ne Munro","author":"Guy du Toit","date":"10 ao\u00fbt 2024","format":false,"excerpt":"Meules de remplacement de pr\u00e9cision en carbure de tungst\u00e8ne pour les outils de tournage sur bois Munro. B\u00e9n\u00e9ficiez d'une performance de coupe et d'une long\u00e9vit\u00e9 sup\u00e9rieures.","rel":"","context":"Article similaire","block_context":{"text":"Article similaire","link":""},"img":{"alt_text":"Coupes en carbure de tungst\u00e8ne Munro","src":"https:\/\/i0.wp.com\/guydutoit.com\/wp-content\/uploads\/2024\/08\/Munro-Tungsten-Carbide-Cutting-Wheels-With-Screw-In.png?fit=1200%2C867&ssl=1&resize=350%2C200","width":350,"height":200,"srcset":"https:\/\/i0.wp.com\/guydutoit.com\/wp-content\/uploads\/2024\/08\/Munro-Tungsten-Carbide-Cutting-Wheels-With-Screw-In.png?fit=1200%2C867&ssl=1&resize=350%2C200 1x, https:\/\/i0.wp.com\/guydutoit.com\/wp-content\/uploads\/2024\/08\/Munro-Tungsten-Carbide-Cutting-Wheels-With-Screw-In.png?fit=1200%2C867&ssl=1&resize=525%2C300 1.5x, https:\/\/i0.wp.com\/guydutoit.com\/wp-content\/uploads\/2024\/08\/Munro-Tungsten-Carbide-Cutting-Wheels-With-Screw-In.png?fit=1200%2C867&ssl=1&resize=700%2C400 2x, https:\/\/i0.wp.com\/guydutoit.com\/wp-content\/uploads\/2024\/08\/Munro-Tungsten-Carbide-Cutting-Wheels-With-Screw-In.png?fit=1200%2C867&ssl=1&resize=1050%2C600 3x"},"classes":[]},{"id":15948,"url":"https:\/\/guydutoit.com\/fr\/product\/munro-minimum6-articulating-hollowing-tool\/","url_meta":{"origin":15919,"position":4},"title":"Outil de creusage articul\u00e9 Munro Minimum6","author":"Guy du Toit","date":"8 ao\u00fbt 2024","format":false,"excerpt":"Franchissez les ouvertures \u00e9troites sans effort avec l'outil de creusage articul\u00e9 Minimum6. Cet outil r\u00e9volutionnaire de Rolly Munro offre une pr\u00e9cision, un contr\u00f4le et une durabilit\u00e9 in\u00e9gal\u00e9s pour cr\u00e9er des formes creuses \u00e9tonnantes. L'outil articul\u00e9 Minimum6 de Rolly Munro est la solution ultime pour les tourneurs de bois qui cherchent\u2026","rel":"","context":"Article similaire","block_context":{"text":"Article similaire","link":""},"img":{"alt_text":"","src":"https:\/\/i0.wp.com\/guydutoit.com\/wp-content\/uploads\/2024\/08\/Munro-Minimun6-Articulating-Package-png.webp?fit=1200%2C1200&ssl=1&resize=350%2C200","width":350,"height":200,"srcset":"https:\/\/i0.wp.com\/guydutoit.com\/wp-content\/uploads\/2024\/08\/Munro-Minimun6-Articulating-Package-png.webp?fit=1200%2C1200&ssl=1&resize=350%2C200 1x, https:\/\/i0.wp.com\/guydutoit.com\/wp-content\/uploads\/2024\/08\/Munro-Minimun6-Articulating-Package-png.webp?fit=1200%2C1200&ssl=1&resize=525%2C300 1.5x, https:\/\/i0.wp.com\/guydutoit.com\/wp-content\/uploads\/2024\/08\/Munro-Minimun6-Articulating-Package-png.webp?fit=1200%2C1200&ssl=1&resize=700%2C400 2x, https:\/\/i0.wp.com\/guydutoit.com\/wp-content\/uploads\/2024\/08\/Munro-Minimun6-Articulating-Package-png.webp?fit=1200%2C1200&ssl=1&resize=1050%2C600 3x"},"classes":[]},{"id":15925,"url":"https:\/\/guydutoit.com\/fr\/product\/munro-sharpening-dowel\/","url_meta":{"origin":15919,"position":5},"title":"Goujon d&#8217;aff\u00fbtage Munro","author":"Guy du Toit","date":"16 ao\u00fbt 2024","format":false,"excerpt":"Chevilles d'aff\u00fbtage de pr\u00e9cision pour l'aff\u00fbtage des molettes de coupe en carbure de tungst\u00e8ne pour les outils de tournage sur bois Munro. B\u00e9n\u00e9ficiez d'une performance de coupe et d'une long\u00e9vit\u00e9 sup\u00e9rieures.","rel":"","context":"Article similaire","block_context":{"text":"Article similaire","link":""},"img":{"alt_text":"Goujon d'aff\u00fbtage Munro pour meules en carbure de tungst\u00e8ne","src":"https:\/\/i0.wp.com\/guydutoit.com\/wp-content\/uploads\/2024\/11\/Munro-Sharpening-Dowel-for-Tungsten-Carbide-Cutting-Wheels.png?fit=678%2C806&ssl=1&resize=350%2C200","width":350,"height":200,"srcset":"https:\/\/i0.wp.com\/guydutoit.com\/wp-content\/uploads\/2024\/11\/Munro-Sharpening-Dowel-for-Tungsten-Carbide-Cutting-Wheels.png?fit=678%2C806&ssl=1&resize=350%2C200 1x, https:\/\/i0.wp.com\/guydutoit.com\/wp-content\/uploads\/2024\/11\/Munro-Sharpening-Dowel-for-Tungsten-Carbide-Cutting-Wheels.png?fit=678%2C806&ssl=1&resize=525%2C300 1.5x"},"classes":[]}],"jetpack_sharing_enabled":true,"jetpack_likes_enabled":true,"_links":{"self":[{"href":"https:\/\/guydutoit.com\/fr\/wp-json\/wp\/v2\/product\/15919","targetHints":{"allow":["GET"]}}],"collection":[{"href":"https:\/\/guydutoit.com\/fr\/wp-json\/wp\/v2\/product"}],"about":[{"href":"https:\/\/guydutoit.com\/fr\/wp-json\/wp\/v2\/types\/product"}],"replies":[{"embeddable":true,"href":"https:\/\/guydutoit.com\/fr\/wp-json\/wp\/v2\/comments?post=15919"}],"wp:featuredmedia":[{"embeddable":true,"href":"https:\/\/guydutoit.com\/fr\/wp-json\/wp\/v2\/media\/14596"}],"wp:attachment":[{"href":"https:\/\/guydutoit.com\/fr\/wp-json\/wp\/v2\/media?parent=15919"}],"wp:term":[{"taxonomy":"product_brand","embeddable":true,"href":"https:\/\/guydutoit.com\/fr\/wp-json\/wp\/v2\/product_brand?post=15919"},{"taxonomy":"product_cat","embeddable":true,"href":"https:\/\/guydutoit.com\/fr\/wp-json\/wp\/v2\/product_cat?post=15919"},{"taxonomy":"product_tag","embeddable":true,"href":"https:\/\/guydutoit.com\/fr\/wp-json\/wp\/v2\/product_tag?post=15919"}],"curies":[{"name":"wp","href":"https:\/\/api.w.org\/{rel}","templated":true}]}}