{"id":15926,"date":"2024-08-21T18:33:18","date_gmt":"2024-08-21T17:33:18","guid":{"rendered":"http:\/\/guydutoit.com\/shop-online\/non%20class\u00e9\/limiteurs-depaisseur-de-remplacement-munro\/"},"modified":"2026-02-09T05:01:51","modified_gmt":"2026-02-09T04:01:51","slug":"munro-replacement-thickness-limiter","status":"publish","type":"product","link":"https:\/\/guydutoit.com\/fr\/product\/munro-replacement-thickness-limiter\/","title":{"rendered":"Limiteurs d&#8217;\u00e9paisseur de remplacement Munro"},"content":{"rendered":"<p><strong>Limiteur d&#8217;\u00e9paisseur de remplacement Munro<\/strong><\/p>\n<p><strong>Vous devez remplacer votre limiteur d&#8217;\u00e9paisseur Munro Hollower ?<\/strong>  Nous vous couvrons (oui, il y a un jeu de mots !). Tout tourneur sur bois exp\u00e9riment\u00e9 conna\u00eet ce sentiment lorsque quelque chose ne va pas, cette sensation de peur au creux de l&#8217;estomac. Peut-\u00eatre qu&#8217;en changeant votre disque de coupe, vous avez fait tomber votre limiteur d&#8217;\u00e9paisseur sur le sol de l&#8217;atelier et que, conform\u00e9ment \u00e0 la loi de Murphy, il est tomb\u00e9 dans cette fissure du sol entre le mur et les profondeurs de l&#8217;enfer, pour ne plus jamais \u00eatre revu. Ou dans le tas de copeaux que vous avez voulu balayer toute la semaine. Ou peut-\u00eatre avez-vous fait quelque chose de vraiment stupide et d\u00e9cid\u00e9 de le modifier et maintenant il ne fonctionne plus ? Quelle qu&#8217;en soit la raison, nous pouvons vous en envoyer un nouveau dans les plus brefs d\u00e9lais. En attendant, c&#8217;est une bonne pratique de tourner sans elle de temps en temps, ce qui permet un excellent contr\u00f4le des outils. (Et des nerfs d&#8217;acier renforc\u00e9s&#8230;)<\/p>\n<p><strong>Contr\u00f4le de profondeur micro-ajustable :<\/strong> La conception ing\u00e9nieuse du Rolly Munro \u00e9limine la frustration des essais et des erreurs. Obtenez des profondeurs de coupe pr\u00e9cises gr\u00e2ce au limiteur d&#8217;\u00e9paisseur de copeaux innovant, r\u00e9glable de 0,05 mm \u00e0 0,5 mm [1\/125&#8243; \u00e0 1\/50&#8243;].<\/p>\n<p><strong>Construit pour durer :<\/strong><\/p>\n<ul>\n<li><strong>Mat\u00e9riaux de premi\u00e8re qualit\u00e9 :<\/strong> Fabriqu\u00e9s en acier inoxydable de haute qualit\u00e9, les limiteurs d&#8217;\u00e9paisseur Munro sont con\u00e7us pour r\u00e9sister aux exigences de votre atelier.<\/li>\n<\/ul>\n<p><strong>Investissez dans la qualit\u00e9, investissez dans votre m\u00e9tier. Commandez d\u00e8s aujourd&#8217;hui votre limiteur d&#8217;\u00e9paisseur de remplacement Munro et constatez la diff\u00e9rence ! <\/strong><\/p>\n","protected":false},"excerpt":{"rendered":"<p>La conception ing\u00e9nieuse de Rolly Munro \u00e9limine la frustration des essais et des erreurs. Obtenez des profondeurs de coupe pr\u00e9cises gr\u00e2ce au limiteur d&#8217;\u00e9paisseur de copeaux innovant, r\u00e9glable de 0,05 mm \u00e0 0,5 mm [1\/125&#8243; \u00e0 1\/50&#8243;].<\/p>\n","protected":false},"featured_media":14602,"comment_status":"open","ping_status":"closed","template":"","meta":{"site-sidebar-layout":"default","site-content-layout":"","ast-site-content-layout":"default","site-content-style":"default","site-sidebar-style":"default","ast-global-header-display":"","ast-banner-title-visibility":"","ast-main-header-display":"","ast-hfb-above-header-display":"","ast-hfb-below-header-display":"","ast-hfb-mobile-header-display":"","site-post-title":"","ast-breadcrumbs-content":"","ast-featured-img":"","footer-sml-layout":"","ast-disable-related-posts":"","theme-transparent-header-meta":"default","adv-header-id-meta":"","stick-header-meta":"default","header-above-stick-meta":"","header-main-stick-meta":"","header-below-stick-meta":"","astra-migrate-meta-layouts":"default","ast-page-background-enabled":"default","ast-page-background-meta":{"desktop":{"background-color":"var(--ast-global-color-4)","background-image":"","background-repeat":"repeat","background-position":"center center","background-size":"auto","background-attachment":"scroll","background-type":"","background-media":"","overlay-type":"","overlay-color":"","overlay-opacity":"","overlay-gradient":""},"tablet":{"background-color":"","background-image":"","background-repeat":"repeat","background-position":"center center","background-size":"auto","background-attachment":"scroll","background-type":"","background-media":"","overlay-type":"","overlay-color":"","overlay-opacity":"","overlay-gradient":""},"mobile":{"background-color":"","background-image":"","background-repeat":"repeat","background-position":"center center","background-size":"auto","background-attachment":"scroll","background-type":"","background-media":"","overlay-type":"","overlay-color":"","overlay-opacity":"","overlay-gradient":""}},"ast-content-background-meta":{"desktop":{"background-color":"var(--ast-global-color-5)","background-image":"","background-repeat":"repeat","background-position":"center center","background-size":"auto","background-attachment":"scroll","background-type":"","background-media":"","overlay-type":"","overlay-color":"","overlay-opacity":"","overlay-gradient":""},"tablet":{"background-color":"var(--ast-global-color-5)","background-image":"","background-repeat":"repeat","background-position":"center center","background-size":"auto","background-attachment":"scroll","background-type":"","background-media":"","overlay-type":"","overlay-color":"","overlay-opacity":"","overlay-gradient":""},"mobile":{"background-color":"var(--ast-global-color-5)","background-image":"","background-repeat":"repeat","background-position":"center center","background-size":"auto","background-attachment":"scroll","background-type":"","background-media":"","overlay-type":"","overlay-color":"","overlay-opacity":"","overlay-gradient":""}},"jetpack_post_was_ever_published":false,"jetpack_publicize_message":"","jetpack_publicize_feature_enabled":true,"jetpack_social_post_already_shared":false,"jetpack_social_options":{"image_generator_settings":{"template":"highway","default_image_id":0,"font":"","enabled":false},"version":2}},"product_brand":[],"product_cat":[400],"product_tag":[409,408,412,413,411,407,405,404,406,410],"class_list":{"0":"post-15926","1":"product","2":"type-product","3":"status-publish","4":"has-post-thumbnail","6":"product_cat-munro-tools-fr","7":"product_tag-accessoires-pour-le-tournage-du-bois","8":"product_tag-formes-creuses-et-profondes","9":"product_tag-limiteur-depaisseur","10":"product_tag-limiteur-de-profondeur-de-la-gouge-de-tournage-sur-bois","11":"product_tag-mega2-fr","12":"product_tag-outil-articule","13":"product_tag-outil-de-creusage","14":"product_tag-outils-de-tournage-sur-bois","15":"product_tag-rolly-munro-fr","16":"product_tag-wundercutt10-fr","17":"desktop-align-left","18":"tablet-align-left","19":"mobile-align-left","20":"ast-product-gallery-layout-vertical-slider","21":"ast-product-single-variable","22":"ast-product-tabs-layout-horizontal","24":"first","25":"instock","26":"featured","27":"shipping-taxable","28":"purchasable","29":"product-type-variable"},"jetpack_publicize_connections":[],"jetpack-related-posts":[{"id":15919,"url":"https:\/\/guydutoit.com\/fr\/product\/munro-hollowers-replacement-screw-sets\/","url_meta":{"origin":15926,"position":0},"title":"Jeu de vis de remplacement Munro Hollowers","author":"Guy du Toit","date":"22 ao\u00fbt 2024","format":false,"excerpt":"Remplacez les vis de votre Munro Hollower par de nouvelles vis qui correspondent aux vis d'origine. Mat\u00e9riaux de haute qualit\u00e9, taille et filetage corrects - faites les choses correctement.","rel":"","context":"Article similaire","block_context":{"text":"Article similaire","link":""},"img":{"alt_text":"","src":"https:\/\/i0.wp.com\/guydutoit.com\/wp-content\/uploads\/2024\/08\/Munro-Hollowers-Replacement-Screw-Sets.png?fit=1200%2C675&ssl=1&resize=350%2C200","width":350,"height":200,"srcset":"https:\/\/i0.wp.com\/guydutoit.com\/wp-content\/uploads\/2024\/08\/Munro-Hollowers-Replacement-Screw-Sets.png?fit=1200%2C675&ssl=1&resize=350%2C200 1x, https:\/\/i0.wp.com\/guydutoit.com\/wp-content\/uploads\/2024\/08\/Munro-Hollowers-Replacement-Screw-Sets.png?fit=1200%2C675&ssl=1&resize=525%2C300 1.5x, https:\/\/i0.wp.com\/guydutoit.com\/wp-content\/uploads\/2024\/08\/Munro-Hollowers-Replacement-Screw-Sets.png?fit=1200%2C675&ssl=1&resize=700%2C400 2x, https:\/\/i0.wp.com\/guydutoit.com\/wp-content\/uploads\/2024\/08\/Munro-Hollowers-Replacement-Screw-Sets.png?fit=1200%2C675&ssl=1&resize=1050%2C600 3x"},"classes":[]},{"id":15918,"url":"https:\/\/guydutoit.com\/fr\/product\/munro-wundercutt10-replacement-head\/","url_meta":{"origin":15926,"position":1},"title":"T\u00eate de remplacement Munro Wundercutt10","author":"Guy du Toit","date":"22 ao\u00fbt 2024","format":false,"excerpt":"Vous construisez votre propre outil d'\u00e9vidage pour le tournage du bois ? Peut-\u00eatre avez-vous fait quelque chose de vraiment stupide et d\u00e9cid\u00e9 de modifier votre outil et maintenant il ne fonctionne plus ? Quelle que soit la raison, nous pouvons vous envoyer une nouvelle t\u00eate de remplacement pour votre Wundercutt10\u2026","rel":"","context":"Article similaire","block_context":{"text":"Article similaire","link":""},"img":{"alt_text":"","src":"https:\/\/i0.wp.com\/guydutoit.com\/wp-content\/uploads\/2024\/08\/Munro-Wunderkutt10-Replacement-Head.png?fit=1200%2C1200&ssl=1&resize=350%2C200","width":350,"height":200,"srcset":"https:\/\/i0.wp.com\/guydutoit.com\/wp-content\/uploads\/2024\/08\/Munro-Wunderkutt10-Replacement-Head.png?fit=1200%2C1200&ssl=1&resize=350%2C200 1x, https:\/\/i0.wp.com\/guydutoit.com\/wp-content\/uploads\/2024\/08\/Munro-Wunderkutt10-Replacement-Head.png?fit=1200%2C1200&ssl=1&resize=525%2C300 1.5x, https:\/\/i0.wp.com\/guydutoit.com\/wp-content\/uploads\/2024\/08\/Munro-Wunderkutt10-Replacement-Head.png?fit=1200%2C1200&ssl=1&resize=700%2C400 2x, https:\/\/i0.wp.com\/guydutoit.com\/wp-content\/uploads\/2024\/08\/Munro-Wunderkutt10-Replacement-Head.png?fit=1200%2C1200&ssl=1&resize=1050%2C600 3x"},"classes":[]},{"id":15947,"url":"https:\/\/guydutoit.com\/fr\/product\/munro-wundercutt10-deep-hollowing-tool\/","url_meta":{"origin":15926,"position":2},"title":"Munro Wundercutt10","author":"Guy du Toit","date":"27 juillet 2024","format":false,"excerpt":"Vous souhaitez cr\u00e9er de superbes formes creuses et passer \u00e0 la vitesse sup\u00e9rieure en mati\u00e8re de tournage sur bois ? Ne cherchez pas plus loin que le Wundercutt10 de Rolly Munro, le choix de confiance des tourneurs de bois du monde entier.","rel":"","context":"Article similaire","block_context":{"text":"Article similaire","link":""},"img":{"alt_text":"Wundercutt10 Creuseur articul\u00e9","src":"https:\/\/i0.wp.com\/guydutoit.com\/wp-content\/uploads\/2024\/11\/Wundercutt10-Articulated-Hollower.png?fit=1200%2C815&ssl=1&resize=350%2C200","width":350,"height":200,"srcset":"https:\/\/i0.wp.com\/guydutoit.com\/wp-content\/uploads\/2024\/11\/Wundercutt10-Articulated-Hollower.png?fit=1200%2C815&ssl=1&resize=350%2C200 1x, https:\/\/i0.wp.com\/guydutoit.com\/wp-content\/uploads\/2024\/11\/Wundercutt10-Articulated-Hollower.png?fit=1200%2C815&ssl=1&resize=525%2C300 1.5x, https:\/\/i0.wp.com\/guydutoit.com\/wp-content\/uploads\/2024\/11\/Wundercutt10-Articulated-Hollower.png?fit=1200%2C815&ssl=1&resize=700%2C400 2x, https:\/\/i0.wp.com\/guydutoit.com\/wp-content\/uploads\/2024\/11\/Wundercutt10-Articulated-Hollower.png?fit=1200%2C815&ssl=1&resize=1050%2C600 3x"},"classes":[]},{"id":15925,"url":"https:\/\/guydutoit.com\/fr\/product\/munro-sharpening-dowel\/","url_meta":{"origin":15926,"position":3},"title":"Goujon d&#8217;aff\u00fbtage Munro","author":"Guy du Toit","date":"16 ao\u00fbt 2024","format":false,"excerpt":"Chevilles d'aff\u00fbtage de pr\u00e9cision pour l'aff\u00fbtage des molettes de coupe en carbure de tungst\u00e8ne pour les outils de tournage sur bois Munro. B\u00e9n\u00e9ficiez d'une performance de coupe et d'une long\u00e9vit\u00e9 sup\u00e9rieures.","rel":"","context":"Article similaire","block_context":{"text":"Article similaire","link":""},"img":{"alt_text":"Goujon d'aff\u00fbtage Munro pour meules en carbure de tungst\u00e8ne","src":"https:\/\/i0.wp.com\/guydutoit.com\/wp-content\/uploads\/2024\/11\/Munro-Sharpening-Dowel-for-Tungsten-Carbide-Cutting-Wheels.png?fit=678%2C806&ssl=1&resize=350%2C200","width":350,"height":200,"srcset":"https:\/\/i0.wp.com\/guydutoit.com\/wp-content\/uploads\/2024\/11\/Munro-Sharpening-Dowel-for-Tungsten-Carbide-Cutting-Wheels.png?fit=678%2C806&ssl=1&resize=350%2C200 1x, https:\/\/i0.wp.com\/guydutoit.com\/wp-content\/uploads\/2024\/11\/Munro-Sharpening-Dowel-for-Tungsten-Carbide-Cutting-Wheels.png?fit=678%2C806&ssl=1&resize=525%2C300 1.5x"},"classes":[]},{"id":15941,"url":"https:\/\/guydutoit.com\/fr\/product\/replacement-tungsten-carbide-cutting-wheels\/","url_meta":{"origin":15926,"position":4},"title":"Molette de coupe en carbure de tungst\u00e8ne Munro","author":"Guy du Toit","date":"10 ao\u00fbt 2024","format":false,"excerpt":"Meules de remplacement de pr\u00e9cision en carbure de tungst\u00e8ne pour les outils de tournage sur bois Munro. B\u00e9n\u00e9ficiez d'une performance de coupe et d'une long\u00e9vit\u00e9 sup\u00e9rieures.","rel":"","context":"Article similaire","block_context":{"text":"Article similaire","link":""},"img":{"alt_text":"Coupes en carbure de tungst\u00e8ne Munro","src":"https:\/\/i0.wp.com\/guydutoit.com\/wp-content\/uploads\/2024\/08\/Munro-Tungsten-Carbide-Cutting-Wheels-With-Screw-In.png?fit=1200%2C867&ssl=1&resize=350%2C200","width":350,"height":200,"srcset":"https:\/\/i0.wp.com\/guydutoit.com\/wp-content\/uploads\/2024\/08\/Munro-Tungsten-Carbide-Cutting-Wheels-With-Screw-In.png?fit=1200%2C867&ssl=1&resize=350%2C200 1x, https:\/\/i0.wp.com\/guydutoit.com\/wp-content\/uploads\/2024\/08\/Munro-Tungsten-Carbide-Cutting-Wheels-With-Screw-In.png?fit=1200%2C867&ssl=1&resize=525%2C300 1.5x, https:\/\/i0.wp.com\/guydutoit.com\/wp-content\/uploads\/2024\/08\/Munro-Tungsten-Carbide-Cutting-Wheels-With-Screw-In.png?fit=1200%2C867&ssl=1&resize=700%2C400 2x, https:\/\/i0.wp.com\/guydutoit.com\/wp-content\/uploads\/2024\/08\/Munro-Tungsten-Carbide-Cutting-Wheels-With-Screw-In.png?fit=1200%2C867&ssl=1&resize=1050%2C600 3x"},"classes":[]},{"id":15948,"url":"https:\/\/guydutoit.com\/fr\/product\/munro-minimum6-articulating-hollowing-tool\/","url_meta":{"origin":15926,"position":5},"title":"Outil de creusage articul\u00e9 Munro Minimum6","author":"Guy du Toit","date":"8 ao\u00fbt 2024","format":false,"excerpt":"Franchissez les ouvertures \u00e9troites sans effort avec l'outil de creusage articul\u00e9 Minimum6. Cet outil r\u00e9volutionnaire de Rolly Munro offre une pr\u00e9cision, un contr\u00f4le et une durabilit\u00e9 in\u00e9gal\u00e9s pour cr\u00e9er des formes creuses \u00e9tonnantes. L'outil articul\u00e9 Minimum6 de Rolly Munro est la solution ultime pour les tourneurs de bois qui cherchent\u2026","rel":"","context":"Article similaire","block_context":{"text":"Article similaire","link":""},"img":{"alt_text":"","src":"https:\/\/i0.wp.com\/guydutoit.com\/wp-content\/uploads\/2024\/08\/Munro-Minimun6-Articulating-Package-png.webp?fit=1200%2C1200&ssl=1&resize=350%2C200","width":350,"height":200,"srcset":"https:\/\/i0.wp.com\/guydutoit.com\/wp-content\/uploads\/2024\/08\/Munro-Minimun6-Articulating-Package-png.webp?fit=1200%2C1200&ssl=1&resize=350%2C200 1x, https:\/\/i0.wp.com\/guydutoit.com\/wp-content\/uploads\/2024\/08\/Munro-Minimun6-Articulating-Package-png.webp?fit=1200%2C1200&ssl=1&resize=525%2C300 1.5x, https:\/\/i0.wp.com\/guydutoit.com\/wp-content\/uploads\/2024\/08\/Munro-Minimun6-Articulating-Package-png.webp?fit=1200%2C1200&ssl=1&resize=700%2C400 2x, https:\/\/i0.wp.com\/guydutoit.com\/wp-content\/uploads\/2024\/08\/Munro-Minimun6-Articulating-Package-png.webp?fit=1200%2C1200&ssl=1&resize=1050%2C600 3x"},"classes":[]}],"jetpack_sharing_enabled":true,"jetpack_likes_enabled":true,"_links":{"self":[{"href":"https:\/\/guydutoit.com\/fr\/wp-json\/wp\/v2\/product\/15926","targetHints":{"allow":["GET"]}}],"collection":[{"href":"https:\/\/guydutoit.com\/fr\/wp-json\/wp\/v2\/product"}],"about":[{"href":"https:\/\/guydutoit.com\/fr\/wp-json\/wp\/v2\/types\/product"}],"replies":[{"embeddable":true,"href":"https:\/\/guydutoit.com\/fr\/wp-json\/wp\/v2\/comments?post=15926"}],"wp:featuredmedia":[{"embeddable":true,"href":"https:\/\/guydutoit.com\/fr\/wp-json\/wp\/v2\/media\/14602"}],"wp:attachment":[{"href":"https:\/\/guydutoit.com\/fr\/wp-json\/wp\/v2\/media?parent=15926"}],"wp:term":[{"taxonomy":"product_brand","embeddable":true,"href":"https:\/\/guydutoit.com\/fr\/wp-json\/wp\/v2\/product_brand?post=15926"},{"taxonomy":"product_cat","embeddable":true,"href":"https:\/\/guydutoit.com\/fr\/wp-json\/wp\/v2\/product_cat?post=15926"},{"taxonomy":"product_tag","embeddable":true,"href":"https:\/\/guydutoit.com\/fr\/wp-json\/wp\/v2\/product_tag?post=15926"}],"curies":[{"name":"wp","href":"https:\/\/api.w.org\/{rel}","templated":true}]}}