{"id":15927,"date":"2024-08-10T20:38:55","date_gmt":"2024-08-10T19:38:55","guid":{"rendered":"http:\/\/guydutoit.com\/shop-online\/non%20class\u00e9\/grattoirs-a-cisaillement-articule-munro\/"},"modified":"2026-02-09T04:22:04","modified_gmt":"2026-02-09T03:22:04","slug":"woodturning-shear-scraping-attachments","status":"publish","type":"product","link":"https:\/\/guydutoit.com\/fr\/product\/woodturning-shear-scraping-attachments\/","title":{"rendered":"Grattoirs \u00e0 cisaillement articul\u00e9 Munro"},"content":{"rendered":"<h1>Choisissez la solution pour le tournage du bois Le grattage \u00e0 la cisaille pour produire des finitions ultrafines<\/h1>\n<p>Lorsqu&#8217;il s&#8217;agit d&#8217;obtenir les finitions les plus douces et les plus raffin\u00e9es dans le tournage du bois, les accessoires de <strong>grattage de la cisaille de tournage du bois<\/strong> Munro sont le choix id\u00e9al. Con\u00e7us sp\u00e9cifiquement pour les tourneurs de bois qui exigent pr\u00e9cision et efficacit\u00e9, ces accessoires garantissent que vos pi\u00e8ces re\u00e7oivent le soin m\u00e9ticuleux qu&#8217;elles m\u00e9ritent. Que vous travailliez sur des formes creuses complexes ou de grands bols, ces lames de cisaillement vous aideront \u00e0 cr\u00e9er des finitions ultrafines difficiles \u00e0 obtenir avec d&#8217;autres outils.<\/p>\n<h2>Pourquoi choisir les accessoires de grattage de la cisaille Munro ?<\/h2>\n<p>Les accessoires de raclage \u00e0 cisaille Munro se distinguent par leur qualit\u00e9 de fabrication exceptionnelle et leur conception innovante. Chaque lame est con\u00e7ue avec une courbe en constante \u00e9volution, ce qui vous permet de suivre un large \u00e9ventail de contours avec facilit\u00e9. Les lames en acier \u00e0 haute vitesse (HSS) offrent une durabilit\u00e9 et un tranchant exceptionnels, garantissant des coupes r\u00e9guli\u00e8res et nettes dans diff\u00e9rents types de bois. Ces accessoires sont disponibles en deux tailles, s&#8217;adaptant \u00e0 diff\u00e9rents arbres d&#8217;outils, ce qui en fait un compl\u00e9ment polyvalent \u00e0 votre trousse d&#8217;outils de tournage sur bois.<\/p>\n<h3>Caract\u00e9ristiques du grattoir Munro Articulated Shear Scraper<\/h3>\n<h4>Lames de raclage de haute pr\u00e9cision<\/h4>\n<p>Les lames de raclage de la cisaille Munro sont fa\u00e7onn\u00e9es avec une courbe en constante \u00e9volution pour s&#8217;adapter aux diff\u00e9rents contours de votre pi\u00e8ce. Cette conception unique garantit que la lame reste en contact avec la surface du bois, produisant des copeaux lisses et pr\u00e9cis et r\u00e9duisant la n\u00e9cessit\u00e9 d&#8217;un pon\u00e7age important.<\/p>\n<p><img data-recalc-dims=\"1\" decoding=\"async\" class=\"size-medium wp-image-9753\" src=\"https:\/\/i0.wp.com\/guydutoit.com\/wp-content\/uploads\/2024\/11\/Munro-Shear-Scraper-Illustration-1.png?resize=300%2C152&#038;ssl=1\" alt=\"Grattoir \u00e0 cisaillement Munro Illustration 1\" width=\"300\" height=\"152\" srcset=\"https:\/\/i0.wp.com\/guydutoit.com\/wp-content\/uploads\/2024\/11\/Munro-Shear-Scraper-Illustration-1.png?resize=300%2C152&amp;ssl=1 300w, https:\/\/i0.wp.com\/guydutoit.com\/wp-content\/uploads\/2024\/11\/Munro-Shear-Scraper-Illustration-1.png?resize=1024%2C519&amp;ssl=1 1024w, https:\/\/i0.wp.com\/guydutoit.com\/wp-content\/uploads\/2024\/11\/Munro-Shear-Scraper-Illustration-1.png?resize=768%2C389&amp;ssl=1 768w, https:\/\/i0.wp.com\/guydutoit.com\/wp-content\/uploads\/2024\/11\/Munro-Shear-Scraper-Illustration-1.png?resize=1536%2C778&amp;ssl=1 1536w, https:\/\/i0.wp.com\/guydutoit.com\/wp-content\/uploads\/2024\/11\/Munro-Shear-Scraper-Illustration-1.png?resize=600%2C304&amp;ssl=1 600w, https:\/\/i0.wp.com\/guydutoit.com\/wp-content\/uploads\/2024\/11\/Munro-Shear-Scraper-Illustration-1.png?w=1728&amp;ssl=1 1728w\" sizes=\"(max-width: 300px) 100vw, 300px\" \/><\/p>\n<p>&nbsp;<\/p>\n<h4>Conception articul\u00e9e polyvalente<\/h4>\n<p>La conception articul\u00e9e du porte-racleur vous permet d&#8217;ajuster l&#8217;angle de la lame en fonction de la direction du grain et de la rotation du tour. Cette flexibilit\u00e9 vous permet d&#8217;obtenir la meilleure finition possible sur les surfaces \u00e0 grain fin et \u00e0 grain crois\u00e9.<\/p>\n<p><img data-recalc-dims=\"1\" fetchpriority=\"high\" decoding=\"async\" class=\"size-medium wp-image-9754 aligncenter\" src=\"https:\/\/i0.wp.com\/guydutoit.com\/wp-content\/uploads\/2024\/11\/Munro-Shear-Scraper-Illustration-2.png?resize=300%2C251&#038;ssl=1\" alt=\"Grattoir \u00e0 cisaillement Munro Illustration 2\" width=\"300\" height=\"251\" srcset=\"https:\/\/i0.wp.com\/guydutoit.com\/wp-content\/uploads\/2024\/11\/Munro-Shear-Scraper-Illustration-2.png?resize=300%2C251&amp;ssl=1 300w, https:\/\/i0.wp.com\/guydutoit.com\/wp-content\/uploads\/2024\/11\/Munro-Shear-Scraper-Illustration-2.png?resize=1024%2C858&amp;ssl=1 1024w, https:\/\/i0.wp.com\/guydutoit.com\/wp-content\/uploads\/2024\/11\/Munro-Shear-Scraper-Illustration-2.png?resize=768%2C644&amp;ssl=1 768w, https:\/\/i0.wp.com\/guydutoit.com\/wp-content\/uploads\/2024\/11\/Munro-Shear-Scraper-Illustration-2.png?resize=600%2C503&amp;ssl=1 600w, https:\/\/i0.wp.com\/guydutoit.com\/wp-content\/uploads\/2024\/11\/Munro-Shear-Scraper-Illustration-2.png?w=1044&amp;ssl=1 1044w\" sizes=\"(max-width: 300px) 100vw, 300px\" \/><\/p>\n<p><img data-recalc-dims=\"1\" decoding=\"async\" class=\"size-medium wp-image-9755 aligncenter\" src=\"https:\/\/i0.wp.com\/guydutoit.com\/wp-content\/uploads\/2024\/11\/Munro-Shear-Scraper-Illustration-3.png?resize=300%2C245&#038;ssl=1\" alt=\"Grattoir \u00e0 cisaillement Munro Illustration 3\" width=\"300\" height=\"245\" srcset=\"https:\/\/i0.wp.com\/guydutoit.com\/wp-content\/uploads\/2024\/11\/Munro-Shear-Scraper-Illustration-3.png?resize=300%2C245&amp;ssl=1 300w, https:\/\/i0.wp.com\/guydutoit.com\/wp-content\/uploads\/2024\/11\/Munro-Shear-Scraper-Illustration-3.png?resize=1024%2C835&amp;ssl=1 1024w, https:\/\/i0.wp.com\/guydutoit.com\/wp-content\/uploads\/2024\/11\/Munro-Shear-Scraper-Illustration-3.png?resize=768%2C626&amp;ssl=1 768w, https:\/\/i0.wp.com\/guydutoit.com\/wp-content\/uploads\/2024\/11\/Munro-Shear-Scraper-Illustration-3.png?resize=1536%2C1252&amp;ssl=1 1536w, https:\/\/i0.wp.com\/guydutoit.com\/wp-content\/uploads\/2024\/11\/Munro-Shear-Scraper-Illustration-3.png?resize=600%2C489&amp;ssl=1 600w, https:\/\/i0.wp.com\/guydutoit.com\/wp-content\/uploads\/2024\/11\/Munro-Shear-Scraper-Illustration-3.png?w=1541&amp;ssl=1 1541w\" sizes=\"(max-width: 300px) 100vw, 300px\" \/><\/p>\n<h4>Disponible en deux tailles<\/h4>\n<p>Munro propose ces accessoires de raclage par cisaillement en deux tailles : un mini racleur de 1\/2&#8243; et une version plus grande pour les arbres de 5\/8&#8243;. Les deux tailles sont compatibles avec les diff\u00e9rents outils de creusage Munro, ce qui vous permet de disposer de l&#8217;outil ad\u00e9quat pour tout projet de tournage sur bois.<\/p>\n<h3>Comment utiliser les grattoirs Munro pour obtenir les meilleurs r\u00e9sultats ?<\/h3>\n<h4>Raclage des bols \u00e0 grains crois\u00e9s<\/h4>\n<p>Montez le grattoir sur la face avant du porte-outil. La lame est orient\u00e9e dans la direction oppos\u00e9e \u00e0 la v\u00f4tre, tandis que le porte-outil est orient\u00e9 vers la GAUCHE. Tournez la lame dans une position o\u00f9 le bord correspond le mieux \u00e0 la courbure de la forme creus\u00e9e. Cela signifie que l&#8217;action de grattage travaillera AVEC le grain du bois.<\/p>\n<p>La poign\u00e9e et la tige de l&#8217;outil sont maintenues HORIZONTALEMENT et approximativement dans l&#8217;axe de la pi\u00e8ce \u00e0 usiner. Le biseau frottant presque la pi\u00e8ce en rotation, la lame est pr\u00e9sent\u00e9e DOUCEMENT, ce qui produit une fine couche de copeaux et de poussi\u00e8re tandis que l&#8217;outil se d\u00e9place lentement et r\u00e9guli\u00e8rement vers le point mort bas de la pi\u00e8ce.<\/p>\n<figure id=\"attachment_22277\" aria-describedby=\"caption-attachment-22277\" style=\"width: 300px\" class=\"wp-caption alignnone\"><a href=\"https:\/\/guydutoit.com\/?attachment_id=22277\" rel=\"attachment wp-att-22277\"><img data-recalc-dims=\"1\" loading=\"lazy\" decoding=\"async\" class=\"size-medium wp-image-22277\" src=\"https:\/\/i0.wp.com\/guydutoit.com\/wp-content\/uploads\/2024\/08\/Munro-Shear-Scraper-Cross-Grain-Scraping.png?resize=300%2C228&#038;ssl=1\" alt=\"Grattoir Munro pour cisailles \u00e0 grains crois\u00e9s\" width=\"300\" height=\"228\" srcset=\"https:\/\/i0.wp.com\/guydutoit.com\/wp-content\/uploads\/2024\/08\/Munro-Shear-Scraper-Cross-Grain-Scraping.png?resize=300%2C228&amp;ssl=1 300w, https:\/\/i0.wp.com\/guydutoit.com\/wp-content\/uploads\/2024\/08\/Munro-Shear-Scraper-Cross-Grain-Scraping.png?resize=1024%2C778&amp;ssl=1 1024w, https:\/\/i0.wp.com\/guydutoit.com\/wp-content\/uploads\/2024\/08\/Munro-Shear-Scraper-Cross-Grain-Scraping.png?resize=768%2C583&amp;ssl=1 768w, https:\/\/i0.wp.com\/guydutoit.com\/wp-content\/uploads\/2024\/08\/Munro-Shear-Scraper-Cross-Grain-Scraping.png?resize=1536%2C1167&amp;ssl=1 1536w, https:\/\/i0.wp.com\/guydutoit.com\/wp-content\/uploads\/2024\/08\/Munro-Shear-Scraper-Cross-Grain-Scraping.png?resize=2048%2C1556&amp;ssl=1 2048w, https:\/\/i0.wp.com\/guydutoit.com\/wp-content\/uploads\/2024\/08\/Munro-Shear-Scraper-Cross-Grain-Scraping.png?resize=600%2C456&amp;ssl=1 600w\" sizes=\"(max-width: 300px) 100vw, 300px\" \/><\/a><figcaption id=\"caption-attachment-22277\" class=\"wp-caption-text\">Comment gratter le grain transversal \u00e0 l&#8217;aide du grattoir \u00e0 cisaillement Munro<\/figcaption><\/figure>\n<p>Ce processus est r\u00e9p\u00e9t\u00e9 jusqu&#8217;\u00e0 ce que toutes les marques d&#8217;outil et les d\u00e9fauts aient \u00e9t\u00e9 \u00e9limin\u00e9s et que les contours internes souhait\u00e9s aient \u00e9t\u00e9 obtenus.<\/p>\n<p>Cet outil est con\u00e7u pour des coupes de finition fines UNIQUEMENT. Si vous constatez que l&#8217;outil n\u00e9cessite une pression excessive sur la pi\u00e8ce, il est probablement temps d&#8217;aff\u00fbter la lame.<\/p>\n<h4>Raclage des bols en bout de ligne<\/h4>\n<p>Montez la lame de raclage de mani\u00e8re \u00e0 ce qu&#8217;elle soit orient\u00e9e VERS vous et que le porte-outil soit orient\u00e9 vers la GAUCHE. Tournez la lame dans une position o\u00f9 le bord correspond le mieux \u00e0 la courbure de la forme creus\u00e9e.<\/p>\n<p>La poign\u00e9e et la tige de l&#8217;outil sont maintenues HORIZONTALEMENT et approximativement dans l&#8217;axe de la pi\u00e8ce \u00e0 usiner. Le biseau frottant presque la pi\u00e8ce en rotation et l&#8217;outil se d\u00e9pla\u00e7ant VERS l&#8217;ouverture de la pi\u00e8ce, la lame est pr\u00e9sent\u00e9e DOUCEMENT, ce qui produit un rasage fin et de la poussi\u00e8re.<\/p>\n<figure id=\"attachment_22276\" aria-describedby=\"caption-attachment-22276\" style=\"width: 300px\" class=\"wp-caption alignnone\"><a href=\"https:\/\/guydutoit.com\/?attachment_id=22276\" rel=\"attachment wp-att-22276\"><img data-recalc-dims=\"1\" loading=\"lazy\" decoding=\"async\" class=\"size-medium wp-image-22276\" src=\"https:\/\/i0.wp.com\/guydutoit.com\/wp-content\/uploads\/2024\/08\/End-grain-scraping.png?resize=300%2C224&#038;ssl=1\" alt=\"Munro Scraper pour le raclage par cisaillement du grain final\" width=\"300\" height=\"224\" srcset=\"https:\/\/i0.wp.com\/guydutoit.com\/wp-content\/uploads\/2024\/08\/End-grain-scraping.png?resize=300%2C224&amp;ssl=1 300w, https:\/\/i0.wp.com\/guydutoit.com\/wp-content\/uploads\/2024\/08\/End-grain-scraping.png?resize=1024%2C766&amp;ssl=1 1024w, https:\/\/i0.wp.com\/guydutoit.com\/wp-content\/uploads\/2024\/08\/End-grain-scraping.png?resize=768%2C575&amp;ssl=1 768w, https:\/\/i0.wp.com\/guydutoit.com\/wp-content\/uploads\/2024\/08\/End-grain-scraping.png?resize=1536%2C1149&amp;ssl=1 1536w, https:\/\/i0.wp.com\/guydutoit.com\/wp-content\/uploads\/2024\/08\/End-grain-scraping.png?resize=2048%2C1533&amp;ssl=1 2048w, https:\/\/i0.wp.com\/guydutoit.com\/wp-content\/uploads\/2024\/08\/End-grain-scraping.png?resize=600%2C449&amp;ssl=1 600w\" sizes=\"(max-width: 300px) 100vw, 300px\" \/><\/a><figcaption id=\"caption-attachment-22276\" class=\"wp-caption-text\">Comment gratter les grains de bout \u00e0 la cisaille ?<\/figcaption><\/figure>\n<p>Ce processus est r\u00e9p\u00e9t\u00e9 jusqu&#8217;\u00e0 ce que toutes les marques d&#8217;outil et les d\u00e9fauts aient \u00e9t\u00e9 \u00e9limin\u00e9s et que les contours internes souhait\u00e9s aient \u00e9t\u00e9 obtenus.<\/p>\n<p>Cet outil est con\u00e7u pour des coupes de finition fines UNIQUEMENT. Si vous constatez que l&#8217;outil n\u00e9cessite une pression excessive sur la pi\u00e8ce, il est probablement temps d&#8217;aff\u00fbter la lame.<\/p>\n<h3>Ce qui est inclus dans le kit<\/h3>\n<p>Chaque kit d&#8217;accessoires de raclage Munro comprend une lame de raclage de haute qualit\u00e9, un support d&#8217;outil durable et tout le mat\u00e9riel n\u00e9cessaire pour une installation facile. Le kit est disponible en deux tailles pour s&#8217;adapter \u00e0 diff\u00e9rents arbres d&#8217;outils, vous offrant ainsi la solution parfaite pour tout projet de tournage sur bois.<\/p>\n<h3>Achetez aujourd&#8217;hui les accessoires de grattage de la cisaille Munro<\/h3>\n<p>Investissez dans les accessoires de <strong>grattage de la cisaille de tournage sur bois<\/strong> Munro pour am\u00e9liorer votre travail de tournage sur bois. Gr\u00e2ce \u00e0 ces outils, vous obtiendrez des finitions plus lisses et plus fines, qui feront ressortir vos projets. Commandez d\u00e8s aujourd&#8217;hui votre kit de grattage \u00e0 la cisaille et d\u00e9couvrez la diff\u00e9rence que Munro peut faire dans votre atelier.<\/p>\n","protected":false},"excerpt":{"rendered":"<p>Cisailles de pr\u00e9cision pour le tournage du bois. R\u00e9alisez des finitions impeccables avec notre grattoir articul\u00e9 et nos lames de rechange. <\/p>\n","protected":false},"featured_media":14619,"comment_status":"open","ping_status":"closed","template":"","meta":{"site-sidebar-layout":"default","site-content-layout":"","ast-site-content-layout":"default","site-content-style":"default","site-sidebar-style":"default","ast-global-header-display":"","ast-banner-title-visibility":"","ast-main-header-display":"","ast-hfb-above-header-display":"","ast-hfb-below-header-display":"","ast-hfb-mobile-header-display":"","site-post-title":"","ast-breadcrumbs-content":"","ast-featured-img":"","footer-sml-layout":"","ast-disable-related-posts":"","theme-transparent-header-meta":"default","adv-header-id-meta":"","stick-header-meta":"default","header-above-stick-meta":"","header-main-stick-meta":"","header-below-stick-meta":"","astra-migrate-meta-layouts":"default","ast-page-background-enabled":"default","ast-page-background-meta":{"desktop":{"background-color":"var(--ast-global-color-4)","background-image":"","background-repeat":"repeat","background-position":"center center","background-size":"auto","background-attachment":"scroll","background-type":"","background-media":"","overlay-type":"","overlay-color":"","overlay-opacity":"","overlay-gradient":""},"tablet":{"background-color":"","background-image":"","background-repeat":"repeat","background-position":"center center","background-size":"auto","background-attachment":"scroll","background-type":"","background-media":"","overlay-type":"","overlay-color":"","overlay-opacity":"","overlay-gradient":""},"mobile":{"background-color":"","background-image":"","background-repeat":"repeat","background-position":"center center","background-size":"auto","background-attachment":"scroll","background-type":"","background-media":"","overlay-type":"","overlay-color":"","overlay-opacity":"","overlay-gradient":""}},"ast-content-background-meta":{"desktop":{"background-color":"var(--ast-global-color-5)","background-image":"","background-repeat":"repeat","background-position":"center center","background-size":"auto","background-attachment":"scroll","background-type":"","background-media":"","overlay-type":"","overlay-color":"","overlay-opacity":"","overlay-gradient":""},"tablet":{"background-color":"var(--ast-global-color-5)","background-image":"","background-repeat":"repeat","background-position":"center center","background-size":"auto","background-attachment":"scroll","background-type":"","background-media":"","overlay-type":"","overlay-color":"","overlay-opacity":"","overlay-gradient":""},"mobile":{"background-color":"var(--ast-global-color-5)","background-image":"","background-repeat":"repeat","background-position":"center center","background-size":"auto","background-attachment":"scroll","background-type":"","background-media":"","overlay-type":"","overlay-color":"","overlay-opacity":"","overlay-gradient":""}},"jetpack_post_was_ever_published":false,"jetpack_publicize_message":"","jetpack_publicize_feature_enabled":true,"jetpack_social_post_already_shared":false,"jetpack_social_options":{"image_generator_settings":{"template":"highway","default_image_id":0,"font":"","enabled":false},"version":2}},"product_brand":[],"product_cat":[400],"product_tag":[409,434,436,435,437,417,418],"class_list":{"0":"post-15927","1":"product","2":"type-product","3":"status-publish","4":"has-post-thumbnail","6":"product_cat-munro-tools-fr","7":"product_tag-accessoires-pour-le-tournage-du-bois","8":"product_tag-grattage-a-la-cisaille","9":"product_tag-grattoir-articule","10":"product_tag-lames-de-grattoir","11":"product_tag-outils-de-finition-du-bois","12":"product_tag-outils-munro","13":"product_tag-tournage-de-precision","14":"desktop-align-left","15":"tablet-align-left","16":"mobile-align-left","17":"ast-product-gallery-layout-vertical-slider","18":"ast-product-single-variable","19":"ast-product-tabs-layout-horizontal","21":"first","22":"instock","23":"shipping-taxable","24":"purchasable","25":"product-type-variable"},"jetpack_publicize_connections":[],"jetpack-related-posts":[{"id":15940,"url":"https:\/\/guydutoit.com\/fr\/product\/munro-minimum-6-lister-bend-hollowing-tool-copy\/","url_meta":{"origin":15927,"position":0},"title":"Outil d&#8217;\u00e9videment Munro Minimum 6 Lister Bend","author":"Guy du Toit","date":"10 ao\u00fbt 2024","format":false,"excerpt":"Parfait pour un creusage d\u00e9taill\u00e9, l'outil de creusage Minimum6 Lister Bend de Rolly Munro est con\u00e7u pour des formes petites \u00e0 moyennes.","rel":"","context":"Article similaire","block_context":{"text":"Article similaire","link":""},"img":{"alt_text":"","src":"https:\/\/i0.wp.com\/guydutoit.com\/wp-content\/uploads\/2024\/08\/Munro-Minimum6-Lister-bend-png.webp?fit=1200%2C1200&ssl=1&resize=350%2C200","width":350,"height":200,"srcset":"https:\/\/i0.wp.com\/guydutoit.com\/wp-content\/uploads\/2024\/08\/Munro-Minimum6-Lister-bend-png.webp?fit=1200%2C1200&ssl=1&resize=350%2C200 1x, https:\/\/i0.wp.com\/guydutoit.com\/wp-content\/uploads\/2024\/08\/Munro-Minimum6-Lister-bend-png.webp?fit=1200%2C1200&ssl=1&resize=525%2C300 1.5x, https:\/\/i0.wp.com\/guydutoit.com\/wp-content\/uploads\/2024\/08\/Munro-Minimum6-Lister-bend-png.webp?fit=1200%2C1200&ssl=1&resize=700%2C400 2x, https:\/\/i0.wp.com\/guydutoit.com\/wp-content\/uploads\/2024\/08\/Munro-Minimum6-Lister-bend-png.webp?fit=1200%2C1200&ssl=1&resize=1050%2C600 3x"},"classes":[]},{"id":15942,"url":"https:\/\/guydutoit.com\/fr\/product\/munro-minimum6-owen-hollowing-tool\/","url_meta":{"origin":15927,"position":1},"title":"Outil de creusage Munro Minimum 6 Owen Bend","author":"Guy du Toit","date":"8 ao\u00fbt 2024","format":false,"excerpt":"Parfait pour le creusage d\u00e9taill\u00e9, l'outil de creusage Minimum6 Owen Bent shaft de Rolly Munro est con\u00e7u pour les formes petites \u00e0 moyennes.","rel":"","context":"Article similaire","block_context":{"text":"Article similaire","link":""},"img":{"alt_text":"","src":"https:\/\/i0.wp.com\/guydutoit.com\/wp-content\/uploads\/2024\/08\/Munro-minimun6-owen-png.webp?fit=1200%2C675&ssl=1&resize=350%2C200","width":350,"height":200,"srcset":"https:\/\/i0.wp.com\/guydutoit.com\/wp-content\/uploads\/2024\/08\/Munro-minimun6-owen-png.webp?fit=1200%2C675&ssl=1&resize=350%2C200 1x, https:\/\/i0.wp.com\/guydutoit.com\/wp-content\/uploads\/2024\/08\/Munro-minimun6-owen-png.webp?fit=1200%2C675&ssl=1&resize=525%2C300 1.5x, https:\/\/i0.wp.com\/guydutoit.com\/wp-content\/uploads\/2024\/08\/Munro-minimun6-owen-png.webp?fit=1200%2C675&ssl=1&resize=700%2C400 2x, https:\/\/i0.wp.com\/guydutoit.com\/wp-content\/uploads\/2024\/08\/Munro-minimun6-owen-png.webp?fit=1200%2C675&ssl=1&resize=1050%2C600 3x"},"classes":[]},{"id":15950,"url":"https:\/\/guydutoit.com\/fr\/product\/munro-minimum-6-straight-shaft-hollower\/","url_meta":{"origin":15927,"position":2},"title":"Creuseur \u00e0 arbre droit Munro Minimum 6","author":"Guy du Toit","date":"8 ao\u00fbt 2024","format":false,"excerpt":"L'outil de creusage droit Minimum6 de Rolly Munro est con\u00e7u pour des t\u00e2ches de creusage pr\u00e9cises dans des formes petites \u00e0 moyennes.","rel":"","context":"Article similaire","block_context":{"text":"Article similaire","link":""},"img":{"alt_text":"","src":"https:\/\/i0.wp.com\/guydutoit.com\/wp-content\/uploads\/2024\/08\/Munro-Minimun6-Straight-Shaft-Hollowing-Tool-png.webp?fit=1200%2C675&ssl=1&resize=350%2C200","width":350,"height":200,"srcset":"https:\/\/i0.wp.com\/guydutoit.com\/wp-content\/uploads\/2024\/08\/Munro-Minimun6-Straight-Shaft-Hollowing-Tool-png.webp?fit=1200%2C675&ssl=1&resize=350%2C200 1x, https:\/\/i0.wp.com\/guydutoit.com\/wp-content\/uploads\/2024\/08\/Munro-Minimun6-Straight-Shaft-Hollowing-Tool-png.webp?fit=1200%2C675&ssl=1&resize=525%2C300 1.5x, https:\/\/i0.wp.com\/guydutoit.com\/wp-content\/uploads\/2024\/08\/Munro-Minimun6-Straight-Shaft-Hollowing-Tool-png.webp?fit=1200%2C675&ssl=1&resize=700%2C400 2x, https:\/\/i0.wp.com\/guydutoit.com\/wp-content\/uploads\/2024\/08\/Munro-Minimun6-Straight-Shaft-Hollowing-Tool-png.webp?fit=1200%2C675&ssl=1&resize=1050%2C600 3x"},"classes":[]},{"id":15949,"url":"https:\/\/guydutoit.com\/fr\/product\/rolly-munro-articulated-mega2-hollowing-tool\/","url_meta":{"origin":15927,"position":3},"title":"Outil de creusage Munro Mega2","author":"Guy du Toit","date":"8 ao\u00fbt 2024","format":false,"excerpt":"Ma\u00eetrisez les grandes formes creuses avec pr\u00e9cision et facilit\u00e9 gr\u00e2ce \u00e0 l'outil articul\u00e9 MEGA2 de Rolly Munro. Con\u00e7u pour le contr\u00f4le, le confort et la durabilit\u00e9.","rel":"","context":"Article similaire","block_context":{"text":"Article similaire","link":""},"img":{"alt_text":"","src":"https:\/\/i0.wp.com\/guydutoit.com\/wp-content\/uploads\/2024\/08\/Munro-Mega2-Package-png.webp?fit=1200%2C1200&ssl=1&resize=350%2C200","width":350,"height":200,"srcset":"https:\/\/i0.wp.com\/guydutoit.com\/wp-content\/uploads\/2024\/08\/Munro-Mega2-Package-png.webp?fit=1200%2C1200&ssl=1&resize=350%2C200 1x, https:\/\/i0.wp.com\/guydutoit.com\/wp-content\/uploads\/2024\/08\/Munro-Mega2-Package-png.webp?fit=1200%2C1200&ssl=1&resize=525%2C300 1.5x, https:\/\/i0.wp.com\/guydutoit.com\/wp-content\/uploads\/2024\/08\/Munro-Mega2-Package-png.webp?fit=1200%2C1200&ssl=1&resize=700%2C400 2x, https:\/\/i0.wp.com\/guydutoit.com\/wp-content\/uploads\/2024\/08\/Munro-Mega2-Package-png.webp?fit=1200%2C1200&ssl=1&resize=1050%2C600 3x"},"classes":[]},{"id":20797,"url":"https:\/\/guydutoit.com\/fr\/product\/disques-de-papier-de-verre-75mm-grains-assortis-pour-le-tournage-sur-bois\/","url_meta":{"origin":15927,"position":4},"title":"Disques de papier de verre 75mm &#8211; Grains assortis pour le tournage sur bois","author":"Guy du Toit","date":"5 septembre 2025","format":false,"excerpt":"Ce paquet de 80 disques de pon\u00e7age de 75 mm (3 pouces) \u00e0 rev\u00eatement velcro offre huit grains diff\u00e9rents, du plus gros au plus fin, pour r\u00e9pondre \u00e0 tous vos besoins en mati\u00e8re de tournage et de polissage du bois.","rel":"","context":"Article similaire","block_context":{"text":"Article similaire","link":""},"img":{"alt_text":"Paquet de 80 disques de pon\u00e7age assortis de 75 mm \u00e0 boucles et crochets (velcro) avec plusieurs grains pour les projets de tournage sur bois.","src":"https:\/\/i0.wp.com\/guydutoit.com\/wp-content\/uploads\/2025\/09\/75mm-Sandpaper-Discs.jpg?fit=1100%2C740&ssl=1&resize=350%2C200","width":350,"height":200,"srcset":"https:\/\/i0.wp.com\/guydutoit.com\/wp-content\/uploads\/2025\/09\/75mm-Sandpaper-Discs.jpg?fit=1100%2C740&ssl=1&resize=350%2C200 1x, https:\/\/i0.wp.com\/guydutoit.com\/wp-content\/uploads\/2025\/09\/75mm-Sandpaper-Discs.jpg?fit=1100%2C740&ssl=1&resize=525%2C300 1.5x, https:\/\/i0.wp.com\/guydutoit.com\/wp-content\/uploads\/2025\/09\/75mm-Sandpaper-Discs.jpg?fit=1100%2C740&ssl=1&resize=700%2C400 2x, https:\/\/i0.wp.com\/guydutoit.com\/wp-content\/uploads\/2025\/09\/75mm-Sandpaper-Discs.jpg?fit=1100%2C740&ssl=1&resize=1050%2C600 3x"},"classes":[]},{"id":26364,"url":"https:\/\/guydutoit.com\/fr\/product\/kit-de-pointes-a-gratter-chromees-durables-pour-les-travailleurs-du-bois\/","url_meta":{"origin":15927,"position":5},"title":"Kit de pointes \u00e0 gratter chrom\u00e9es durables pour les travailleurs du bois","author":"Guy du Toit","date":"23 janvier 2026","format":false,"excerpt":"Cr\u00e9ez un poin\u00e7on de grattage personnalis\u00e9 avec ce kit chrom\u00e9 durable. Une id\u00e9e de cadeau parfaite pour les travailleurs du bois.","rel":"","context":"Article similaire","block_context":{"text":"Article similaire","link":""},"img":{"alt_text":"","src":"https:\/\/i0.wp.com\/guydutoit.com\/wp-content\/uploads\/2026\/01\/RZ-PK74-CHR_001.jpg?fit=1100%2C740&ssl=1&resize=350%2C200","width":350,"height":200,"srcset":"https:\/\/i0.wp.com\/guydutoit.com\/wp-content\/uploads\/2026\/01\/RZ-PK74-CHR_001.jpg?fit=1100%2C740&ssl=1&resize=350%2C200 1x, https:\/\/i0.wp.com\/guydutoit.com\/wp-content\/uploads\/2026\/01\/RZ-PK74-CHR_001.jpg?fit=1100%2C740&ssl=1&resize=525%2C300 1.5x, https:\/\/i0.wp.com\/guydutoit.com\/wp-content\/uploads\/2026\/01\/RZ-PK74-CHR_001.jpg?fit=1100%2C740&ssl=1&resize=700%2C400 2x, https:\/\/i0.wp.com\/guydutoit.com\/wp-content\/uploads\/2026\/01\/RZ-PK74-CHR_001.jpg?fit=1100%2C740&ssl=1&resize=1050%2C600 3x"},"classes":[]}],"jetpack_sharing_enabled":true,"jetpack_likes_enabled":true,"_links":{"self":[{"href":"https:\/\/guydutoit.com\/fr\/wp-json\/wp\/v2\/product\/15927","targetHints":{"allow":["GET"]}}],"collection":[{"href":"https:\/\/guydutoit.com\/fr\/wp-json\/wp\/v2\/product"}],"about":[{"href":"https:\/\/guydutoit.com\/fr\/wp-json\/wp\/v2\/types\/product"}],"replies":[{"embeddable":true,"href":"https:\/\/guydutoit.com\/fr\/wp-json\/wp\/v2\/comments?post=15927"}],"wp:featuredmedia":[{"embeddable":true,"href":"https:\/\/guydutoit.com\/fr\/wp-json\/wp\/v2\/media\/14619"}],"wp:attachment":[{"href":"https:\/\/guydutoit.com\/fr\/wp-json\/wp\/v2\/media?parent=15927"}],"wp:term":[{"taxonomy":"product_brand","embeddable":true,"href":"https:\/\/guydutoit.com\/fr\/wp-json\/wp\/v2\/product_brand?post=15927"},{"taxonomy":"product_cat","embeddable":true,"href":"https:\/\/guydutoit.com\/fr\/wp-json\/wp\/v2\/product_cat?post=15927"},{"taxonomy":"product_tag","embeddable":true,"href":"https:\/\/guydutoit.com\/fr\/wp-json\/wp\/v2\/product_tag?post=15927"}],"curies":[{"name":"wp","href":"https:\/\/api.w.org\/{rel}","templated":true}]}}