{"id":15936,"date":"2024-08-21T17:30:30","date_gmt":"2024-08-21T16:30:30","guid":{"rendered":"http:\/\/guydutoit.com\/shop-online\/non%20class\u00e9\/poignees-doutils-devidage-rolly-munro\/"},"modified":"2025-12-26T16:50:53","modified_gmt":"2025-12-26T15:50:53","slug":"munro-hollower-handle-only","status":"publish","type":"product","link":"https:\/\/guydutoit.com\/fr\/product\/munro-hollower-handle-only\/","title":{"rendered":"Rolly Munro Poign\u00e9es d&#8217;outils d&#8217;\u00e9vidage"},"content":{"rendered":"<h1>Les poign\u00e9es de l&#8217;outil de creusage Rolly Munro<\/h1>\n<h3>Caract\u00e9ristiques des poign\u00e9es Munro<\/h3>\n<p>Fabriqu\u00e9 \u00e0 partir d&#8217;un noyau interne en aluminium et d&#8217;une enveloppe ext\u00e9rieure en mousse de type n\u00e9opr\u00e8ne ou de notre nouveau caoutchouc de silicone absorbant les vibrations pour le Wundercutt10. Un bouton de verrouillage pour centrer votre outil et pour vous aider \u00e0 d\u00e9terminer la position du porte-outil lorsque vous creusez et que vous ne pouvez pas voir la position du porte-outil \u00e0 l&#8217;int\u00e9rieur du navire sur lequel vous travaillez. Le bouton bloque fermement la tige plate de l&#8217;outil dans le manche, \u00e9vitant ainsi toute torsion pendant l&#8217;utilisation.<\/p>\n<h3>Avantages de l&#8217;utilisation des poign\u00e9es Munro<\/h3>\n<p>Con\u00e7ue pour les professionnels et les amateurs, la gamme de gouges de tournage sur bois Munro offre une exp\u00e9rience de coupe douce et non agressive qui minimise la n\u00e9cessit\u00e9 d&#8217;une finition suppl\u00e9mentaire. Leur construction en aluminium de premi\u00e8re qualit\u00e9 et en mousse n\u00e9opr\u00e8ne garantit un confort et une durabilit\u00e9 \u00e0 long terme, ce qui en fait un investissement qui r\u00e9sistera \u00e0 l&#8217;\u00e9preuve du temps.<\/p>\n<h3>Pourquoi choisir la gamme de poign\u00e9es de Rolly Munro ?<\/h3>\n<p>Rolly Munro est connu dans le monde entier pour son expertise dans la cr\u00e9ation d&#8217;outils de tournage sur bois de haute qualit\u00e9. Sa gamme de manches refl\u00e8te son engagement \u00e0 fournir des outils qui allient la pr\u00e9cision de l&#8217;ing\u00e9nierie \u00e0 un prix abordable.<\/p>\n<h3>Sp\u00e9cifications de la poign\u00e9e :<\/h3>\n<h4>Minimum6 Poign\u00e9e<\/h4>\n<ul>\n<li>Longueur : 340 mm<\/li>\n<li>Diam\u00e8tre int\u00e9rieur : 12,7 mm ou 1\/2&#8243;.<\/li>\n<li>Construction : Aluminium et ext\u00e9rieur en mousse n\u00e9opr\u00e8ne absorbant les vibrations.<\/li>\n<li>Compatibilit\u00e9 des poign\u00e9es : Gamme minimale d&#8217;outils 6 1\/2&#8243;, \u00e9videuses fixes ou articul\u00e9es (vendues s\u00e9par\u00e9ment)<\/li>\n<\/ul>\n<h4>Poign\u00e9e Wundercutt10<\/h4>\n<ul>\n<li>Longueur : 400 mm<\/li>\n<li>Diam\u00e8tre int\u00e9rieur : 15,875 mm ou 5\/8&#8243;.<\/li>\n<li>Construction : Aluminium et rev\u00eatement ext\u00e9rieur en caoutchouc de silicone absorbant les vibrations.<\/li>\n<li>Compatibilit\u00e9 des poign\u00e9es : \u00c9videuses articul\u00e9es Wundercutt10 (vendues s\u00e9par\u00e9ment)<\/li>\n<\/ul>\n<h4>Mega2<\/h4>\n<ul>\n<li>Longueur : 680 mm<\/li>\n<li>Diam\u00e8tre int\u00e9rieur : 19 mm<\/li>\n<li>Construction : Aluminium et ext\u00e9rieur en mousse n\u00e9opr\u00e8ne absorbant les vibrations.<\/li>\n<li>Compatibilit\u00e9 des poign\u00e9es : Creuseurs articul\u00e9s Mega2 (vendus s\u00e9par\u00e9ment)<\/li>\n<\/ul>\n","protected":false},"excerpt":{"rendered":"<p>Poign\u00e9es Rolly Munro pour gouges et outils d&#8217;\u00e9vidage pour le tournage du bois. Les meilleurs ! <\/p>\n","protected":false},"featured_media":14606,"comment_status":"open","ping_status":"closed","template":"","meta":{"site-sidebar-layout":"default","site-content-layout":"","ast-site-content-layout":"default","site-content-style":"default","site-sidebar-style":"default","ast-global-header-display":"","ast-banner-title-visibility":"","ast-main-header-display":"","ast-hfb-above-header-display":"","ast-hfb-below-header-display":"","ast-hfb-mobile-header-display":"","site-post-title":"","ast-breadcrumbs-content":"","ast-featured-img":"","footer-sml-layout":"","ast-disable-related-posts":"","theme-transparent-header-meta":"default","adv-header-id-meta":"","stick-header-meta":"default","header-above-stick-meta":"","header-main-stick-meta":"","header-below-stick-meta":"","astra-migrate-meta-layouts":"default","ast-page-background-enabled":"default","ast-page-background-meta":{"desktop":{"background-color":"var(--ast-global-color-4)","background-image":"","background-repeat":"repeat","background-position":"center center","background-size":"auto","background-attachment":"scroll","background-type":"","background-media":"","overlay-type":"","overlay-color":"","overlay-opacity":"","overlay-gradient":""},"tablet":{"background-color":"","background-image":"","background-repeat":"repeat","background-position":"center center","background-size":"auto","background-attachment":"scroll","background-type":"","background-media":"","overlay-type":"","overlay-color":"","overlay-opacity":"","overlay-gradient":""},"mobile":{"background-color":"","background-image":"","background-repeat":"repeat","background-position":"center center","background-size":"auto","background-attachment":"scroll","background-type":"","background-media":"","overlay-type":"","overlay-color":"","overlay-opacity":"","overlay-gradient":""}},"ast-content-background-meta":{"desktop":{"background-color":"var(--ast-global-color-5)","background-image":"","background-repeat":"repeat","background-position":"center center","background-size":"auto","background-attachment":"scroll","background-type":"","background-media":"","overlay-type":"","overlay-color":"","overlay-opacity":"","overlay-gradient":""},"tablet":{"background-color":"var(--ast-global-color-5)","background-image":"","background-repeat":"repeat","background-position":"center center","background-size":"auto","background-attachment":"scroll","background-type":"","background-media":"","overlay-type":"","overlay-color":"","overlay-opacity":"","overlay-gradient":""},"mobile":{"background-color":"var(--ast-global-color-5)","background-image":"","background-repeat":"repeat","background-position":"center center","background-size":"auto","background-attachment":"scroll","background-type":"","background-media":"","overlay-type":"","overlay-color":"","overlay-opacity":"","overlay-gradient":""}},"jetpack_post_was_ever_published":false,"jetpack_publicize_message":"","jetpack_publicize_feature_enabled":true,"jetpack_social_post_already_shared":false,"jetpack_social_options":{"image_generator_settings":{"template":"highway","default_image_id":0,"font":"","enabled":false},"version":2}},"product_brand":[],"product_cat":[31],"product_tag":[426,427,429,428,424,430,425,404,417,418],"class_list":{"0":"post-15936","1":"product","2":"type-product","3":"status-publish","4":"has-post-thumbnail","6":"product_cat-uncategorized","7":"product_tag-budget-tournage-sur-bois","8":"product_tag-fraise-en-carbure-de-tungstene","9":"product_tag-lister-fr","10":"product_tag-lister-bend-fr","11":"product_tag-minimum6-fr","12":"product_tag-munro-fr","13":"product_tag-outils-devidage","14":"product_tag-outils-de-tournage-sur-bois","15":"product_tag-outils-munro","16":"product_tag-tournage-de-precision","17":"desktop-align-left","18":"tablet-align-left","19":"mobile-align-left","20":"ast-product-gallery-layout-vertical-slider","21":"ast-product-gallery-with-no-image","22":"ast-product-single-variable","23":"ast-product-tabs-layout-horizontal","25":"first","26":"instock","27":"featured","28":"shipping-taxable","29":"purchasable","30":"product-type-variable"},"jetpack_publicize_connections":[],"jetpack-related-posts":[{"id":15940,"url":"https:\/\/guydutoit.com\/fr\/product\/munro-minimum-6-lister-bend-hollowing-tool-copy\/","url_meta":{"origin":15936,"position":0},"title":"Outil d&#8217;\u00e9videment Munro Minimum 6 Lister Bend","author":"Guy du Toit","date":"10 ao\u00fbt 2024","format":false,"excerpt":"Parfait pour un creusage d\u00e9taill\u00e9, l'outil de creusage Minimum6 Lister Bend de Rolly Munro est con\u00e7u pour des formes petites \u00e0 moyennes.","rel":"","context":"Article similaire","block_context":{"text":"Article similaire","link":""},"img":{"alt_text":"","src":"https:\/\/i0.wp.com\/guydutoit.com\/wp-content\/uploads\/2024\/08\/Munro-Minimum6-Lister-bend-png.webp?fit=1200%2C1200&ssl=1&resize=350%2C200","width":350,"height":200,"srcset":"https:\/\/i0.wp.com\/guydutoit.com\/wp-content\/uploads\/2024\/08\/Munro-Minimum6-Lister-bend-png.webp?fit=1200%2C1200&ssl=1&resize=350%2C200 1x, https:\/\/i0.wp.com\/guydutoit.com\/wp-content\/uploads\/2024\/08\/Munro-Minimum6-Lister-bend-png.webp?fit=1200%2C1200&ssl=1&resize=525%2C300 1.5x, https:\/\/i0.wp.com\/guydutoit.com\/wp-content\/uploads\/2024\/08\/Munro-Minimum6-Lister-bend-png.webp?fit=1200%2C1200&ssl=1&resize=700%2C400 2x, https:\/\/i0.wp.com\/guydutoit.com\/wp-content\/uploads\/2024\/08\/Munro-Minimum6-Lister-bend-png.webp?fit=1200%2C1200&ssl=1&resize=1050%2C600 3x"},"classes":[]},{"id":15942,"url":"https:\/\/guydutoit.com\/fr\/product\/munro-minimum6-owen-hollowing-tool\/","url_meta":{"origin":15936,"position":1},"title":"Outil de creusage Munro Minimum 6 Owen Bend","author":"Guy du Toit","date":"8 ao\u00fbt 2024","format":false,"excerpt":"Parfait pour le creusage d\u00e9taill\u00e9, l'outil de creusage Minimum6 Owen Bent shaft de Rolly Munro est con\u00e7u pour les formes petites \u00e0 moyennes.","rel":"","context":"Article similaire","block_context":{"text":"Article similaire","link":""},"img":{"alt_text":"","src":"https:\/\/i0.wp.com\/guydutoit.com\/wp-content\/uploads\/2024\/08\/Munro-minimun6-owen-png.webp?fit=1200%2C675&ssl=1&resize=350%2C200","width":350,"height":200,"srcset":"https:\/\/i0.wp.com\/guydutoit.com\/wp-content\/uploads\/2024\/08\/Munro-minimun6-owen-png.webp?fit=1200%2C675&ssl=1&resize=350%2C200 1x, https:\/\/i0.wp.com\/guydutoit.com\/wp-content\/uploads\/2024\/08\/Munro-minimun6-owen-png.webp?fit=1200%2C675&ssl=1&resize=525%2C300 1.5x, https:\/\/i0.wp.com\/guydutoit.com\/wp-content\/uploads\/2024\/08\/Munro-minimun6-owen-png.webp?fit=1200%2C675&ssl=1&resize=700%2C400 2x, https:\/\/i0.wp.com\/guydutoit.com\/wp-content\/uploads\/2024\/08\/Munro-minimun6-owen-png.webp?fit=1200%2C675&ssl=1&resize=1050%2C600 3x"},"classes":[]},{"id":15950,"url":"https:\/\/guydutoit.com\/fr\/product\/munro-minimum-6-straight-shaft-hollower\/","url_meta":{"origin":15936,"position":2},"title":"Creuseur \u00e0 arbre droit Munro Minimum 6","author":"Guy du Toit","date":"8 ao\u00fbt 2024","format":false,"excerpt":"L'outil de creusage droit Minimum6 de Rolly Munro est con\u00e7u pour des t\u00e2ches de creusage pr\u00e9cises dans des formes petites \u00e0 moyennes.","rel":"","context":"Article similaire","block_context":{"text":"Article similaire","link":""},"img":{"alt_text":"","src":"https:\/\/i0.wp.com\/guydutoit.com\/wp-content\/uploads\/2024\/08\/Munro-Minimun6-Straight-Shaft-Hollowing-Tool-png.webp?fit=1200%2C675&ssl=1&resize=350%2C200","width":350,"height":200,"srcset":"https:\/\/i0.wp.com\/guydutoit.com\/wp-content\/uploads\/2024\/08\/Munro-Minimun6-Straight-Shaft-Hollowing-Tool-png.webp?fit=1200%2C675&ssl=1&resize=350%2C200 1x, https:\/\/i0.wp.com\/guydutoit.com\/wp-content\/uploads\/2024\/08\/Munro-Minimun6-Straight-Shaft-Hollowing-Tool-png.webp?fit=1200%2C675&ssl=1&resize=525%2C300 1.5x, https:\/\/i0.wp.com\/guydutoit.com\/wp-content\/uploads\/2024\/08\/Munro-Minimun6-Straight-Shaft-Hollowing-Tool-png.webp?fit=1200%2C675&ssl=1&resize=700%2C400 2x, https:\/\/i0.wp.com\/guydutoit.com\/wp-content\/uploads\/2024\/08\/Munro-Minimun6-Straight-Shaft-Hollowing-Tool-png.webp?fit=1200%2C675&ssl=1&resize=1050%2C600 3x"},"classes":[]},{"id":15949,"url":"https:\/\/guydutoit.com\/fr\/product\/rolly-munro-articulated-mega2-hollowing-tool\/","url_meta":{"origin":15936,"position":3},"title":"Outil de creusage Munro Mega2","author":"Guy du Toit","date":"8 ao\u00fbt 2024","format":false,"excerpt":"Ma\u00eetrisez les grandes formes creuses avec pr\u00e9cision et facilit\u00e9 gr\u00e2ce \u00e0 l'outil articul\u00e9 MEGA2 de Rolly Munro. Con\u00e7u pour le contr\u00f4le, le confort et la durabilit\u00e9.","rel":"","context":"Article similaire","block_context":{"text":"Article similaire","link":""},"img":{"alt_text":"","src":"https:\/\/i0.wp.com\/guydutoit.com\/wp-content\/uploads\/2024\/08\/Munro-Mega2-Package-png.webp?fit=1200%2C1200&ssl=1&resize=350%2C200","width":350,"height":200,"srcset":"https:\/\/i0.wp.com\/guydutoit.com\/wp-content\/uploads\/2024\/08\/Munro-Mega2-Package-png.webp?fit=1200%2C1200&ssl=1&resize=350%2C200 1x, https:\/\/i0.wp.com\/guydutoit.com\/wp-content\/uploads\/2024\/08\/Munro-Mega2-Package-png.webp?fit=1200%2C1200&ssl=1&resize=525%2C300 1.5x, https:\/\/i0.wp.com\/guydutoit.com\/wp-content\/uploads\/2024\/08\/Munro-Mega2-Package-png.webp?fit=1200%2C1200&ssl=1&resize=700%2C400 2x, https:\/\/i0.wp.com\/guydutoit.com\/wp-content\/uploads\/2024\/08\/Munro-Mega2-Package-png.webp?fit=1200%2C1200&ssl=1&resize=1050%2C600 3x"},"classes":[]},{"id":15947,"url":"https:\/\/guydutoit.com\/fr\/product\/munro-wundercutt10-deep-hollowing-tool\/","url_meta":{"origin":15936,"position":4},"title":"Munro Wundercutt10","author":"Guy du Toit","date":"27 juillet 2024","format":false,"excerpt":"Vous souhaitez cr\u00e9er de superbes formes creuses et passer \u00e0 la vitesse sup\u00e9rieure en mati\u00e8re de tournage sur bois ? Ne cherchez pas plus loin que le Wundercutt10 de Rolly Munro, le choix de confiance des tourneurs de bois du monde entier.","rel":"","context":"Article similaire","block_context":{"text":"Article similaire","link":""},"img":{"alt_text":"Wundercutt10 Creuseur articul\u00e9","src":"https:\/\/i0.wp.com\/guydutoit.com\/wp-content\/uploads\/2024\/11\/Wundercutt10-Articulated-Hollower.png?fit=1200%2C815&ssl=1&resize=350%2C200","width":350,"height":200,"srcset":"https:\/\/i0.wp.com\/guydutoit.com\/wp-content\/uploads\/2024\/11\/Wundercutt10-Articulated-Hollower.png?fit=1200%2C815&ssl=1&resize=350%2C200 1x, https:\/\/i0.wp.com\/guydutoit.com\/wp-content\/uploads\/2024\/11\/Wundercutt10-Articulated-Hollower.png?fit=1200%2C815&ssl=1&resize=525%2C300 1.5x, https:\/\/i0.wp.com\/guydutoit.com\/wp-content\/uploads\/2024\/11\/Wundercutt10-Articulated-Hollower.png?fit=1200%2C815&ssl=1&resize=700%2C400 2x, https:\/\/i0.wp.com\/guydutoit.com\/wp-content\/uploads\/2024\/11\/Wundercutt10-Articulated-Hollower.png?fit=1200%2C815&ssl=1&resize=1050%2C600 3x"},"classes":[]},{"id":15948,"url":"https:\/\/guydutoit.com\/fr\/product\/munro-minimum6-articulating-hollowing-tool\/","url_meta":{"origin":15936,"position":5},"title":"Outil de creusage articul\u00e9 Munro Minimum6","author":"Guy du Toit","date":"8 ao\u00fbt 2024","format":false,"excerpt":"Franchissez les ouvertures \u00e9troites sans effort avec l'outil de creusage articul\u00e9 Minimum6. Cet outil r\u00e9volutionnaire de Rolly Munro offre une pr\u00e9cision, un contr\u00f4le et une durabilit\u00e9 in\u00e9gal\u00e9s pour cr\u00e9er des formes creuses \u00e9tonnantes. L'outil articul\u00e9 Minimum6 de Rolly Munro est la solution ultime pour les tourneurs de bois qui cherchent\u2026","rel":"","context":"Article similaire","block_context":{"text":"Article similaire","link":""},"img":{"alt_text":"","src":"https:\/\/i0.wp.com\/guydutoit.com\/wp-content\/uploads\/2024\/08\/Munro-Minimun6-Articulating-Package-png.webp?fit=1200%2C1200&ssl=1&resize=350%2C200","width":350,"height":200,"srcset":"https:\/\/i0.wp.com\/guydutoit.com\/wp-content\/uploads\/2024\/08\/Munro-Minimun6-Articulating-Package-png.webp?fit=1200%2C1200&ssl=1&resize=350%2C200 1x, https:\/\/i0.wp.com\/guydutoit.com\/wp-content\/uploads\/2024\/08\/Munro-Minimun6-Articulating-Package-png.webp?fit=1200%2C1200&ssl=1&resize=525%2C300 1.5x, https:\/\/i0.wp.com\/guydutoit.com\/wp-content\/uploads\/2024\/08\/Munro-Minimun6-Articulating-Package-png.webp?fit=1200%2C1200&ssl=1&resize=700%2C400 2x, https:\/\/i0.wp.com\/guydutoit.com\/wp-content\/uploads\/2024\/08\/Munro-Minimun6-Articulating-Package-png.webp?fit=1200%2C1200&ssl=1&resize=1050%2C600 3x"},"classes":[]}],"jetpack_sharing_enabled":true,"jetpack_likes_enabled":true,"_links":{"self":[{"href":"https:\/\/guydutoit.com\/fr\/wp-json\/wp\/v2\/product\/15936","targetHints":{"allow":["GET"]}}],"collection":[{"href":"https:\/\/guydutoit.com\/fr\/wp-json\/wp\/v2\/product"}],"about":[{"href":"https:\/\/guydutoit.com\/fr\/wp-json\/wp\/v2\/types\/product"}],"replies":[{"embeddable":true,"href":"https:\/\/guydutoit.com\/fr\/wp-json\/wp\/v2\/comments?post=15936"}],"wp:featuredmedia":[{"embeddable":true,"href":"https:\/\/guydutoit.com\/fr\/wp-json\/wp\/v2\/media\/14606"}],"wp:attachment":[{"href":"https:\/\/guydutoit.com\/fr\/wp-json\/wp\/v2\/media?parent=15936"}],"wp:term":[{"taxonomy":"product_brand","embeddable":true,"href":"https:\/\/guydutoit.com\/fr\/wp-json\/wp\/v2\/product_brand?post=15936"},{"taxonomy":"product_cat","embeddable":true,"href":"https:\/\/guydutoit.com\/fr\/wp-json\/wp\/v2\/product_cat?post=15936"},{"taxonomy":"product_tag","embeddable":true,"href":"https:\/\/guydutoit.com\/fr\/wp-json\/wp\/v2\/product_tag?post=15936"}],"curies":[{"name":"wp","href":"https:\/\/api.w.org\/{rel}","templated":true}]}}