{"id":15940,"date":"2024-08-10T11:59:11","date_gmt":"2024-08-10T10:59:11","guid":{"rendered":"http:\/\/guydutoit.com\/shop-online\/non%20class\u00e9\/outil-devidement-munro-minimum-6-lister-bend\/"},"modified":"2026-02-09T04:22:03","modified_gmt":"2026-02-09T03:22:03","slug":"munro-minimum-6-lister-bend-hollowing-tool-copy","status":"publish","type":"product","link":"https:\/\/guydutoit.com\/fr\/product\/munro-minimum-6-lister-bend-hollowing-tool-copy\/","title":{"rendered":"Outil d&#8217;\u00e9videment Munro Minimum 6 Lister Bend"},"content":{"rendered":"<h1>Conqu\u00e9rir les ouvertures \u00e9troites et lib\u00e9rer les profondeurs cach\u00e9es avec un budget limit\u00e9 : L&#8217;outil de creusage Minimum6 Lister Bend par Rolly Munro<\/h1>\n<p>&nbsp;<\/p>\n<h2>Vue d&#8217;ensemble de l&#8217;outil d&#8217;\u00e9videment Lister Bend<\/h2>\n<p>L&#8217;outil Minimum6 Lister Bend Hollowing Tool de Rolly Munro est un compl\u00e9ment essentiel \u00e0 la bo\u00eete \u00e0 outils de tout tourneur sur bois, en particulier ceux qui se concentrent sur les formes creuses de petite \u00e0 moyenne taille. Fabriqu\u00e9 en Nouvelle-Z\u00e9lande, cet outil est con\u00e7u pour la pr\u00e9cision et la facilit\u00e9 d&#8217;utilisation. Qu&#8217;il s&#8217;agisse de nettoyer l&#8217;int\u00e9rieur de r\u00e9cipients ou d&#8217;affiner le fond de formes creuses, cet outil offre des r\u00e9sultats exceptionnels.<\/p>\n<h3>Caract\u00e9ristiques de l&#8217;outil d&#8217;\u00e9videment Lister Bend<\/h3>\n<p>Cet outil est dot\u00e9 d&#8217;une solide tige en acier inoxydable mesurant 350 mm de long et 12,7 mm (1\/2&#8243;) de diam\u00e8tre, ce qui lui conf\u00e8re la stabilit\u00e9 et le contr\u00f4le n\u00e9cessaires pour les travaux d\u00e9licats. La fraise en carbure de tungst\u00e8ne d\u00e9cal\u00e9e de 6 mm est con\u00e7ue pour une action de grattage \u00e0 la cisaille, offrant une finition presque parfaite sur vos projets. La partie sup\u00e9rieure plate et frais\u00e9e de la tige garantit que l&#8217;outil se verrouille fermement dans le manche, \u00e9vitant ainsi toute torsion pendant l&#8217;utilisation.<\/p>\n<h3>Avantages de l&#8217;utilisation de l&#8217;outil d&#8217;\u00e9videment Lister Bend<\/h3>\n<p>Con\u00e7u pour les professionnels et les amateurs, l&#8217;outil de creusage Lister Bend offre une exp\u00e9rience de coupe douce et non agressive qui minimise la n\u00e9cessit\u00e9 d&#8217;une finition suppl\u00e9mentaire. Sa lame rempla\u00e7able en carbure de tungst\u00e8ne garantit un tranchant durable, ce qui en fait un investissement qui r\u00e9sistera \u00e0 l&#8217;\u00e9preuve du temps.<\/p>\n<h3>Pourquoi choisir la gamme Minimum6 de Rolly Munro ?<\/h3>\n<p>Rolly Munro est connu dans le monde entier pour son expertise dans la cr\u00e9ation d&#8217;outils de tournage sur bois de haute qualit\u00e9. La gamme Minimum6 refl\u00e8te son engagement \u00e0 fournir des outils qui allient ing\u00e9nierie de pr\u00e9cision et prix abordable. Cet outil, comme les autres de la gamme, offre le meilleur rapport qualit\u00e9-prix pour ceux qui cherchent \u00e0 cr\u00e9er des formes creuses de petite \u00e0 moyenne taille sans faire de compromis sur la qualit\u00e9.<\/p>\n<h4>Sp\u00e9cifications de l&#8217;outil d&#8217;\u00e9videment Lister Bend<\/h4>\n<ul>\n<li>Longueur : 350 mm<\/li>\n<li>Diam\u00e8tre : 12,7 mm<\/li>\n<li>Fraise : D\u00e9calage de 6 mm en carbure de tungst\u00e8ne<\/li>\n<li>Compatibilit\u00e9 de la poign\u00e9e : Poign\u00e9e Minimum6 (vendue s\u00e9par\u00e9ment)<\/li>\n<\/ul>\n<h4>Compatibilit\u00e9 et extras<\/h4>\n<p>L&#8217;outil de creusage Lister Bend est con\u00e7u pour fonctionner en toute transparence avec la poign\u00e9e Minimum6, que vous pouvez acheter s\u00e9par\u00e9ment. Chaque outil est livr\u00e9 avec une cl\u00e9 dynamom\u00e9trique pour faciliter le remplacement de la fraise, ce qui vous permet de maintenir des performances optimales avec un minimum d&#8217;effort.<\/p>\n","protected":false},"excerpt":{"rendered":"<p>Parfait pour un creusage d\u00e9taill\u00e9, l&#8217;outil de creusage Minimum6 Lister Bend de Rolly Munro est con\u00e7u pour des formes petites \u00e0 moyennes.<\/p>\n","protected":false},"featured_media":17082,"comment_status":"open","ping_status":"closed","template":"","meta":{"site-sidebar-layout":"default","site-content-layout":"","ast-site-content-layout":"default","site-content-style":"default","site-sidebar-style":"default","ast-global-header-display":"","ast-banner-title-visibility":"","ast-main-header-display":"","ast-hfb-above-header-display":"","ast-hfb-below-header-display":"","ast-hfb-mobile-header-display":"","site-post-title":"","ast-breadcrumbs-content":"","ast-featured-img":"","footer-sml-layout":"","ast-disable-related-posts":"","theme-transparent-header-meta":"default","adv-header-id-meta":"","stick-header-meta":"default","header-above-stick-meta":"","header-main-stick-meta":"","header-below-stick-meta":"","astra-migrate-meta-layouts":"default","ast-page-background-enabled":"default","ast-page-background-meta":{"desktop":{"background-color":"var(--ast-global-color-4)","background-image":"","background-repeat":"repeat","background-position":"center center","background-size":"auto","background-attachment":"scroll","background-type":"","background-media":"","overlay-type":"","overlay-color":"","overlay-opacity":"","overlay-gradient":""},"tablet":{"background-color":"","background-image":"","background-repeat":"repeat","background-position":"center center","background-size":"auto","background-attachment":"scroll","background-type":"","background-media":"","overlay-type":"","overlay-color":"","overlay-opacity":"","overlay-gradient":""},"mobile":{"background-color":"","background-image":"","background-repeat":"repeat","background-position":"center center","background-size":"auto","background-attachment":"scroll","background-type":"","background-media":"","overlay-type":"","overlay-color":"","overlay-opacity":"","overlay-gradient":""}},"ast-content-background-meta":{"desktop":{"background-color":"var(--ast-global-color-5)","background-image":"","background-repeat":"repeat","background-position":"center center","background-size":"auto","background-attachment":"scroll","background-type":"","background-media":"","overlay-type":"","overlay-color":"","overlay-opacity":"","overlay-gradient":""},"tablet":{"background-color":"var(--ast-global-color-5)","background-image":"","background-repeat":"repeat","background-position":"center center","background-size":"auto","background-attachment":"scroll","background-type":"","background-media":"","overlay-type":"","overlay-color":"","overlay-opacity":"","overlay-gradient":""},"mobile":{"background-color":"var(--ast-global-color-5)","background-image":"","background-repeat":"repeat","background-position":"center center","background-size":"auto","background-attachment":"scroll","background-type":"","background-media":"","overlay-type":"","overlay-color":"","overlay-opacity":"","overlay-gradient":""}},"jetpack_post_was_ever_published":false,"jetpack_publicize_message":"","jetpack_publicize_feature_enabled":true,"jetpack_social_post_already_shared":false,"jetpack_social_options":{"image_generator_settings":{"template":"highway","default_image_id":0,"font":"","enabled":false},"version":2}},"product_brand":[],"product_cat":[400],"product_tag":[426,427,429,428,424,430,425,404,417,418],"class_list":{"0":"post-15940","1":"product","2":"type-product","3":"status-publish","4":"has-post-thumbnail","6":"product_cat-munro-tools-fr","7":"product_tag-budget-tournage-sur-bois","8":"product_tag-fraise-en-carbure-de-tungstene","9":"product_tag-lister-fr","10":"product_tag-lister-bend-fr","11":"product_tag-minimum6-fr","12":"product_tag-munro-fr","13":"product_tag-outils-devidage","14":"product_tag-outils-de-tournage-sur-bois","15":"product_tag-outils-munro","16":"product_tag-tournage-de-precision","17":"desktop-align-left","18":"tablet-align-left","19":"mobile-align-left","20":"ast-product-gallery-layout-vertical-slider","21":"ast-product-tabs-layout-horizontal","23":"first","24":"instock","25":"shipping-taxable","26":"purchasable","27":"product-type-simple"},"jetpack_publicize_connections":[],"jetpack-related-posts":[{"id":15942,"url":"https:\/\/guydutoit.com\/fr\/product\/munro-minimum6-owen-hollowing-tool\/","url_meta":{"origin":15940,"position":0},"title":"Outil de creusage Munro Minimum 6 Owen Bend","author":"Guy du Toit","date":"8 ao\u00fbt 2024","format":false,"excerpt":"Parfait pour le creusage d\u00e9taill\u00e9, l'outil de creusage Minimum6 Owen Bent shaft de Rolly Munro est con\u00e7u pour les formes petites \u00e0 moyennes.","rel":"","context":"Article similaire","block_context":{"text":"Article similaire","link":""},"img":{"alt_text":"","src":"https:\/\/i0.wp.com\/guydutoit.com\/wp-content\/uploads\/2024\/08\/Munro-minimun6-owen-png.webp?fit=1200%2C675&ssl=1&resize=350%2C200","width":350,"height":200,"srcset":"https:\/\/i0.wp.com\/guydutoit.com\/wp-content\/uploads\/2024\/08\/Munro-minimun6-owen-png.webp?fit=1200%2C675&ssl=1&resize=350%2C200 1x, https:\/\/i0.wp.com\/guydutoit.com\/wp-content\/uploads\/2024\/08\/Munro-minimun6-owen-png.webp?fit=1200%2C675&ssl=1&resize=525%2C300 1.5x, https:\/\/i0.wp.com\/guydutoit.com\/wp-content\/uploads\/2024\/08\/Munro-minimun6-owen-png.webp?fit=1200%2C675&ssl=1&resize=700%2C400 2x, https:\/\/i0.wp.com\/guydutoit.com\/wp-content\/uploads\/2024\/08\/Munro-minimun6-owen-png.webp?fit=1200%2C675&ssl=1&resize=1050%2C600 3x"},"classes":[]},{"id":15950,"url":"https:\/\/guydutoit.com\/fr\/product\/munro-minimum-6-straight-shaft-hollower\/","url_meta":{"origin":15940,"position":1},"title":"Creuseur \u00e0 arbre droit Munro Minimum 6","author":"Guy du Toit","date":"8 ao\u00fbt 2024","format":false,"excerpt":"L'outil de creusage droit Minimum6 de Rolly Munro est con\u00e7u pour des t\u00e2ches de creusage pr\u00e9cises dans des formes petites \u00e0 moyennes.","rel":"","context":"Article similaire","block_context":{"text":"Article similaire","link":""},"img":{"alt_text":"","src":"https:\/\/i0.wp.com\/guydutoit.com\/wp-content\/uploads\/2024\/08\/Munro-Minimun6-Straight-Shaft-Hollowing-Tool-png.webp?fit=1200%2C675&ssl=1&resize=350%2C200","width":350,"height":200,"srcset":"https:\/\/i0.wp.com\/guydutoit.com\/wp-content\/uploads\/2024\/08\/Munro-Minimun6-Straight-Shaft-Hollowing-Tool-png.webp?fit=1200%2C675&ssl=1&resize=350%2C200 1x, https:\/\/i0.wp.com\/guydutoit.com\/wp-content\/uploads\/2024\/08\/Munro-Minimun6-Straight-Shaft-Hollowing-Tool-png.webp?fit=1200%2C675&ssl=1&resize=525%2C300 1.5x, https:\/\/i0.wp.com\/guydutoit.com\/wp-content\/uploads\/2024\/08\/Munro-Minimun6-Straight-Shaft-Hollowing-Tool-png.webp?fit=1200%2C675&ssl=1&resize=700%2C400 2x, https:\/\/i0.wp.com\/guydutoit.com\/wp-content\/uploads\/2024\/08\/Munro-Minimun6-Straight-Shaft-Hollowing-Tool-png.webp?fit=1200%2C675&ssl=1&resize=1050%2C600 3x"},"classes":[]},{"id":15948,"url":"https:\/\/guydutoit.com\/fr\/product\/munro-minimum6-articulating-hollowing-tool\/","url_meta":{"origin":15940,"position":2},"title":"Outil de creusage articul\u00e9 Munro Minimum6","author":"Guy du Toit","date":"8 ao\u00fbt 2024","format":false,"excerpt":"Franchissez les ouvertures \u00e9troites sans effort avec l'outil de creusage articul\u00e9 Minimum6. Cet outil r\u00e9volutionnaire de Rolly Munro offre une pr\u00e9cision, un contr\u00f4le et une durabilit\u00e9 in\u00e9gal\u00e9s pour cr\u00e9er des formes creuses \u00e9tonnantes. L'outil articul\u00e9 Minimum6 de Rolly Munro est la solution ultime pour les tourneurs de bois qui cherchent\u2026","rel":"","context":"Article similaire","block_context":{"text":"Article similaire","link":""},"img":{"alt_text":"","src":"https:\/\/i0.wp.com\/guydutoit.com\/wp-content\/uploads\/2024\/08\/Munro-Minimun6-Articulating-Package-png.webp?fit=1200%2C1200&ssl=1&resize=350%2C200","width":350,"height":200,"srcset":"https:\/\/i0.wp.com\/guydutoit.com\/wp-content\/uploads\/2024\/08\/Munro-Minimun6-Articulating-Package-png.webp?fit=1200%2C1200&ssl=1&resize=350%2C200 1x, https:\/\/i0.wp.com\/guydutoit.com\/wp-content\/uploads\/2024\/08\/Munro-Minimun6-Articulating-Package-png.webp?fit=1200%2C1200&ssl=1&resize=525%2C300 1.5x, https:\/\/i0.wp.com\/guydutoit.com\/wp-content\/uploads\/2024\/08\/Munro-Minimun6-Articulating-Package-png.webp?fit=1200%2C1200&ssl=1&resize=700%2C400 2x, https:\/\/i0.wp.com\/guydutoit.com\/wp-content\/uploads\/2024\/08\/Munro-Minimun6-Articulating-Package-png.webp?fit=1200%2C1200&ssl=1&resize=1050%2C600 3x"},"classes":[]},{"id":15936,"url":"https:\/\/guydutoit.com\/fr\/product\/munro-hollower-handle-only\/","url_meta":{"origin":15940,"position":3},"title":"Rolly Munro Poign\u00e9es d&#8217;outils d&#8217;\u00e9vidage","author":"Guy du Toit","date":"21 ao\u00fbt 2024","format":false,"excerpt":"Poign\u00e9es Rolly Munro pour gouges et outils d'\u00e9vidage pour le tournage du bois. Les meilleurs !","rel":"","context":"Article similaire","block_context":{"text":"Article similaire","link":""},"img":{"alt_text":"Poign\u00e9es creuses Rolly Munro","src":"https:\/\/i0.wp.com\/guydutoit.com\/wp-content\/uploads\/2024\/11\/Rolly-Munro-Hollower-Handles.png?fit=817%2C1200&ssl=1&resize=350%2C200","width":350,"height":200,"srcset":"https:\/\/i0.wp.com\/guydutoit.com\/wp-content\/uploads\/2024\/11\/Rolly-Munro-Hollower-Handles.png?fit=817%2C1200&ssl=1&resize=350%2C200 1x, https:\/\/i0.wp.com\/guydutoit.com\/wp-content\/uploads\/2024\/11\/Rolly-Munro-Hollower-Handles.png?fit=817%2C1200&ssl=1&resize=525%2C300 1.5x, https:\/\/i0.wp.com\/guydutoit.com\/wp-content\/uploads\/2024\/11\/Rolly-Munro-Hollower-Handles.png?fit=817%2C1200&ssl=1&resize=700%2C400 2x"},"classes":[]},{"id":15949,"url":"https:\/\/guydutoit.com\/fr\/product\/rolly-munro-articulated-mega2-hollowing-tool\/","url_meta":{"origin":15940,"position":4},"title":"Outil de creusage Munro Mega2","author":"Guy du Toit","date":"8 ao\u00fbt 2024","format":false,"excerpt":"Ma\u00eetrisez les grandes formes creuses avec pr\u00e9cision et facilit\u00e9 gr\u00e2ce \u00e0 l'outil articul\u00e9 MEGA2 de Rolly Munro. Con\u00e7u pour le contr\u00f4le, le confort et la durabilit\u00e9.","rel":"","context":"Article similaire","block_context":{"text":"Article similaire","link":""},"img":{"alt_text":"","src":"https:\/\/i0.wp.com\/guydutoit.com\/wp-content\/uploads\/2024\/08\/Munro-Mega2-Package-png.webp?fit=1200%2C1200&ssl=1&resize=350%2C200","width":350,"height":200,"srcset":"https:\/\/i0.wp.com\/guydutoit.com\/wp-content\/uploads\/2024\/08\/Munro-Mega2-Package-png.webp?fit=1200%2C1200&ssl=1&resize=350%2C200 1x, https:\/\/i0.wp.com\/guydutoit.com\/wp-content\/uploads\/2024\/08\/Munro-Mega2-Package-png.webp?fit=1200%2C1200&ssl=1&resize=525%2C300 1.5x, https:\/\/i0.wp.com\/guydutoit.com\/wp-content\/uploads\/2024\/08\/Munro-Mega2-Package-png.webp?fit=1200%2C1200&ssl=1&resize=700%2C400 2x, https:\/\/i0.wp.com\/guydutoit.com\/wp-content\/uploads\/2024\/08\/Munro-Mega2-Package-png.webp?fit=1200%2C1200&ssl=1&resize=1050%2C600 3x"},"classes":[]},{"id":14193,"url":"https:\/\/guydutoit.com\/es\/product\/munro-minimum-6-lister-bend-hollowing-tool-copy\/","url_meta":{"origin":15940,"position":5},"title":"Herramienta de ahuecado Munro Minimum 6 Lister Bend","author":"Guy du Toit","date":"10 ao\u00fbt 2024","format":false,"excerpt":"Perfecta para el ahuecado detallado, la herramienta de ahuecado Minimum6 Lister Bend de Rolly Munro est\u00e1 fabricada para formas peque\u00f1as y medianas.","rel":"","context":"Article similaire","block_context":{"text":"Article similaire","link":""},"img":{"alt_text":"","src":"https:\/\/i0.wp.com\/guydutoit.com\/wp-content\/uploads\/2024\/08\/Munro-Minimum6-Lister-bend-png.webp?fit=1200%2C1200&ssl=1&resize=350%2C200","width":350,"height":200,"srcset":"https:\/\/i0.wp.com\/guydutoit.com\/wp-content\/uploads\/2024\/08\/Munro-Minimum6-Lister-bend-png.webp?fit=1200%2C1200&ssl=1&resize=350%2C200 1x, https:\/\/i0.wp.com\/guydutoit.com\/wp-content\/uploads\/2024\/08\/Munro-Minimum6-Lister-bend-png.webp?fit=1200%2C1200&ssl=1&resize=525%2C300 1.5x, https:\/\/i0.wp.com\/guydutoit.com\/wp-content\/uploads\/2024\/08\/Munro-Minimum6-Lister-bend-png.webp?fit=1200%2C1200&ssl=1&resize=700%2C400 2x, https:\/\/i0.wp.com\/guydutoit.com\/wp-content\/uploads\/2024\/08\/Munro-Minimum6-Lister-bend-png.webp?fit=1200%2C1200&ssl=1&resize=1050%2C600 3x"},"classes":[]}],"jetpack_sharing_enabled":true,"jetpack_likes_enabled":true,"_links":{"self":[{"href":"https:\/\/guydutoit.com\/fr\/wp-json\/wp\/v2\/product\/15940","targetHints":{"allow":["GET"]}}],"collection":[{"href":"https:\/\/guydutoit.com\/fr\/wp-json\/wp\/v2\/product"}],"about":[{"href":"https:\/\/guydutoit.com\/fr\/wp-json\/wp\/v2\/types\/product"}],"replies":[{"embeddable":true,"href":"https:\/\/guydutoit.com\/fr\/wp-json\/wp\/v2\/comments?post=15940"}],"wp:featuredmedia":[{"embeddable":true,"href":"https:\/\/guydutoit.com\/fr\/wp-json\/wp\/v2\/media\/17082"}],"wp:attachment":[{"href":"https:\/\/guydutoit.com\/fr\/wp-json\/wp\/v2\/media?parent=15940"}],"wp:term":[{"taxonomy":"product_brand","embeddable":true,"href":"https:\/\/guydutoit.com\/fr\/wp-json\/wp\/v2\/product_brand?post=15940"},{"taxonomy":"product_cat","embeddable":true,"href":"https:\/\/guydutoit.com\/fr\/wp-json\/wp\/v2\/product_cat?post=15940"},{"taxonomy":"product_tag","embeddable":true,"href":"https:\/\/guydutoit.com\/fr\/wp-json\/wp\/v2\/product_tag?post=15940"}],"curies":[{"name":"wp","href":"https:\/\/api.w.org\/{rel}","templated":true}]}}