{"id":15947,"date":"2024-07-27T09:46:35","date_gmt":"2024-07-27T08:46:35","guid":{"rendered":"http:\/\/guydutoit.com\/shop-online\/non%20class\u00e9\/munro-wundercutt10\/"},"modified":"2026-03-14T14:41:41","modified_gmt":"2026-03-14T13:41:41","slug":"munro-wundercutt10-deep-hollowing-tool","status":"publish","type":"product","link":"https:\/\/guydutoit.com\/fr\/product\/munro-wundercutt10-deep-hollowing-tool\/","title":{"rendered":"Munro Wundercutt10"},"content":{"rendered":"<p><strong>Le Wundercutt10 : votre partenaire id\u00e9al pour un tournage sur bois sans effort<\/strong><\/p>\n<p><strong>Vous souhaitez cr\u00e9er de superbes formes creuses et faire passer vos comp\u00e9tences de tourneur sur bois au niveau sup\u00e9rieur ?<\/strong> Ne cherchez pas plus loin que le Wundercutt10 de Rolly Munro, le <strong>choix de confiance des tourneurs de bois du monde entier<\/strong>.<\/p>\n<p><strong>Un contr\u00f4le sans faille et des performances in\u00e9gal\u00e9es :<\/strong><\/p>\n<ul>\n<li><strong>Fraise en carbure :<\/strong> B\u00e9n\u00e9ficiez d&#8217;une durabilit\u00e9 exceptionnelle et de performances durables gr\u00e2ce \u00e0 la fraise en carbure de tungst\u00e8ne de 10 mm de la Wundercutt10. Ce mat\u00e9riau de qualit\u00e9 sup\u00e9rieure garantit des coupes nettes et minimise les besoins d&#8217;aff\u00fbtage. <\/li>\n<li><strong>Contr\u00f4le de profondeur micro-ajustable :<\/strong> La conception ing\u00e9nieuse du Rolly Munro \u00e9limine la frustration des essais et des erreurs. Obtenez des profondeurs de coupe pr\u00e9cises gr\u00e2ce au limiteur d&#8217;\u00e9paisseur de copeaux innovant, r\u00e9glable de 0,05 mm \u00e0 0,5 mm [1\/125 to 1\/50&#8243;]. <\/li>\n<li><strong>T\u00eate articul\u00e9e :<\/strong> parcourez les formes les plus complexes avec facilit\u00e9. La t\u00eate articul\u00e9e de la Wundercutt10 se d\u00e9place en douceur, vous permettant d&#8217;atteindre les zones difficiles d&#8217;acc\u00e8s comme l&#8217;int\u00e9rieur des bols et les formes semi-ferm\u00e9es. <\/li>\n<\/ul>\n<p><strong>Con\u00e7u pour le confort et l&#8217;efficacit\u00e9 :<\/strong><\/p>\n<ul>\n<li><strong>Stabilit\u00e9 sup\u00e9rieure :<\/strong> L&#8217;arbre en acier inoxydable de 15,8 mm d&#8217;\u00e9paisseur offre une stabilit\u00e9 exceptionnelle, minimisant les vibrations pour une exp\u00e9rience de tournage douce et contr\u00f4l\u00e9e.<\/li>\n<li><strong>Poign\u00e9e ergonomique :<\/strong> La nouvelle poign\u00e9e anti-vibrations offre une prise confortable et s\u00fbre, m\u00eame en cas d&#8217;utilisation prolong\u00e9e. Cette poign\u00e9e s&#8217;\u00e9tend jusqu&#8217;\u00e0 500 mm [19 .7&#8243;] pour un effet de levier optimal lorsque vous travaillez avec des pi\u00e8ces plus grandes. <\/li>\n<li><strong>Adaptable \u00e0 tous les tourneurs :<\/strong> Gaucher ou droitier ? Pas de probl\u00e8me ! L&#8217;ing\u00e9nieux syst\u00e8me d&#8217;articulation de la Wundercutt10 permet un ajustement sans effort, garantissant une adaptation parfaite \u00e0 chaque utilisateur.  <\/li>\n<\/ul>\n<p><strong>Construit pour durer :<\/strong><\/p>\n<ul>\n<li><strong>Mat\u00e9riaux de premi\u00e8re qualit\u00e9 :<\/strong> Fabriqu\u00e9 en acier inoxydable de haute qualit\u00e9, le Wundercutt10 est con\u00e7u pour r\u00e9sister aux exigences de votre atelier.<\/li>\n<li><strong>Coupe aff\u00fbtable :<\/strong> Prolongez la dur\u00e9e de vie de votre outil ! La fraise en carbure peut \u00eatre tourn\u00e9e pour obtenir plusieurs ar\u00eates de coupe fra\u00eeches, ou \u00eatre aff\u00fbt\u00e9e \u00e0 l&#8217;aide du mandrin d&#8217;aff\u00fbtage inclus. <\/li>\n<\/ul>\n<p><strong>L&#8217;avantage Wundercutt10 :<\/strong><\/p>\n<ul>\n<li><strong>Polyvalente :<\/strong> adapt\u00e9e au tournage int\u00e9rieur et ext\u00e9rieur, la Wundercutt10 s&#8217;attaque \u00e0 un large \u00e9ventail de projets, des formes creuses moyennes aux plus grandes.<\/li>\n<li><strong>Convivialit\u00e9 :<\/strong> La conception innovante minimise l&#8217;encrassement et rend l&#8217;utilisation de l&#8217;outil intuitive, m\u00eame pour les tourneurs de niveau interm\u00e9diaire.<\/li>\n<li><strong>Ensemble complet :<\/strong> Commencez tout de suite ! Le Wundercutt10 est livr\u00e9 avec tout ce dont vous avez besoin, y compris la fraise au carbure, le limiteur de coupe r\u00e9glable, le maillon de liaison, la tige, la poign\u00e9e, les cl\u00e9s et le manuel d&#8217;instructions. <\/li>\n<\/ul>\n<p><strong>Investissez dans la qualit\u00e9, investissez dans votre m\u00e9tier. Commandez d\u00e8s aujourd&#8217;hui votre creuseur articul\u00e9 Munro Wundercutt10 et constatez la diff\u00e9rence ! <\/strong><\/p>\n","protected":false},"excerpt":{"rendered":"<p>Vous souhaitez cr\u00e9er de superbes formes creuses et passer \u00e0 la vitesse sup\u00e9rieure en mati\u00e8re de tournage sur bois ? Ne cherchez pas plus loin que le <strong>Wundercutt10 de Rolly Munro<\/strong>, le <strong>choix de confiance<\/strong> des tourneurs de bois <strong>du monde entier<\/strong>.<\/p>\n","protected":false},"featured_media":14643,"comment_status":"open","ping_status":"closed","template":"","meta":{"site-sidebar-layout":"default","site-content-layout":"","ast-site-content-layout":"default","site-content-style":"default","site-sidebar-style":"default","ast-global-header-display":"","ast-banner-title-visibility":"","ast-main-header-display":"","ast-hfb-above-header-display":"","ast-hfb-below-header-display":"","ast-hfb-mobile-header-display":"","site-post-title":"","ast-breadcrumbs-content":"","ast-featured-img":"","footer-sml-layout":"","ast-disable-related-posts":"","theme-transparent-header-meta":"default","adv-header-id-meta":"","stick-header-meta":"default","header-above-stick-meta":"","header-main-stick-meta":"","header-below-stick-meta":"","astra-migrate-meta-layouts":"default","ast-page-background-enabled":"default","ast-page-background-meta":{"desktop":{"background-color":"var(--ast-global-color-4)","background-image":"","background-repeat":"repeat","background-position":"center center","background-size":"auto","background-attachment":"scroll","background-type":"","background-media":"","overlay-type":"","overlay-color":"","overlay-opacity":"","overlay-gradient":""},"tablet":{"background-color":"","background-image":"","background-repeat":"repeat","background-position":"center center","background-size":"auto","background-attachment":"scroll","background-type":"","background-media":"","overlay-type":"","overlay-color":"","overlay-opacity":"","overlay-gradient":""},"mobile":{"background-color":"","background-image":"","background-repeat":"repeat","background-position":"center center","background-size":"auto","background-attachment":"scroll","background-type":"","background-media":"","overlay-type":"","overlay-color":"","overlay-opacity":"","overlay-gradient":""}},"ast-content-background-meta":{"desktop":{"background-color":"var(--ast-global-color-5)","background-image":"","background-repeat":"repeat","background-position":"center center","background-size":"auto","background-attachment":"scroll","background-type":"","background-media":"","overlay-type":"","overlay-color":"","overlay-opacity":"","overlay-gradient":""},"tablet":{"background-color":"var(--ast-global-color-5)","background-image":"","background-repeat":"repeat","background-position":"center center","background-size":"auto","background-attachment":"scroll","background-type":"","background-media":"","overlay-type":"","overlay-color":"","overlay-opacity":"","overlay-gradient":""},"mobile":{"background-color":"var(--ast-global-color-5)","background-image":"","background-repeat":"repeat","background-position":"center center","background-size":"auto","background-attachment":"scroll","background-type":"","background-media":"","overlay-type":"","overlay-color":"","overlay-opacity":"","overlay-gradient":""}},"jetpack_post_was_ever_published":false,"jetpack_publicize_message":"","jetpack_publicize_feature_enabled":true,"jetpack_social_post_already_shared":false,"jetpack_social_options":{"image_generator_settings":{"template":"highway","default_image_id":0,"font":"","enabled":false},"version":2}},"product_brand":[],"product_cat":[400],"product_tag":[409,408,407,405,404,406,410],"class_list":{"0":"post-15947","1":"product","2":"type-product","3":"status-publish","4":"has-post-thumbnail","6":"product_cat-munro-tools-fr","7":"product_tag-accessoires-pour-le-tournage-du-bois","8":"product_tag-formes-creuses-et-profondes","9":"product_tag-outil-articule","10":"product_tag-outil-de-creusage","11":"product_tag-outils-de-tournage-sur-bois","12":"product_tag-rolly-munro-fr","13":"product_tag-wundercutt10-fr","14":"desktop-align-left","15":"tablet-align-left","16":"mobile-align-left","17":"ast-product-gallery-layout-vertical-slider","18":"ast-product-tabs-layout-horizontal","20":"first","21":"instock","22":"shipping-taxable","23":"purchasable","24":"product-type-simple"},"jetpack_publicize_connections":[],"jetpack-related-posts":[{"id":15918,"url":"https:\/\/guydutoit.com\/fr\/product\/munro-wundercutt10-replacement-head\/","url_meta":{"origin":15947,"position":0},"title":"T\u00eate de remplacement Munro Wundercutt10","author":"Guy du Toit","date":"22 ao\u00fbt 2024","format":false,"excerpt":"Vous construisez votre propre outil d'\u00e9vidage pour le tournage du bois ? Peut-\u00eatre avez-vous fait quelque chose de vraiment stupide et d\u00e9cid\u00e9 de modifier votre outil et maintenant il ne fonctionne plus ? Quelle que soit la raison, nous pouvons vous envoyer une nouvelle t\u00eate de remplacement pour votre Wundercutt10\u2026","rel":"","context":"Article similaire","block_context":{"text":"Article similaire","link":""},"img":{"alt_text":"","src":"https:\/\/i0.wp.com\/guydutoit.com\/wp-content\/uploads\/2024\/08\/Munro-Wunderkutt10-Replacement-Head.png?fit=1200%2C1200&ssl=1&resize=350%2C200","width":350,"height":200,"srcset":"https:\/\/i0.wp.com\/guydutoit.com\/wp-content\/uploads\/2024\/08\/Munro-Wunderkutt10-Replacement-Head.png?fit=1200%2C1200&ssl=1&resize=350%2C200 1x, https:\/\/i0.wp.com\/guydutoit.com\/wp-content\/uploads\/2024\/08\/Munro-Wunderkutt10-Replacement-Head.png?fit=1200%2C1200&ssl=1&resize=525%2C300 1.5x, https:\/\/i0.wp.com\/guydutoit.com\/wp-content\/uploads\/2024\/08\/Munro-Wunderkutt10-Replacement-Head.png?fit=1200%2C1200&ssl=1&resize=700%2C400 2x, https:\/\/i0.wp.com\/guydutoit.com\/wp-content\/uploads\/2024\/08\/Munro-Wunderkutt10-Replacement-Head.png?fit=1200%2C1200&ssl=1&resize=1050%2C600 3x"},"classes":[]},{"id":15926,"url":"https:\/\/guydutoit.com\/fr\/product\/munro-replacement-thickness-limiter\/","url_meta":{"origin":15947,"position":1},"title":"Limiteurs d&#8217;\u00e9paisseur de remplacement Munro","author":"Guy du Toit","date":"21 ao\u00fbt 2024","format":false,"excerpt":"La conception ing\u00e9nieuse de Rolly Munro \u00e9limine la frustration des essais et des erreurs. Obtenez des profondeurs de coupe pr\u00e9cises gr\u00e2ce au limiteur d'\u00e9paisseur de copeaux innovant, r\u00e9glable de 0,05 mm \u00e0 0,5 mm [1\/125\" \u00e0 1\/50\"].","rel":"","context":"Article similaire","block_context":{"text":"Article similaire","link":""},"img":{"alt_text":"Limiteurs d'\u00e9paisseur de remplacement Munro","src":"https:\/\/i0.wp.com\/guydutoit.com\/wp-content\/uploads\/2024\/11\/Munro-Replacement-Thickness-Limiters.png?fit=938%2C388&ssl=1&resize=350%2C200","width":350,"height":200,"srcset":"https:\/\/i0.wp.com\/guydutoit.com\/wp-content\/uploads\/2024\/11\/Munro-Replacement-Thickness-Limiters.png?fit=938%2C388&ssl=1&resize=350%2C200 1x, https:\/\/i0.wp.com\/guydutoit.com\/wp-content\/uploads\/2024\/11\/Munro-Replacement-Thickness-Limiters.png?fit=938%2C388&ssl=1&resize=525%2C300 1.5x, https:\/\/i0.wp.com\/guydutoit.com\/wp-content\/uploads\/2024\/11\/Munro-Replacement-Thickness-Limiters.png?fit=938%2C388&ssl=1&resize=700%2C400 2x"},"classes":[]},{"id":15948,"url":"https:\/\/guydutoit.com\/fr\/product\/munro-minimum6-articulating-hollowing-tool\/","url_meta":{"origin":15947,"position":2},"title":"Outil de creusage articul\u00e9 Munro Minimum6","author":"Guy du Toit","date":"8 ao\u00fbt 2024","format":false,"excerpt":"Franchissez les ouvertures \u00e9troites sans effort avec l'outil de creusage articul\u00e9 Minimum6. Cet outil r\u00e9volutionnaire de Rolly Munro offre une pr\u00e9cision, un contr\u00f4le et une durabilit\u00e9 in\u00e9gal\u00e9s pour cr\u00e9er des formes creuses \u00e9tonnantes. L'outil articul\u00e9 Minimum6 de Rolly Munro est la solution ultime pour les tourneurs de bois qui cherchent\u2026","rel":"","context":"Article similaire","block_context":{"text":"Article similaire","link":""},"img":{"alt_text":"","src":"https:\/\/i0.wp.com\/guydutoit.com\/wp-content\/uploads\/2024\/08\/Munro-Minimun6-Articulating-Package-png.webp?fit=1200%2C1200&ssl=1&resize=350%2C200","width":350,"height":200,"srcset":"https:\/\/i0.wp.com\/guydutoit.com\/wp-content\/uploads\/2024\/08\/Munro-Minimun6-Articulating-Package-png.webp?fit=1200%2C1200&ssl=1&resize=350%2C200 1x, https:\/\/i0.wp.com\/guydutoit.com\/wp-content\/uploads\/2024\/08\/Munro-Minimun6-Articulating-Package-png.webp?fit=1200%2C1200&ssl=1&resize=525%2C300 1.5x, https:\/\/i0.wp.com\/guydutoit.com\/wp-content\/uploads\/2024\/08\/Munro-Minimun6-Articulating-Package-png.webp?fit=1200%2C1200&ssl=1&resize=700%2C400 2x, https:\/\/i0.wp.com\/guydutoit.com\/wp-content\/uploads\/2024\/08\/Munro-Minimun6-Articulating-Package-png.webp?fit=1200%2C1200&ssl=1&resize=1050%2C600 3x"},"classes":[]},{"id":15940,"url":"https:\/\/guydutoit.com\/fr\/product\/munro-minimum-6-lister-bend-hollowing-tool-copy\/","url_meta":{"origin":15947,"position":3},"title":"Outil d&#8217;\u00e9videment Munro Minimum 6 Lister Bend","author":"Guy du Toit","date":"10 ao\u00fbt 2024","format":false,"excerpt":"Parfait pour un creusage d\u00e9taill\u00e9, l'outil de creusage Minimum6 Lister Bend de Rolly Munro est con\u00e7u pour des formes petites \u00e0 moyennes.","rel":"","context":"Article similaire","block_context":{"text":"Article similaire","link":""},"img":{"alt_text":"","src":"https:\/\/i0.wp.com\/guydutoit.com\/wp-content\/uploads\/2024\/08\/Munro-Minimum6-Lister-bend-png.webp?fit=1200%2C1200&ssl=1&resize=350%2C200","width":350,"height":200,"srcset":"https:\/\/i0.wp.com\/guydutoit.com\/wp-content\/uploads\/2024\/08\/Munro-Minimum6-Lister-bend-png.webp?fit=1200%2C1200&ssl=1&resize=350%2C200 1x, https:\/\/i0.wp.com\/guydutoit.com\/wp-content\/uploads\/2024\/08\/Munro-Minimum6-Lister-bend-png.webp?fit=1200%2C1200&ssl=1&resize=525%2C300 1.5x, https:\/\/i0.wp.com\/guydutoit.com\/wp-content\/uploads\/2024\/08\/Munro-Minimum6-Lister-bend-png.webp?fit=1200%2C1200&ssl=1&resize=700%2C400 2x, https:\/\/i0.wp.com\/guydutoit.com\/wp-content\/uploads\/2024\/08\/Munro-Minimum6-Lister-bend-png.webp?fit=1200%2C1200&ssl=1&resize=1050%2C600 3x"},"classes":[]},{"id":15942,"url":"https:\/\/guydutoit.com\/fr\/product\/munro-minimum6-owen-hollowing-tool\/","url_meta":{"origin":15947,"position":4},"title":"Outil de creusage Munro Minimum 6 Owen Bend","author":"Guy du Toit","date":"8 ao\u00fbt 2024","format":false,"excerpt":"Parfait pour le creusage d\u00e9taill\u00e9, l'outil de creusage Minimum6 Owen Bent shaft de Rolly Munro est con\u00e7u pour les formes petites \u00e0 moyennes.","rel":"","context":"Article similaire","block_context":{"text":"Article similaire","link":""},"img":{"alt_text":"","src":"https:\/\/i0.wp.com\/guydutoit.com\/wp-content\/uploads\/2024\/08\/Munro-minimun6-owen-png.webp?fit=1200%2C675&ssl=1&resize=350%2C200","width":350,"height":200,"srcset":"https:\/\/i0.wp.com\/guydutoit.com\/wp-content\/uploads\/2024\/08\/Munro-minimun6-owen-png.webp?fit=1200%2C675&ssl=1&resize=350%2C200 1x, https:\/\/i0.wp.com\/guydutoit.com\/wp-content\/uploads\/2024\/08\/Munro-minimun6-owen-png.webp?fit=1200%2C675&ssl=1&resize=525%2C300 1.5x, https:\/\/i0.wp.com\/guydutoit.com\/wp-content\/uploads\/2024\/08\/Munro-minimun6-owen-png.webp?fit=1200%2C675&ssl=1&resize=700%2C400 2x, https:\/\/i0.wp.com\/guydutoit.com\/wp-content\/uploads\/2024\/08\/Munro-minimun6-owen-png.webp?fit=1200%2C675&ssl=1&resize=1050%2C600 3x"},"classes":[]},{"id":15950,"url":"https:\/\/guydutoit.com\/fr\/product\/munro-minimum-6-straight-shaft-hollower\/","url_meta":{"origin":15947,"position":5},"title":"Creuseur \u00e0 arbre droit Munro Minimum 6","author":"Guy du Toit","date":"8 ao\u00fbt 2024","format":false,"excerpt":"L'outil de creusage droit Minimum6 de Rolly Munro est con\u00e7u pour des t\u00e2ches de creusage pr\u00e9cises dans des formes petites \u00e0 moyennes.","rel":"","context":"Article similaire","block_context":{"text":"Article similaire","link":""},"img":{"alt_text":"","src":"https:\/\/i0.wp.com\/guydutoit.com\/wp-content\/uploads\/2024\/08\/Munro-Minimun6-Straight-Shaft-Hollowing-Tool-png.webp?fit=1200%2C675&ssl=1&resize=350%2C200","width":350,"height":200,"srcset":"https:\/\/i0.wp.com\/guydutoit.com\/wp-content\/uploads\/2024\/08\/Munro-Minimun6-Straight-Shaft-Hollowing-Tool-png.webp?fit=1200%2C675&ssl=1&resize=350%2C200 1x, https:\/\/i0.wp.com\/guydutoit.com\/wp-content\/uploads\/2024\/08\/Munro-Minimun6-Straight-Shaft-Hollowing-Tool-png.webp?fit=1200%2C675&ssl=1&resize=525%2C300 1.5x, https:\/\/i0.wp.com\/guydutoit.com\/wp-content\/uploads\/2024\/08\/Munro-Minimun6-Straight-Shaft-Hollowing-Tool-png.webp?fit=1200%2C675&ssl=1&resize=700%2C400 2x, https:\/\/i0.wp.com\/guydutoit.com\/wp-content\/uploads\/2024\/08\/Munro-Minimun6-Straight-Shaft-Hollowing-Tool-png.webp?fit=1200%2C675&ssl=1&resize=1050%2C600 3x"},"classes":[]}],"jetpack_sharing_enabled":true,"jetpack_likes_enabled":true,"_links":{"self":[{"href":"https:\/\/guydutoit.com\/fr\/wp-json\/wp\/v2\/product\/15947","targetHints":{"allow":["GET"]}}],"collection":[{"href":"https:\/\/guydutoit.com\/fr\/wp-json\/wp\/v2\/product"}],"about":[{"href":"https:\/\/guydutoit.com\/fr\/wp-json\/wp\/v2\/types\/product"}],"replies":[{"embeddable":true,"href":"https:\/\/guydutoit.com\/fr\/wp-json\/wp\/v2\/comments?post=15947"}],"wp:featuredmedia":[{"embeddable":true,"href":"https:\/\/guydutoit.com\/fr\/wp-json\/wp\/v2\/media\/14643"}],"wp:attachment":[{"href":"https:\/\/guydutoit.com\/fr\/wp-json\/wp\/v2\/media?parent=15947"}],"wp:term":[{"taxonomy":"product_brand","embeddable":true,"href":"https:\/\/guydutoit.com\/fr\/wp-json\/wp\/v2\/product_brand?post=15947"},{"taxonomy":"product_cat","embeddable":true,"href":"https:\/\/guydutoit.com\/fr\/wp-json\/wp\/v2\/product_cat?post=15947"},{"taxonomy":"product_tag","embeddable":true,"href":"https:\/\/guydutoit.com\/fr\/wp-json\/wp\/v2\/product_tag?post=15947"}],"curies":[{"name":"wp","href":"https:\/\/api.w.org\/{rel}","templated":true}]}}