{"id":15949,"date":"2024-08-08T14:25:09","date_gmt":"2024-08-08T13:25:09","guid":{"rendered":"http:\/\/guydutoit.com\/shop-online\/non%20class\u00e9\/outil-de-creusage-munro-mega2\/"},"modified":"2025-11-09T23:01:00","modified_gmt":"2025-11-09T22:01:00","slug":"rolly-munro-articulated-mega2-hollowing-tool","status":"publish","type":"product","link":"https:\/\/guydutoit.com\/fr\/product\/rolly-munro-articulated-mega2-hollowing-tool\/","title":{"rendered":"Outil de creusage Munro Mega2"},"content":{"rendered":"<h1>Conqu\u00e9rez de grandes formes creuses avec un contr\u00f4le in\u00e9gal\u00e9 : Le MEGA2 articul\u00e9 de Rolly Munro<\/h1>\n<p>L&#8217;<strong>outil articul\u00e9 MEGA2<\/strong> de Rolly Munro est la solution ultime pour les tourneurs de bois qui souhaitent cr\u00e9er des formes creuses profondes et de grande envergure. Cet outil r\u00e9volutionnaire est con\u00e7u pour r\u00e9aliser les projets les plus exigeants avec une pr\u00e9cision, une facilit\u00e9 et un contr\u00f4le exceptionnels. Si vous cherchez \u00e0 am\u00e9liorer votre travail de tournage sur bois, l&#8217;Articulated MEGA2 est l&#8217;outil qu&#8217;il vous faut.<\/p>\n<h2>Voici la solution ultime pour le creusage : Le MEGA2 articul\u00e9<\/h2>\n<p>D\u00e9couvrez la nouvelle g\u00e9n\u00e9ration d&#8217;outils d&#8217;\u00e9vidage, con\u00e7us pour conqu\u00e9rir de grandes formes creuses avec efficacit\u00e9 et \u00e9l\u00e9gance. L&#8217;<strong>outil articul\u00e9 MEGA2<\/strong> de Rolly Munro apporte une maniabilit\u00e9 et une stabilit\u00e9 in\u00e9gal\u00e9es \u00e0 votre atelier, vous permettant d&#8217;obtenir des angles de coupe parfaits, m\u00eame dans les endroits les plus complexes.<\/p>\n<h2>Pourquoi choisir la MEGA2 articul\u00e9e pour l&#8217;\u00e9vidage \u00e0 grande \u00e9chelle ?<\/h2>\n<h3>Articulation sans effort pour une coupe de pr\u00e9cision<\/h3>\n<p>La t\u00eate articul\u00e9e innovante du MEGA2 permet une large gamme d&#8217;angles, offrant une pr\u00e9cision in\u00e9gal\u00e9e lorsque vous vous attaquez \u00e0 des formes difficiles. Qu&#8217;il s&#8217;agisse d&#8217;atteindre des zones complexes ou de travailler sur des formes \u00e9tendues, cet outil garantit que chaque coupe est lisse et pr\u00e9cise.<\/p>\n<h3>Une stabilit\u00e9 in\u00e9gal\u00e9e pour des performances en douceur<\/h3>\n<p>Le MEGA2 articul\u00e9 est construit avec une nouvelle conception de liaison qui garantit une stabilit\u00e9 exceptionnelle tout au long du processus de tournage. Cette stabilit\u00e9 minimise les vibrations, vous offrant une exp\u00e9rience fluide et pr\u00e9cise, quelle que soit la complexit\u00e9 du projet.<\/p>\n<h3>Une performance \u00e0 toute \u00e9preuve pour les bois difficiles<\/h3>\n<p>\u00c9quip\u00e9 d&#8217;une lame robuste de 12 mm rev\u00eatue de titane et de chrome, le MEGA2 est con\u00e7u pour traiter facilement les bois durs les plus durs. Sa construction robuste vous permet d&#8217;entreprendre en toute confiance les t\u00e2ches de tournage sur bois les plus difficiles.<\/p>\n<h2>Construit pour le confort et l&#8217;efficacit\u00e9<\/h2>\n<p>Chaque d\u00e9tail de l&#8217;Articulated MEGA2 a \u00e9t\u00e9 con\u00e7u en pensant au tourneur sur bois. La poign\u00e9e en aluminium creux, recouverte d&#8217;une mousse ext\u00e9rieure, offre un confort exceptionnel lors d&#8217;une utilisation prolong\u00e9e, tandis que la longueur de 26&#8243; (660 mm) offre un effet de levier optimal pour un meilleur contr\u00f4le. Le bouton \u00e0 trois ailes fixe l&#8217;arbre et fournit une r\u00e9f\u00e9rence visuelle claire de la position de la fraise, ce qui rend l&#8217;utilisation intuitive et sans effort.<\/p>\n<h2>Lib\u00e9rez votre potentiel cr\u00e9atif avec le MEGA2<\/h2>\n<p>La polyvalence de l&#8217;outil articul\u00e9 MEGA2 est in\u00e9gal\u00e9e. Il permet de tourner facilement vers l&#8217;int\u00e9rieur et vers l&#8217;ext\u00e9rieur et peut \u00eatre associ\u00e9 au grattoir \u00e0 cisaillement articul\u00e9 (vendu s\u00e9par\u00e9ment) pour offrir encore plus de possibilit\u00e9s cr\u00e9atives. Cet outil est votre cl\u00e9 pour explorer de nouvelles dimensions dans le tournage du bois.<\/p>\n<h2>Explorez les capacit\u00e9s de Deep Reach<\/h2>\n<p>La tige en acier inoxydable de 1\/2&#8243; ou 3\/4&#8243; (19 mm) de diam\u00e8tre du MEGA2 offre une longueur g\u00e9n\u00e9reuse de 28,1\/2&#8243; (700 mm), ce qui vous permet de p\u00e9n\u00e9trer profond\u00e9ment dans les r\u00e9cipients et de cr\u00e9er des formes creuses de grande envergure. Cette capacit\u00e9 ouvre un monde de possibilit\u00e9s pour vos projets de tournage sur bois.<\/p>\n<p>Am\u00e9liorez votre travail de tournage sur bois avec l&#8217;<strong>outil articul\u00e9 MEGA2<\/strong> de Rolly Munro et d\u00e9couvrez l&#8217;avenir des outils de creusage.<\/p>\n","protected":false},"excerpt":{"rendered":"<p>Ma\u00eetrisez les grandes formes creuses avec pr\u00e9cision et facilit\u00e9 gr\u00e2ce \u00e0 l&#8217;outil articul\u00e9 MEGA2 de Rolly Munro. Con\u00e7u pour le contr\u00f4le, le confort et la durabilit\u00e9. <\/p>\n","protected":false},"featured_media":17147,"comment_status":"open","ping_status":"closed","template":"","meta":{"site-sidebar-layout":"default","site-content-layout":"","ast-site-content-layout":"default","site-content-style":"default","site-sidebar-style":"default","ast-global-header-display":"","ast-banner-title-visibility":"","ast-main-header-display":"","ast-hfb-above-header-display":"","ast-hfb-below-header-display":"","ast-hfb-mobile-header-display":"","site-post-title":"","ast-breadcrumbs-content":"","ast-featured-img":"","footer-sml-layout":"","ast-disable-related-posts":"","theme-transparent-header-meta":"default","adv-header-id-meta":"","stick-header-meta":"default","header-above-stick-meta":"","header-main-stick-meta":"","header-below-stick-meta":"","astra-migrate-meta-layouts":"default","ast-page-background-enabled":"default","ast-page-background-meta":{"desktop":{"background-color":"var(--ast-global-color-4)","background-image":"","background-repeat":"repeat","background-position":"center center","background-size":"auto","background-attachment":"scroll","background-type":"","background-media":"","overlay-type":"","overlay-color":"","overlay-opacity":"","overlay-gradient":""},"tablet":{"background-color":"","background-image":"","background-repeat":"repeat","background-position":"center center","background-size":"auto","background-attachment":"scroll","background-type":"","background-media":"","overlay-type":"","overlay-color":"","overlay-opacity":"","overlay-gradient":""},"mobile":{"background-color":"","background-image":"","background-repeat":"repeat","background-position":"center center","background-size":"auto","background-attachment":"scroll","background-type":"","background-media":"","overlay-type":"","overlay-color":"","overlay-opacity":"","overlay-gradient":""}},"ast-content-background-meta":{"desktop":{"background-color":"var(--ast-global-color-5)","background-image":"","background-repeat":"repeat","background-position":"center center","background-size":"auto","background-attachment":"scroll","background-type":"","background-media":"","overlay-type":"","overlay-color":"","overlay-opacity":"","overlay-gradient":""},"tablet":{"background-color":"var(--ast-global-color-5)","background-image":"","background-repeat":"repeat","background-position":"center center","background-size":"auto","background-attachment":"scroll","background-type":"","background-media":"","overlay-type":"","overlay-color":"","overlay-opacity":"","overlay-gradient":""},"mobile":{"background-color":"var(--ast-global-color-5)","background-image":"","background-repeat":"repeat","background-position":"center center","background-size":"auto","background-attachment":"scroll","background-type":"","background-media":"","overlay-type":"","overlay-color":"","overlay-opacity":"","overlay-gradient":""}},"jetpack_post_was_ever_published":false,"jetpack_publicize_message":"","jetpack_publicize_feature_enabled":true,"jetpack_social_post_already_shared":false,"jetpack_social_options":{"image_generator_settings":{"template":"highway","default_image_id":0,"font":"","enabled":false},"version":2}},"product_brand":[],"product_cat":[400],"product_tag":[409,408,411,439,407,405,404,406],"class_list":{"0":"post-15949","1":"product","2":"type-product","3":"status-publish","4":"has-post-thumbnail","6":"product_cat-munro-tools-fr","7":"product_tag-accessoires-pour-le-tournage-du-bois","8":"product_tag-formes-creuses-et-profondes","9":"product_tag-mega2-fr","10":"product_tag-munro-jumbo-fr","11":"product_tag-outil-articule","12":"product_tag-outil-de-creusage","13":"product_tag-outils-de-tournage-sur-bois","14":"product_tag-rolly-munro-fr","15":"desktop-align-left","16":"tablet-align-left","17":"mobile-align-left","18":"ast-product-gallery-layout-vertical-slider","19":"ast-product-single-variable","20":"ast-product-tabs-layout-horizontal","22":"first","23":"instock","24":"shipping-taxable","25":"purchasable","26":"product-type-variable"},"jetpack_publicize_connections":[],"jetpack-related-posts":[{"id":15948,"url":"https:\/\/guydutoit.com\/fr\/product\/munro-minimum6-articulating-hollowing-tool\/","url_meta":{"origin":15949,"position":0},"title":"Outil de creusage articul\u00e9 Munro Minimum6","author":"Guy du Toit","date":"8 ao\u00fbt 2024","format":false,"excerpt":"Franchissez les ouvertures \u00e9troites sans effort avec l'outil de creusage articul\u00e9 Minimum6. Cet outil r\u00e9volutionnaire de Rolly Munro offre une pr\u00e9cision, un contr\u00f4le et une durabilit\u00e9 in\u00e9gal\u00e9s pour cr\u00e9er des formes creuses \u00e9tonnantes. L'outil articul\u00e9 Minimum6 de Rolly Munro est la solution ultime pour les tourneurs de bois qui cherchent\u2026","rel":"","context":"Article similaire","block_context":{"text":"Article similaire","link":""},"img":{"alt_text":"","src":"https:\/\/i0.wp.com\/guydutoit.com\/wp-content\/uploads\/2024\/08\/Munro-Minimun6-Articulating-Package-png.webp?fit=1200%2C1200&ssl=1&resize=350%2C200","width":350,"height":200,"srcset":"https:\/\/i0.wp.com\/guydutoit.com\/wp-content\/uploads\/2024\/08\/Munro-Minimun6-Articulating-Package-png.webp?fit=1200%2C1200&ssl=1&resize=350%2C200 1x, https:\/\/i0.wp.com\/guydutoit.com\/wp-content\/uploads\/2024\/08\/Munro-Minimun6-Articulating-Package-png.webp?fit=1200%2C1200&ssl=1&resize=525%2C300 1.5x, https:\/\/i0.wp.com\/guydutoit.com\/wp-content\/uploads\/2024\/08\/Munro-Minimun6-Articulating-Package-png.webp?fit=1200%2C1200&ssl=1&resize=700%2C400 2x, https:\/\/i0.wp.com\/guydutoit.com\/wp-content\/uploads\/2024\/08\/Munro-Minimun6-Articulating-Package-png.webp?fit=1200%2C1200&ssl=1&resize=1050%2C600 3x"},"classes":[]},{"id":15936,"url":"https:\/\/guydutoit.com\/fr\/product\/munro-hollower-handle-only\/","url_meta":{"origin":15949,"position":1},"title":"Rolly Munro Poign\u00e9es d&#8217;outils d&#8217;\u00e9vidage","author":"Guy du Toit","date":"21 ao\u00fbt 2024","format":false,"excerpt":"Poign\u00e9es Rolly Munro pour gouges et outils d'\u00e9vidage pour le tournage du bois. Les meilleurs !","rel":"","context":"Article similaire","block_context":{"text":"Article similaire","link":""},"img":{"alt_text":"Poign\u00e9es creuses Rolly Munro","src":"https:\/\/i0.wp.com\/guydutoit.com\/wp-content\/uploads\/2024\/11\/Rolly-Munro-Hollower-Handles.png?fit=817%2C1200&ssl=1&resize=350%2C200","width":350,"height":200,"srcset":"https:\/\/i0.wp.com\/guydutoit.com\/wp-content\/uploads\/2024\/11\/Rolly-Munro-Hollower-Handles.png?fit=817%2C1200&ssl=1&resize=350%2C200 1x, https:\/\/i0.wp.com\/guydutoit.com\/wp-content\/uploads\/2024\/11\/Rolly-Munro-Hollower-Handles.png?fit=817%2C1200&ssl=1&resize=525%2C300 1.5x, https:\/\/i0.wp.com\/guydutoit.com\/wp-content\/uploads\/2024\/11\/Rolly-Munro-Hollower-Handles.png?fit=817%2C1200&ssl=1&resize=700%2C400 2x"},"classes":[]},{"id":15918,"url":"https:\/\/guydutoit.com\/fr\/product\/munro-wundercutt10-replacement-head\/","url_meta":{"origin":15949,"position":2},"title":"T\u00eate de remplacement Munro Wundercutt10","author":"Guy du Toit","date":"22 ao\u00fbt 2024","format":false,"excerpt":"Vous construisez votre propre outil d'\u00e9vidage pour le tournage du bois ? Peut-\u00eatre avez-vous fait quelque chose de vraiment stupide et d\u00e9cid\u00e9 de modifier votre outil et maintenant il ne fonctionne plus ? Quelle que soit la raison, nous pouvons vous envoyer une nouvelle t\u00eate de remplacement pour votre Wundercutt10\u2026","rel":"","context":"Article similaire","block_context":{"text":"Article similaire","link":""},"img":{"alt_text":"","src":"https:\/\/i0.wp.com\/guydutoit.com\/wp-content\/uploads\/2024\/08\/Munro-Wunderkutt10-Replacement-Head.png?fit=1200%2C1200&ssl=1&resize=350%2C200","width":350,"height":200,"srcset":"https:\/\/i0.wp.com\/guydutoit.com\/wp-content\/uploads\/2024\/08\/Munro-Wunderkutt10-Replacement-Head.png?fit=1200%2C1200&ssl=1&resize=350%2C200 1x, https:\/\/i0.wp.com\/guydutoit.com\/wp-content\/uploads\/2024\/08\/Munro-Wunderkutt10-Replacement-Head.png?fit=1200%2C1200&ssl=1&resize=525%2C300 1.5x, https:\/\/i0.wp.com\/guydutoit.com\/wp-content\/uploads\/2024\/08\/Munro-Wunderkutt10-Replacement-Head.png?fit=1200%2C1200&ssl=1&resize=700%2C400 2x, https:\/\/i0.wp.com\/guydutoit.com\/wp-content\/uploads\/2024\/08\/Munro-Wunderkutt10-Replacement-Head.png?fit=1200%2C1200&ssl=1&resize=1050%2C600 3x"},"classes":[]},{"id":15940,"url":"https:\/\/guydutoit.com\/fr\/product\/munro-minimum-6-lister-bend-hollowing-tool-copy\/","url_meta":{"origin":15949,"position":3},"title":"Outil d&#8217;\u00e9videment Munro Minimum 6 Lister Bend","author":"Guy du Toit","date":"10 ao\u00fbt 2024","format":false,"excerpt":"Parfait pour un creusage d\u00e9taill\u00e9, l'outil de creusage Minimum6 Lister Bend de Rolly Munro est con\u00e7u pour des formes petites \u00e0 moyennes.","rel":"","context":"Article similaire","block_context":{"text":"Article similaire","link":""},"img":{"alt_text":"","src":"https:\/\/i0.wp.com\/guydutoit.com\/wp-content\/uploads\/2024\/08\/Munro-Minimum6-Lister-bend-png.webp?fit=1200%2C1200&ssl=1&resize=350%2C200","width":350,"height":200,"srcset":"https:\/\/i0.wp.com\/guydutoit.com\/wp-content\/uploads\/2024\/08\/Munro-Minimum6-Lister-bend-png.webp?fit=1200%2C1200&ssl=1&resize=350%2C200 1x, https:\/\/i0.wp.com\/guydutoit.com\/wp-content\/uploads\/2024\/08\/Munro-Minimum6-Lister-bend-png.webp?fit=1200%2C1200&ssl=1&resize=525%2C300 1.5x, https:\/\/i0.wp.com\/guydutoit.com\/wp-content\/uploads\/2024\/08\/Munro-Minimum6-Lister-bend-png.webp?fit=1200%2C1200&ssl=1&resize=700%2C400 2x, https:\/\/i0.wp.com\/guydutoit.com\/wp-content\/uploads\/2024\/08\/Munro-Minimum6-Lister-bend-png.webp?fit=1200%2C1200&ssl=1&resize=1050%2C600 3x"},"classes":[]},{"id":15942,"url":"https:\/\/guydutoit.com\/fr\/product\/munro-minimum6-owen-hollowing-tool\/","url_meta":{"origin":15949,"position":4},"title":"Outil de creusage Munro Minimum 6 Owen Bend","author":"Guy du Toit","date":"8 ao\u00fbt 2024","format":false,"excerpt":"Parfait pour le creusage d\u00e9taill\u00e9, l'outil de creusage Minimum6 Owen Bent shaft de Rolly Munro est con\u00e7u pour les formes petites \u00e0 moyennes.","rel":"","context":"Article similaire","block_context":{"text":"Article similaire","link":""},"img":{"alt_text":"","src":"https:\/\/i0.wp.com\/guydutoit.com\/wp-content\/uploads\/2024\/08\/Munro-minimun6-owen-png.webp?fit=1200%2C675&ssl=1&resize=350%2C200","width":350,"height":200,"srcset":"https:\/\/i0.wp.com\/guydutoit.com\/wp-content\/uploads\/2024\/08\/Munro-minimun6-owen-png.webp?fit=1200%2C675&ssl=1&resize=350%2C200 1x, https:\/\/i0.wp.com\/guydutoit.com\/wp-content\/uploads\/2024\/08\/Munro-minimun6-owen-png.webp?fit=1200%2C675&ssl=1&resize=525%2C300 1.5x, https:\/\/i0.wp.com\/guydutoit.com\/wp-content\/uploads\/2024\/08\/Munro-minimun6-owen-png.webp?fit=1200%2C675&ssl=1&resize=700%2C400 2x, https:\/\/i0.wp.com\/guydutoit.com\/wp-content\/uploads\/2024\/08\/Munro-minimun6-owen-png.webp?fit=1200%2C675&ssl=1&resize=1050%2C600 3x"},"classes":[]},{"id":15950,"url":"https:\/\/guydutoit.com\/fr\/product\/munro-minimum-6-straight-shaft-hollower\/","url_meta":{"origin":15949,"position":5},"title":"Creuseur \u00e0 arbre droit Munro Minimum 6","author":"Guy du Toit","date":"8 ao\u00fbt 2024","format":false,"excerpt":"L'outil de creusage droit Minimum6 de Rolly Munro est con\u00e7u pour des t\u00e2ches de creusage pr\u00e9cises dans des formes petites \u00e0 moyennes.","rel":"","context":"Article similaire","block_context":{"text":"Article similaire","link":""},"img":{"alt_text":"","src":"https:\/\/i0.wp.com\/guydutoit.com\/wp-content\/uploads\/2024\/08\/Munro-Minimun6-Straight-Shaft-Hollowing-Tool-png.webp?fit=1200%2C675&ssl=1&resize=350%2C200","width":350,"height":200,"srcset":"https:\/\/i0.wp.com\/guydutoit.com\/wp-content\/uploads\/2024\/08\/Munro-Minimun6-Straight-Shaft-Hollowing-Tool-png.webp?fit=1200%2C675&ssl=1&resize=350%2C200 1x, https:\/\/i0.wp.com\/guydutoit.com\/wp-content\/uploads\/2024\/08\/Munro-Minimun6-Straight-Shaft-Hollowing-Tool-png.webp?fit=1200%2C675&ssl=1&resize=525%2C300 1.5x, https:\/\/i0.wp.com\/guydutoit.com\/wp-content\/uploads\/2024\/08\/Munro-Minimun6-Straight-Shaft-Hollowing-Tool-png.webp?fit=1200%2C675&ssl=1&resize=700%2C400 2x, https:\/\/i0.wp.com\/guydutoit.com\/wp-content\/uploads\/2024\/08\/Munro-Minimun6-Straight-Shaft-Hollowing-Tool-png.webp?fit=1200%2C675&ssl=1&resize=1050%2C600 3x"},"classes":[]}],"jetpack_sharing_enabled":true,"jetpack_likes_enabled":true,"_links":{"self":[{"href":"https:\/\/guydutoit.com\/fr\/wp-json\/wp\/v2\/product\/15949","targetHints":{"allow":["GET"]}}],"collection":[{"href":"https:\/\/guydutoit.com\/fr\/wp-json\/wp\/v2\/product"}],"about":[{"href":"https:\/\/guydutoit.com\/fr\/wp-json\/wp\/v2\/types\/product"}],"replies":[{"embeddable":true,"href":"https:\/\/guydutoit.com\/fr\/wp-json\/wp\/v2\/comments?post=15949"}],"wp:featuredmedia":[{"embeddable":true,"href":"https:\/\/guydutoit.com\/fr\/wp-json\/wp\/v2\/media\/17147"}],"wp:attachment":[{"href":"https:\/\/guydutoit.com\/fr\/wp-json\/wp\/v2\/media?parent=15949"}],"wp:term":[{"taxonomy":"product_brand","embeddable":true,"href":"https:\/\/guydutoit.com\/fr\/wp-json\/wp\/v2\/product_brand?post=15949"},{"taxonomy":"product_cat","embeddable":true,"href":"https:\/\/guydutoit.com\/fr\/wp-json\/wp\/v2\/product_cat?post=15949"},{"taxonomy":"product_tag","embeddable":true,"href":"https:\/\/guydutoit.com\/fr\/wp-json\/wp\/v2\/product_tag?post=15949"}],"curies":[{"name":"wp","href":"https:\/\/api.w.org\/{rel}","templated":true}]}}