{"id":18663,"date":"2025-05-09T12:16:59","date_gmt":"2025-05-09T11:16:59","guid":{"rendered":"https:\/\/guydutoit.com\/product\/mop-de-polissage-en-coton-bombe-de-100-mm\/"},"modified":"2026-03-03T21:13:08","modified_gmt":"2026-03-03T20:13:08","slug":"mop-de-polissage-en-coton-bombe-de-100-mm","status":"publish","type":"product","link":"https:\/\/guydutoit.com\/fr\/product\/mop-de-polissage-en-coton-bombe-de-100-mm\/","title":{"rendered":"Mop de polissage en coton bomb\u00e9 de 100 mm"},"content":{"rendered":"<p>Mop de polissage en coton bomb\u00e9 de 100 mm. Sp\u00e9cialement bomb\u00e9 pour le polissage ou le lustrage d&#8217;une surface concave, l&#8217;arbre de 6 mm de diam\u00e8tre s&#8217;adapte \u00e0 la plupart des perceuses \u00e9lectriques. Id\u00e9al pour l&#8217;int\u00e9rieur des bols, des bo\u00eetes ou des formes creuses tourn\u00e9es en bois.<\/p>\n<p>100 mm de diam\u00e8tre<\/p>\n","protected":false},"excerpt":{"rendered":"<p>Mop de polissage en coton bomb\u00e9 de 100 mm pour polir les surfaces concaves telles que les bols<\/p>\n","protected":false},"featured_media":18436,"comment_status":"closed","ping_status":"closed","template":"","meta":{"site-sidebar-layout":"default","site-content-layout":"","ast-site-content-layout":"default","site-content-style":"default","site-sidebar-style":"default","ast-global-header-display":"","ast-banner-title-visibility":"","ast-main-header-display":"","ast-hfb-above-header-display":"","ast-hfb-below-header-display":"","ast-hfb-mobile-header-display":"","site-post-title":"","ast-breadcrumbs-content":"","ast-featured-img":"","footer-sml-layout":"","ast-disable-related-posts":"","theme-transparent-header-meta":"default","adv-header-id-meta":"","stick-header-meta":"default","header-above-stick-meta":"","header-main-stick-meta":"","header-below-stick-meta":"","astra-migrate-meta-layouts":"default","ast-page-background-enabled":"default","ast-page-background-meta":{"desktop":{"background-color":"var(--ast-global-color-4)","background-image":"","background-repeat":"repeat","background-position":"center center","background-size":"auto","background-attachment":"scroll","background-type":"","background-media":"","overlay-type":"","overlay-color":"","overlay-opacity":"","overlay-gradient":""},"tablet":{"background-color":"","background-image":"","background-repeat":"repeat","background-position":"center center","background-size":"auto","background-attachment":"scroll","background-type":"","background-media":"","overlay-type":"","overlay-color":"","overlay-opacity":"","overlay-gradient":""},"mobile":{"background-color":"","background-image":"","background-repeat":"repeat","background-position":"center center","background-size":"auto","background-attachment":"scroll","background-type":"","background-media":"","overlay-type":"","overlay-color":"","overlay-opacity":"","overlay-gradient":""}},"ast-content-background-meta":{"desktop":{"background-color":"var(--ast-global-color-5)","background-image":"","background-repeat":"repeat","background-position":"center center","background-size":"auto","background-attachment":"scroll","background-type":"","background-media":"","overlay-type":"","overlay-color":"","overlay-opacity":"","overlay-gradient":""},"tablet":{"background-color":"var(--ast-global-color-5)","background-image":"","background-repeat":"repeat","background-position":"center center","background-size":"auto","background-attachment":"scroll","background-type":"","background-media":"","overlay-type":"","overlay-color":"","overlay-opacity":"","overlay-gradient":""},"mobile":{"background-color":"var(--ast-global-color-5)","background-image":"","background-repeat":"repeat","background-position":"center center","background-size":"auto","background-attachment":"scroll","background-type":"","background-media":"","overlay-type":"","overlay-color":"","overlay-opacity":"","overlay-gradient":""}},"jetpack_post_was_ever_published":false,"jetpack_publicize_message":"","jetpack_publicize_feature_enabled":true,"jetpack_social_post_already_shared":true,"jetpack_social_options":{"image_generator_settings":{"template":"highway","default_image_id":0,"font":"","enabled":false},"version":2}},"product_brand":[],"product_cat":[3146],"product_tag":[560,561,563,562,564],"class_list":{"0":"post-18663","1":"product","2":"type-product","3":"status-publish","4":"has-post-thumbnail","6":"product_cat-accessoires-pour-le-tournage-du-bois","7":"product_tag-coton","8":"product_tag-domine","9":"product_tag-polissage-fr","10":"product_tag-polissage","11":"product_tag-vadrouille","12":"desktop-align-left","13":"tablet-align-left","14":"mobile-align-left","15":"ast-product-gallery-layout-vertical-slider","16":"ast-product-gallery-with-no-image","17":"ast-product-tabs-layout-horizontal","19":"first","20":"instock","21":"shipping-taxable","22":"purchasable","23":"product-type-simple"},"jetpack_publicize_connections":[],"jetpack-related-posts":[{"id":27801,"url":"https:\/\/guydutoit.com\/fr\/product\/outil-de-polissage-en-forme-de-dome-pour-le-tournage-du-bois-diametre-100-mm\/","url_meta":{"origin":18663,"position":0},"title":"Outil de polissage en forme de d\u00f4me pour le tournage du bois, diam\u00e8tre 100 mm","author":"Guy du Toit","date":"23 janvier 2026","format":false,"excerpt":"Obtenez des surfaces concaves impeccables gr\u00e2ce \u00e0 notre outil de polissage de d\u00f4me pour le tournage du bois. S'adapte \u00e0 la plupart des perceuses \u00e9lectriques pour une utilisation facile.","rel":"","context":"Article similaire","block_context":{"text":"Article similaire","link":""},"img":{"alt_text":"","src":"https:\/\/i0.wp.com\/guydutoit.com\/wp-content\/uploads\/2026\/01\/RZ-DPM100_001.jpg?fit=1100%2C740&ssl=1&resize=350%2C200","width":350,"height":200,"srcset":"https:\/\/i0.wp.com\/guydutoit.com\/wp-content\/uploads\/2026\/01\/RZ-DPM100_001.jpg?fit=1100%2C740&ssl=1&resize=350%2C200 1x, https:\/\/i0.wp.com\/guydutoit.com\/wp-content\/uploads\/2026\/01\/RZ-DPM100_001.jpg?fit=1100%2C740&ssl=1&resize=525%2C300 1.5x, https:\/\/i0.wp.com\/guydutoit.com\/wp-content\/uploads\/2026\/01\/RZ-DPM100_001.jpg?fit=1100%2C740&ssl=1&resize=700%2C400 2x, https:\/\/i0.wp.com\/guydutoit.com\/wp-content\/uploads\/2026\/01\/RZ-DPM100_001.jpg?fit=1100%2C740&ssl=1&resize=1050%2C600 3x"},"classes":[]},{"id":18681,"url":"https:\/\/guydutoit.com\/fr\/product\/tampon-de-poncage-de-75-mm\/","url_meta":{"origin":18663,"position":1},"title":"Tampon de pon\u00e7age de 75 mm","author":"Guy du Toit","date":"7 mai 2025","format":false,"excerpt":"Tampon de pon\u00e7age de 75 mm (3 pouces) \u00e0 boucles et crochets (avec fixation pour perceuse).","rel":"","context":"Article similaire","block_context":{"text":"Article similaire","link":""},"img":{"alt_text":"Tampon de pon\u00e7age de 75 mm avec crochets et boucles","src":"https:\/\/i0.wp.com\/guydutoit.com\/wp-content\/uploads\/2025\/05\/3-inch-sanding-pad.jpg?fit=1100%2C740&ssl=1&resize=350%2C200","width":350,"height":200,"srcset":"https:\/\/i0.wp.com\/guydutoit.com\/wp-content\/uploads\/2025\/05\/3-inch-sanding-pad.jpg?fit=1100%2C740&ssl=1&resize=350%2C200 1x, https:\/\/i0.wp.com\/guydutoit.com\/wp-content\/uploads\/2025\/05\/3-inch-sanding-pad.jpg?fit=1100%2C740&ssl=1&resize=525%2C300 1.5x, https:\/\/i0.wp.com\/guydutoit.com\/wp-content\/uploads\/2025\/05\/3-inch-sanding-pad.jpg?fit=1100%2C740&ssl=1&resize=700%2C400 2x, https:\/\/i0.wp.com\/guydutoit.com\/wp-content\/uploads\/2025\/05\/3-inch-sanding-pad.jpg?fit=1100%2C740&ssl=1&resize=1050%2C600 3x"},"classes":[]},{"id":20797,"url":"https:\/\/guydutoit.com\/fr\/product\/disques-de-papier-de-verre-75mm-grains-assortis-pour-le-tournage-sur-bois\/","url_meta":{"origin":18663,"position":2},"title":"Disques de papier de verre 75mm &#8211; Grains assortis pour le tournage sur bois","author":"Guy du Toit","date":"5 septembre 2025","format":false,"excerpt":"Ce paquet de 80 disques de pon\u00e7age de 75 mm (3 pouces) \u00e0 rev\u00eatement velcro offre huit grains diff\u00e9rents, du plus gros au plus fin, pour r\u00e9pondre \u00e0 tous vos besoins en mati\u00e8re de tournage et de polissage du bois.","rel":"","context":"Article similaire","block_context":{"text":"Article similaire","link":""},"img":{"alt_text":"Paquet de 80 disques de pon\u00e7age assortis de 75 mm \u00e0 boucles et crochets (velcro) avec plusieurs grains pour les projets de tournage sur bois.","src":"https:\/\/i0.wp.com\/guydutoit.com\/wp-content\/uploads\/2025\/09\/75mm-Sandpaper-Discs.jpg?fit=1100%2C740&ssl=1&resize=350%2C200","width":350,"height":200,"srcset":"https:\/\/i0.wp.com\/guydutoit.com\/wp-content\/uploads\/2025\/09\/75mm-Sandpaper-Discs.jpg?fit=1100%2C740&ssl=1&resize=350%2C200 1x, https:\/\/i0.wp.com\/guydutoit.com\/wp-content\/uploads\/2025\/09\/75mm-Sandpaper-Discs.jpg?fit=1100%2C740&ssl=1&resize=525%2C300 1.5x, https:\/\/i0.wp.com\/guydutoit.com\/wp-content\/uploads\/2025\/09\/75mm-Sandpaper-Discs.jpg?fit=1100%2C740&ssl=1&resize=700%2C400 2x, https:\/\/i0.wp.com\/guydutoit.com\/wp-content\/uploads\/2025\/09\/75mm-Sandpaper-Discs.jpg?fit=1100%2C740&ssl=1&resize=1050%2C600 3x"},"classes":[]},{"id":21706,"url":"https:\/\/guydutoit.com\/fr\/product\/couvercle-pour-pot-pourri-tulipes-en-bronze-antique\/","url_meta":{"origin":18663,"position":3},"title":"Couvercle pour pot-pourri Tulipes en bronze antique","author":"","date":"31 octobre 2025","format":false,"excerpt":"Couvercle de tulipe Potpourri en bronze antique de 80 mm. La touche finale parfaite et haut de gamme pour vos bols en bois tourn\u00e9. Transforme instantan\u00e9ment un simple r\u00e9cipient en bois en un diffuseur de parfum haut de gamme et fonctionnel, tr\u00e8s attractif sur le march\u00e9.","rel":"","context":"Article similaire","block_context":{"text":"Article similaire","link":""},"img":{"alt_text":"Couvercle de pot-pourri tulipes en bronze antique pour projets de tournage sur bois","src":"https:\/\/i0.wp.com\/guydutoit.com\/wp-content\/uploads\/2025\/10\/Antique-bronze-tulips-potpourri-lid.jpg?fit=1100%2C740&ssl=1&resize=350%2C200","width":350,"height":200,"srcset":"https:\/\/i0.wp.com\/guydutoit.com\/wp-content\/uploads\/2025\/10\/Antique-bronze-tulips-potpourri-lid.jpg?fit=1100%2C740&ssl=1&resize=350%2C200 1x, https:\/\/i0.wp.com\/guydutoit.com\/wp-content\/uploads\/2025\/10\/Antique-bronze-tulips-potpourri-lid.jpg?fit=1100%2C740&ssl=1&resize=525%2C300 1.5x, https:\/\/i0.wp.com\/guydutoit.com\/wp-content\/uploads\/2025\/10\/Antique-bronze-tulips-potpourri-lid.jpg?fit=1100%2C740&ssl=1&resize=700%2C400 2x, https:\/\/i0.wp.com\/guydutoit.com\/wp-content\/uploads\/2025\/10\/Antique-bronze-tulips-potpourri-lid.jpg?fit=1100%2C740&ssl=1&resize=1050%2C600 3x"},"classes":[]},{"id":21703,"url":"https:\/\/guydutoit.com\/fr\/product\/le-pot-pourri-monarch-en-guise-daccent\/","url_meta":{"origin":18663,"position":4},"title":"Couvercle papillon en argent antique : La touche finale pour les bols de qualit\u00e9 sup\u00e9rieure","author":"","date":"31 octobre 2025","format":false,"excerpt":"Couvercle papillon pour pot-pourri en argent antique de 0 mm. La quincaillerie \u00e0 fort impact qui transforme vos petits r\u00e9cipients en diffuseurs d\u00e9coratifs haut de gamme et coh\u00e9rents. Ajoutez une \u00e9l\u00e9gance vintage instantan\u00e9e et une fonctionnalit\u00e9 sup\u00e9rieure \u00e0 votre gamme de produits.","rel":"","context":"Article similaire","block_context":{"text":"Article similaire","link":""},"img":{"alt_text":"Couvercle de pot-pourri papillon en argent ancien","src":"https:\/\/i0.wp.com\/guydutoit.com\/wp-content\/uploads\/2025\/10\/Antique-silver-butterfly-potpourri-lid.jpg?fit=1100%2C740&ssl=1&resize=350%2C200","width":350,"height":200,"srcset":"https:\/\/i0.wp.com\/guydutoit.com\/wp-content\/uploads\/2025\/10\/Antique-silver-butterfly-potpourri-lid.jpg?fit=1100%2C740&ssl=1&resize=350%2C200 1x, https:\/\/i0.wp.com\/guydutoit.com\/wp-content\/uploads\/2025\/10\/Antique-silver-butterfly-potpourri-lid.jpg?fit=1100%2C740&ssl=1&resize=525%2C300 1.5x, https:\/\/i0.wp.com\/guydutoit.com\/wp-content\/uploads\/2025\/10\/Antique-silver-butterfly-potpourri-lid.jpg?fit=1100%2C740&ssl=1&resize=700%2C400 2x, https:\/\/i0.wp.com\/guydutoit.com\/wp-content\/uploads\/2025\/10\/Antique-silver-butterfly-potpourri-lid.jpg?fit=1100%2C740&ssl=1&resize=1050%2C600 3x"},"classes":[]},{"id":21699,"url":"https:\/\/guydutoit.com\/fr\/product\/couvercle-de-pot-pourri-en-cuivre-rose-antique-avec-noix-de-pin\/","url_meta":{"origin":18663,"position":5},"title":"Couvercle de pot-pourri en cuivre rose et noix de pin : L&#8217;am\u00e9lioration de l&#8217;artisanat","author":"","date":"31 octobre 2025","format":false,"excerpt":"Couvercle en forme de noix de pin de 80 mm en cuivre rose antique. L'accessoire de quincaillerie haut de gamme qui transforme instantan\u00e9ment vos petits r\u00e9cipients en diffuseurs de parfum fonctionnels et de grande valeur. Utilisez ce couvercle pour rehausser votre savoir-faire et accro\u00eetre la valeur commerciale de vos bols\u2026","rel":"","context":"Article similaire","block_context":{"text":"Article similaire","link":""},"img":{"alt_text":"Couvercle de pot-pourri en cuivre rose antique pour projets de tournage sur bois","src":"https:\/\/i0.wp.com\/guydutoit.com\/wp-content\/uploads\/2025\/10\/Antique-rose-copper-pine-nut-potpourri-lid.jpg?fit=1100%2C740&ssl=1&resize=350%2C200","width":350,"height":200,"srcset":"https:\/\/i0.wp.com\/guydutoit.com\/wp-content\/uploads\/2025\/10\/Antique-rose-copper-pine-nut-potpourri-lid.jpg?fit=1100%2C740&ssl=1&resize=350%2C200 1x, https:\/\/i0.wp.com\/guydutoit.com\/wp-content\/uploads\/2025\/10\/Antique-rose-copper-pine-nut-potpourri-lid.jpg?fit=1100%2C740&ssl=1&resize=525%2C300 1.5x, https:\/\/i0.wp.com\/guydutoit.com\/wp-content\/uploads\/2025\/10\/Antique-rose-copper-pine-nut-potpourri-lid.jpg?fit=1100%2C740&ssl=1&resize=700%2C400 2x, https:\/\/i0.wp.com\/guydutoit.com\/wp-content\/uploads\/2025\/10\/Antique-rose-copper-pine-nut-potpourri-lid.jpg?fit=1100%2C740&ssl=1&resize=1050%2C600 3x"},"classes":[]}],"jetpack_sharing_enabled":true,"jetpack_likes_enabled":true,"_links":{"self":[{"href":"https:\/\/guydutoit.com\/fr\/wp-json\/wp\/v2\/product\/18663","targetHints":{"allow":["GET"]}}],"collection":[{"href":"https:\/\/guydutoit.com\/fr\/wp-json\/wp\/v2\/product"}],"about":[{"href":"https:\/\/guydutoit.com\/fr\/wp-json\/wp\/v2\/types\/product"}],"replies":[{"embeddable":true,"href":"https:\/\/guydutoit.com\/fr\/wp-json\/wp\/v2\/comments?post=18663"}],"wp:featuredmedia":[{"embeddable":true,"href":"https:\/\/guydutoit.com\/fr\/wp-json\/wp\/v2\/media\/18436"}],"wp:attachment":[{"href":"https:\/\/guydutoit.com\/fr\/wp-json\/wp\/v2\/media?parent=18663"}],"wp:term":[{"taxonomy":"product_brand","embeddable":true,"href":"https:\/\/guydutoit.com\/fr\/wp-json\/wp\/v2\/product_brand?post=18663"},{"taxonomy":"product_cat","embeddable":true,"href":"https:\/\/guydutoit.com\/fr\/wp-json\/wp\/v2\/product_cat?post=18663"},{"taxonomy":"product_tag","embeddable":true,"href":"https:\/\/guydutoit.com\/fr\/wp-json\/wp\/v2\/product_tag?post=18663"}],"curies":[{"name":"wp","href":"https:\/\/api.w.org\/{rel}","templated":true}]}}