{"id":18674,"date":"2025-05-07T17:09:08","date_gmt":"2025-05-07T16:09:08","guid":{"rendered":"https:\/\/guydutoit.com\/product\/set-de-coupe-cylindre-de-moulin-a-papier\/"},"modified":"2025-05-07T17:09:08","modified_gmt":"2025-05-07T16:09:08","slug":"set-de-coupe-cylindre-de-moulin-a-papier","status":"publish","type":"product","link":"https:\/\/guydutoit.com\/fr\/product\/set-de-coupe-cylindre-de-moulin-a-papier\/","title":{"rendered":"Set de coupe-cylindre de moulin \u00e0 papier"},"content":{"rendered":"<p>Set d&#8217;\u00e9barbage de stylo pour le tournage sur bois permettant d&#8217;\u00e9quarrir les extr\u00e9mit\u00e9s des \u00e9bauches de stylo et autres kits de tournage sur bois et d&#8217;\u00e9barbage des barils de stylo en laiton \u00e0 la bonne longueur.<\/p>\n<p>Le but du fraisage en bout est de s&#8217;assurer que les extr\u00e9mit\u00e9s de l&#8217;\u00e9bauche sont absolument carr\u00e9es et plates. Cela permet \u00e0 la quincaillerie du stylo de s&#8217;adapter correctement et d&#8217;affleurer les \u00e9bauches. Le fraisage en bout est une \u00e9tape essentielle du processus de fabrication des stylos.<\/p>\n<p>S&#8217;assurer que les extr\u00e9mit\u00e9s de vos \u00e9bauches sont d&#8217;\u00e9querre est une partie importante du processus de tournage d&#8217;un stylo ou d&#8217;un kit de projet. Une extr\u00e9mit\u00e9 carr\u00e9e assure une meilleure adaptation aux composants de votre kit.<\/p>\n<p>Plusieurs m\u00e9thodes peuvent \u00eatre utilis\u00e9es pour le fraisage en bout. Une m\u00e9thode qui ne n\u00e9cessite pas d&#8217;outils particuliers consiste \u00e0 utiliser une ponceuse \u00e0 bande ou \u00e0 disque. Les extr\u00e9mit\u00e9s de l \u00ab \u00e9bauche sont simplement ponc\u00e9es jusqu \u00bb \u00e0 ce qu&#8217;elles soient planes. En th\u00e9orie, si vous disposez d&#8217;une ponceuse \u00e0 bande ou \u00e0 disque, cela semble facile. Mais j&#8217;ai essay\u00e9 et ce fut un d\u00e9sastre. Si la table de votre ponceuse \u00e0 bande n&#8217;est pas plane et stable \u00e0 100 %, cette m\u00e9thode est pour le moins hasardeuse. M\u00eame si la ponceuse \u00e0 bande a \u00e9t\u00e9 plac\u00e9e en position basse et que l&#8217;\u00e9bauche est maintenue par le haut et non par le c\u00f4t\u00e9, la plan\u00e9it\u00e9 imparfaite du papier de verre lui-m\u00eame peut endommager votre \u00e9bauche de mani\u00e8re irr\u00e9m\u00e9diable.<\/p>\n<p>La fa\u00e7on la plus simple de proc\u00e9der consiste \u00e0 utiliser un arbre de fraise \u00e0 stylo &#8211; \u00e9galement appel\u00e9 \u00ab barrel trimmer \u00bb ou \u00ab pilot shaft \u00bb &#8211; muni d&#8217;une t\u00eate de coupe. Il s&#8217;agit d&#8217;un outil extr\u00eamement utile pour \u00e9querrer les extr\u00e9mit\u00e9s de vos \u00e9bauches de stylos apr\u00e8s que les tubes en laiton ont \u00e9t\u00e9 coll\u00e9s \u00e0 l&#8217;int\u00e9rieur de l&#8217;\u00e9bauche du stylo. La longue tige s&#8217;ins\u00e8re dans le tube (qui sert de support et de guide) et vous permet de couper l&#8217;exc\u00e9dent de bois jusqu&#8217;\u00e0 ce que vous atteigniez le bord du tube du stylo en laiton.<\/p>\n<p>La meilleure fa\u00e7on, et selon mon exp\u00e9rience, la plus correcte de fraiser les \u00e9bauches de stylos est d&#8217;utiliser un outil de fraisage en bout. Ce petit outil est compos\u00e9 de deux parties : la t\u00eate de coupe et la tige. La t\u00eate de coupe est fix\u00e9e \u00e0 l&#8217;arbre par une petite vis que l&#8217;on tourne \u00e0 l&#8217;aide d&#8217;une cl\u00e9 Allen ou d&#8217;une cl\u00e9 hexagonale \u00e9galement petite. Comme la t\u00eate de coupe est destin\u00e9e \u00e0 couper le mat\u00e9riau brut, j&#8217;aff\u00fbte r\u00e9guli\u00e8rement mes t\u00eates de coupe \u00e0 l&#8217;aide de plaques d&#8217;aff\u00fbtage diamant\u00e9es \u00e0 petit manche. Le processus est rapide, facile et, je pense, essentiel. Un porte-outil \u00e9mouss\u00e9 peut tout simplement d\u00e9chirer votre belle pi\u00e8ce brute avant m\u00eame que vous n&#8217;ayez eu le temps de la monter sur le tour. Tous les outils de coupe, \u00e0 moins que les m\u00e8ches ou les lames ne soient rempla\u00e7ables, doivent \u00eatre maintenus aiguis\u00e9s \u00e0 tout moment afin d&#8217;\u00e9viter que vous ne vous blessiez et\/ou que vos mat\u00e9riaux ne soient d\u00e9truits.<\/p>\n","protected":false},"excerpt":{"rendered":"<p>Tourneur sur bois Ensemble d \u00ab \u00e9bauches de stylos pour l \u00bb \u00e9quarrissage des extr\u00e9mit\u00e9s des \u00e9bauches de stylos<\/p>\n","protected":false},"featured_media":18399,"comment_status":"closed","ping_status":"closed","template":"","meta":{"site-sidebar-layout":"default","site-content-layout":"","ast-site-content-layout":"default","site-content-style":"default","site-sidebar-style":"default","ast-global-header-display":"","ast-banner-title-visibility":"","ast-main-header-display":"","ast-hfb-above-header-display":"","ast-hfb-below-header-display":"","ast-hfb-mobile-header-display":"","site-post-title":"","ast-breadcrumbs-content":"","ast-featured-img":"","footer-sml-layout":"","ast-disable-related-posts":"","theme-transparent-header-meta":"default","adv-header-id-meta":"","stick-header-meta":"default","header-above-stick-meta":"","header-main-stick-meta":"","header-below-stick-meta":"","astra-migrate-meta-layouts":"default","ast-page-background-enabled":"default","ast-page-background-meta":{"desktop":{"background-color":"var(--ast-global-color-4)","background-image":"","background-repeat":"repeat","background-position":"center center","background-size":"auto","background-attachment":"scroll","background-type":"","background-media":"","overlay-type":"","overlay-color":"","overlay-opacity":"","overlay-gradient":""},"tablet":{"background-color":"","background-image":"","background-repeat":"repeat","background-position":"center center","background-size":"auto","background-attachment":"scroll","background-type":"","background-media":"","overlay-type":"","overlay-color":"","overlay-opacity":"","overlay-gradient":""},"mobile":{"background-color":"","background-image":"","background-repeat":"repeat","background-position":"center center","background-size":"auto","background-attachment":"scroll","background-type":"","background-media":"","overlay-type":"","overlay-color":"","overlay-opacity":"","overlay-gradient":""}},"ast-content-background-meta":{"desktop":{"background-color":"var(--ast-global-color-5)","background-image":"","background-repeat":"repeat","background-position":"center center","background-size":"auto","background-attachment":"scroll","background-type":"","background-media":"","overlay-type":"","overlay-color":"","overlay-opacity":"","overlay-gradient":""},"tablet":{"background-color":"var(--ast-global-color-5)","background-image":"","background-repeat":"repeat","background-position":"center center","background-size":"auto","background-attachment":"scroll","background-type":"","background-media":"","overlay-type":"","overlay-color":"","overlay-opacity":"","overlay-gradient":""},"mobile":{"background-color":"var(--ast-global-color-5)","background-image":"","background-repeat":"repeat","background-position":"center center","background-size":"auto","background-attachment":"scroll","background-type":"","background-media":"","overlay-type":"","overlay-color":"","overlay-opacity":"","overlay-gradient":""}},"jetpack_post_was_ever_published":false,"jetpack_publicize_message":"","jetpack_publicize_feature_enabled":true,"jetpack_social_post_already_shared":true,"jetpack_social_options":{"image_generator_settings":{"template":"highway","default_image_id":0,"font":"","enabled":false},"version":2}},"product_brand":[],"product_cat":[31],"product_tag":[606,605],"class_list":{"0":"post-18674","1":"product","2":"type-product","3":"status-publish","4":"has-post-thumbnail","6":"product_cat-uncategorized","7":"product_tag-coupe-canon","8":"product_tag-moulins-a-crayons","9":"desktop-align-left","10":"tablet-align-left","11":"mobile-align-left","12":"ast-product-gallery-layout-vertical-slider","13":"ast-product-tabs-layout-horizontal","15":"first","16":"instock","17":"shipping-taxable","18":"purchasable","19":"product-type-simple"},"jetpack_publicize_connections":[],"jetpack-related-posts":[{"id":20792,"url":"https:\/\/guydutoit.com\/fr\/product\/outil-de-chanfreinage-pour-tube-de-stylo-pour-le-tournage-du-bois-et-la-fabrication-de-stylos\/","url_meta":{"origin":18674,"position":0},"title":"Outil de chanfreinage pour tube de stylo | Pour le tournage du bois et la fabrication de stylos","author":"Guy du Toit","date":"6 septembre 2025","format":false,"excerpt":"Un outil de chanfreinage durable en acier au carbone utilis\u00e9 pour enlever le bord dur des tubes de stylos, facilitant ainsi l'assemblage de vos \u00e9bauches de stylos. Un outil indispensable pour tous les fabricants de stylos.","rel":"","context":"Article similaire","block_context":{"text":"Article similaire","link":""},"img":{"alt_text":"Outil de chanfreinage de tube de stylo en acier au carbone, un outil manuel utilis\u00e9 par les tourneurs de bois pour pr\u00e9parer les \u00e9bauches de stylo.","src":"https:\/\/i0.wp.com\/guydutoit.com\/wp-content\/uploads\/2025\/09\/Brass-Tube-Chamfering-Tool.jpg?fit=1100%2C740&ssl=1&resize=350%2C200","width":350,"height":200,"srcset":"https:\/\/i0.wp.com\/guydutoit.com\/wp-content\/uploads\/2025\/09\/Brass-Tube-Chamfering-Tool.jpg?fit=1100%2C740&ssl=1&resize=350%2C200 1x, https:\/\/i0.wp.com\/guydutoit.com\/wp-content\/uploads\/2025\/09\/Brass-Tube-Chamfering-Tool.jpg?fit=1100%2C740&ssl=1&resize=525%2C300 1.5x, https:\/\/i0.wp.com\/guydutoit.com\/wp-content\/uploads\/2025\/09\/Brass-Tube-Chamfering-Tool.jpg?fit=1100%2C740&ssl=1&resize=700%2C400 2x, https:\/\/i0.wp.com\/guydutoit.com\/wp-content\/uploads\/2025\/09\/Brass-Tube-Chamfering-Tool.jpg?fit=1100%2C740&ssl=1&resize=1050%2C600 3x"},"classes":[]},{"id":20859,"url":"https:\/\/guydutoit.com\/fr\/product\/boite-a-stylos-en-papier-colore-orange-avec-motifs\/","url_meta":{"origin":18674,"position":1},"title":"Bo\u00eete \u00e0 stylos en papier color\u00e9 (orange avec motifs)","author":"Guy du Toit","date":"10 septembre 2025","format":false,"excerpt":"Un plumier en papier orange d\u00e9coratif de haute qualit\u00e9 (183 mm x 54 mm x 23 mm) avec un motif. L'insert en \u00e9ponge permet de maintenir et de pr\u00e9senter en toute s\u00e9curit\u00e9 une vari\u00e9t\u00e9 de stylos tourn\u00e9s, des stylos fins aux stylos \u00e0 cigare.","rel":"","context":"Article similaire","block_context":{"text":"Article similaire","link":""},"img":{"alt_text":"Plumier en papier orange avec un motif d\u00e9coratif et un insert en \u00e9ponge pour ranger un stylo en bois fait \u00e0 la main.","src":"https:\/\/i0.wp.com\/guydutoit.com\/wp-content\/uploads\/2025\/09\/Colourful-paper-pen-box-orange.jpg?fit=1100%2C740&ssl=1&resize=350%2C200","width":350,"height":200,"srcset":"https:\/\/i0.wp.com\/guydutoit.com\/wp-content\/uploads\/2025\/09\/Colourful-paper-pen-box-orange.jpg?fit=1100%2C740&ssl=1&resize=350%2C200 1x, https:\/\/i0.wp.com\/guydutoit.com\/wp-content\/uploads\/2025\/09\/Colourful-paper-pen-box-orange.jpg?fit=1100%2C740&ssl=1&resize=525%2C300 1.5x, https:\/\/i0.wp.com\/guydutoit.com\/wp-content\/uploads\/2025\/09\/Colourful-paper-pen-box-orange.jpg?fit=1100%2C740&ssl=1&resize=700%2C400 2x, https:\/\/i0.wp.com\/guydutoit.com\/wp-content\/uploads\/2025\/09\/Colourful-paper-pen-box-orange.jpg?fit=1100%2C740&ssl=1&resize=1050%2C600 3x"},"classes":[]},{"id":28780,"url":"https:\/\/guydutoit.com\/fr\/product\/stylo-plaque-or-a-theme-militaire-pour-les-passionnes-de-tournage-sur-bois\/","url_meta":{"origin":18674,"position":2},"title":"Stylo plaqu\u00e9 or \u00e0 th\u00e8me militaire pour les passionn\u00e9s de tournage sur bois","author":"Guy du Toit","date":"23 janvier 2026","format":false,"excerpt":"Surprenez les fans de l'arm\u00e9e avec ce stylo plaqu\u00e9 or orn\u00e9 d'un casque de soldat sur le capuchon, d'une pince \u00e0 stylo \u00e0 bouclier et d'une bande rivet\u00e9e.","rel":"","context":"Article similaire","block_context":{"text":"Article similaire","link":""},"img":{"alt_text":"","src":"https:\/\/i0.wp.com\/guydutoit.com\/wp-content\/uploads\/2026\/01\/RZ-BP407-G_001.jpg?fit=1100%2C740&ssl=1&resize=350%2C200","width":350,"height":200,"srcset":"https:\/\/i0.wp.com\/guydutoit.com\/wp-content\/uploads\/2026\/01\/RZ-BP407-G_001.jpg?fit=1100%2C740&ssl=1&resize=350%2C200 1x, https:\/\/i0.wp.com\/guydutoit.com\/wp-content\/uploads\/2026\/01\/RZ-BP407-G_001.jpg?fit=1100%2C740&ssl=1&resize=525%2C300 1.5x, https:\/\/i0.wp.com\/guydutoit.com\/wp-content\/uploads\/2026\/01\/RZ-BP407-G_001.jpg?fit=1100%2C740&ssl=1&resize=700%2C400 2x, https:\/\/i0.wp.com\/guydutoit.com\/wp-content\/uploads\/2026\/01\/RZ-BP407-G_001.jpg?fit=1100%2C740&ssl=1&resize=1050%2C600 3x"},"classes":[]},{"id":29231,"url":"https:\/\/guydutoit.com\/fr\/product\/kit-de-stylos-a-bille-or-et-noir-pour-les-amoureux-des-chats\/","url_meta":{"origin":18674,"position":3},"title":"Kit de stylos \u00e0 bille or et noir pour les amoureux des chats","author":"Guy du Toit","date":"23 janvier 2026","format":false,"excerpt":"Surprenez les amateurs de chats avec cette exquise trousse de stylos dor\u00e9e et noire, dot\u00e9e d'un charmant clip de stylo en forme de chat et d'un motif de pattes amusant.","rel":"","context":"Article similaire","block_context":{"text":"Article similaire","link":""},"img":{"alt_text":"","src":"https:\/\/i0.wp.com\/guydutoit.com\/wp-content\/uploads\/2026\/01\/RZ-BP529-GWB_003.jpg?fit=1100%2C740&ssl=1&resize=350%2C200","width":350,"height":200,"srcset":"https:\/\/i0.wp.com\/guydutoit.com\/wp-content\/uploads\/2026\/01\/RZ-BP529-GWB_003.jpg?fit=1100%2C740&ssl=1&resize=350%2C200 1x, https:\/\/i0.wp.com\/guydutoit.com\/wp-content\/uploads\/2026\/01\/RZ-BP529-GWB_003.jpg?fit=1100%2C740&ssl=1&resize=525%2C300 1.5x, https:\/\/i0.wp.com\/guydutoit.com\/wp-content\/uploads\/2026\/01\/RZ-BP529-GWB_003.jpg?fit=1100%2C740&ssl=1&resize=700%2C400 2x, https:\/\/i0.wp.com\/guydutoit.com\/wp-content\/uploads\/2026\/01\/RZ-BP529-GWB_003.jpg?fit=1100%2C740&ssl=1&resize=1050%2C600 3x"},"classes":[]},{"id":29113,"url":"https:\/\/guydutoit.com\/fr\/product\/kit-stylo-plume-bronze-antique-polish-kitten\/","url_meta":{"origin":18674,"position":4},"title":"Kit Stylo Plume Bronze Antique Polish Kitten","author":"Guy du Toit","date":"23 janvier 2026","format":false,"excerpt":"Surprenez les amoureux des chats avec cette trousse de stylo plume en bronze antique Polish Kitten, dot\u00e9e d'un joli clip de stylo pour chat, de gravures de pattes de chat amusantes et d'images de chatons mignons sur la bande centrale.","rel":"","context":"Article similaire","block_context":{"text":"Article similaire","link":""},"img":{"alt_text":"","src":"https:\/\/i0.wp.com\/guydutoit.com\/wp-content\/uploads\/2026\/01\/RZ-FP529-ABP_001.jpg?fit=1100%2C740&ssl=1&resize=350%2C200","width":350,"height":200,"srcset":"https:\/\/i0.wp.com\/guydutoit.com\/wp-content\/uploads\/2026\/01\/RZ-FP529-ABP_001.jpg?fit=1100%2C740&ssl=1&resize=350%2C200 1x, https:\/\/i0.wp.com\/guydutoit.com\/wp-content\/uploads\/2026\/01\/RZ-FP529-ABP_001.jpg?fit=1100%2C740&ssl=1&resize=525%2C300 1.5x, https:\/\/i0.wp.com\/guydutoit.com\/wp-content\/uploads\/2026\/01\/RZ-FP529-ABP_001.jpg?fit=1100%2C740&ssl=1&resize=700%2C400 2x, https:\/\/i0.wp.com\/guydutoit.com\/wp-content\/uploads\/2026\/01\/RZ-FP529-ABP_001.jpg?fit=1100%2C740&ssl=1&resize=1050%2C600 3x"},"classes":[]},{"id":28631,"url":"https:\/\/guydutoit.com\/fr\/product\/kit-de-stylo-chrome-haut-de-gamme-pour-le-tournage-sur-bois\/","url_meta":{"origin":18674,"position":5},"title":"Kit de stylo chrom\u00e9 haut de gamme pour le tournage sur bois","author":"Guy du Toit","date":"23 janvier 2026","format":false,"excerpt":"Am\u00e9liorez vos projets de tournage avec ce kit de stylet chrom\u00e9 de premi\u00e8re qualit\u00e9, dot\u00e9 d'un tube unique \u00e9l\u00e9gant pour une touche de modernit\u00e9.","rel":"","context":"Article similaire","block_context":{"text":"Article similaire","link":""},"img":{"alt_text":"","src":"https:\/\/i0.wp.com\/guydutoit.com\/wp-content\/uploads\/2026\/01\/RZ-BPCL76-CHR_001.jpg?fit=1100%2C740&ssl=1&resize=350%2C200","width":350,"height":200,"srcset":"https:\/\/i0.wp.com\/guydutoit.com\/wp-content\/uploads\/2026\/01\/RZ-BPCL76-CHR_001.jpg?fit=1100%2C740&ssl=1&resize=350%2C200 1x, https:\/\/i0.wp.com\/guydutoit.com\/wp-content\/uploads\/2026\/01\/RZ-BPCL76-CHR_001.jpg?fit=1100%2C740&ssl=1&resize=525%2C300 1.5x, https:\/\/i0.wp.com\/guydutoit.com\/wp-content\/uploads\/2026\/01\/RZ-BPCL76-CHR_001.jpg?fit=1100%2C740&ssl=1&resize=700%2C400 2x, https:\/\/i0.wp.com\/guydutoit.com\/wp-content\/uploads\/2026\/01\/RZ-BPCL76-CHR_001.jpg?fit=1100%2C740&ssl=1&resize=1050%2C600 3x"},"classes":[]}],"jetpack_sharing_enabled":true,"jetpack_likes_enabled":true,"_links":{"self":[{"href":"https:\/\/guydutoit.com\/fr\/wp-json\/wp\/v2\/product\/18674","targetHints":{"allow":["GET"]}}],"collection":[{"href":"https:\/\/guydutoit.com\/fr\/wp-json\/wp\/v2\/product"}],"about":[{"href":"https:\/\/guydutoit.com\/fr\/wp-json\/wp\/v2\/types\/product"}],"replies":[{"embeddable":true,"href":"https:\/\/guydutoit.com\/fr\/wp-json\/wp\/v2\/comments?post=18674"}],"wp:featuredmedia":[{"embeddable":true,"href":"https:\/\/guydutoit.com\/fr\/wp-json\/wp\/v2\/media\/18399"}],"wp:attachment":[{"href":"https:\/\/guydutoit.com\/fr\/wp-json\/wp\/v2\/media?parent=18674"}],"wp:term":[{"taxonomy":"product_brand","embeddable":true,"href":"https:\/\/guydutoit.com\/fr\/wp-json\/wp\/v2\/product_brand?post=18674"},{"taxonomy":"product_cat","embeddable":true,"href":"https:\/\/guydutoit.com\/fr\/wp-json\/wp\/v2\/product_cat?post=18674"},{"taxonomy":"product_tag","embeddable":true,"href":"https:\/\/guydutoit.com\/fr\/wp-json\/wp\/v2\/product_tag?post=18674"}],"curies":[{"name":"wp","href":"https:\/\/api.w.org\/{rel}","templated":true}]}}