{"id":20792,"date":"2025-09-06T13:19:21","date_gmt":"2025-09-06T12:19:21","guid":{"rendered":"https:\/\/guydutoit.com\/product\/outil-de-chanfreinage-pour-tube-de-stylo-pour-le-tournage-du-bois-et-la-fabrication-de-stylos\/"},"modified":"2026-02-13T18:04:09","modified_gmt":"2026-02-13T17:04:09","slug":"outil-de-chanfreinage-pour-tube-de-stylo-pour-le-tournage-du-bois-et-la-fabrication-de-stylos","status":"publish","type":"product","link":"https:\/\/guydutoit.com\/fr\/product\/outil-de-chanfreinage-pour-tube-de-stylo-pour-le-tournage-du-bois-et-la-fabrication-de-stylos\/","title":{"rendered":"Outil de chanfreinage pour tube de stylo | Pour le tournage du bois et la fabrication de stylos"},"content":{"rendered":"<p><span class=\"selected\">Assurez-vous d&#8217;un ajustement parfait et d&#8217;une finition impeccable sur chaque \u00e9bauche de stylo gr\u00e2ce \u00e0 notre <\/span><strong><span class=\"selected\">Outil de chanfreinage pour tube de stylo<\/span><\/strong><span class=\"selected\">. Fabriqu\u00e9 en acier au carbone durable, cet outil essentiel est indispensable \u00e0 tout tourneur de stylos.<\/span><\/p>\n<p><span class=\"selected\">Vous utilisez l&#8217;outil de chanfreinage apr\u00e8s chaque \u00e9quarrissage de l&#8217;\u00e9bauche sur votre barrel trimmer et l&#8217;insertion du tube en laiton. Il est con\u00e7u pour  <\/span><strong><span class=\"selected\">enlevez le bord dur \u00e0 90 degr\u00e9s qui se trouve \u00e0 l&#8217;int\u00e9rieur des tubes de stylos<\/span><\/strong><span class=\"selected\">Ce qui facilite grandement l&#8217;insertion des composants du stylo lors de l&#8217;assemblage. Cette \u00e9tape simple mais essentielle vous permet d&#8217;obtenir un ajustement parfait et sans couture \u00e0 chaque fois.<\/span><\/p>\n<p><span class=\"selected\">Gr\u00e2ce \u00e0 sa conception simple et efficace, cet outil deviendra rapidement un \u00e9l\u00e9ment indispensable de votre processus de fabrication de stylos.<\/span><\/p>\n","protected":false},"excerpt":{"rendered":"<p>Un outil de chanfreinage durable en acier au carbone utilis\u00e9 pour enlever le bord dur des tubes de stylos, facilitant ainsi l&#8217;assemblage de vos \u00e9bauches de stylos. Un outil indispensable pour tous les fabricants de stylos.<\/p>\n","protected":false},"featured_media":20737,"comment_status":"closed","ping_status":"closed","template":"","meta":{"site-sidebar-layout":"default","site-content-layout":"","ast-site-content-layout":"default","site-content-style":"default","site-sidebar-style":"default","ast-global-header-display":"","ast-banner-title-visibility":"","ast-main-header-display":"","ast-hfb-above-header-display":"","ast-hfb-below-header-display":"","ast-hfb-mobile-header-display":"","site-post-title":"","ast-breadcrumbs-content":"","ast-featured-img":"","footer-sml-layout":"","ast-disable-related-posts":"","theme-transparent-header-meta":"default","adv-header-id-meta":"","stick-header-meta":"default","header-above-stick-meta":"","header-main-stick-meta":"","header-below-stick-meta":"","astra-migrate-meta-layouts":"default","ast-page-background-enabled":"default","ast-page-background-meta":{"desktop":{"background-color":"var(--ast-global-color-4)","background-image":"","background-repeat":"repeat","background-position":"center center","background-size":"auto","background-attachment":"scroll","background-type":"","background-media":"","overlay-type":"","overlay-color":"","overlay-opacity":"","overlay-gradient":""},"tablet":{"background-color":"","background-image":"","background-repeat":"repeat","background-position":"center center","background-size":"auto","background-attachment":"scroll","background-type":"","background-media":"","overlay-type":"","overlay-color":"","overlay-opacity":"","overlay-gradient":""},"mobile":{"background-color":"","background-image":"","background-repeat":"repeat","background-position":"center center","background-size":"auto","background-attachment":"scroll","background-type":"","background-media":"","overlay-type":"","overlay-color":"","overlay-opacity":"","overlay-gradient":""}},"ast-content-background-meta":{"desktop":{"background-color":"var(--ast-global-color-5)","background-image":"","background-repeat":"repeat","background-position":"center center","background-size":"auto","background-attachment":"scroll","background-type":"","background-media":"","overlay-type":"","overlay-color":"","overlay-opacity":"","overlay-gradient":""},"tablet":{"background-color":"var(--ast-global-color-5)","background-image":"","background-repeat":"repeat","background-position":"center center","background-size":"auto","background-attachment":"scroll","background-type":"","background-media":"","overlay-type":"","overlay-color":"","overlay-opacity":"","overlay-gradient":""},"mobile":{"background-color":"var(--ast-global-color-5)","background-image":"","background-repeat":"repeat","background-position":"center center","background-size":"auto","background-attachment":"scroll","background-type":"","background-media":"","overlay-type":"","overlay-color":"","overlay-opacity":"","overlay-gradient":""}},"jetpack_post_was_ever_published":false,"jetpack_publicize_message":"","jetpack_publicize_feature_enabled":true,"jetpack_social_post_already_shared":true,"jetpack_social_options":{"image_generator_settings":{"template":"highway","default_image_id":0,"font":"","enabled":false},"version":2}},"product_brand":[],"product_cat":[3146],"product_tag":[701,704,703,623,702,707,705,618,419],"class_list":{"0":"post-20792","1":"product","2":"type-product","3":"status-publish","4":"has-post-thumbnail","6":"product_cat-accessoires-pour-le-tournage-du-bois","7":"product_tag-accessoires-de-tour","8":"product_tag-assemblee","9":"product_tag-ebauches-de-stylos","10":"product_tag-fabrication-de-stylos","11":"product_tag-outil-de-chanfreinage","12":"product_tag-outils-a-main","13":"product_tag-outils-de-travail-du-bois","14":"product_tag-tournage-de-stylo","15":"product_tag-tournage-sur-bois","16":"desktop-align-left","17":"tablet-align-left","18":"mobile-align-left","19":"ast-product-gallery-layout-vertical-slider","20":"ast-product-tabs-layout-horizontal","22":"first","23":"onbackorder","24":"shipping-taxable","25":"purchasable","26":"product-type-simple"},"jetpack_publicize_connections":[],"jetpack-related-posts":[{"id":18674,"url":"https:\/\/guydutoit.com\/fr\/product\/set-de-coupe-cylindre-de-moulin-a-papier\/","url_meta":{"origin":20792,"position":0},"title":"Set de coupe-cylindre de moulin \u00e0 papier","author":"Guy du Toit","date":"7 mai 2025","format":false,"excerpt":"Tourneur sur bois Ensemble d \u00ab \u00e9bauches de stylos pour l \u00bb \u00e9quarrissage des extr\u00e9mit\u00e9s des \u00e9bauches de stylos","rel":"","context":"Article similaire","block_context":{"text":"Article similaire","link":""},"img":{"alt_text":"Tournage du bois Moulin \u00e0 plume set d'\u00e9barbage de baril","src":"https:\/\/i0.wp.com\/guydutoit.com\/wp-content\/uploads\/2025\/05\/Pen-mills.jpg?fit=1100%2C740&ssl=1&resize=350%2C200","width":350,"height":200,"srcset":"https:\/\/i0.wp.com\/guydutoit.com\/wp-content\/uploads\/2025\/05\/Pen-mills.jpg?fit=1100%2C740&ssl=1&resize=350%2C200 1x, https:\/\/i0.wp.com\/guydutoit.com\/wp-content\/uploads\/2025\/05\/Pen-mills.jpg?fit=1100%2C740&ssl=1&resize=525%2C300 1.5x, https:\/\/i0.wp.com\/guydutoit.com\/wp-content\/uploads\/2025\/05\/Pen-mills.jpg?fit=1100%2C740&ssl=1&resize=700%2C400 2x, https:\/\/i0.wp.com\/guydutoit.com\/wp-content\/uploads\/2025\/05\/Pen-mills.jpg?fit=1100%2C740&ssl=1&resize=1050%2C600 3x"},"classes":[]},{"id":21058,"url":"https:\/\/guydutoit.com\/fr\/product\/boite-presentoir-double-pour-stylos-en-papier-noir-avec-couvercle-transparent\/","url_meta":{"origin":20792,"position":1},"title":"Bo\u00eete pr\u00e9sentoir double pour stylos en papier noir avec couvercle transparent","author":"Guy du Toit","date":"11 septembre 2025","format":false,"excerpt":"Pr\u00eat \u00e0 pr\u00e9senter deux de vos plus belles cr\u00e9ations en bois tourn\u00e9 ? Cette bo\u00eete noire \u00e9l\u00e9gante avec un couvercle transparent est la mani\u00e8re id\u00e9ale de pr\u00e9senter une paire de stylos fins. Il rehausse instantan\u00e9ment votre savoir-faire, donnant \u00e0 votre travail un aspect professionnel et pr\u00eat \u00e0 \u00eatre offert.","rel":"","context":"Article similaire","block_context":{"text":"Article similaire","link":""},"img":{"alt_text":"c","src":"https:\/\/i0.wp.com\/guydutoit.com\/wp-content\/uploads\/2025\/09\/PPB05-Paper-pen-box-Double.jpg?fit=1100%2C740&ssl=1&resize=350%2C200","width":350,"height":200,"srcset":"https:\/\/i0.wp.com\/guydutoit.com\/wp-content\/uploads\/2025\/09\/PPB05-Paper-pen-box-Double.jpg?fit=1100%2C740&ssl=1&resize=350%2C200 1x, https:\/\/i0.wp.com\/guydutoit.com\/wp-content\/uploads\/2025\/09\/PPB05-Paper-pen-box-Double.jpg?fit=1100%2C740&ssl=1&resize=525%2C300 1.5x, https:\/\/i0.wp.com\/guydutoit.com\/wp-content\/uploads\/2025\/09\/PPB05-Paper-pen-box-Double.jpg?fit=1100%2C740&ssl=1&resize=700%2C400 2x, https:\/\/i0.wp.com\/guydutoit.com\/wp-content\/uploads\/2025\/09\/PPB05-Paper-pen-box-Double.jpg?fit=1100%2C740&ssl=1&resize=1050%2C600 3x"},"classes":[]},{"id":21060,"url":"https:\/\/guydutoit.com\/fr\/product\/boite-presentoir-double-pour-stylos-en-papier-noir-avec-couvercle-transparent-copy-2\/","url_meta":{"origin":20792,"position":2},"title":"Bo\u00eete pr\u00e9sentoir pour stylos en papier noir avec couvercle transparent","author":"Guy du Toit","date":"11 septembre 2025","format":false,"excerpt":"Vous \u00eates pr\u00eat \u00e0 pr\u00e9senter l'une de vos plus belles cr\u00e9ations en bois tourn\u00e9 ? Cette bo\u00eete noire \u00e9l\u00e9gante avec un couvercle transparent est la mani\u00e8re id\u00e9ale de pr\u00e9senter un stylo de petite taille. Il rehausse instantan\u00e9ment votre savoir-faire, donnant \u00e0 votre travail un aspect professionnel et pr\u00eat \u00e0 \u00eatre\u2026","rel":"","context":"Article similaire","block_context":{"text":"Article similaire","link":""},"img":{"alt_text":"Un plumier simple noir avec un couvercle transparent, mettant en valeur un stylo fin en bois tourn\u00e9.","src":"https:\/\/i0.wp.com\/guydutoit.com\/wp-content\/uploads\/2025\/09\/PPB05-Paper-pen-box-single2.jpg?fit=1100%2C740&ssl=1&resize=350%2C200","width":350,"height":200,"srcset":"https:\/\/i0.wp.com\/guydutoit.com\/wp-content\/uploads\/2025\/09\/PPB05-Paper-pen-box-single2.jpg?fit=1100%2C740&ssl=1&resize=350%2C200 1x, https:\/\/i0.wp.com\/guydutoit.com\/wp-content\/uploads\/2025\/09\/PPB05-Paper-pen-box-single2.jpg?fit=1100%2C740&ssl=1&resize=525%2C300 1.5x, https:\/\/i0.wp.com\/guydutoit.com\/wp-content\/uploads\/2025\/09\/PPB05-Paper-pen-box-single2.jpg?fit=1100%2C740&ssl=1&resize=700%2C400 2x, https:\/\/i0.wp.com\/guydutoit.com\/wp-content\/uploads\/2025\/09\/PPB05-Paper-pen-box-single2.jpg?fit=1100%2C740&ssl=1&resize=1050%2C600 3x"},"classes":[]},{"id":21096,"url":"https:\/\/guydutoit.com\/fr\/product\/boite-presentoir-double-pour-stylos-en-papier-noir-avec-couvercle-transparent-copy\/","url_meta":{"origin":20792,"position":3},"title":"Bo\u00eete de pr\u00e9sentation pour stylos doubles en papier noir","author":"Guy du Toit","date":"11 septembre 2025","format":false,"excerpt":"Pr\u00eat \u00e0 pr\u00e9senter deux de vos plus belles cr\u00e9ations en bois tourn\u00e9 ? Cette bo\u00eete noire \u00e9l\u00e9gante est la mani\u00e8re id\u00e9ale de pr\u00e9senter une paire de stylos fins. Il rehausse instantan\u00e9ment votre savoir-faire, donnant \u00e0 votre travail un aspect professionnel et pr\u00eat \u00e0 \u00eatre offert.","rel":"","context":"Article similaire","block_context":{"text":"Article similaire","link":""},"img":{"alt_text":"Un double coffret \u00e0 stylos noir, mettant en valeur deux stylos fins tourn\u00e9s en bois.","src":"https:\/\/i0.wp.com\/guydutoit.com\/wp-content\/uploads\/2025\/09\/PPB06-Paper-pen-box-Double-2.jpg?fit=1100%2C740&ssl=1&resize=350%2C200","width":350,"height":200,"srcset":"https:\/\/i0.wp.com\/guydutoit.com\/wp-content\/uploads\/2025\/09\/PPB06-Paper-pen-box-Double-2.jpg?fit=1100%2C740&ssl=1&resize=350%2C200 1x, https:\/\/i0.wp.com\/guydutoit.com\/wp-content\/uploads\/2025\/09\/PPB06-Paper-pen-box-Double-2.jpg?fit=1100%2C740&ssl=1&resize=525%2C300 1.5x, https:\/\/i0.wp.com\/guydutoit.com\/wp-content\/uploads\/2025\/09\/PPB06-Paper-pen-box-Double-2.jpg?fit=1100%2C740&ssl=1&resize=700%2C400 2x, https:\/\/i0.wp.com\/guydutoit.com\/wp-content\/uploads\/2025\/09\/PPB06-Paper-pen-box-Double-2.jpg?fit=1100%2C740&ssl=1&resize=1050%2C600 3x"},"classes":[]},{"id":27852,"url":"https:\/\/guydutoit.com\/fr\/product\/tube-porte-stylo-en-acrylique-transparent-solution-ideale-pour-lemballage-des-stylos\/","url_meta":{"origin":20792,"position":4},"title":"Tube porte-stylo en acrylique transparent &#8211; Solution id\u00e9ale pour l&#8217;emballage des stylos","author":"Guy du Toit","date":"23 janvier 2026","format":false,"excerpt":"Gardez vos stylos en s\u00e9curit\u00e9 et organis\u00e9s gr\u00e2ce \u00e0 ce tube porte-stylos en acrylique transparent. Sp\u00e9cialement con\u00e7u pour s'adapter \u00e0 la plupart des stylos, c'est la solution d'emballage parfaite.","rel":"","context":"Article similaire","block_context":{"text":"Article similaire","link":""},"img":{"alt_text":"","src":"https:\/\/i0.wp.com\/guydutoit.com\/wp-content\/uploads\/2026\/01\/RZ-APT1-S_001.jpg?fit=1100%2C740&ssl=1&resize=350%2C200","width":350,"height":200,"srcset":"https:\/\/i0.wp.com\/guydutoit.com\/wp-content\/uploads\/2026\/01\/RZ-APT1-S_001.jpg?fit=1100%2C740&ssl=1&resize=350%2C200 1x, https:\/\/i0.wp.com\/guydutoit.com\/wp-content\/uploads\/2026\/01\/RZ-APT1-S_001.jpg?fit=1100%2C740&ssl=1&resize=525%2C300 1.5x, https:\/\/i0.wp.com\/guydutoit.com\/wp-content\/uploads\/2026\/01\/RZ-APT1-S_001.jpg?fit=1100%2C740&ssl=1&resize=700%2C400 2x, https:\/\/i0.wp.com\/guydutoit.com\/wp-content\/uploads\/2026\/01\/RZ-APT1-S_001.jpg?fit=1100%2C740&ssl=1&resize=1050%2C600 3x"},"classes":[]},{"id":15948,"url":"https:\/\/guydutoit.com\/fr\/product\/munro-minimum6-articulating-hollowing-tool\/","url_meta":{"origin":20792,"position":5},"title":"Outil de creusage articul\u00e9 Munro Minimum6","author":"Guy du Toit","date":"8 ao\u00fbt 2024","format":false,"excerpt":"Franchissez les ouvertures \u00e9troites sans effort avec l'outil de creusage articul\u00e9 Minimum6. Cet outil r\u00e9volutionnaire de Rolly Munro offre une pr\u00e9cision, un contr\u00f4le et une durabilit\u00e9 in\u00e9gal\u00e9s pour cr\u00e9er des formes creuses \u00e9tonnantes. L'outil articul\u00e9 Minimum6 de Rolly Munro est la solution ultime pour les tourneurs de bois qui cherchent\u2026","rel":"","context":"Article similaire","block_context":{"text":"Article similaire","link":""},"img":{"alt_text":"","src":"https:\/\/i0.wp.com\/guydutoit.com\/wp-content\/uploads\/2024\/08\/Munro-Minimun6-Articulating-Package-png.webp?fit=1200%2C1200&ssl=1&resize=350%2C200","width":350,"height":200,"srcset":"https:\/\/i0.wp.com\/guydutoit.com\/wp-content\/uploads\/2024\/08\/Munro-Minimun6-Articulating-Package-png.webp?fit=1200%2C1200&ssl=1&resize=350%2C200 1x, https:\/\/i0.wp.com\/guydutoit.com\/wp-content\/uploads\/2024\/08\/Munro-Minimun6-Articulating-Package-png.webp?fit=1200%2C1200&ssl=1&resize=525%2C300 1.5x, https:\/\/i0.wp.com\/guydutoit.com\/wp-content\/uploads\/2024\/08\/Munro-Minimun6-Articulating-Package-png.webp?fit=1200%2C1200&ssl=1&resize=700%2C400 2x, https:\/\/i0.wp.com\/guydutoit.com\/wp-content\/uploads\/2024\/08\/Munro-Minimun6-Articulating-Package-png.webp?fit=1200%2C1200&ssl=1&resize=1050%2C600 3x"},"classes":[]}],"jetpack_sharing_enabled":true,"jetpack_likes_enabled":true,"_links":{"self":[{"href":"https:\/\/guydutoit.com\/fr\/wp-json\/wp\/v2\/product\/20792","targetHints":{"allow":["GET"]}}],"collection":[{"href":"https:\/\/guydutoit.com\/fr\/wp-json\/wp\/v2\/product"}],"about":[{"href":"https:\/\/guydutoit.com\/fr\/wp-json\/wp\/v2\/types\/product"}],"replies":[{"embeddable":true,"href":"https:\/\/guydutoit.com\/fr\/wp-json\/wp\/v2\/comments?post=20792"}],"wp:featuredmedia":[{"embeddable":true,"href":"https:\/\/guydutoit.com\/fr\/wp-json\/wp\/v2\/media\/20737"}],"wp:attachment":[{"href":"https:\/\/guydutoit.com\/fr\/wp-json\/wp\/v2\/media?parent=20792"}],"wp:term":[{"taxonomy":"product_brand","embeddable":true,"href":"https:\/\/guydutoit.com\/fr\/wp-json\/wp\/v2\/product_brand?post=20792"},{"taxonomy":"product_cat","embeddable":true,"href":"https:\/\/guydutoit.com\/fr\/wp-json\/wp\/v2\/product_cat?post=20792"},{"taxonomy":"product_tag","embeddable":true,"href":"https:\/\/guydutoit.com\/fr\/wp-json\/wp\/v2\/product_tag?post=20792"}],"curies":[{"name":"wp","href":"https:\/\/api.w.org\/{rel}","templated":true}]}}