{"id":20961,"date":"2025-09-10T12:01:00","date_gmt":"2025-09-10T11:01:00","guid":{"rendered":"https:\/\/guydutoit.com\/product\/boite-a-stylos-en-cuir-noir-a-fermeture-magnetique\/"},"modified":"2025-09-10T12:01:00","modified_gmt":"2025-09-10T11:01:00","slug":"boite-a-stylos-en-cuir-noir-a-fermeture-magnetique","status":"publish","type":"product","link":"https:\/\/guydutoit.com\/fr\/product\/boite-a-stylos-en-cuir-noir-a-fermeture-magnetique\/","title":{"rendered":"Bo\u00eete \u00e0 stylos en cuir noir \u00e0 fermeture magn\u00e9tique"},"content":{"rendered":"<p><span class=\"selected\">Pr\u00e9sentez vos stylos tourn\u00e9s \u00e0 la main d&#8217;une mani\u00e8re professionnelle et \u00e9l\u00e9gante avec ce <\/span><strong><span class=\"selected\">Bo\u00eete \u00e0 stylos en cuir noir \u00e0 fermeture magn\u00e9tique<\/span><\/strong><span class=\"selected\">. Fabriqu\u00e9e en cuir PU de haute qualit\u00e9, cette bo\u00eete \u00e0 clapet portable pr\u00e9sente un design \u00e9l\u00e9gant et esth\u00e9tique et une fermeture magn\u00e9tique solide pour garder vos cr\u00e9ations les plus pr\u00e9cieuses en s\u00e9curit\u00e9. Sa construction solide et son int\u00e9rieur souple en font le moyen id\u00e9al de prot\u00e9ger et d&#8217;exposer votre travail fini, que ce soit pour un cadeau, une vente ou un rangement personnel.<\/span><\/p>\n<p><span class=\"selected\">L&#8217;accent m\u00e9tallique central ajoute une touche de sophistication, ce qui en fait un accessoire de haute qualit\u00e9 qui compl\u00e8te la beaut\u00e9 d&#8217;un stylo en bois fabriqu\u00e9 \u00e0 la main.<\/span><\/p>\n","protected":false},"excerpt":{"rendered":"<p><span class=\"selected\">Un \u00e9tui \u00e0 stylos \u00e9l\u00e9gant en cuir PU de haute qualit\u00e9 avec une fermeture magn\u00e9tique pour un rangement s\u00fbr et \u00e9l\u00e9gant. Parfait pour pr\u00e9senter et prot\u00e9ger vos stylos tourn\u00e9s.<\/span><\/p>\n","protected":false},"featured_media":20955,"comment_status":"closed","ping_status":"closed","template":"","meta":{"site-sidebar-layout":"default","site-content-layout":"","ast-site-content-layout":"default","site-content-style":"default","site-sidebar-style":"default","ast-global-header-display":"","ast-banner-title-visibility":"","ast-main-header-display":"","ast-hfb-above-header-display":"","ast-hfb-below-header-display":"","ast-hfb-mobile-header-display":"","site-post-title":"","ast-breadcrumbs-content":"","ast-featured-img":"","footer-sml-layout":"","ast-disable-related-posts":"","theme-transparent-header-meta":"default","adv-header-id-meta":"","stick-header-meta":"default","header-above-stick-meta":"","header-main-stick-meta":"","header-below-stick-meta":"","astra-migrate-meta-layouts":"default","ast-page-background-enabled":"default","ast-page-background-meta":{"desktop":{"background-color":"var(--ast-global-color-4)","background-image":"","background-repeat":"repeat","background-position":"center center","background-size":"auto","background-attachment":"scroll","background-type":"","background-media":"","overlay-type":"","overlay-color":"","overlay-opacity":"","overlay-gradient":""},"tablet":{"background-color":"","background-image":"","background-repeat":"repeat","background-position":"center center","background-size":"auto","background-attachment":"scroll","background-type":"","background-media":"","overlay-type":"","overlay-color":"","overlay-opacity":"","overlay-gradient":""},"mobile":{"background-color":"","background-image":"","background-repeat":"repeat","background-position":"center center","background-size":"auto","background-attachment":"scroll","background-type":"","background-media":"","overlay-type":"","overlay-color":"","overlay-opacity":"","overlay-gradient":""}},"ast-content-background-meta":{"desktop":{"background-color":"var(--ast-global-color-5)","background-image":"","background-repeat":"repeat","background-position":"center center","background-size":"auto","background-attachment":"scroll","background-type":"","background-media":"","overlay-type":"","overlay-color":"","overlay-opacity":"","overlay-gradient":""},"tablet":{"background-color":"var(--ast-global-color-5)","background-image":"","background-repeat":"repeat","background-position":"center center","background-size":"auto","background-attachment":"scroll","background-type":"","background-media":"","overlay-type":"","overlay-color":"","overlay-opacity":"","overlay-gradient":""},"mobile":{"background-color":"var(--ast-global-color-5)","background-image":"","background-repeat":"repeat","background-position":"center center","background-size":"auto","background-attachment":"scroll","background-type":"","background-media":"","overlay-type":"","overlay-color":"","overlay-opacity":"","overlay-gradient":""}},"jetpack_post_was_ever_published":false,"jetpack_publicize_message":"","jetpack_publicize_feature_enabled":true,"jetpack_social_post_already_shared":true,"jetpack_social_options":{"image_generator_settings":{"template":"highway","default_image_id":0,"font":"","enabled":false},"version":2}},"product_brand":[],"product_cat":[31],"product_tag":[409,833,875,873,872,876,874],"class_list":{"0":"post-20961","1":"product","2":"type-product","3":"status-publish","4":"has-post-thumbnail","6":"product_cat-uncategorized","7":"product_tag-accessoires-pour-le-tournage-du-bois","8":"product_tag-boite-cadeau","9":"product_tag-etui-a-stylo","10":"product_tag-etui-a-stylos","11":"product_tag-etui-a-stylos-en-cuir","12":"product_tag-presentoir-a-stylos-fait-a-la-main","13":"product_tag-rangement-des-stylos","14":"desktop-align-left","15":"tablet-align-left","16":"mobile-align-left","17":"ast-product-gallery-layout-vertical-slider","18":"ast-product-tabs-layout-horizontal","20":"first","21":"instock","22":"shipping-taxable","23":"purchasable","24":"product-type-simple"},"jetpack_publicize_connections":[],"jetpack-related-posts":[{"id":27733,"url":"https:\/\/guydutoit.com\/fr\/product\/boite-a-stylos-magnetique-en-cuir-noir-de-premiere-qualite\/","url_meta":{"origin":20961,"position":0},"title":"Bo\u00eete \u00e0 stylos magn\u00e9tique en cuir noir de premi\u00e8re qualit\u00e9","author":"Guy du Toit","date":"23 janvier 2026","format":false,"excerpt":"Gardez vos stylos en s\u00e9curit\u00e9 avec style gr\u00e2ce \u00e0 ce plumier en cuir PU de haute qualit\u00e9. La fermeture magn\u00e9tique ajoute une touche de luxe et de s\u00e9curit\u00e9. Parfait pour les cadeaux !","rel":"","context":"Article similaire","block_context":{"text":"Article similaire","link":""},"img":{"alt_text":"","src":"https:\/\/i0.wp.com\/guydutoit.com\/wp-content\/uploads\/2026\/01\/RZ-LPB2_001-1.jpg?fit=1100%2C740&ssl=1&resize=350%2C200","width":350,"height":200,"srcset":"https:\/\/i0.wp.com\/guydutoit.com\/wp-content\/uploads\/2026\/01\/RZ-LPB2_001-1.jpg?fit=1100%2C740&ssl=1&resize=350%2C200 1x, https:\/\/i0.wp.com\/guydutoit.com\/wp-content\/uploads\/2026\/01\/RZ-LPB2_001-1.jpg?fit=1100%2C740&ssl=1&resize=525%2C300 1.5x, https:\/\/i0.wp.com\/guydutoit.com\/wp-content\/uploads\/2026\/01\/RZ-LPB2_001-1.jpg?fit=1100%2C740&ssl=1&resize=700%2C400 2x, https:\/\/i0.wp.com\/guydutoit.com\/wp-content\/uploads\/2026\/01\/RZ-LPB2_001-1.jpg?fit=1100%2C740&ssl=1&resize=1050%2C600 3x"},"classes":[]},{"id":21105,"url":"https:\/\/guydutoit.com\/fr\/product\/etuis-a-stylos-en-cuir-noir-fait-a-la-main-avec-motif-de-fleurs\/","url_meta":{"origin":20961,"position":1},"title":"\u00c9tuis \u00e0 stylos en cuir noir fait \u00e0 la main avec motif de fleurs","author":"Guy du Toit","date":"11 septembre 2025","format":false,"excerpt":"Cet \u00e9tui \u00e0 stylo en cuir de premi\u00e8re qualit\u00e9, fabriqu\u00e9 \u00e0 la main, est gaufr\u00e9 d'un magnifique motif floral, ajoutant une touche de classe \u00e0 vos stylos finis. C'est le moyen id\u00e9al de prot\u00e9ger et de pr\u00e9senter votre travail.","rel":"","context":"Article similaire","block_context":{"text":"Article similaire","link":""},"img":{"alt_text":"Un \u00e9tui \u00e0 stylo en cuir de haute qualit\u00e9 avec un motif floral d\u00e9taill\u00e9 en relief sur sa surface.","src":"https:\/\/i0.wp.com\/guydutoit.com\/wp-content\/uploads\/2025\/09\/Black-Handmade-Leather-Pen-Sleeves-with-Flower-Pattern-with-pen.jpg?fit=1100%2C740&ssl=1&resize=350%2C200","width":350,"height":200,"srcset":"https:\/\/i0.wp.com\/guydutoit.com\/wp-content\/uploads\/2025\/09\/Black-Handmade-Leather-Pen-Sleeves-with-Flower-Pattern-with-pen.jpg?fit=1100%2C740&ssl=1&resize=350%2C200 1x, https:\/\/i0.wp.com\/guydutoit.com\/wp-content\/uploads\/2025\/09\/Black-Handmade-Leather-Pen-Sleeves-with-Flower-Pattern-with-pen.jpg?fit=1100%2C740&ssl=1&resize=525%2C300 1.5x, https:\/\/i0.wp.com\/guydutoit.com\/wp-content\/uploads\/2025\/09\/Black-Handmade-Leather-Pen-Sleeves-with-Flower-Pattern-with-pen.jpg?fit=1100%2C740&ssl=1&resize=700%2C400 2x, https:\/\/i0.wp.com\/guydutoit.com\/wp-content\/uploads\/2025\/09\/Black-Handmade-Leather-Pen-Sleeves-with-Flower-Pattern-with-pen.jpg?fit=1100%2C740&ssl=1&resize=1050%2C600 3x"},"classes":[]},{"id":27972,"url":"https:\/\/guydutoit.com\/fr\/product\/porte-stylos-en-cuir-noir-de-qualite-superieure-pour-deux-stylos\/","url_meta":{"origin":20961,"position":2},"title":"Porte-stylos en cuir noir de qualit\u00e9 sup\u00e9rieure pour deux stylos","author":"Guy du Toit","date":"23 janvier 2026","format":false,"excerpt":"Gardez vos stylos en s\u00e9curit\u00e9 et avec style gr\u00e2ce \u00e0 notre porte-stylos en cuir noir de premi\u00e8re qualit\u00e9, con\u00e7u pour accueillir deux stylos fins en toute s\u00e9curit\u00e9. Parfait pour une utilisation \u00e0 la maison ou au bureau.","rel":"","context":"Article similaire","block_context":{"text":"Article similaire","link":""},"img":{"alt_text":"","src":"https:\/\/i0.wp.com\/guydutoit.com\/wp-content\/uploads\/2026\/01\/RZ-HPS02-BK_001-1.jpg?fit=550%2C370&ssl=1&resize=350%2C200","width":350,"height":200,"srcset":"https:\/\/i0.wp.com\/guydutoit.com\/wp-content\/uploads\/2026\/01\/RZ-HPS02-BK_001-1.jpg?fit=550%2C370&ssl=1&resize=350%2C200 1x, https:\/\/i0.wp.com\/guydutoit.com\/wp-content\/uploads\/2026\/01\/RZ-HPS02-BK_001-1.jpg?fit=550%2C370&ssl=1&resize=525%2C300 1.5x"},"classes":[]},{"id":28060,"url":"https:\/\/guydutoit.com\/fr\/product\/porte-stylos-en-cuir-bleu-avec-motif-de-fleur-fabrique-a-la-main\/","url_meta":{"origin":20961,"position":3},"title":"Porte-stylos en cuir bleu avec motif de fleur fabriqu\u00e9 \u00e0 la main","author":"Guy du Toit","date":"23 janvier 2026","format":false,"excerpt":"Gardez vos stylos en s\u00e9curit\u00e9 et avec style gr\u00e2ce \u00e0 ce porte-stylos en cuir bleu fabriqu\u00e9 \u00e0 la main et orn\u00e9 d'un magnifique motif floral. Parfait pour contenir un ou deux stylos fins.","rel":"","context":"Article similaire","block_context":{"text":"Article similaire","link":""},"img":{"alt_text":"","src":"https:\/\/i0.wp.com\/guydutoit.com\/wp-content\/uploads\/2026\/01\/RZ-HPS02-BL_001.jpg?fit=1100%2C740&ssl=1&resize=350%2C200","width":350,"height":200,"srcset":"https:\/\/i0.wp.com\/guydutoit.com\/wp-content\/uploads\/2026\/01\/RZ-HPS02-BL_001.jpg?fit=1100%2C740&ssl=1&resize=350%2C200 1x, https:\/\/i0.wp.com\/guydutoit.com\/wp-content\/uploads\/2026\/01\/RZ-HPS02-BL_001.jpg?fit=1100%2C740&ssl=1&resize=525%2C300 1.5x, https:\/\/i0.wp.com\/guydutoit.com\/wp-content\/uploads\/2026\/01\/RZ-HPS02-BL_001.jpg?fit=1100%2C740&ssl=1&resize=700%2C400 2x, https:\/\/i0.wp.com\/guydutoit.com\/wp-content\/uploads\/2026\/01\/RZ-HPS02-BL_001.jpg?fit=1100%2C740&ssl=1&resize=1050%2C600 3x"},"classes":[]},{"id":21159,"url":"https:\/\/guydutoit.com\/fr\/product\/etuis-a-stylos-en-cuir-rouge-faits-a-la-main-avec-motif-de-fleurs\/","url_meta":{"origin":20961,"position":4},"title":"\u00c9tuis \u00e0 stylos en cuir rouge faits \u00e0 la main avec motif de fleurs","author":"Guy du Toit","date":"11 septembre 2025","format":false,"excerpt":"Cet \u00e9tui \u00e0 stylo en cuir de premi\u00e8re qualit\u00e9, fabriqu\u00e9 \u00e0 la main, est gaufr\u00e9 d'un magnifique motif floral, ajoutant une touche de classe \u00e0 vos stylos finis. C'est le moyen id\u00e9al de prot\u00e9ger et de pr\u00e9senter votre travail.","rel":"","context":"Article similaire","block_context":{"text":"Article similaire","link":""},"img":{"alt_text":"Un \u00e9tui \u00e0 stylo en cuir de haute qualit\u00e9 avec un motif floral d\u00e9taill\u00e9 en relief sur sa surface.","src":"https:\/\/i0.wp.com\/guydutoit.com\/wp-content\/uploads\/2025\/09\/Red-Handmade-Leather-Pen-Sleeves-with-Flower-Pattern-with-pen.jpg?fit=1100%2C740&ssl=1&resize=350%2C200","width":350,"height":200,"srcset":"https:\/\/i0.wp.com\/guydutoit.com\/wp-content\/uploads\/2025\/09\/Red-Handmade-Leather-Pen-Sleeves-with-Flower-Pattern-with-pen.jpg?fit=1100%2C740&ssl=1&resize=350%2C200 1x, https:\/\/i0.wp.com\/guydutoit.com\/wp-content\/uploads\/2025\/09\/Red-Handmade-Leather-Pen-Sleeves-with-Flower-Pattern-with-pen.jpg?fit=1100%2C740&ssl=1&resize=525%2C300 1.5x, https:\/\/i0.wp.com\/guydutoit.com\/wp-content\/uploads\/2025\/09\/Red-Handmade-Leather-Pen-Sleeves-with-Flower-Pattern-with-pen.jpg?fit=1100%2C740&ssl=1&resize=700%2C400 2x, https:\/\/i0.wp.com\/guydutoit.com\/wp-content\/uploads\/2025\/09\/Red-Handmade-Leather-Pen-Sleeves-with-Flower-Pattern-with-pen.jpg?fit=1100%2C740&ssl=1&resize=1050%2C600 3x"},"classes":[]},{"id":21160,"url":"https:\/\/guydutoit.com\/fr\/product\/etuis-a-stylos-en-cuir-bleu-fait-a-la-main-avec-motif-de-fleurs\/","url_meta":{"origin":20961,"position":5},"title":"\u00c9tuis \u00e0 stylos en cuir bleu fait \u00e0 la main avec motif de fleurs","author":"Guy du Toit","date":"11 septembre 2025","format":false,"excerpt":"Cet \u00e9tui \u00e0 stylo en cuir de premi\u00e8re qualit\u00e9, fabriqu\u00e9 \u00e0 la main, est gaufr\u00e9 d'un magnifique motif floral, ajoutant une touche de classe \u00e0 vos stylos finis. C'est le moyen id\u00e9al de prot\u00e9ger et de pr\u00e9senter votre travail.","rel":"","context":"Article similaire","block_context":{"text":"Article similaire","link":""},"img":{"alt_text":"Un \u00e9tui \u00e0 stylo en cuir de haute qualit\u00e9 avec un motif floral d\u00e9taill\u00e9 en relief sur sa surface.","src":"https:\/\/i0.wp.com\/guydutoit.com\/wp-content\/uploads\/2025\/09\/Blue-Handmade-Leather-Pen-Sleeves-with-Flower-Pattern-with-pen.jpg?fit=1100%2C740&ssl=1&resize=350%2C200","width":350,"height":200,"srcset":"https:\/\/i0.wp.com\/guydutoit.com\/wp-content\/uploads\/2025\/09\/Blue-Handmade-Leather-Pen-Sleeves-with-Flower-Pattern-with-pen.jpg?fit=1100%2C740&ssl=1&resize=350%2C200 1x, https:\/\/i0.wp.com\/guydutoit.com\/wp-content\/uploads\/2025\/09\/Blue-Handmade-Leather-Pen-Sleeves-with-Flower-Pattern-with-pen.jpg?fit=1100%2C740&ssl=1&resize=525%2C300 1.5x, https:\/\/i0.wp.com\/guydutoit.com\/wp-content\/uploads\/2025\/09\/Blue-Handmade-Leather-Pen-Sleeves-with-Flower-Pattern-with-pen.jpg?fit=1100%2C740&ssl=1&resize=700%2C400 2x, https:\/\/i0.wp.com\/guydutoit.com\/wp-content\/uploads\/2025\/09\/Blue-Handmade-Leather-Pen-Sleeves-with-Flower-Pattern-with-pen.jpg?fit=1100%2C740&ssl=1&resize=1050%2C600 3x"},"classes":[]}],"jetpack_sharing_enabled":true,"jetpack_likes_enabled":true,"_links":{"self":[{"href":"https:\/\/guydutoit.com\/fr\/wp-json\/wp\/v2\/product\/20961","targetHints":{"allow":["GET"]}}],"collection":[{"href":"https:\/\/guydutoit.com\/fr\/wp-json\/wp\/v2\/product"}],"about":[{"href":"https:\/\/guydutoit.com\/fr\/wp-json\/wp\/v2\/types\/product"}],"replies":[{"embeddable":true,"href":"https:\/\/guydutoit.com\/fr\/wp-json\/wp\/v2\/comments?post=20961"}],"wp:featuredmedia":[{"embeddable":true,"href":"https:\/\/guydutoit.com\/fr\/wp-json\/wp\/v2\/media\/20955"}],"wp:attachment":[{"href":"https:\/\/guydutoit.com\/fr\/wp-json\/wp\/v2\/media?parent=20961"}],"wp:term":[{"taxonomy":"product_brand","embeddable":true,"href":"https:\/\/guydutoit.com\/fr\/wp-json\/wp\/v2\/product_brand?post=20961"},{"taxonomy":"product_cat","embeddable":true,"href":"https:\/\/guydutoit.com\/fr\/wp-json\/wp\/v2\/product_cat?post=20961"},{"taxonomy":"product_tag","embeddable":true,"href":"https:\/\/guydutoit.com\/fr\/wp-json\/wp\/v2\/product_tag?post=20961"}],"curies":[{"name":"wp","href":"https:\/\/api.w.org\/{rel}","templated":true}]}}