{"id":21026,"date":"2025-09-10T16:19:54","date_gmt":"2025-09-10T15:19:54","guid":{"rendered":"https:\/\/guydutoit.com\/product\/kit-disque-decapsuleur-en-acier-inoxydable\/"},"modified":"2025-12-13T17:58:46","modified_gmt":"2025-12-13T16:58:46","slug":"kit-disque-decapsuleur-en-acier-inoxydable","status":"publish","type":"product","link":"https:\/\/guydutoit.com\/fr\/product\/kit-disque-decapsuleur-en-acier-inoxydable\/","title":{"rendered":"Kit disque d\u00e9capsuleur en acier inoxydable"},"content":{"rendered":"<p><span class=\"selected\">Laissez libre cours \u00e0 votre cr\u00e9ativit\u00e9 et transformez une poign\u00e9e unique et personnalis\u00e9e en un cadeau unique en son genre gr\u00e2ce \u00e0 ce kit de disque d\u00e9capsuleur en acier inoxydable. <\/span><strong><span class=\"selected\">Kit de disque d\u00e9capsuleur en acier inoxydable<\/span><\/strong><span class=\"selected\">. Ce disque d\u00e9capsuleur de haute qualit\u00e9 constitue la base parfaite pour une poign\u00e9e artisanale. La construction durable en acier inoxydable garantit sa long\u00e9vit\u00e9, ce qui en fait un compl\u00e9ment fonctionnel et m\u00e9morable pour tout atelier ou bar domestique. Le kit comprend quatre vis pour fixer solidement votre chef-d&#8217;\u0153uvre en bois tourn\u00e9.  <\/span><\/p>\n<p>Cet exemple de d\u00e9capsuleur en forme de requin utilisant notre disque est la fa\u00e7on id\u00e9ale d&#8217;ouvrir votre boisson pr\u00e9f\u00e9r\u00e9e !<\/p>\n<p>Veuillez noter que le prix est pour un disque d&#8217;ouverture.<\/p>\n","protected":false},"excerpt":{"rendered":"<p><span class=\"selected\">Un disque d\u00e9capsuleur en acier inoxydable de haute qualit\u00e9, parfait pour cr\u00e9er des d\u00e9capsuleurs personnalis\u00e9s tourn\u00e9s en bois. Quatre vis sont incluses pour une fixation s\u00fbre.<\/span><\/p>\n","protected":false},"featured_media":21017,"comment_status":"closed","ping_status":"closed","template":"","meta":{"site-sidebar-layout":"default","site-content-layout":"","ast-site-content-layout":"default","site-content-style":"default","site-sidebar-style":"default","ast-global-header-display":"","ast-banner-title-visibility":"","ast-main-header-display":"","ast-hfb-above-header-display":"","ast-hfb-below-header-display":"","ast-hfb-mobile-header-display":"","site-post-title":"","ast-breadcrumbs-content":"","ast-featured-img":"","footer-sml-layout":"","ast-disable-related-posts":"","theme-transparent-header-meta":"default","adv-header-id-meta":"","stick-header-meta":"default","header-above-stick-meta":"","header-main-stick-meta":"","header-below-stick-meta":"","astra-migrate-meta-layouts":"default","ast-page-background-enabled":"default","ast-page-background-meta":{"desktop":{"background-color":"var(--ast-global-color-4)","background-image":"","background-repeat":"repeat","background-position":"center center","background-size":"auto","background-attachment":"scroll","background-type":"","background-media":"","overlay-type":"","overlay-color":"","overlay-opacity":"","overlay-gradient":""},"tablet":{"background-color":"","background-image":"","background-repeat":"repeat","background-position":"center center","background-size":"auto","background-attachment":"scroll","background-type":"","background-media":"","overlay-type":"","overlay-color":"","overlay-opacity":"","overlay-gradient":""},"mobile":{"background-color":"","background-image":"","background-repeat":"repeat","background-position":"center center","background-size":"auto","background-attachment":"scroll","background-type":"","background-media":"","overlay-type":"","overlay-color":"","overlay-opacity":"","overlay-gradient":""}},"ast-content-background-meta":{"desktop":{"background-color":"var(--ast-global-color-5)","background-image":"","background-repeat":"repeat","background-position":"center center","background-size":"auto","background-attachment":"scroll","background-type":"","background-media":"","overlay-type":"","overlay-color":"","overlay-opacity":"","overlay-gradient":""},"tablet":{"background-color":"var(--ast-global-color-5)","background-image":"","background-repeat":"repeat","background-position":"center center","background-size":"auto","background-attachment":"scroll","background-type":"","background-media":"","overlay-type":"","overlay-color":"","overlay-opacity":"","overlay-gradient":""},"mobile":{"background-color":"var(--ast-global-color-5)","background-image":"","background-repeat":"repeat","background-position":"center center","background-size":"auto","background-attachment":"scroll","background-type":"","background-media":"","overlay-type":"","overlay-color":"","overlay-opacity":"","overlay-gradient":""}},"jetpack_post_was_ever_published":false,"jetpack_publicize_message":"","jetpack_publicize_feature_enabled":true,"jetpack_social_post_already_shared":true,"jetpack_social_options":{"image_generator_settings":{"template":"highway","default_image_id":0,"font":"","enabled":false},"version":2}},"product_brand":[],"product_cat":[31],"product_tag":[678,799,912,910,1057,1054,1055,911,892,1056],"class_list":{"0":"post-21026","1":"product","2":"type-product","3":"status-publish","4":"has-post-thumbnail","6":"product_cat-uncategorized","7":"product_tag-acier-inoxydable","8":"product_tag-cadeau-fait-a-la-main","9":"product_tag-fournitures-pour-les-ateliers","10":"product_tag-kit-decapsuleur","11":"product_tag-kits-cadeaux","12":"product_tag-kits-de-tournage-sur-bois","13":"product_tag-ouvre-bouteilles","14":"product_tag-poignee-personnalisee","15":"product_tag-projets-de-tournage-sur-bois","16":"product_tag-projets-utilitaires","17":"desktop-align-left","18":"tablet-align-left","19":"mobile-align-left","20":"ast-product-gallery-layout-vertical-slider","21":"ast-product-tabs-layout-horizontal","23":"first","24":"instock","25":"shipping-taxable","26":"purchasable","27":"product-type-simple"},"jetpack_publicize_connections":[],"jetpack-related-posts":[{"id":21649,"url":"https:\/\/guydutoit.com\/fr\/product\/kit-disque-decapsuleur-en-acier-inoxydable-copy\/","url_meta":{"origin":21026,"position":0},"title":"D\u00e9capsuleur de bi\u00e8re en acier inoxydable","author":"Guy du Toit","date":"30 octobre 2025","format":false,"excerpt":"Un d\u00e9capsuleur de bi\u00e8re en acier inoxydable de haute qualit\u00e9, parfait pour cr\u00e9er des d\u00e9capsuleurs personnalis\u00e9s en bois.","rel":"","context":"Article similaire","block_context":{"text":"Article similaire","link":""},"img":{"alt_text":"Kit d\u00e9capsuleur en acier inoxydable pour les projets de tournage sur bois.","src":"https:\/\/i0.wp.com\/guydutoit.com\/wp-content\/uploads\/2025\/11\/Stainless-steel-beer-bottle-opener.jpg?fit=1100%2C740&ssl=1&resize=350%2C200","width":350,"height":200,"srcset":"https:\/\/i0.wp.com\/guydutoit.com\/wp-content\/uploads\/2025\/11\/Stainless-steel-beer-bottle-opener.jpg?fit=1100%2C740&ssl=1&resize=350%2C200 1x, https:\/\/i0.wp.com\/guydutoit.com\/wp-content\/uploads\/2025\/11\/Stainless-steel-beer-bottle-opener.jpg?fit=1100%2C740&ssl=1&resize=525%2C300 1.5x, https:\/\/i0.wp.com\/guydutoit.com\/wp-content\/uploads\/2025\/11\/Stainless-steel-beer-bottle-opener.jpg?fit=1100%2C740&ssl=1&resize=700%2C400 2x, https:\/\/i0.wp.com\/guydutoit.com\/wp-content\/uploads\/2025\/11\/Stainless-steel-beer-bottle-opener.jpg?fit=1100%2C740&ssl=1&resize=1050%2C600 3x"},"classes":[]},{"id":26172,"url":"https:\/\/guydutoit.com\/fr\/product\/kit-unique-douverture-de-bouteille-en-acier-inoxydable-en-forme-de-requin\/","url_meta":{"origin":21026,"position":1},"title":"Kit unique d&#8217;ouverture de bouteille en acier inoxydable en forme de requin","author":"Guy du Toit","date":"23 janvier 2026","format":false,"excerpt":"Ouvrez votre boisson pr\u00e9f\u00e9r\u00e9e avec cet amusant d\u00e9capsuleur en acier inoxydable en forme de requin. Un cadeau cr\u00e9atif que vos amis vont adorer !","rel":"","context":"Article similaire","block_context":{"text":"Article similaire","link":""},"img":{"alt_text":"","src":"https:\/\/i0.wp.com\/guydutoit.com\/wp-content\/uploads\/2026\/01\/RZ-PK722-SS_003.jpg?fit=1100%2C740&ssl=1&resize=350%2C200","width":350,"height":200,"srcset":"https:\/\/i0.wp.com\/guydutoit.com\/wp-content\/uploads\/2026\/01\/RZ-PK722-SS_003.jpg?fit=1100%2C740&ssl=1&resize=350%2C200 1x, https:\/\/i0.wp.com\/guydutoit.com\/wp-content\/uploads\/2026\/01\/RZ-PK722-SS_003.jpg?fit=1100%2C740&ssl=1&resize=525%2C300 1.5x, https:\/\/i0.wp.com\/guydutoit.com\/wp-content\/uploads\/2026\/01\/RZ-PK722-SS_003.jpg?fit=1100%2C740&ssl=1&resize=700%2C400 2x, https:\/\/i0.wp.com\/guydutoit.com\/wp-content\/uploads\/2026\/01\/RZ-PK722-SS_003.jpg?fit=1100%2C740&ssl=1&resize=1050%2C600 3x"},"classes":[]},{"id":26515,"url":"https:\/\/guydutoit.com\/fr\/product\/decapsuleur-de-biere-mural-en-acier-inoxydable\/","url_meta":{"origin":21026,"position":2},"title":"D\u00e9capsuleur de bi\u00e8re mural en acier inoxydable","author":"Guy du Toit","date":"23 janvier 2026","format":false,"excerpt":"Ouvrez les bouteilles avec facilit\u00e9 gr\u00e2ce \u00e0 cet \u00e9l\u00e9gant d\u00e9capsuleur en acier inoxydable, parfait pour la maison, le bar, l'h\u00f4tel ou le restaurant.","rel":"","context":"Article similaire","block_context":{"text":"Article similaire","link":""},"img":{"alt_text":"","src":"https:\/\/i0.wp.com\/guydutoit.com\/wp-content\/uploads\/2026\/01\/RZ-BBO925-SS_002.jpg?fit=1100%2C740&ssl=1&resize=350%2C200","width":350,"height":200,"srcset":"https:\/\/i0.wp.com\/guydutoit.com\/wp-content\/uploads\/2026\/01\/RZ-BBO925-SS_002.jpg?fit=1100%2C740&ssl=1&resize=350%2C200 1x, https:\/\/i0.wp.com\/guydutoit.com\/wp-content\/uploads\/2026\/01\/RZ-BBO925-SS_002.jpg?fit=1100%2C740&ssl=1&resize=525%2C300 1.5x, https:\/\/i0.wp.com\/guydutoit.com\/wp-content\/uploads\/2026\/01\/RZ-BBO925-SS_002.jpg?fit=1100%2C740&ssl=1&resize=700%2C400 2x, https:\/\/i0.wp.com\/guydutoit.com\/wp-content\/uploads\/2026\/01\/RZ-BBO925-SS_002.jpg?fit=1100%2C740&ssl=1&resize=1050%2C600 3x"},"classes":[]},{"id":20777,"url":"https:\/\/guydutoit.com\/fr\/product\/mug-de-voyage-en-acier-inoxydable-kit-de-tournage-sur-bois\/","url_meta":{"origin":21026,"position":3},"title":"Mug de voyage en acier inoxydable Kit de tournage sur bois","author":"Guy du Toit","date":"9 septembre 2025","format":false,"excerpt":"Une tasse de voyage en acier inoxydable de haute qualit\u00e9 de 450 ml avec couvercle \u00e9tanche, parfaite pour cr\u00e9er un cadeau personnalis\u00e9 et fonctionnel en bois tourn\u00e9.","rel":"","context":"Article similaire","block_context":{"text":"Article similaire","link":""},"img":{"alt_text":"Kit de mugs de voyage en acier inoxydable avec couvercle \u00e9tanche, pour cr\u00e9er un mug en bois tourn\u00e9 personnalis\u00e9.","src":"https:\/\/i0.wp.com\/guydutoit.com\/wp-content\/uploads\/2025\/09\/Stainless-Steel-Travel-mug-woodturning-kit-components2.jpg?fit=1100%2C740&ssl=1&resize=350%2C200","width":350,"height":200,"srcset":"https:\/\/i0.wp.com\/guydutoit.com\/wp-content\/uploads\/2025\/09\/Stainless-Steel-Travel-mug-woodturning-kit-components2.jpg?fit=1100%2C740&ssl=1&resize=350%2C200 1x, https:\/\/i0.wp.com\/guydutoit.com\/wp-content\/uploads\/2025\/09\/Stainless-Steel-Travel-mug-woodturning-kit-components2.jpg?fit=1100%2C740&ssl=1&resize=525%2C300 1.5x, https:\/\/i0.wp.com\/guydutoit.com\/wp-content\/uploads\/2025\/09\/Stainless-Steel-Travel-mug-woodturning-kit-components2.jpg?fit=1100%2C740&ssl=1&resize=700%2C400 2x, https:\/\/i0.wp.com\/guydutoit.com\/wp-content\/uploads\/2025\/09\/Stainless-Steel-Travel-mug-woodturning-kit-components2.jpg?fit=1100%2C740&ssl=1&resize=1050%2C600 3x"},"classes":[]},{"id":28678,"url":"https:\/\/guydutoit.com\/fr\/product\/set-de-tasses-a-mesurer-en-acier-inoxydable-de-qualite-superieure-avec-poignee-ronde\/","url_meta":{"origin":21026,"position":4},"title":"Set de tasses \u00e0 mesurer en acier inoxydable de qualit\u00e9 sup\u00e9rieure avec poign\u00e9e ronde","author":"Guy du Toit","date":"23 janvier 2026","format":false,"excerpt":"Faites de la p\u00e2tisserie un jeu d'enfant avec ce set de tasses \u00e0 mesurer en acier inoxydable indispensable. Parfait pour les cadeaux !","rel":"","context":"Article similaire","block_context":{"text":"Article similaire","link":""},"img":{"alt_text":"","src":"https:\/\/i0.wp.com\/guydutoit.com\/wp-content\/uploads\/2026\/01\/RZ-PK418R-SS_001.jpg?fit=1100%2C740&ssl=1&resize=350%2C200","width":350,"height":200,"srcset":"https:\/\/i0.wp.com\/guydutoit.com\/wp-content\/uploads\/2026\/01\/RZ-PK418R-SS_001.jpg?fit=1100%2C740&ssl=1&resize=350%2C200 1x, https:\/\/i0.wp.com\/guydutoit.com\/wp-content\/uploads\/2026\/01\/RZ-PK418R-SS_001.jpg?fit=1100%2C740&ssl=1&resize=525%2C300 1.5x, https:\/\/i0.wp.com\/guydutoit.com\/wp-content\/uploads\/2026\/01\/RZ-PK418R-SS_001.jpg?fit=1100%2C740&ssl=1&resize=700%2C400 2x, https:\/\/i0.wp.com\/guydutoit.com\/wp-content\/uploads\/2026\/01\/RZ-PK418R-SS_001.jpg?fit=1100%2C740&ssl=1&resize=1050%2C600 3x"},"classes":[]},{"id":21961,"url":"https:\/\/guydutoit.com\/fr\/product\/kit-scoop-a-cafe-en-acier-inoxydable-60ml\/","url_meta":{"origin":21026,"position":5},"title":"Kit Scoop \u00e0 caf\u00e9 en acier inoxydable &#8211; 60ml","author":"","date":"31 octobre 2025","format":false,"excerpt":"Cr\u00e9ez votre propre tasse \u00e0 caf\u00e9 personnalis\u00e9e avec ce kit de 60 ml en acier inoxydable 304. La conception en forme de tube permet d'ajouter facilement des poign\u00e9es en bois, quel que soit le niveau de comp\u00e9tence. Parfait pour les passionn\u00e9s de tournage sur bois et les amateurs de caf\u00e9.","rel":"","context":"Article similaire","block_context":{"text":"Article similaire","link":""},"img":{"alt_text":"Cuill\u00e8re \u00e0 caf\u00e9 en or kit de tournage sur bois 60ml","src":"https:\/\/i0.wp.com\/guydutoit.com\/wp-content\/uploads\/2025\/10\/Gold-coffee-scoop-woodturning-kit-60ml.jpg?fit=1100%2C740&ssl=1&resize=350%2C200","width":350,"height":200,"srcset":"https:\/\/i0.wp.com\/guydutoit.com\/wp-content\/uploads\/2025\/10\/Gold-coffee-scoop-woodturning-kit-60ml.jpg?fit=1100%2C740&ssl=1&resize=350%2C200 1x, https:\/\/i0.wp.com\/guydutoit.com\/wp-content\/uploads\/2025\/10\/Gold-coffee-scoop-woodturning-kit-60ml.jpg?fit=1100%2C740&ssl=1&resize=525%2C300 1.5x, https:\/\/i0.wp.com\/guydutoit.com\/wp-content\/uploads\/2025\/10\/Gold-coffee-scoop-woodturning-kit-60ml.jpg?fit=1100%2C740&ssl=1&resize=700%2C400 2x, https:\/\/i0.wp.com\/guydutoit.com\/wp-content\/uploads\/2025\/10\/Gold-coffee-scoop-woodturning-kit-60ml.jpg?fit=1100%2C740&ssl=1&resize=1050%2C600 3x"},"classes":[]}],"jetpack_sharing_enabled":true,"jetpack_likes_enabled":true,"_links":{"self":[{"href":"https:\/\/guydutoit.com\/fr\/wp-json\/wp\/v2\/product\/21026","targetHints":{"allow":["GET"]}}],"collection":[{"href":"https:\/\/guydutoit.com\/fr\/wp-json\/wp\/v2\/product"}],"about":[{"href":"https:\/\/guydutoit.com\/fr\/wp-json\/wp\/v2\/types\/product"}],"replies":[{"embeddable":true,"href":"https:\/\/guydutoit.com\/fr\/wp-json\/wp\/v2\/comments?post=21026"}],"wp:featuredmedia":[{"embeddable":true,"href":"https:\/\/guydutoit.com\/fr\/wp-json\/wp\/v2\/media\/21017"}],"wp:attachment":[{"href":"https:\/\/guydutoit.com\/fr\/wp-json\/wp\/v2\/media?parent=21026"}],"wp:term":[{"taxonomy":"product_brand","embeddable":true,"href":"https:\/\/guydutoit.com\/fr\/wp-json\/wp\/v2\/product_brand?post=21026"},{"taxonomy":"product_cat","embeddable":true,"href":"https:\/\/guydutoit.com\/fr\/wp-json\/wp\/v2\/product_cat?post=21026"},{"taxonomy":"product_tag","embeddable":true,"href":"https:\/\/guydutoit.com\/fr\/wp-json\/wp\/v2\/product_tag?post=21026"}],"curies":[{"name":"wp","href":"https:\/\/api.w.org\/{rel}","templated":true}]}}