{"id":21720,"date":"2025-10-31T17:21:42","date_gmt":"2025-10-31T16:21:42","guid":{"rendered":"https:\/\/guydutoit.com\/product\/kit-de-tasses-a-mesurer-en-acier-inoxydable-avec-poignees-rondes\/"},"modified":"2025-11-26T12:27:28","modified_gmt":"2025-11-26T11:27:28","slug":"kit-de-tasses-a-mesurer-en-acier-inoxydable-avec-poignees-rondes","status":"publish","type":"product","link":"https:\/\/guydutoit.com\/fr\/product\/kit-de-tasses-a-mesurer-en-acier-inoxydable-avec-poignees-rondes\/","title":{"rendered":"Kit de tasses \u00e0 mesurer en acier inoxydable avec poign\u00e9es rondes"},"content":{"rendered":"<p class=\"whitespace-normal break-words\">Cr\u00e9ez un ensemble de gobelets gradu\u00e9s de pr\u00e9cision sur votre tour avec ce kit de gobelets gradu\u00e9s en acier inoxydable de premi\u00e8re qualit\u00e9, dot\u00e9 d&#8217;\u00e9l\u00e9gantes poign\u00e9es rondes et d&#8217;une construction de qualit\u00e9 professionnelle. Cet ensemble essentiel de 4 pi\u00e8ces comprend toutes les mesures dont vous avez besoin pour des recettes parfaites \u00e0 chaque fois : 1\/4 de tasse (60 ml), 1\/3 de tasse (80 ml), 1\/2 tasse (125 ml) et 1 tasse (250 ml).<\/p>\n<p class=\"whitespace-normal break-words\"><strong>L&#8217;ensemble comprend :<\/strong> 4 tasses \u00e0 mesurer gradu\u00e9es &#8211; 1\/4 de tasse (60ml), 1\/3 de tasse (80ml), 1\/2 tasse (125ml), 1 tasse (250ml)<\/p>\n<p class=\"whitespace-normal break-words\">Les mesures de pr\u00e9cision sont clairement indiqu\u00e9es sur chaque tasse en unit\u00e9s standard (fractions de tasse) et m\u00e9triques (millilitres), ce qui garantit la compatibilit\u00e9 avec les recettes du monde entier. Les marques grav\u00e9es ne s&#8217;effaceront pas, contrairement aux \u00e9tiquettes imprim\u00e9es, garantissant ainsi une pr\u00e9cision \u00e0 vie. La conception embo\u00eetable permet aux quatre tasses de s&#8217;empiler de mani\u00e8re compacte pour un rangement efficace dans les cuisines les plus petites.<\/p>\n<p class=\"whitespace-normal break-words\">C&#8217;est le cadeau id\u00e9al pour les mariages, les pendaisons de cr\u00e9maill\u00e8re, les enterrements de vie de jeune fille ou les amateurs de cuisine de votre entourage.<\/p>\n<p class=\"whitespace-normal break-words\"><strong>Dimensions (approximatives) :<\/strong><\/p>\n<ul class=\"[&amp;:not(:last-child)_ul]:pb-1 [&amp;:not(:last-child)_ol]:pb-1 list-disc space-y-2.5 pl-7\">\n<li class=\"whitespace-normal break-words\">1\/4 de tasse : 65 mm de diam\u00e8tre \u00d7 35 mm de hauteur (2.56&#8243; \u00d7 1.38&#8243;)<\/li>\n<li class=\"whitespace-normal break-words\">1\/3 de tasse : 70 mm de diam\u00e8tre \u00d7 40 mm de hauteur (2.76&#8243; \u00d7 1.57&#8243;)<\/li>\n<li class=\"whitespace-normal break-words\">1\/2 tasse : 80 mm de diam\u00e8tre \u00d7 45 mm de hauteur (3.15&#8243; \u00d7 1.77&#8243;)<\/li>\n<li class=\"whitespace-normal break-words\">1 tasse : 95 mm de diam\u00e8tre \u00d7 55 mm de hauteur (3.74&#8243; \u00d7 2.17&#8243;)<\/li>\n<li class=\"whitespace-normal break-words\">Manche : Conception ronde, boucle d&#8217;environ 40 mm de diam\u00e8tre<\/li>\n<\/ul>\n<p class=\"whitespace-normal break-words\"><strong>Cliquez sur &#8220;Ajouter au panier&#8221;<\/strong> pour apporter une pr\u00e9cision professionnelle et une durabilit\u00e9 \u00e0 votre cuisine. Cet ensemble de 4 pi\u00e8ces permet d&#8217;obtenir des mesures parfaites pour chaque recette, \u00e0 chaque fois.<\/p>\n","protected":false},"excerpt":{"rendered":"<p>C&#8217;est le cadeau id\u00e9al pour les mariages, les pendaisons de cr\u00e9maill\u00e8re, les enterrements de vie de jeune fille ou les amateurs de cuisine de votre entourage. Cet ensemble de 4 tasses \u00e0 mesurer en acier inoxydable de qualit\u00e9 sup\u00e9rieure est dot\u00e9 d&#8217;\u00e9l\u00e9gantes poign\u00e9es rondes. Comprend 1\/4 de tasse (60 ml), 1\/3 de tasse (80 ml), 1\/2 tasse (125 ml) et 1 tasse (250 ml).  <strong>L&#8217;essentiel de la cuisine et le cadeau parfait &#8211; commandez votre set d\u00e8s aujourd&#8217;hui.<\/strong><\/p>\n","protected":false},"featured_media":21493,"comment_status":"closed","ping_status":"closed","template":"","meta":{"site-sidebar-layout":"default","site-content-layout":"","ast-site-content-layout":"default","site-content-style":"default","site-sidebar-style":"default","ast-global-header-display":"","ast-banner-title-visibility":"","ast-main-header-display":"","ast-hfb-above-header-display":"","ast-hfb-below-header-display":"","ast-hfb-mobile-header-display":"","site-post-title":"","ast-breadcrumbs-content":"","ast-featured-img":"","footer-sml-layout":"","ast-disable-related-posts":"","theme-transparent-header-meta":"default","adv-header-id-meta":"","stick-header-meta":"default","header-above-stick-meta":"","header-main-stick-meta":"","header-below-stick-meta":"","astra-migrate-meta-layouts":"default","ast-page-background-enabled":"default","ast-page-background-meta":{"desktop":{"background-color":"var(--ast-global-color-4)","background-image":"","background-repeat":"repeat","background-position":"center center","background-size":"auto","background-attachment":"scroll","background-type":"","background-media":"","overlay-type":"","overlay-color":"","overlay-opacity":"","overlay-gradient":""},"tablet":{"background-color":"","background-image":"","background-repeat":"repeat","background-position":"center center","background-size":"auto","background-attachment":"scroll","background-type":"","background-media":"","overlay-type":"","overlay-color":"","overlay-opacity":"","overlay-gradient":""},"mobile":{"background-color":"","background-image":"","background-repeat":"repeat","background-position":"center center","background-size":"auto","background-attachment":"scroll","background-type":"","background-media":"","overlay-type":"","overlay-color":"","overlay-opacity":"","overlay-gradient":""}},"ast-content-background-meta":{"desktop":{"background-color":"var(--ast-global-color-5)","background-image":"","background-repeat":"repeat","background-position":"center center","background-size":"auto","background-attachment":"scroll","background-type":"","background-media":"","overlay-type":"","overlay-color":"","overlay-opacity":"","overlay-gradient":""},"tablet":{"background-color":"var(--ast-global-color-5)","background-image":"","background-repeat":"repeat","background-position":"center center","background-size":"auto","background-attachment":"scroll","background-type":"","background-media":"","overlay-type":"","overlay-color":"","overlay-opacity":"","overlay-gradient":""},"mobile":{"background-color":"var(--ast-global-color-5)","background-image":"","background-repeat":"repeat","background-position":"center center","background-size":"auto","background-attachment":"scroll","background-type":"","background-media":"","overlay-type":"","overlay-color":"","overlay-opacity":"","overlay-gradient":""}},"jetpack_post_was_ever_published":false,"jetpack_publicize_message":"","jetpack_publicize_feature_enabled":true,"jetpack_social_post_already_shared":true,"jetpack_social_options":{"image_generator_settings":{"template":"highway","default_image_id":0,"font":"","enabled":false},"version":2}},"product_brand":[],"product_cat":[31],"product_tag":[1223,1222,1221,1054,1220,1219],"class_list":{"0":"post-21720","1":"product","2":"type-product","3":"status-publish","4":"has-post-thumbnail","6":"product_cat-uncategorized","7":"product_tag-aide-a-la-cuisson","8":"product_tag-equipement-de-cuisine","9":"product_tag-gobelets-gradues","10":"product_tag-kits-de-tournage-sur-bois","11":"product_tag-mesure","12":"product_tag-ustensiles-de-cuisine","13":"desktop-align-left","14":"tablet-align-left","15":"mobile-align-left","16":"ast-product-gallery-layout-vertical-slider","17":"ast-product-tabs-layout-horizontal","19":"first","20":"instock","21":"shipping-taxable","22":"purchasable","23":"product-type-simple"},"jetpack_publicize_connections":[],"jetpack-related-posts":[{"id":28678,"url":"https:\/\/guydutoit.com\/fr\/product\/set-de-tasses-a-mesurer-en-acier-inoxydable-de-qualite-superieure-avec-poignee-ronde\/","url_meta":{"origin":21720,"position":0},"title":"Set de tasses \u00e0 mesurer en acier inoxydable de qualit\u00e9 sup\u00e9rieure avec poign\u00e9e ronde","author":"Guy du Toit","date":"23 janvier 2026","format":false,"excerpt":"Faites de la p\u00e2tisserie un jeu d'enfant avec ce set de tasses \u00e0 mesurer en acier inoxydable indispensable. Parfait pour les cadeaux !","rel":"","context":"Article similaire","block_context":{"text":"Article similaire","link":""},"img":{"alt_text":"","src":"https:\/\/i0.wp.com\/guydutoit.com\/wp-content\/uploads\/2026\/01\/RZ-PK418R-SS_001.jpg?fit=1100%2C740&ssl=1&resize=350%2C200","width":350,"height":200,"srcset":"https:\/\/i0.wp.com\/guydutoit.com\/wp-content\/uploads\/2026\/01\/RZ-PK418R-SS_001.jpg?fit=1100%2C740&ssl=1&resize=350%2C200 1x, https:\/\/i0.wp.com\/guydutoit.com\/wp-content\/uploads\/2026\/01\/RZ-PK418R-SS_001.jpg?fit=1100%2C740&ssl=1&resize=525%2C300 1.5x, https:\/\/i0.wp.com\/guydutoit.com\/wp-content\/uploads\/2026\/01\/RZ-PK418R-SS_001.jpg?fit=1100%2C740&ssl=1&resize=700%2C400 2x, https:\/\/i0.wp.com\/guydutoit.com\/wp-content\/uploads\/2026\/01\/RZ-PK418R-SS_001.jpg?fit=1100%2C740&ssl=1&resize=1050%2C600 3x"},"classes":[]},{"id":20777,"url":"https:\/\/guydutoit.com\/fr\/product\/mug-de-voyage-en-acier-inoxydable-kit-de-tournage-sur-bois\/","url_meta":{"origin":21720,"position":1},"title":"Mug de voyage en acier inoxydable Kit de tournage sur bois","author":"Guy du Toit","date":"9 septembre 2025","format":false,"excerpt":"Une tasse de voyage en acier inoxydable de haute qualit\u00e9 de 450 ml avec couvercle \u00e9tanche, parfaite pour cr\u00e9er un cadeau personnalis\u00e9 et fonctionnel en bois tourn\u00e9.","rel":"","context":"Article similaire","block_context":{"text":"Article similaire","link":""},"img":{"alt_text":"Kit de mugs de voyage en acier inoxydable avec couvercle \u00e9tanche, pour cr\u00e9er un mug en bois tourn\u00e9 personnalis\u00e9.","src":"https:\/\/i0.wp.com\/guydutoit.com\/wp-content\/uploads\/2025\/09\/Stainless-Steel-Travel-mug-woodturning-kit-components2.jpg?fit=1100%2C740&ssl=1&resize=350%2C200","width":350,"height":200,"srcset":"https:\/\/i0.wp.com\/guydutoit.com\/wp-content\/uploads\/2025\/09\/Stainless-Steel-Travel-mug-woodturning-kit-components2.jpg?fit=1100%2C740&ssl=1&resize=350%2C200 1x, https:\/\/i0.wp.com\/guydutoit.com\/wp-content\/uploads\/2025\/09\/Stainless-Steel-Travel-mug-woodturning-kit-components2.jpg?fit=1100%2C740&ssl=1&resize=525%2C300 1.5x, https:\/\/i0.wp.com\/guydutoit.com\/wp-content\/uploads\/2025\/09\/Stainless-Steel-Travel-mug-woodturning-kit-components2.jpg?fit=1100%2C740&ssl=1&resize=700%2C400 2x, https:\/\/i0.wp.com\/guydutoit.com\/wp-content\/uploads\/2025\/09\/Stainless-Steel-Travel-mug-woodturning-kit-components2.jpg?fit=1100%2C740&ssl=1&resize=1050%2C600 3x"},"classes":[]},{"id":21961,"url":"https:\/\/guydutoit.com\/fr\/product\/kit-scoop-a-cafe-en-acier-inoxydable-60ml\/","url_meta":{"origin":21720,"position":2},"title":"Kit Scoop \u00e0 caf\u00e9 en acier inoxydable &#8211; 60ml","author":"","date":"31 octobre 2025","format":false,"excerpt":"Cr\u00e9ez votre propre tasse \u00e0 caf\u00e9 personnalis\u00e9e avec ce kit de 60 ml en acier inoxydable 304. La conception en forme de tube permet d'ajouter facilement des poign\u00e9es en bois, quel que soit le niveau de comp\u00e9tence. Parfait pour les passionn\u00e9s de tournage sur bois et les amateurs de caf\u00e9.","rel":"","context":"Article similaire","block_context":{"text":"Article similaire","link":""},"img":{"alt_text":"Cuill\u00e8re \u00e0 caf\u00e9 en or kit de tournage sur bois 60ml","src":"https:\/\/i0.wp.com\/guydutoit.com\/wp-content\/uploads\/2025\/10\/Gold-coffee-scoop-woodturning-kit-60ml.jpg?fit=1100%2C740&ssl=1&resize=350%2C200","width":350,"height":200,"srcset":"https:\/\/i0.wp.com\/guydutoit.com\/wp-content\/uploads\/2025\/10\/Gold-coffee-scoop-woodturning-kit-60ml.jpg?fit=1100%2C740&ssl=1&resize=350%2C200 1x, https:\/\/i0.wp.com\/guydutoit.com\/wp-content\/uploads\/2025\/10\/Gold-coffee-scoop-woodturning-kit-60ml.jpg?fit=1100%2C740&ssl=1&resize=525%2C300 1.5x, https:\/\/i0.wp.com\/guydutoit.com\/wp-content\/uploads\/2025\/10\/Gold-coffee-scoop-woodturning-kit-60ml.jpg?fit=1100%2C740&ssl=1&resize=700%2C400 2x, https:\/\/i0.wp.com\/guydutoit.com\/wp-content\/uploads\/2025\/10\/Gold-coffee-scoop-woodturning-kit-60ml.jpg?fit=1100%2C740&ssl=1&resize=1050%2C600 3x"},"classes":[]},{"id":28775,"url":"https:\/\/guydutoit.com\/fr\/product\/mug-de-voyage-en-acier-inoxydable-avec-couvercle-anti-fuite\/","url_meta":{"origin":21720,"position":3},"title":"Mug de voyage en acier inoxydable avec couvercle anti-fuite","author":"Guy du Toit","date":"23 janvier 2026","format":false,"excerpt":"Gardez votre caf\u00e9 ou votre th\u00e9 chaud plus longtemps gr\u00e2ce \u00e0 cette doublure de tasse de voyage en acier inoxydable dot\u00e9e d'un couvercle \u00e9tanche. Une id\u00e9e de cadeau parfaite !","rel":"","context":"Article similaire","block_context":{"text":"Article similaire","link":""},"img":{"alt_text":"","src":"https:\/\/i0.wp.com\/guydutoit.com\/wp-content\/uploads\/2026\/01\/RZ-PK4422-SS_002.jpg?fit=1100%2C740&ssl=1&resize=350%2C200","width":350,"height":200,"srcset":"https:\/\/i0.wp.com\/guydutoit.com\/wp-content\/uploads\/2026\/01\/RZ-PK4422-SS_002.jpg?fit=1100%2C740&ssl=1&resize=350%2C200 1x, https:\/\/i0.wp.com\/guydutoit.com\/wp-content\/uploads\/2026\/01\/RZ-PK4422-SS_002.jpg?fit=1100%2C740&ssl=1&resize=525%2C300 1.5x, https:\/\/i0.wp.com\/guydutoit.com\/wp-content\/uploads\/2026\/01\/RZ-PK4422-SS_002.jpg?fit=1100%2C740&ssl=1&resize=700%2C400 2x, https:\/\/i0.wp.com\/guydutoit.com\/wp-content\/uploads\/2026\/01\/RZ-PK4422-SS_002.jpg?fit=1100%2C740&ssl=1&resize=1050%2C600 3x"},"classes":[]},{"id":21715,"url":"https:\/\/guydutoit.com\/de\/product\/messbecher-set-aus-edelstahl-mit-runden-griffen\/","url_meta":{"origin":21720,"position":4},"title":"Messbecher-Set aus Edelstahl mit runden Griffen","author":"","date":"31 octobre 2025","format":false,"excerpt":"Perfekt als durchdachtes, gedrechseltes und handgefertigtes Geschenk f\u00fcr Hochzeiten, Einweihungen, Hochzeitsfeiern oder kulinarische Liebhaber in Ihrem Leben. Dieses hochwertige 4-teilige Messbecher-Set aus Edelstahl verf\u00fcgt \u00fcber elegante runde Griffe. Enth\u00e4lt 1\/4 Tasse (60ml), 1\/3 Tasse (80ml), 1\/2 Tasse (125ml) und 1 Tasse (250ml). Das perfekte K\u00fcchenzubeh\u00f6r und Geschenk - bestellen Sie\u2026","rel":"","context":"Article similaire","block_context":{"text":"Article similaire","link":""},"img":{"alt_text":"Messbecher-Sets aus rostfreiem Stahl mit rundem Griff zum Drechseln.","src":"https:\/\/i0.wp.com\/guydutoit.com\/wp-content\/uploads\/2025\/10\/Large-Measuring-Scoops.jpg?fit=1100%2C740&ssl=1&resize=350%2C200","width":350,"height":200,"srcset":"https:\/\/i0.wp.com\/guydutoit.com\/wp-content\/uploads\/2025\/10\/Large-Measuring-Scoops.jpg?fit=1100%2C740&ssl=1&resize=350%2C200 1x, https:\/\/i0.wp.com\/guydutoit.com\/wp-content\/uploads\/2025\/10\/Large-Measuring-Scoops.jpg?fit=1100%2C740&ssl=1&resize=525%2C300 1.5x, https:\/\/i0.wp.com\/guydutoit.com\/wp-content\/uploads\/2025\/10\/Large-Measuring-Scoops.jpg?fit=1100%2C740&ssl=1&resize=700%2C400 2x, https:\/\/i0.wp.com\/guydutoit.com\/wp-content\/uploads\/2025\/10\/Large-Measuring-Scoops.jpg?fit=1100%2C740&ssl=1&resize=1050%2C600 3x"},"classes":[]},{"id":27041,"url":"https:\/\/guydutoit.com\/de\/product\/premium-chrom-rasierpinsel-hardware-kit-mit-dekor-pinsel-tasse-kappe-set\/","url_meta":{"origin":21720,"position":5},"title":"Premium Chrom Rasierpinsel Hardware Kit mit Dekor Pinsel Tasse &amp; Kappe Set","author":"Guy du Toit","date":"23 janvier 2026","format":false,"excerpt":"Verbessern Sie Ihr Rasiererlebnis mit diesem hochwertigen Chromset, das einen stilvollen Dekor-Pinselbecher und eine Kappe enth\u00e4lt.","rel":"","context":"Article similaire","block_context":{"text":"Article similaire","link":""},"img":{"alt_text":"","src":"https:\/\/i0.wp.com\/guydutoit.com\/wp-content\/uploads\/2026\/01\/RZ-PK94-CHR_003.jpg?fit=550%2C370&ssl=1&resize=350%2C200","width":350,"height":200,"srcset":"https:\/\/i0.wp.com\/guydutoit.com\/wp-content\/uploads\/2026\/01\/RZ-PK94-CHR_003.jpg?fit=550%2C370&ssl=1&resize=350%2C200 1x, https:\/\/i0.wp.com\/guydutoit.com\/wp-content\/uploads\/2026\/01\/RZ-PK94-CHR_003.jpg?fit=550%2C370&ssl=1&resize=525%2C300 1.5x"},"classes":[]}],"jetpack_sharing_enabled":true,"jetpack_likes_enabled":true,"_links":{"self":[{"href":"https:\/\/guydutoit.com\/fr\/wp-json\/wp\/v2\/product\/21720","targetHints":{"allow":["GET"]}}],"collection":[{"href":"https:\/\/guydutoit.com\/fr\/wp-json\/wp\/v2\/product"}],"about":[{"href":"https:\/\/guydutoit.com\/fr\/wp-json\/wp\/v2\/types\/product"}],"replies":[{"embeddable":true,"href":"https:\/\/guydutoit.com\/fr\/wp-json\/wp\/v2\/comments?post=21720"}],"wp:featuredmedia":[{"embeddable":true,"href":"https:\/\/guydutoit.com\/fr\/wp-json\/wp\/v2\/media\/21493"}],"wp:attachment":[{"href":"https:\/\/guydutoit.com\/fr\/wp-json\/wp\/v2\/media?parent=21720"}],"wp:term":[{"taxonomy":"product_brand","embeddable":true,"href":"https:\/\/guydutoit.com\/fr\/wp-json\/wp\/v2\/product_brand?post=21720"},{"taxonomy":"product_cat","embeddable":true,"href":"https:\/\/guydutoit.com\/fr\/wp-json\/wp\/v2\/product_cat?post=21720"},{"taxonomy":"product_tag","embeddable":true,"href":"https:\/\/guydutoit.com\/fr\/wp-json\/wp\/v2\/product_tag?post=21720"}],"curies":[{"name":"wp","href":"https:\/\/api.w.org\/{rel}","templated":true}]}}