{"id":26057,"date":"2026-01-23T00:50:23","date_gmt":"2026-01-22T23:50:23","guid":{"rendered":"https:\/\/guydutoit.com\/product\/premium-mini-rasp-grater-kit-with-ferrule-woodturning-essential\/"},"modified":"2026-04-03T09:52:54","modified_gmt":"2026-04-03T08:52:54","slug":"premium-mini-rasp-grater-kit-with-ferrule-woodturning-essential","status":"publish","type":"product","link":"https:\/\/guydutoit.com\/fr\/product\/premium-mini-rasp-grater-kit-with-ferrule-woodturning-essential\/","title":{"rendered":"Premium Mini Rasp Grater Kit With Ferrule &#8211; Woodturning Essential"},"content":{"rendered":"<p>Kits de r\u00e2pes Mini Rasp avec une virole. 32 lames grossi\u00e8res coupantes. Des kits d&#8217;une grande valeur pour vous.<\/p>\n","protected":false},"excerpt":{"rendered":"<p>Am\u00e9liorez votre tournage sur bois avec notre kit de r\u00e2pe \u00e0 mini r\u00e2pe de premi\u00e8re qualit\u00e9. Comprend 32 lames grossi\u00e8res coupantes et une virole pour plus de pr\u00e9cision. Parfait pour tous les projets de tournage.<\/p>\n","protected":false},"featured_media":26058,"comment_status":"open","ping_status":"closed","template":"","meta":{"site-sidebar-layout":"","site-content-layout":"","ast-site-content-layout":"","site-content-style":"","site-sidebar-style":"","ast-global-header-display":"","ast-banner-title-visibility":"","ast-main-header-display":"","ast-hfb-above-header-display":"","ast-hfb-below-header-display":"","ast-hfb-mobile-header-display":"","site-post-title":"","ast-breadcrumbs-content":"","ast-featured-img":"","footer-sml-layout":"","ast-disable-related-posts":"","theme-transparent-header-meta":"","adv-header-id-meta":"","stick-header-meta":"","header-above-stick-meta":"","header-main-stick-meta":"","header-below-stick-meta":"","astra-migrate-meta-layouts":"default","ast-page-background-enabled":"default","ast-page-background-meta":{"desktop":{"background-color":"var(--ast-global-color-4)","background-image":"","background-repeat":"repeat","background-position":"center center","background-size":"auto","background-attachment":"scroll","background-type":"","background-media":"","overlay-type":"","overlay-color":"","overlay-opacity":"","overlay-gradient":""},"tablet":{"background-color":"","background-image":"","background-repeat":"repeat","background-position":"center center","background-size":"auto","background-attachment":"scroll","background-type":"","background-media":"","overlay-type":"","overlay-color":"","overlay-opacity":"","overlay-gradient":""},"mobile":{"background-color":"","background-image":"","background-repeat":"repeat","background-position":"center center","background-size":"auto","background-attachment":"scroll","background-type":"","background-media":"","overlay-type":"","overlay-color":"","overlay-opacity":"","overlay-gradient":""}},"ast-content-background-meta":{"desktop":{"background-color":"var(--ast-global-color-5)","background-image":"","background-repeat":"repeat","background-position":"center center","background-size":"auto","background-attachment":"scroll","background-type":"","background-media":"","overlay-type":"","overlay-color":"","overlay-opacity":"","overlay-gradient":""},"tablet":{"background-color":"var(--ast-global-color-5)","background-image":"","background-repeat":"repeat","background-position":"center center","background-size":"auto","background-attachment":"scroll","background-type":"","background-media":"","overlay-type":"","overlay-color":"","overlay-opacity":"","overlay-gradient":""},"mobile":{"background-color":"var(--ast-global-color-5)","background-image":"","background-repeat":"repeat","background-position":"center center","background-size":"auto","background-attachment":"scroll","background-type":"","background-media":"","overlay-type":"","overlay-color":"","overlay-opacity":"","overlay-gradient":""}},"jetpack_post_was_ever_published":false,"jetpack_publicize_message":"","jetpack_publicize_feature_enabled":true,"jetpack_social_post_already_shared":true,"jetpack_social_options":{"image_generator_settings":{"template":"highway","default_image_id":0,"font":"","enabled":false},"version":2}},"product_brand":[],"product_cat":[3146],"product_tag":[1550,1551,1054,1552,404],"class_list":{"0":"post-26057","1":"product","2":"type-product","3":"status-publish","4":"has-post-thumbnail","6":"product_cat-accessoires-pour-le-tournage-du-bois","7":"product_tag-fournitures-pour-le-travail-du-bois","8":"product_tag-kits-de-mini-rapes-a-raper","9":"product_tag-kits-de-tournage-sur-bois","10":"product_tag-lames-de-coupe-grossiere","11":"product_tag-outils-de-tournage-sur-bois","12":"desktop-align-left","13":"tablet-align-left","14":"mobile-align-left","15":"ast-product-gallery-layout-vertical-slider","16":"ast-product-tabs-layout-horizontal","18":"first","19":"onbackorder","20":"shipping-taxable","21":"purchasable","22":"product-type-simple"},"jetpack_publicize_connections":[],"jetpack-related-posts":[{"id":26111,"url":"https:\/\/guydutoit.com\/fr\/product\/mini-rape-avec-virole-outil-de-tournage-sur-bois\/","url_meta":{"origin":26057,"position":0},"title":"Mini r\u00e2pe avec virole &#8211; Outil de tournage sur bois","author":"Guy du Toit","date":"23 janvier 2026","format":false,"excerpt":"R\u00e9alisez des coupes pr\u00e9cises gr\u00e2ce \u00e0 notre kit de r\u00e2pe mini Rasp comprenant 111 lames grossi\u00e8res tranchantes. Parfait pour les projets de tournage sur bois.","rel":"","context":"Article similaire","block_context":{"text":"Article similaire","link":""},"img":{"alt_text":"R\u00e2pe \u00e0 fromage","src":"https:\/\/i0.wp.com\/guydutoit.com\/wp-content\/uploads\/2026\/01\/RZ-PK660-SS_001.jpg?fit=1100%2C740&ssl=1&resize=350%2C200","width":350,"height":200,"srcset":"https:\/\/i0.wp.com\/guydutoit.com\/wp-content\/uploads\/2026\/01\/RZ-PK660-SS_001.jpg?fit=1100%2C740&ssl=1&resize=350%2C200 1x, https:\/\/i0.wp.com\/guydutoit.com\/wp-content\/uploads\/2026\/01\/RZ-PK660-SS_001.jpg?fit=1100%2C740&ssl=1&resize=525%2C300 1.5x, https:\/\/i0.wp.com\/guydutoit.com\/wp-content\/uploads\/2026\/01\/RZ-PK660-SS_001.jpg?fit=1100%2C740&ssl=1&resize=700%2C400 2x, https:\/\/i0.wp.com\/guydutoit.com\/wp-content\/uploads\/2026\/01\/RZ-PK660-SS_001.jpg?fit=1100%2C740&ssl=1&resize=1050%2C600 3x"},"classes":[]},{"id":26089,"url":"https:\/\/guydutoit.com\/fr\/product\/kit-de-tranchage-de-fromage-en-acier-inoxydable-pour-les-projets-de-tournage-sur-bois\/","url_meta":{"origin":26057,"position":1},"title":"Kit de tranchage de fromage en acier inoxydable pour les projets de tournage sur bois","author":"Guy du Toit","date":"23 janvier 2026","format":false,"excerpt":"Am\u00e9liorez vos projets de tournage sur bois avec ce kit de trancheur \u00e0 fromage en acier inoxydable de premi\u00e8re qualit\u00e9, complet avec virole et embout en acier inoxydable. Parfait pour cr\u00e9er des poign\u00e9es uniques en acrylique, en bois ou en pierre de lune.","rel":"","context":"Article similaire","block_context":{"text":"Article similaire","link":""},"img":{"alt_text":"","src":"https:\/\/i0.wp.com\/guydutoit.com\/wp-content\/uploads\/2026\/01\/RZ-PK663-SS_001.jpg?fit=1100%2C740&ssl=1&resize=350%2C200","width":350,"height":200,"srcset":"https:\/\/i0.wp.com\/guydutoit.com\/wp-content\/uploads\/2026\/01\/RZ-PK663-SS_001.jpg?fit=1100%2C740&ssl=1&resize=350%2C200 1x, https:\/\/i0.wp.com\/guydutoit.com\/wp-content\/uploads\/2026\/01\/RZ-PK663-SS_001.jpg?fit=1100%2C740&ssl=1&resize=525%2C300 1.5x, https:\/\/i0.wp.com\/guydutoit.com\/wp-content\/uploads\/2026\/01\/RZ-PK663-SS_001.jpg?fit=1100%2C740&ssl=1&resize=700%2C400 2x, https:\/\/i0.wp.com\/guydutoit.com\/wp-content\/uploads\/2026\/01\/RZ-PK663-SS_001.jpg?fit=1100%2C740&ssl=1&resize=1050%2C600 3x"},"classes":[]},{"id":28694,"url":"https:\/\/guydutoit.com\/fr\/product\/kit-de-couteaux-a-fromage-en-acier-inoxydable-de-qualite-superieure-avec-lame-en-forme-de-queue-de-poisson\/","url_meta":{"origin":26057,"position":2},"title":"Kit de couteaux \u00e0 fromage en acier inoxydable de qualit\u00e9 sup\u00e9rieure avec lame en forme de queue de poisson","author":"Guy du Toit","date":"23 janvier 2026","format":false,"excerpt":"Rehaussez votre plateau de fromage avec notre kit de couteaux \u00e0 fromage en acier inoxydable durable, dot\u00e9 d'une lame en queue de poisson durable. Parfait pour les projets de tournage sur tour \u00e0 bois !","rel":"","context":"Article similaire","block_context":{"text":"Article similaire","link":""},"img":{"alt_text":"","src":"https:\/\/i0.wp.com\/guydutoit.com\/wp-content\/uploads\/2026\/01\/RZ-PK420-SS078_002.jpg?fit=1100%2C740&ssl=1&resize=350%2C200","width":350,"height":200,"srcset":"https:\/\/i0.wp.com\/guydutoit.com\/wp-content\/uploads\/2026\/01\/RZ-PK420-SS078_002.jpg?fit=1100%2C740&ssl=1&resize=350%2C200 1x, https:\/\/i0.wp.com\/guydutoit.com\/wp-content\/uploads\/2026\/01\/RZ-PK420-SS078_002.jpg?fit=1100%2C740&ssl=1&resize=525%2C300 1.5x, https:\/\/i0.wp.com\/guydutoit.com\/wp-content\/uploads\/2026\/01\/RZ-PK420-SS078_002.jpg?fit=1100%2C740&ssl=1&resize=700%2C400 2x, https:\/\/i0.wp.com\/guydutoit.com\/wp-content\/uploads\/2026\/01\/RZ-PK420-SS078_002.jpg?fit=1100%2C740&ssl=1&resize=1050%2C600 3x"},"classes":[]},{"id":15927,"url":"https:\/\/guydutoit.com\/fr\/product\/woodturning-shear-scraping-attachments\/","url_meta":{"origin":26057,"position":3},"title":"Grattoirs \u00e0 cisaillement articul\u00e9 Munro","author":"Guy du Toit","date":"10 ao\u00fbt 2024","format":false,"excerpt":"Cisailles de pr\u00e9cision pour le tournage du bois. R\u00e9alisez des finitions impeccables avec notre grattoir articul\u00e9 et nos lames de rechange.","rel":"","context":"Article similaire","block_context":{"text":"Article similaire","link":""},"img":{"alt_text":"Cisailles Munro","src":"https:\/\/i0.wp.com\/guydutoit.com\/wp-content\/uploads\/2024\/11\/Munro-Shear-Scrapers.png?fit=1099%2C1200&ssl=1&resize=350%2C200","width":350,"height":200,"srcset":"https:\/\/i0.wp.com\/guydutoit.com\/wp-content\/uploads\/2024\/11\/Munro-Shear-Scrapers.png?fit=1099%2C1200&ssl=1&resize=350%2C200 1x, https:\/\/i0.wp.com\/guydutoit.com\/wp-content\/uploads\/2024\/11\/Munro-Shear-Scrapers.png?fit=1099%2C1200&ssl=1&resize=525%2C300 1.5x, https:\/\/i0.wp.com\/guydutoit.com\/wp-content\/uploads\/2024\/11\/Munro-Shear-Scrapers.png?fit=1099%2C1200&ssl=1&resize=700%2C400 2x, https:\/\/i0.wp.com\/guydutoit.com\/wp-content\/uploads\/2024\/11\/Munro-Shear-Scrapers.png?fit=1099%2C1200&ssl=1&resize=1050%2C600 3x"},"classes":[]},{"id":27124,"url":"https:\/\/guydutoit.com\/fr\/product\/kit-moulin-a-poivre-et-sel-en-ceramique-reglable-controle-de-la-mouture\/","url_meta":{"origin":26057,"position":4},"title":"Kit moulin \u00e0 poivre et sel en c\u00e9ramique r\u00e9glable &#8211; contr\u00f4le de la mouture","author":"Guy du Toit","date":"23 janvier 2026","format":false,"excerpt":"Am\u00e9liorez votre exp\u00e9rience culinaire avec ce moulin \u00e0 sel et \u00e0 poivre en c\u00e9ramique de 12 pouces. R\u00e9glez facilement la mouture, de grossi\u00e8re \u00e0 fine, pour un assaisonnement parfait.","rel":"","context":"Article similaire","block_context":{"text":"Article similaire","link":""},"img":{"alt_text":"","src":"https:\/\/i0.wp.com\/guydutoit.com\/wp-content\/uploads\/2026\/01\/RZ-PK95-C012_003.jpg?fit=550%2C370&ssl=1&resize=350%2C200","width":350,"height":200,"srcset":"https:\/\/i0.wp.com\/guydutoit.com\/wp-content\/uploads\/2026\/01\/RZ-PK95-C012_003.jpg?fit=550%2C370&ssl=1&resize=350%2C200 1x, https:\/\/i0.wp.com\/guydutoit.com\/wp-content\/uploads\/2026\/01\/RZ-PK95-C012_003.jpg?fit=550%2C370&ssl=1&resize=525%2C300 1.5x"},"classes":[]},{"id":18655,"url":"https:\/\/guydutoit.com\/fr\/product\/moulin-a-sel-ou-a-poivre-en-ceramique-kit-de-tournage-sur-bois\/","url_meta":{"origin":26057,"position":5},"title":"Moulin \u00e0 sel ou \u00e0 poivre en c\u00e9ramique kit de tournage sur bois","author":"Guy du Toit","date":"9 mai 2025","format":false,"excerpt":"Kits de moulins \u00e0 sel ou \u00e0 poivre en c\u00e9ramique pour le tournage sur bois","rel":"","context":"Article similaire","block_context":{"text":"Article similaire","link":""},"img":{"alt_text":"Kits de moulins \u00e0 poivre en bois","src":"https:\/\/i0.wp.com\/guydutoit.com\/wp-content\/uploads\/2025\/05\/Peppermill-kits.jpg?fit=1100%2C740&ssl=1&resize=350%2C200","width":350,"height":200,"srcset":"https:\/\/i0.wp.com\/guydutoit.com\/wp-content\/uploads\/2025\/05\/Peppermill-kits.jpg?fit=1100%2C740&ssl=1&resize=350%2C200 1x, https:\/\/i0.wp.com\/guydutoit.com\/wp-content\/uploads\/2025\/05\/Peppermill-kits.jpg?fit=1100%2C740&ssl=1&resize=525%2C300 1.5x, https:\/\/i0.wp.com\/guydutoit.com\/wp-content\/uploads\/2025\/05\/Peppermill-kits.jpg?fit=1100%2C740&ssl=1&resize=700%2C400 2x, https:\/\/i0.wp.com\/guydutoit.com\/wp-content\/uploads\/2025\/05\/Peppermill-kits.jpg?fit=1100%2C740&ssl=1&resize=1050%2C600 3x"},"classes":[]}],"jetpack_sharing_enabled":true,"jetpack_likes_enabled":true,"_links":{"self":[{"href":"https:\/\/guydutoit.com\/fr\/wp-json\/wp\/v2\/product\/26057","targetHints":{"allow":["GET"]}}],"collection":[{"href":"https:\/\/guydutoit.com\/fr\/wp-json\/wp\/v2\/product"}],"about":[{"href":"https:\/\/guydutoit.com\/fr\/wp-json\/wp\/v2\/types\/product"}],"replies":[{"embeddable":true,"href":"https:\/\/guydutoit.com\/fr\/wp-json\/wp\/v2\/comments?post=26057"}],"wp:featuredmedia":[{"embeddable":true,"href":"https:\/\/guydutoit.com\/fr\/wp-json\/wp\/v2\/media\/26058"}],"wp:attachment":[{"href":"https:\/\/guydutoit.com\/fr\/wp-json\/wp\/v2\/media?parent=26057"}],"wp:term":[{"taxonomy":"product_brand","embeddable":true,"href":"https:\/\/guydutoit.com\/fr\/wp-json\/wp\/v2\/product_brand?post=26057"},{"taxonomy":"product_cat","embeddable":true,"href":"https:\/\/guydutoit.com\/fr\/wp-json\/wp\/v2\/product_cat?post=26057"},{"taxonomy":"product_tag","embeddable":true,"href":"https:\/\/guydutoit.com\/fr\/wp-json\/wp\/v2\/product_tag?post=26057"}],"curies":[{"name":"wp","href":"https:\/\/api.w.org\/{rel}","templated":true}]}}