{"id":26135,"date":"2026-01-23T00:50:21","date_gmt":"2026-01-22T23:50:21","guid":{"rendered":"https:\/\/guydutoit.com\/product\/premium-matt-gun-metal-polish-sierra-twist-pen-kit\/"},"modified":"2026-01-23T00:50:21","modified_gmt":"2026-01-22T23:50:21","slug":"premium-matt-gun-metal-polish-sierra-twist-pen-kit","status":"publish","type":"product","link":"https:\/\/guydutoit.com\/fr\/product\/premium-matt-gun-metal-polish-sierra-twist-pen-kit\/","title":{"rendered":"Premium Matt Gun Metal Polish Sierra Twist Pen Kit"},"content":{"rendered":"<p>Plaquage en m\u00e9tal mat Gun polish sierra twist pen kits. La conception du tube unique est tr\u00e8s esth\u00e9tique et facile \u00e0 tourner. Une simple rotation de la section du capuchon et vous \u00eates en action. Un stylo sans concession que vous pouvez utiliser tous les jours. Accessoires : Douille (RZ-BP40#-BU) M\u00e8che (RZ-DB27\/64, RZ-RSDB27\/64) Tubes (RZ-BT40) Moulins \u00e0 stylos (RZ-PM015) Recharge (RZ-F6). Vous pouvez t\u00e9l\u00e9charger les instructions PDF pour ce kit <a href=\"https:\/\/guydutoit.com\/wp-content\/uploads\/2026\/01\/Premium-Matt-Gun-Metal-Polish-Sierra-Twist-Pen-Kit.pdf\">ici.<\/a><\/p>\n","protected":false},"excerpt":{"rendered":"<p>Faites l&#8217;exp\u00e9rience d&#8217;une rotation sans effort gr\u00e2ce \u00e0 ce kit de stylos twist haut de gamme. Con\u00e7u avec un tube unique et \u00e9l\u00e9gant, ce stylo est parfait pour un usage quotidien.<\/p>\n","protected":false},"featured_media":26137,"comment_status":"open","ping_status":"closed","template":"","meta":{"site-sidebar-layout":"","site-content-layout":"","ast-site-content-layout":"","site-content-style":"","site-sidebar-style":"","ast-global-header-display":"","ast-banner-title-visibility":"","ast-main-header-display":"","ast-hfb-above-header-display":"","ast-hfb-below-header-display":"","ast-hfb-mobile-header-display":"","site-post-title":"","ast-breadcrumbs-content":"","ast-featured-img":"","footer-sml-layout":"","ast-disable-related-posts":"","theme-transparent-header-meta":"","adv-header-id-meta":"","stick-header-meta":"","header-above-stick-meta":"","header-main-stick-meta":"","header-below-stick-meta":"","astra-migrate-meta-layouts":"default","ast-page-background-enabled":"default","ast-page-background-meta":{"desktop":{"background-color":"var(--ast-global-color-4)","background-image":"","background-repeat":"repeat","background-position":"center center","background-size":"auto","background-attachment":"scroll","background-type":"","background-media":"","overlay-type":"","overlay-color":"","overlay-opacity":"","overlay-gradient":""},"tablet":{"background-color":"","background-image":"","background-repeat":"repeat","background-position":"center center","background-size":"auto","background-attachment":"scroll","background-type":"","background-media":"","overlay-type":"","overlay-color":"","overlay-opacity":"","overlay-gradient":""},"mobile":{"background-color":"","background-image":"","background-repeat":"repeat","background-position":"center center","background-size":"auto","background-attachment":"scroll","background-type":"","background-media":"","overlay-type":"","overlay-color":"","overlay-opacity":"","overlay-gradient":""}},"ast-content-background-meta":{"desktop":{"background-color":"var(--ast-global-color-5)","background-image":"","background-repeat":"repeat","background-position":"center center","background-size":"auto","background-attachment":"scroll","background-type":"","background-media":"","overlay-type":"","overlay-color":"","overlay-opacity":"","overlay-gradient":""},"tablet":{"background-color":"var(--ast-global-color-5)","background-image":"","background-repeat":"repeat","background-position":"center center","background-size":"auto","background-attachment":"scroll","background-type":"","background-media":"","overlay-type":"","overlay-color":"","overlay-opacity":"","overlay-gradient":""},"mobile":{"background-color":"var(--ast-global-color-5)","background-image":"","background-repeat":"repeat","background-position":"center center","background-size":"auto","background-attachment":"scroll","background-type":"","background-media":"","overlay-type":"","overlay-color":"","overlay-opacity":"","overlay-gradient":""}},"jetpack_post_was_ever_published":false,"jetpack_publicize_message":"","jetpack_publicize_feature_enabled":true,"jetpack_social_post_already_shared":true,"jetpack_social_options":{"image_generator_settings":{"template":"highway","default_image_id":0,"font":"","enabled":false},"version":2}},"product_brand":[],"product_cat":[31],"product_tag":[1604,1605,1054,1609,1607],"class_list":{"0":"post-26135","1":"product","2":"type-product","3":"status-publish","4":"has-post-thumbnail","6":"product_cat-uncategorized","7":"product_tag-accessoires-pour-le-travail-du-bois","8":"product_tag-kits-de-stylos","9":"product_tag-kits-de-tournage-sur-bois","10":"product_tag-polissage-du-metal-des-armes-a-feu","11":"product_tag-stylo-a-bille-sierra","12":"desktop-align-left","13":"tablet-align-left","14":"mobile-align-left","15":"ast-product-gallery-layout-vertical-slider","16":"ast-product-tabs-layout-horizontal","18":"first","19":"instock","20":"shipping-taxable","21":"purchasable","22":"product-type-simple"},"jetpack_publicize_connections":[],"jetpack-related-posts":[{"id":28528,"url":"https:\/\/guydutoit.com\/fr\/product\/kit-stylo-twist-sierra-en-acier-inoxydable-de-premiere-qualite\/","url_meta":{"origin":26135,"position":0},"title":"Kit stylo twist Sierra en acier inoxydable de premi\u00e8re qualit\u00e9","author":"Guy du Toit","date":"23 janvier 2026","format":false,"excerpt":"Fabriqu\u00e9 avec un placage en acier inoxydable brillant, ce kit de stylo twist Sierra est dot\u00e9 d'un tube unique \u00e9l\u00e9gant pour une rotation facile. Il suffit de tourner la section du capuchon pour commencer \u00e0 cr\u00e9er sans effort. Votre compagnon id\u00e9al pour un usage quotidien.","rel":"","context":"Article similaire","block_context":{"text":"Article similaire","link":""},"img":{"alt_text":"","src":"https:\/\/i0.wp.com\/guydutoit.com\/wp-content\/uploads\/2026\/01\/RZ-BP40-SSL_003.jpg?fit=1100%2C740&ssl=1&resize=350%2C200","width":350,"height":200,"srcset":"https:\/\/i0.wp.com\/guydutoit.com\/wp-content\/uploads\/2026\/01\/RZ-BP40-SSL_003.jpg?fit=1100%2C740&ssl=1&resize=350%2C200 1x, https:\/\/i0.wp.com\/guydutoit.com\/wp-content\/uploads\/2026\/01\/RZ-BP40-SSL_003.jpg?fit=1100%2C740&ssl=1&resize=525%2C300 1.5x, https:\/\/i0.wp.com\/guydutoit.com\/wp-content\/uploads\/2026\/01\/RZ-BP40-SSL_003.jpg?fit=1100%2C740&ssl=1&resize=700%2C400 2x, https:\/\/i0.wp.com\/guydutoit.com\/wp-content\/uploads\/2026\/01\/RZ-BP40-SSL_003.jpg?fit=1100%2C740&ssl=1&resize=1050%2C600 3x"},"classes":[]},{"id":28981,"url":"https:\/\/guydutoit.com\/fr\/product\/kit-stylo-twist-sierra-plaque-or-et-cuivre-satine\/","url_meta":{"origin":26135,"position":1},"title":"Kit stylo twist Sierra plaqu\u00e9 or et cuivre satin\u00e9","author":"Guy du Toit","date":"23 janvier 2026","format":false,"excerpt":"D\u00e9couvrez l'\u00e9l\u00e9gance du kit de stylo twist Sierra plaqu\u00e9 or et cuivre satin\u00e9. D'un simple tour de main, vous transformez le mod\u00e8le \u00e0 tube unique en un stylo \u00e9l\u00e9gant. Parfait pour une utilisation quotidienne.","rel":"","context":"Article similaire","block_context":{"text":"Article similaire","link":""},"img":{"alt_text":"","src":"https:\/\/i0.wp.com\/guydutoit.com\/wp-content\/uploads\/2026\/01\/RZ-BP40-GSCO_001.jpg?fit=1100%2C740&ssl=1&resize=350%2C200","width":350,"height":200,"srcset":"https:\/\/i0.wp.com\/guydutoit.com\/wp-content\/uploads\/2026\/01\/RZ-BP40-GSCO_001.jpg?fit=1100%2C740&ssl=1&resize=350%2C200 1x, https:\/\/i0.wp.com\/guydutoit.com\/wp-content\/uploads\/2026\/01\/RZ-BP40-GSCO_001.jpg?fit=1100%2C740&ssl=1&resize=525%2C300 1.5x, https:\/\/i0.wp.com\/guydutoit.com\/wp-content\/uploads\/2026\/01\/RZ-BP40-GSCO_001.jpg?fit=1100%2C740&ssl=1&resize=700%2C400 2x, https:\/\/i0.wp.com\/guydutoit.com\/wp-content\/uploads\/2026\/01\/RZ-BP40-GSCO_001.jpg?fit=1100%2C740&ssl=1&resize=1050%2C600 3x"},"classes":[]},{"id":29042,"url":"https:\/\/guydutoit.com\/fr\/product\/kit-stylo-twist-sierra-premium-en-chrome-noir-et-nickel-satine\/","url_meta":{"origin":26135,"position":2},"title":"Kit stylo twist Sierra Premium en chrome noir et nickel satin\u00e9","author":"Guy du Toit","date":"23 janvier 2026","format":false,"excerpt":"Tournez sans effort avec notre kit de stylo twist Sierra en chrome noir et nickel satin\u00e9. Un simple geste de rotation pour une utilisation quotidienne.","rel":"","context":"Article similaire","block_context":{"text":"Article similaire","link":""},"img":{"alt_text":"","src":"https:\/\/i0.wp.com\/guydutoit.com\/wp-content\/uploads\/2026\/01\/RZ-BP40-BSN_002.jpg?fit=1100%2C740&ssl=1&resize=350%2C200","width":350,"height":200,"srcset":"https:\/\/i0.wp.com\/guydutoit.com\/wp-content\/uploads\/2026\/01\/RZ-BP40-BSN_002.jpg?fit=1100%2C740&ssl=1&resize=350%2C200 1x, https:\/\/i0.wp.com\/guydutoit.com\/wp-content\/uploads\/2026\/01\/RZ-BP40-BSN_002.jpg?fit=1100%2C740&ssl=1&resize=525%2C300 1.5x, https:\/\/i0.wp.com\/guydutoit.com\/wp-content\/uploads\/2026\/01\/RZ-BP40-BSN_002.jpg?fit=1100%2C740&ssl=1&resize=700%2C400 2x, https:\/\/i0.wp.com\/guydutoit.com\/wp-content\/uploads\/2026\/01\/RZ-BP40-BSN_002.jpg?fit=1100%2C740&ssl=1&resize=1050%2C600 3x"},"classes":[]},{"id":27563,"url":"https:\/\/guydutoit.com\/fr\/product\/premium-gun-metal-plated-matt-black-chrome-woodturning-pen\/","url_meta":{"origin":26135,"position":3},"title":"Premium Gun Metal Plated Matt Black Chrome Woodturning Pen","author":"Guy du Toit","date":"23 janvier 2026","format":false,"excerpt":"Stylo \u00e0 tube unique facile \u00e0 utiliser pour un usage quotidien. Capuchon tournant pour une action instantan\u00e9e !","rel":"","context":"Article similaire","block_context":{"text":"Article similaire","link":""},"img":{"alt_text":"","src":"https:\/\/i0.wp.com\/guydutoit.com\/wp-content\/uploads\/2026\/01\/RZ-BP40-GMMBC_001.jpg?fit=1100%2C740&ssl=1&resize=350%2C200","width":350,"height":200,"srcset":"https:\/\/i0.wp.com\/guydutoit.com\/wp-content\/uploads\/2026\/01\/RZ-BP40-GMMBC_001.jpg?fit=1100%2C740&ssl=1&resize=350%2C200 1x, https:\/\/i0.wp.com\/guydutoit.com\/wp-content\/uploads\/2026\/01\/RZ-BP40-GMMBC_001.jpg?fit=1100%2C740&ssl=1&resize=525%2C300 1.5x, https:\/\/i0.wp.com\/guydutoit.com\/wp-content\/uploads\/2026\/01\/RZ-BP40-GMMBC_001.jpg?fit=1100%2C740&ssl=1&resize=700%2C400 2x, https:\/\/i0.wp.com\/guydutoit.com\/wp-content\/uploads\/2026\/01\/RZ-BP40-GMMBC_001.jpg?fit=1100%2C740&ssl=1&resize=1050%2C600 3x"},"classes":[]},{"id":28764,"url":"https:\/\/guydutoit.com\/fr\/product\/premium-chrome-plating-green-woodturning-pen\/","url_meta":{"origin":26135,"position":4},"title":"Premium Chrome Plating Green Woodturning Pen","author":"Guy du Toit","date":"23 janvier 2026","format":false,"excerpt":"Tournez sans effort avec ce stylo \u00e9l\u00e9gant \u00e0 tube unique, dot\u00e9 d'un rev\u00eatement chrom\u00e9 et d'un capuchon \u00e0 rotation. Parfait pour une utilisation quotidienne.","rel":"","context":"Article similaire","block_context":{"text":"Article similaire","link":""},"img":{"alt_text":"","src":"https:\/\/i0.wp.com\/guydutoit.com\/wp-content\/uploads\/2026\/01\/RZ-BP40-CGR_002.jpg?fit=1100%2C740&ssl=1&resize=350%2C200","width":350,"height":200,"srcset":"https:\/\/i0.wp.com\/guydutoit.com\/wp-content\/uploads\/2026\/01\/RZ-BP40-CGR_002.jpg?fit=1100%2C740&ssl=1&resize=350%2C200 1x, https:\/\/i0.wp.com\/guydutoit.com\/wp-content\/uploads\/2026\/01\/RZ-BP40-CGR_002.jpg?fit=1100%2C740&ssl=1&resize=525%2C300 1.5x, https:\/\/i0.wp.com\/guydutoit.com\/wp-content\/uploads\/2026\/01\/RZ-BP40-CGR_002.jpg?fit=1100%2C740&ssl=1&resize=700%2C400 2x, https:\/\/i0.wp.com\/guydutoit.com\/wp-content\/uploads\/2026\/01\/RZ-BP40-CGR_002.jpg?fit=1100%2C740&ssl=1&resize=1050%2C600 3x"},"classes":[]},{"id":28751,"url":"https:\/\/guydutoit.com\/fr\/product\/premium-chrome-plated-red-woodturning-pen\/","url_meta":{"origin":26135,"position":5},"title":"Premium Chrome Plated Red Woodturning Pen","author":"Guy du Toit","date":"23 janvier 2026","format":false,"excerpt":"Tournez sans effort avec ce stylo \u00e9l\u00e9gant \u00e0 tube unique. Il suffit de tourner le capuchon pour commencer \u00e0 cr\u00e9er. Parfait pour une utilisation quotidienne.","rel":"","context":"Article similaire","block_context":{"text":"Article similaire","link":""},"img":{"alt_text":"","src":"https:\/\/i0.wp.com\/guydutoit.com\/wp-content\/uploads\/2026\/01\/RZ-BP40-CRE_001.jpg?fit=1100%2C740&ssl=1&resize=350%2C200","width":350,"height":200,"srcset":"https:\/\/i0.wp.com\/guydutoit.com\/wp-content\/uploads\/2026\/01\/RZ-BP40-CRE_001.jpg?fit=1100%2C740&ssl=1&resize=350%2C200 1x, https:\/\/i0.wp.com\/guydutoit.com\/wp-content\/uploads\/2026\/01\/RZ-BP40-CRE_001.jpg?fit=1100%2C740&ssl=1&resize=525%2C300 1.5x, https:\/\/i0.wp.com\/guydutoit.com\/wp-content\/uploads\/2026\/01\/RZ-BP40-CRE_001.jpg?fit=1100%2C740&ssl=1&resize=700%2C400 2x, https:\/\/i0.wp.com\/guydutoit.com\/wp-content\/uploads\/2026\/01\/RZ-BP40-CRE_001.jpg?fit=1100%2C740&ssl=1&resize=1050%2C600 3x"},"classes":[]}],"jetpack_sharing_enabled":true,"jetpack_likes_enabled":true,"_links":{"self":[{"href":"https:\/\/guydutoit.com\/fr\/wp-json\/wp\/v2\/product\/26135","targetHints":{"allow":["GET"]}}],"collection":[{"href":"https:\/\/guydutoit.com\/fr\/wp-json\/wp\/v2\/product"}],"about":[{"href":"https:\/\/guydutoit.com\/fr\/wp-json\/wp\/v2\/types\/product"}],"replies":[{"embeddable":true,"href":"https:\/\/guydutoit.com\/fr\/wp-json\/wp\/v2\/comments?post=26135"}],"wp:featuredmedia":[{"embeddable":true,"href":"https:\/\/guydutoit.com\/fr\/wp-json\/wp\/v2\/media\/26137"}],"wp:attachment":[{"href":"https:\/\/guydutoit.com\/fr\/wp-json\/wp\/v2\/media?parent=26135"}],"wp:term":[{"taxonomy":"product_brand","embeddable":true,"href":"https:\/\/guydutoit.com\/fr\/wp-json\/wp\/v2\/product_brand?post=26135"},{"taxonomy":"product_cat","embeddable":true,"href":"https:\/\/guydutoit.com\/fr\/wp-json\/wp\/v2\/product_cat?post=26135"},{"taxonomy":"product_tag","embeddable":true,"href":"https:\/\/guydutoit.com\/fr\/wp-json\/wp\/v2\/product_tag?post=26135"}],"curies":[{"name":"wp","href":"https:\/\/api.w.org\/{rel}","templated":true}]}}