{"id":26144,"date":"2026-01-23T00:50:21","date_gmt":"2026-01-22T23:50:21","guid":{"rendered":"https:\/\/guydutoit.com\/product\/premium-chrome-plated-25mm-woodturning-big-pen\/"},"modified":"2026-01-23T00:50:21","modified_gmt":"2026-01-22T23:50:21","slug":"premium-chrome-plated-25mm-woodturning-big-pen","status":"publish","type":"product","link":"https:\/\/guydutoit.com\/fr\/product\/premium-chrome-plated-25mm-woodturning-big-pen\/","title":{"rendered":"Premium Chrome Plated 25Mm Woodturning Big Pen"},"content":{"rendered":"<p>Chromage. Diam\u00e8tre : 25 mm . Grand stylo, agr\u00e9able \u00e0 tenir en main. Accessoires : Bagues (RZ-BP102#-BU) Recharge (RZ-F6) Vous pouvez t\u00e9l\u00e9charger les instructions PDF pour ce kit <a href=\"https:\/\/guydutoit.com\/wp-content\/uploads\/2026\/01\/Premium-Chrome-Plated-25Mm-Woodturning-Big-Pen.pdf\">ici.<\/a><\/p>\n","protected":false},"excerpt":{"rendered":"<p>Am\u00e9liorez votre exp\u00e9rience du tournage du bois avec ce gros stylo de 25 mm chrom\u00e9 de premi\u00e8re qualit\u00e9 qui offre une sensation incroyable en main.<\/p>\n","protected":false},"featured_media":26147,"comment_status":"open","ping_status":"closed","template":"","meta":{"site-sidebar-layout":"","site-content-layout":"","ast-site-content-layout":"","site-content-style":"","site-sidebar-style":"","ast-global-header-display":"","ast-banner-title-visibility":"","ast-main-header-display":"","ast-hfb-above-header-display":"","ast-hfb-below-header-display":"","ast-hfb-mobile-header-display":"","site-post-title":"","ast-breadcrumbs-content":"","ast-featured-img":"","footer-sml-layout":"","ast-disable-related-posts":"","theme-transparent-header-meta":"","adv-header-id-meta":"","stick-header-meta":"","header-above-stick-meta":"","header-main-stick-meta":"","header-below-stick-meta":"","astra-migrate-meta-layouts":"default","ast-page-background-enabled":"default","ast-page-background-meta":{"desktop":{"background-color":"var(--ast-global-color-4)","background-image":"","background-repeat":"repeat","background-position":"center center","background-size":"auto","background-attachment":"scroll","background-type":"","background-media":"","overlay-type":"","overlay-color":"","overlay-opacity":"","overlay-gradient":""},"tablet":{"background-color":"","background-image":"","background-repeat":"repeat","background-position":"center center","background-size":"auto","background-attachment":"scroll","background-type":"","background-media":"","overlay-type":"","overlay-color":"","overlay-opacity":"","overlay-gradient":""},"mobile":{"background-color":"","background-image":"","background-repeat":"repeat","background-position":"center center","background-size":"auto","background-attachment":"scroll","background-type":"","background-media":"","overlay-type":"","overlay-color":"","overlay-opacity":"","overlay-gradient":""}},"ast-content-background-meta":{"desktop":{"background-color":"var(--ast-global-color-5)","background-image":"","background-repeat":"repeat","background-position":"center center","background-size":"auto","background-attachment":"scroll","background-type":"","background-media":"","overlay-type":"","overlay-color":"","overlay-opacity":"","overlay-gradient":""},"tablet":{"background-color":"var(--ast-global-color-5)","background-image":"","background-repeat":"repeat","background-position":"center center","background-size":"auto","background-attachment":"scroll","background-type":"","background-media":"","overlay-type":"","overlay-color":"","overlay-opacity":"","overlay-gradient":""},"mobile":{"background-color":"var(--ast-global-color-5)","background-image":"","background-repeat":"repeat","background-position":"center center","background-size":"auto","background-attachment":"scroll","background-type":"","background-media":"","overlay-type":"","overlay-color":"","overlay-opacity":"","overlay-gradient":""}},"jetpack_post_was_ever_published":false,"jetpack_publicize_message":"","jetpack_publicize_feature_enabled":true,"jetpack_social_post_already_shared":true,"jetpack_social_options":{"image_generator_settings":{"template":"highway","default_image_id":0,"font":"","enabled":false},"version":2}},"product_brand":[],"product_cat":[31],"product_tag":[409,1614,1616,1618,1619],"class_list":{"0":"post-26144","1":"product","2":"type-product","3":"status-publish","4":"has-post-thumbnail","6":"product_cat-uncategorized","7":"product_tag-accessoires-pour-le-tournage-du-bois","8":"product_tag-chromage","9":"product_tag-diametre-de-25-mm","10":"product_tag-grand-stylo","11":"product_tag-recharge-des-bagues","12":"desktop-align-left","13":"tablet-align-left","14":"mobile-align-left","15":"ast-product-gallery-layout-vertical-slider","16":"ast-product-tabs-layout-horizontal","18":"first","19":"instock","20":"shipping-taxable","21":"purchasable","22":"product-type-simple"},"jetpack_publicize_connections":[],"jetpack-related-posts":[{"id":26623,"url":"https:\/\/guydutoit.com\/fr\/product\/stylo-a-bille-de-25-mm-de-diametre-plaque-or-pour-une-experience-decriture-luxueuse\/","url_meta":{"origin":26144,"position":0},"title":"Stylo \u00e0 bille de 25 mm de diam\u00e8tre, plaqu\u00e9 or, pour une exp\u00e9rience d&#8217;\u00e9criture luxueuse","author":"Guy du Toit","date":"23 janvier 2026","format":false,"excerpt":"Am\u00e9liorez votre exp\u00e9rience d'\u00e9criture avec ce grand stylo plaqu\u00e9 or de qualit\u00e9 sup\u00e9rieure. Sentez le luxe dans votre main et profitez d'une \u00e9criture fluide.","rel":"","context":"Article similaire","block_context":{"text":"Article similaire","link":""},"img":{"alt_text":"","src":"https:\/\/i0.wp.com\/guydutoit.com\/wp-content\/uploads\/2026\/01\/RZ-BP102-G_001.jpg?fit=1100%2C740&ssl=1&resize=350%2C200","width":350,"height":200,"srcset":"https:\/\/i0.wp.com\/guydutoit.com\/wp-content\/uploads\/2026\/01\/RZ-BP102-G_001.jpg?fit=1100%2C740&ssl=1&resize=350%2C200 1x, https:\/\/i0.wp.com\/guydutoit.com\/wp-content\/uploads\/2026\/01\/RZ-BP102-G_001.jpg?fit=1100%2C740&ssl=1&resize=525%2C300 1.5x, https:\/\/i0.wp.com\/guydutoit.com\/wp-content\/uploads\/2026\/01\/RZ-BP102-G_001.jpg?fit=1100%2C740&ssl=1&resize=700%2C400 2x, https:\/\/i0.wp.com\/guydutoit.com\/wp-content\/uploads\/2026\/01\/RZ-BP102-G_001.jpg?fit=1100%2C740&ssl=1&resize=1050%2C600 3x"},"classes":[]},{"id":26158,"url":"https:\/\/guydutoit.com\/fr\/product\/stylo-a-bille-plaque-metal-de-premiere-qualite-pour-les-projets-de-tournage-sur-bois\/","url_meta":{"origin":26144,"position":1},"title":"Stylo \u00e0 bille plaqu\u00e9 m\u00e9tal de premi\u00e8re qualit\u00e9 pour les projets de tournage sur bois","author":"Guy du Toit","date":"23 janvier 2026","format":false,"excerpt":"Am\u00e9liorez vos projets de tournage sur bois avec ce grand stylo plaqu\u00e9 m\u00e9tal de premi\u00e8re qualit\u00e9 qui est tr\u00e8s agr\u00e9able \u00e0 tenir en main. Parfait pour cr\u00e9er des cadeaux uniques !","rel":"","context":"Article similaire","block_context":{"text":"Article similaire","link":""},"img":{"alt_text":"","src":"https:\/\/i0.wp.com\/guydutoit.com\/wp-content\/uploads\/2026\/01\/RZ-BP102-GM_002.jpg?fit=1100%2C740&ssl=1&resize=350%2C200","width":350,"height":200,"srcset":"https:\/\/i0.wp.com\/guydutoit.com\/wp-content\/uploads\/2026\/01\/RZ-BP102-GM_002.jpg?fit=1100%2C740&ssl=1&resize=350%2C200 1x, https:\/\/i0.wp.com\/guydutoit.com\/wp-content\/uploads\/2026\/01\/RZ-BP102-GM_002.jpg?fit=1100%2C740&ssl=1&resize=525%2C300 1.5x, https:\/\/i0.wp.com\/guydutoit.com\/wp-content\/uploads\/2026\/01\/RZ-BP102-GM_002.jpg?fit=1100%2C740&ssl=1&resize=700%2C400 2x, https:\/\/i0.wp.com\/guydutoit.com\/wp-content\/uploads\/2026\/01\/RZ-BP102-GM_002.jpg?fit=1100%2C740&ssl=1&resize=1050%2C600 3x"},"classes":[]},{"id":29217,"url":"https:\/\/guydutoit.com\/fr\/product\/kit-stylo-bille-chaton-chrome-et-noir-cadeau-unique-pour-les-amoureux-des-chats\/","url_meta":{"origin":26144,"position":2},"title":"Kit stylo bille chaton chrom\u00e9 et noir &#8211; Cadeau unique pour les amoureux des chats","author":"Guy du Toit","date":"23 janvier 2026","format":false,"excerpt":"Surprenez les amateurs de chats avec cette trousse de stylos \u00e0 bille chrom\u00e9s et noirs au design f\u00e9lin, comprenant un embout grav\u00e9 d'une patte de chat enjou\u00e9e et des images de chatons assorties sur la bande centrale.","rel":"","context":"Article similaire","block_context":{"text":"Article similaire","link":""},"img":{"alt_text":"","src":"https:\/\/i0.wp.com\/guydutoit.com\/wp-content\/uploads\/2026\/01\/RZ-BP529-CWB_001.jpg?fit=1100%2C740&ssl=1&resize=350%2C200","width":350,"height":200,"srcset":"https:\/\/i0.wp.com\/guydutoit.com\/wp-content\/uploads\/2026\/01\/RZ-BP529-CWB_001.jpg?fit=1100%2C740&ssl=1&resize=350%2C200 1x, https:\/\/i0.wp.com\/guydutoit.com\/wp-content\/uploads\/2026\/01\/RZ-BP529-CWB_001.jpg?fit=1100%2C740&ssl=1&resize=525%2C300 1.5x, https:\/\/i0.wp.com\/guydutoit.com\/wp-content\/uploads\/2026\/01\/RZ-BP529-CWB_001.jpg?fit=1100%2C740&ssl=1&resize=700%2C400 2x, https:\/\/i0.wp.com\/guydutoit.com\/wp-content\/uploads\/2026\/01\/RZ-BP529-CWB_001.jpg?fit=1100%2C740&ssl=1&resize=1050%2C600 3x"},"classes":[]},{"id":27534,"url":"https:\/\/guydutoit.com\/fr\/product\/kit-de-tournage-de-stylo-a-vide-colore-pour-debutants\/","url_meta":{"origin":26144,"position":3},"title":"Kit de tournage de stylo \u00e0 vide color\u00e9 pour d\u00e9butants","author":"Guy du Toit","date":"23 janvier 2026","format":false,"excerpt":"Cr\u00e9ez facilement des stylos \u00e9clatants gr\u00e2ce \u00e0 ce kit de placage sous vide color\u00e9 con\u00e7u pour les d\u00e9butants en tournage de stylos.","rel":"","context":"Article similaire","block_context":{"text":"Article similaire","link":""},"img":{"alt_text":"","src":"https:\/\/i0.wp.com\/guydutoit.com\/wp-content\/uploads\/2026\/01\/RZ-BP3-WC_001.jpg?fit=1100%2C740&ssl=1&resize=350%2C200","width":350,"height":200,"srcset":"https:\/\/i0.wp.com\/guydutoit.com\/wp-content\/uploads\/2026\/01\/RZ-BP3-WC_001.jpg?fit=1100%2C740&ssl=1&resize=350%2C200 1x, https:\/\/i0.wp.com\/guydutoit.com\/wp-content\/uploads\/2026\/01\/RZ-BP3-WC_001.jpg?fit=1100%2C740&ssl=1&resize=525%2C300 1.5x, https:\/\/i0.wp.com\/guydutoit.com\/wp-content\/uploads\/2026\/01\/RZ-BP3-WC_001.jpg?fit=1100%2C740&ssl=1&resize=700%2C400 2x, https:\/\/i0.wp.com\/guydutoit.com\/wp-content\/uploads\/2026\/01\/RZ-BP3-WC_001.jpg?fit=1100%2C740&ssl=1&resize=1050%2C600 3x"},"classes":[]},{"id":26644,"url":"https:\/\/guydutoit.com\/fr\/product\/premium-chrome-plated-lancer-pen-kit\/","url_meta":{"origin":26144,"position":4},"title":"Premium Chrome Plated Lancer Pen Kit","author":"Guy du Toit","date":"23 janvier 2026","format":false,"excerpt":"Faites-vous remarquer avec ce kit de stylo Lancer chrom\u00e9 de premi\u00e8re qualit\u00e9, un produit phare pour tous ceux qui appr\u00e9cient la qualit\u00e9 de l'artisanat.","rel":"","context":"Article similaire","block_context":{"text":"Article similaire","link":""},"img":{"alt_text":"","src":"https:\/\/i0.wp.com\/guydutoit.com\/wp-content\/uploads\/2026\/01\/RZ-BP200-CHR_001.jpg?fit=1100%2C740&ssl=1&resize=350%2C200","width":350,"height":200,"srcset":"https:\/\/i0.wp.com\/guydutoit.com\/wp-content\/uploads\/2026\/01\/RZ-BP200-CHR_001.jpg?fit=1100%2C740&ssl=1&resize=350%2C200 1x, https:\/\/i0.wp.com\/guydutoit.com\/wp-content\/uploads\/2026\/01\/RZ-BP200-CHR_001.jpg?fit=1100%2C740&ssl=1&resize=525%2C300 1.5x, https:\/\/i0.wp.com\/guydutoit.com\/wp-content\/uploads\/2026\/01\/RZ-BP200-CHR_001.jpg?fit=1100%2C740&ssl=1&resize=700%2C400 2x, https:\/\/i0.wp.com\/guydutoit.com\/wp-content\/uploads\/2026\/01\/RZ-BP200-CHR_001.jpg?fit=1100%2C740&ssl=1&resize=1050%2C600 3x"},"classes":[]},{"id":29056,"url":"https:\/\/guydutoit.com\/fr\/product\/kit-stylo-roller-majestic-chrome-et-titane-noir-premium\/","url_meta":{"origin":26144,"position":5},"title":"Kit stylo roller Majestic chrome et titane noir Premium","author":"Guy du Toit","date":"23 janvier 2026","format":false,"excerpt":"Am\u00e9liorez votre exp\u00e9rience d'\u00e9criture avec ce magnifique kit de stylos rollerball en titane chrom\u00e9 et noir, le cadeau id\u00e9al pour vous ou un ami.","rel":"","context":"Article similaire","block_context":{"text":"Article similaire","link":""},"img":{"alt_text":"","src":"","width":0,"height":0},"classes":[]}],"jetpack_sharing_enabled":true,"jetpack_likes_enabled":true,"_links":{"self":[{"href":"https:\/\/guydutoit.com\/fr\/wp-json\/wp\/v2\/product\/26144","targetHints":{"allow":["GET"]}}],"collection":[{"href":"https:\/\/guydutoit.com\/fr\/wp-json\/wp\/v2\/product"}],"about":[{"href":"https:\/\/guydutoit.com\/fr\/wp-json\/wp\/v2\/types\/product"}],"replies":[{"embeddable":true,"href":"https:\/\/guydutoit.com\/fr\/wp-json\/wp\/v2\/comments?post=26144"}],"wp:featuredmedia":[{"embeddable":true,"href":"https:\/\/guydutoit.com\/fr\/wp-json\/wp\/v2\/media\/26147"}],"wp:attachment":[{"href":"https:\/\/guydutoit.com\/fr\/wp-json\/wp\/v2\/media?parent=26144"}],"wp:term":[{"taxonomy":"product_brand","embeddable":true,"href":"https:\/\/guydutoit.com\/fr\/wp-json\/wp\/v2\/product_brand?post=26144"},{"taxonomy":"product_cat","embeddable":true,"href":"https:\/\/guydutoit.com\/fr\/wp-json\/wp\/v2\/product_cat?post=26144"},{"taxonomy":"product_tag","embeddable":true,"href":"https:\/\/guydutoit.com\/fr\/wp-json\/wp\/v2\/product_tag?post=26144"}],"curies":[{"name":"wp","href":"https:\/\/api.w.org\/{rel}","templated":true}]}}