{"id":26297,"date":"2026-01-23T00:50:22","date_gmt":"2026-01-22T23:50:22","guid":{"rendered":"https:\/\/guydutoit.com\/product\/kit-stylo-a-bille-art-deco-en-cuivre-rose-antique\/"},"modified":"2026-01-23T00:50:22","modified_gmt":"2026-01-22T23:50:22","slug":"kit-stylo-a-bille-art-deco-en-cuivre-rose-antique","status":"publish","type":"product","link":"https:\/\/guydutoit.com\/fr\/product\/kit-stylo-a-bille-art-deco-en-cuivre-rose-antique\/","title":{"rendered":"Kit stylo \u00e0 bille Art d\u00e9co en cuivre rose antique"},"content":{"rendered":"<p>ProzX art deco click pen kit(Antique rose copper clip). Cuivre rose antique et placage Gun-polish. Il diffuse une teinte dense et classique qui nous ram\u00e8ne \u00e0 l&#8217;\u00e2ge d&#8217;or. Accessoires : Douille (RZ-BP177#-BU) Tubes (RZ-BT178-CL) Recharge (RZ-F6) M\u00e9canisme de clic (RZ-M408) Vous pouvez t\u00e9l\u00e9charger les instructions PDF pour ce kit <a href=\"https:\/\/guydutoit.com\/wp-content\/uploads\/2026\/01\/Antique-Rose-Copper-Art-Deco-Click-Pen-Kit-1.pdf\">ici.<\/a><\/p>\n","protected":false},"excerpt":{"rendered":"<p>Faites l&#8217;exp\u00e9rience d&#8217;une touche d&#8217;\u00e9l\u00e9gance classique avec notre kit de stylo \u00e0 bille Art d\u00e9co en cuivre rose antique. Parfait pour un voyage nostalgique dans le pass\u00e9.<\/p>\n","protected":false},"featured_media":26298,"comment_status":"open","ping_status":"closed","template":"","meta":{"site-sidebar-layout":"","site-content-layout":"","ast-site-content-layout":"","site-content-style":"","site-sidebar-style":"","ast-global-header-display":"","ast-banner-title-visibility":"","ast-main-header-display":"","ast-hfb-above-header-display":"","ast-hfb-below-header-display":"","ast-hfb-mobile-header-display":"","site-post-title":"","ast-breadcrumbs-content":"","ast-featured-img":"","footer-sml-layout":"","ast-disable-related-posts":"","theme-transparent-header-meta":"","adv-header-id-meta":"","stick-header-meta":"","header-above-stick-meta":"","header-main-stick-meta":"","header-below-stick-meta":"","astra-migrate-meta-layouts":"default","ast-page-background-enabled":"default","ast-page-background-meta":{"desktop":{"background-color":"var(--ast-global-color-4)","background-image":"","background-repeat":"repeat","background-position":"center center","background-size":"auto","background-attachment":"scroll","background-type":"","background-media":"","overlay-type":"","overlay-color":"","overlay-opacity":"","overlay-gradient":""},"tablet":{"background-color":"","background-image":"","background-repeat":"repeat","background-position":"center center","background-size":"auto","background-attachment":"scroll","background-type":"","background-media":"","overlay-type":"","overlay-color":"","overlay-opacity":"","overlay-gradient":""},"mobile":{"background-color":"","background-image":"","background-repeat":"repeat","background-position":"center center","background-size":"auto","background-attachment":"scroll","background-type":"","background-media":"","overlay-type":"","overlay-color":"","overlay-opacity":"","overlay-gradient":""}},"ast-content-background-meta":{"desktop":{"background-color":"var(--ast-global-color-5)","background-image":"","background-repeat":"repeat","background-position":"center center","background-size":"auto","background-attachment":"scroll","background-type":"","background-media":"","overlay-type":"","overlay-color":"","overlay-opacity":"","overlay-gradient":""},"tablet":{"background-color":"var(--ast-global-color-5)","background-image":"","background-repeat":"repeat","background-position":"center center","background-size":"auto","background-attachment":"scroll","background-type":"","background-media":"","overlay-type":"","overlay-color":"","overlay-opacity":"","overlay-gradient":""},"mobile":{"background-color":"var(--ast-global-color-5)","background-image":"","background-repeat":"repeat","background-position":"center center","background-size":"auto","background-attachment":"scroll","background-type":"","background-media":"","overlay-type":"","overlay-color":"","overlay-opacity":"","overlay-gradient":""}},"jetpack_post_was_ever_published":false,"jetpack_publicize_message":"","jetpack_publicize_feature_enabled":true,"jetpack_social_post_already_shared":true,"jetpack_social_options":{"image_generator_settings":{"template":"highway","default_image_id":0,"font":"","enabled":false},"version":2}},"product_brand":[],"product_cat":[31],"product_tag":[409,1676,1663,1054,1764],"class_list":{"0":"post-26297","1":"product","2":"type-product","3":"status-publish","4":"has-post-thumbnail","6":"product_cat-uncategorized","7":"product_tag-accessoires-pour-le-tournage-du-bois","8":"product_tag-cuivre-rose-antique","9":"product_tag-kit-de-stylo-art-deco","10":"product_tag-kits-de-tournage-sur-bois","11":"product_tag-mecanisme-de-stylo-a-clic","12":"desktop-align-left","13":"tablet-align-left","14":"mobile-align-left","15":"ast-product-gallery-layout-vertical-slider","16":"ast-product-tabs-layout-horizontal","18":"first","19":"instock","20":"shipping-taxable","21":"purchasable","22":"product-type-simple"},"jetpack_publicize_connections":[],"jetpack-related-posts":[{"id":26328,"url":"https:\/\/guydutoit.com\/fr\/product\/kit-stylo-twist-art-deco-avec-accents-en-cuivre-rose-antique\/","url_meta":{"origin":26297,"position":0},"title":"Kit stylo twist Art D\u00e9co avec accents en cuivre rose antique","author":"Guy du Toit","date":"23 janvier 2026","format":false,"excerpt":"D\u00e9couvrez une teinte classique et dense avec notre kit de stylos twist Art d\u00e9co aux accents de cuivre rose antique. Parfait pour une touche de nostalgie.","rel":"","context":"Article similaire","block_context":{"text":"Article similaire","link":""},"img":{"alt_text":"","src":"https:\/\/i0.wp.com\/guydutoit.com\/wp-content\/uploads\/2026\/01\/RZ-BP178-GPAR1_001.jpg?fit=1100%2C740&ssl=1&resize=350%2C200","width":350,"height":200,"srcset":"https:\/\/i0.wp.com\/guydutoit.com\/wp-content\/uploads\/2026\/01\/RZ-BP178-GPAR1_001.jpg?fit=1100%2C740&ssl=1&resize=350%2C200 1x, https:\/\/i0.wp.com\/guydutoit.com\/wp-content\/uploads\/2026\/01\/RZ-BP178-GPAR1_001.jpg?fit=1100%2C740&ssl=1&resize=525%2C300 1.5x, https:\/\/i0.wp.com\/guydutoit.com\/wp-content\/uploads\/2026\/01\/RZ-BP178-GPAR1_001.jpg?fit=1100%2C740&ssl=1&resize=700%2C400 2x, https:\/\/i0.wp.com\/guydutoit.com\/wp-content\/uploads\/2026\/01\/RZ-BP178-GPAR1_001.jpg?fit=1100%2C740&ssl=1&resize=1050%2C600 3x"},"classes":[]},{"id":28924,"url":"https:\/\/guydutoit.com\/fr\/product\/kit-stylo-twist-voile-rose-antique-cuivre-polonais\/","url_meta":{"origin":26297,"position":1},"title":"Kit stylo twist Voile Rose Antique Cuivre Polonais","author":"Guy du Toit","date":"23 janvier 2026","format":false,"excerpt":"Explorez la haute mer avec ce kit de stylos \u00e0 bille sur le th\u00e8me de la marine, parfait pour les amateurs de voile. C'est un excellent cadeau !","rel":"","context":"Article similaire","block_context":{"text":"Article similaire","link":""},"img":{"alt_text":"","src":"https:\/\/i0.wp.com\/guydutoit.com\/wp-content\/uploads\/2026\/01\/RZ-BP241-ARCP_001.jpg?fit=1100%2C740&ssl=1&resize=350%2C200","width":350,"height":200,"srcset":"https:\/\/i0.wp.com\/guydutoit.com\/wp-content\/uploads\/2026\/01\/RZ-BP241-ARCP_001.jpg?fit=1100%2C740&ssl=1&resize=350%2C200 1x, https:\/\/i0.wp.com\/guydutoit.com\/wp-content\/uploads\/2026\/01\/RZ-BP241-ARCP_001.jpg?fit=1100%2C740&ssl=1&resize=525%2C300 1.5x, https:\/\/i0.wp.com\/guydutoit.com\/wp-content\/uploads\/2026\/01\/RZ-BP241-ARCP_001.jpg?fit=1100%2C740&ssl=1&resize=700%2C400 2x, https:\/\/i0.wp.com\/guydutoit.com\/wp-content\/uploads\/2026\/01\/RZ-BP241-ARCP_001.jpg?fit=1100%2C740&ssl=1&resize=1050%2C600 3x"},"classes":[]},{"id":26805,"url":"https:\/\/guydutoit.com\/fr\/product\/antique-rose-copper-polish-dragon-body-pen-kit\/","url_meta":{"origin":26297,"position":2},"title":"Antique Rose Copper Polish Dragon Body Pen Kit","author":"Guy du Toit","date":"23 janvier 2026","format":false,"excerpt":"Fabriqu\u00e9 avec un puissant motif de dragon chinois, ce stylo \u00e0 bille en cuivre rose antique est dot\u00e9 d'un clip en forme de dragon, d'une double bande en forme de dragon et d'une pointe et d'un capuchon recouverts de squama.","rel":"","context":"Article similaire","block_context":{"text":"Article similaire","link":""},"img":{"alt_text":"","src":"https:\/\/i0.wp.com\/guydutoit.com\/wp-content\/uploads\/2026\/01\/RZ-BP231-ARCP_001.jpg?fit=1100%2C740&ssl=1&resize=350%2C200","width":350,"height":200,"srcset":"https:\/\/i0.wp.com\/guydutoit.com\/wp-content\/uploads\/2026\/01\/RZ-BP231-ARCP_001.jpg?fit=1100%2C740&ssl=1&resize=350%2C200 1x, https:\/\/i0.wp.com\/guydutoit.com\/wp-content\/uploads\/2026\/01\/RZ-BP231-ARCP_001.jpg?fit=1100%2C740&ssl=1&resize=525%2C300 1.5x, https:\/\/i0.wp.com\/guydutoit.com\/wp-content\/uploads\/2026\/01\/RZ-BP231-ARCP_001.jpg?fit=1100%2C740&ssl=1&resize=700%2C400 2x, https:\/\/i0.wp.com\/guydutoit.com\/wp-content\/uploads\/2026\/01\/RZ-BP231-ARCP_001.jpg?fit=1100%2C740&ssl=1&resize=1050%2C600 3x"},"classes":[]},{"id":26200,"url":"https:\/\/guydutoit.com\/fr\/product\/kit-de-tournage-sur-bois-antique-rose-copper-and-gun-polish-plating\/","url_meta":{"origin":26297,"position":3},"title":"Kit de tournage sur bois &#8211; Antique Rose Copper and Gun-Polish Plating","author":"Guy du Toit","date":"23 janvier 2026","format":false,"excerpt":"Faites l'exp\u00e9rience d'une touche classique avec ce kit de tournage sur bois en cuivre rose antique et placage polissage au pistolet. Parfait pour les projets nostalgiques.","rel":"","context":"Article similaire","block_context":{"text":"Article similaire","link":""},"img":{"alt_text":"","src":"https:\/\/i0.wp.com\/guydutoit.com\/wp-content\/uploads\/2026\/01\/RZ-BP178-ARCP_001.jpg?fit=1100%2C740&ssl=1&resize=350%2C200","width":350,"height":200,"srcset":"https:\/\/i0.wp.com\/guydutoit.com\/wp-content\/uploads\/2026\/01\/RZ-BP178-ARCP_001.jpg?fit=1100%2C740&ssl=1&resize=350%2C200 1x, https:\/\/i0.wp.com\/guydutoit.com\/wp-content\/uploads\/2026\/01\/RZ-BP178-ARCP_001.jpg?fit=1100%2C740&ssl=1&resize=525%2C300 1.5x, https:\/\/i0.wp.com\/guydutoit.com\/wp-content\/uploads\/2026\/01\/RZ-BP178-ARCP_001.jpg?fit=1100%2C740&ssl=1&resize=700%2C400 2x, https:\/\/i0.wp.com\/guydutoit.com\/wp-content\/uploads\/2026\/01\/RZ-BP178-ARCP_001.jpg?fit=1100%2C740&ssl=1&resize=1050%2C600 3x"},"classes":[]},{"id":26185,"url":"https:\/\/guydutoit.com\/fr\/product\/kit-stylo-twist-art-deco-en-bronze-antique\/","url_meta":{"origin":26297,"position":4},"title":"Kit stylo twist Art Deco en bronze antique","author":"Guy du Toit","date":"23 janvier 2026","format":false,"excerpt":"D\u00e9couvrez une teinte dense et classique avec notre kit de stylos twist Art d\u00e9co en bronze antique, qui rappelle l'ancien temps. Parfait pour les amateurs de tournage sur bois.","rel":"","context":"Article similaire","block_context":{"text":"Article similaire","link":""},"img":{"alt_text":"","src":"https:\/\/i0.wp.com\/guydutoit.com\/wp-content\/uploads\/2026\/01\/RZ-BP178-GPAB_002.jpg?fit=1100%2C740&ssl=1&resize=350%2C200","width":350,"height":200,"srcset":"https:\/\/i0.wp.com\/guydutoit.com\/wp-content\/uploads\/2026\/01\/RZ-BP178-GPAB_002.jpg?fit=1100%2C740&ssl=1&resize=350%2C200 1x, https:\/\/i0.wp.com\/guydutoit.com\/wp-content\/uploads\/2026\/01\/RZ-BP178-GPAB_002.jpg?fit=1100%2C740&ssl=1&resize=525%2C300 1.5x, https:\/\/i0.wp.com\/guydutoit.com\/wp-content\/uploads\/2026\/01\/RZ-BP178-GPAB_002.jpg?fit=1100%2C740&ssl=1&resize=700%2C400 2x, https:\/\/i0.wp.com\/guydutoit.com\/wp-content\/uploads\/2026\/01\/RZ-BP178-GPAB_002.jpg?fit=1100%2C740&ssl=1&resize=1050%2C600 3x"},"classes":[]},{"id":28981,"url":"https:\/\/guydutoit.com\/fr\/product\/kit-stylo-twist-sierra-plaque-or-et-cuivre-satine\/","url_meta":{"origin":26297,"position":5},"title":"Kit stylo twist Sierra plaqu\u00e9 or et cuivre satin\u00e9","author":"Guy du Toit","date":"23 janvier 2026","format":false,"excerpt":"D\u00e9couvrez l'\u00e9l\u00e9gance du kit de stylo twist Sierra plaqu\u00e9 or et cuivre satin\u00e9. D'un simple tour de main, vous transformez le mod\u00e8le \u00e0 tube unique en un stylo \u00e9l\u00e9gant. Parfait pour une utilisation quotidienne.","rel":"","context":"Article similaire","block_context":{"text":"Article similaire","link":""},"img":{"alt_text":"","src":"https:\/\/i0.wp.com\/guydutoit.com\/wp-content\/uploads\/2026\/01\/RZ-BP40-GSCO_001.jpg?fit=1100%2C740&ssl=1&resize=350%2C200","width":350,"height":200,"srcset":"https:\/\/i0.wp.com\/guydutoit.com\/wp-content\/uploads\/2026\/01\/RZ-BP40-GSCO_001.jpg?fit=1100%2C740&ssl=1&resize=350%2C200 1x, https:\/\/i0.wp.com\/guydutoit.com\/wp-content\/uploads\/2026\/01\/RZ-BP40-GSCO_001.jpg?fit=1100%2C740&ssl=1&resize=525%2C300 1.5x, https:\/\/i0.wp.com\/guydutoit.com\/wp-content\/uploads\/2026\/01\/RZ-BP40-GSCO_001.jpg?fit=1100%2C740&ssl=1&resize=700%2C400 2x, https:\/\/i0.wp.com\/guydutoit.com\/wp-content\/uploads\/2026\/01\/RZ-BP40-GSCO_001.jpg?fit=1100%2C740&ssl=1&resize=1050%2C600 3x"},"classes":[]}],"jetpack_sharing_enabled":true,"jetpack_likes_enabled":true,"_links":{"self":[{"href":"https:\/\/guydutoit.com\/fr\/wp-json\/wp\/v2\/product\/26297","targetHints":{"allow":["GET"]}}],"collection":[{"href":"https:\/\/guydutoit.com\/fr\/wp-json\/wp\/v2\/product"}],"about":[{"href":"https:\/\/guydutoit.com\/fr\/wp-json\/wp\/v2\/types\/product"}],"replies":[{"embeddable":true,"href":"https:\/\/guydutoit.com\/fr\/wp-json\/wp\/v2\/comments?post=26297"}],"wp:featuredmedia":[{"embeddable":true,"href":"https:\/\/guydutoit.com\/fr\/wp-json\/wp\/v2\/media\/26298"}],"wp:attachment":[{"href":"https:\/\/guydutoit.com\/fr\/wp-json\/wp\/v2\/media?parent=26297"}],"wp:term":[{"taxonomy":"product_brand","embeddable":true,"href":"https:\/\/guydutoit.com\/fr\/wp-json\/wp\/v2\/product_brand?post=26297"},{"taxonomy":"product_cat","embeddable":true,"href":"https:\/\/guydutoit.com\/fr\/wp-json\/wp\/v2\/product_cat?post=26297"},{"taxonomy":"product_tag","embeddable":true,"href":"https:\/\/guydutoit.com\/fr\/wp-json\/wp\/v2\/product_tag?post=26297"}],"curies":[{"name":"wp","href":"https:\/\/api.w.org\/{rel}","templated":true}]}}