{"id":26336,"date":"2026-01-23T00:50:21","date_gmt":"2026-01-22T23:50:21","guid":{"rendered":"https:\/\/guydutoit.com\/product\/pendule-rond-plaque-or-kit-de-pendule-pour-la-guerison-reiki-cadeau\/"},"modified":"2026-01-23T00:50:21","modified_gmt":"2026-01-22T23:50:21","slug":"pendule-rond-plaque-or-kit-de-pendule-pour-la-guerison-reiki-cadeau","status":"publish","type":"product","link":"https:\/\/guydutoit.com\/fr\/product\/pendule-rond-plaque-or-kit-de-pendule-pour-la-guerison-reiki-cadeau\/","title":{"rendered":"Pendule rond plaqu\u00e9 or Kit de pendule pour la gu\u00e9rison Reiki Cadeau"},"content":{"rendered":"<p>Placage d&#8217;or. Kits de pendentifs ronds (cha\u00eene non comprise). Vous pouvez choisir la pierre pr\u00e9cieuse naturelle ou le cristal pour faire un cadeau de gu\u00e9rison reiki. C&#8217;est le meilleur cadeau pour Halloween, No\u00ebl ou un anniversaire. La cha\u00eene peut \u00eatre facilement retir\u00e9e du pendule et utilis\u00e9e comme pendentif de votre collier.<\/p>\n","protected":false},"excerpt":{"rendered":"<p>Rehaussez vos cadeaux avec ce kit de pendule plaqu\u00e9 or, personnalisable avec des pierres pr\u00e9cieuses naturelles ou des cristaux. Parfait pour Halloween, No\u00ebl ou les cadeaux d&#8217;anniversaire.<\/p>\n","protected":false},"featured_media":26341,"comment_status":"open","ping_status":"closed","template":"","meta":{"site-sidebar-layout":"","site-content-layout":"","ast-site-content-layout":"","site-content-style":"","site-sidebar-style":"","ast-global-header-display":"","ast-banner-title-visibility":"","ast-main-header-display":"","ast-hfb-above-header-display":"","ast-hfb-below-header-display":"","ast-hfb-mobile-header-display":"","site-post-title":"","ast-breadcrumbs-content":"","ast-featured-img":"","footer-sml-layout":"","ast-disable-related-posts":"","theme-transparent-header-meta":"","adv-header-id-meta":"","stick-header-meta":"","header-above-stick-meta":"","header-main-stick-meta":"","header-below-stick-meta":"","astra-migrate-meta-layouts":"default","ast-page-background-enabled":"default","ast-page-background-meta":{"desktop":{"background-color":"var(--ast-global-color-4)","background-image":"","background-repeat":"repeat","background-position":"center center","background-size":"auto","background-attachment":"scroll","background-type":"","background-media":"","overlay-type":"","overlay-color":"","overlay-opacity":"","overlay-gradient":""},"tablet":{"background-color":"","background-image":"","background-repeat":"repeat","background-position":"center center","background-size":"auto","background-attachment":"scroll","background-type":"","background-media":"","overlay-type":"","overlay-color":"","overlay-opacity":"","overlay-gradient":""},"mobile":{"background-color":"","background-image":"","background-repeat":"repeat","background-position":"center center","background-size":"auto","background-attachment":"scroll","background-type":"","background-media":"","overlay-type":"","overlay-color":"","overlay-opacity":"","overlay-gradient":""}},"ast-content-background-meta":{"desktop":{"background-color":"var(--ast-global-color-5)","background-image":"","background-repeat":"repeat","background-position":"center center","background-size":"auto","background-attachment":"scroll","background-type":"","background-media":"","overlay-type":"","overlay-color":"","overlay-opacity":"","overlay-gradient":""},"tablet":{"background-color":"var(--ast-global-color-5)","background-image":"","background-repeat":"repeat","background-position":"center center","background-size":"auto","background-attachment":"scroll","background-type":"","background-media":"","overlay-type":"","overlay-color":"","overlay-opacity":"","overlay-gradient":""},"mobile":{"background-color":"var(--ast-global-color-5)","background-image":"","background-repeat":"repeat","background-position":"center center","background-size":"auto","background-attachment":"scroll","background-type":"","background-media":"","overlay-type":"","overlay-color":"","overlay-opacity":"","overlay-gradient":""}},"jetpack_post_was_ever_published":false,"jetpack_publicize_message":"","jetpack_publicize_feature_enabled":true,"jetpack_social_post_already_shared":true,"jetpack_social_options":{"image_generator_settings":{"template":"highway","default_image_id":0,"font":"","enabled":false},"version":2}},"product_brand":[],"product_cat":[31],"product_tag":[1787,1788,1785,1786,1751],"class_list":{"0":"post-26336","1":"product","2":"type-product","3":"status-publish","4":"has-post-thumbnail","6":"product_cat-uncategorized","7":"product_tag-cadeaux-de-guerison","8":"product_tag-collier-a-pendentifs","9":"product_tag-kits-de-pendule","10":"product_tag-pierre-precieuse-naturelle","11":"product_tag-placage-dor","12":"desktop-align-left","13":"tablet-align-left","14":"mobile-align-left","15":"ast-product-gallery-layout-vertical-slider","16":"ast-product-tabs-layout-horizontal","18":"first","19":"instock","20":"shipping-taxable","21":"purchasable","22":"product-type-simple"},"jetpack_publicize_connections":[],"jetpack-related-posts":[{"id":27609,"url":"https:\/\/guydutoit.com\/fr\/product\/kit-de-pendule-a-plomb-en-metal-pour-les-projets-de-tournage-sur-bois\/","url_meta":{"origin":26336,"position":0},"title":"Kit de pendule \u00e0 plomb en m\u00e9tal pour les projets de tournage sur bois","author":"Guy du Toit","date":"23 janvier 2026","format":false,"excerpt":"Cr\u00e9ez des projets de tournage sur bois pr\u00e9cis avec ce mini kit de collier \u00e0 fil \u00e0 plomb. Parfait pour la fonctionnalit\u00e9 et le style.","rel":"","context":"Article similaire","block_context":{"text":"Article similaire","link":""},"img":{"alt_text":"","src":"https:\/\/i0.wp.com\/guydutoit.com\/wp-content\/uploads\/2026\/01\/RZ-PK347-GM_001.jpg?fit=1100%2C740&ssl=1&resize=350%2C200","width":350,"height":200,"srcset":"https:\/\/i0.wp.com\/guydutoit.com\/wp-content\/uploads\/2026\/01\/RZ-PK347-GM_001.jpg?fit=1100%2C740&ssl=1&resize=350%2C200 1x, https:\/\/i0.wp.com\/guydutoit.com\/wp-content\/uploads\/2026\/01\/RZ-PK347-GM_001.jpg?fit=1100%2C740&ssl=1&resize=525%2C300 1.5x, https:\/\/i0.wp.com\/guydutoit.com\/wp-content\/uploads\/2026\/01\/RZ-PK347-GM_001.jpg?fit=1100%2C740&ssl=1&resize=700%2C400 2x, https:\/\/i0.wp.com\/guydutoit.com\/wp-content\/uploads\/2026\/01\/RZ-PK347-GM_001.jpg?fit=1100%2C740&ssl=1&resize=1050%2C600 3x"},"classes":[]},{"id":21935,"url":"https:\/\/guydutoit.com\/fr\/product\/kit-dornements-tournes-en-bois-multiples-couleurs\/","url_meta":{"origin":26336,"position":1},"title":"Kit d&#8217;ornements tourn\u00e9s en bois &#8211; Multiples couleurs","author":"","date":"31 octobre 2025","format":false,"excerpt":"Cr\u00e9ez de superbes ornements ou des objets d'art \u00e0 porter sur soi gr\u00e2ce \u00e0 ces kits professionnels d'ornements en forme d'ampoule. Choisissez parmi six finitions : Vert, chrome, argent, rouge, bleu ou multicolore. Le placage sous vide durable se combine magnifiquement avec les bois, les r\u00e9sines, les plastiques ou les\u2026","rel":"","context":"Article similaire","block_context":{"text":"Article similaire","link":""},"img":{"alt_text":"Kits d'ornements tourn\u00e9s en bois \u00e0 ampoules en diff\u00e9rentes couleurs","src":"https:\/\/i0.wp.com\/guydutoit.com\/wp-content\/uploads\/2025\/10\/Bulb-Woodturned-Ornament-Kits-in-various-colours.jpg?fit=1100%2C740&ssl=1&resize=350%2C200","width":350,"height":200,"srcset":"https:\/\/i0.wp.com\/guydutoit.com\/wp-content\/uploads\/2025\/10\/Bulb-Woodturned-Ornament-Kits-in-various-colours.jpg?fit=1100%2C740&ssl=1&resize=350%2C200 1x, https:\/\/i0.wp.com\/guydutoit.com\/wp-content\/uploads\/2025\/10\/Bulb-Woodturned-Ornament-Kits-in-various-colours.jpg?fit=1100%2C740&ssl=1&resize=525%2C300 1.5x, https:\/\/i0.wp.com\/guydutoit.com\/wp-content\/uploads\/2025\/10\/Bulb-Woodturned-Ornament-Kits-in-various-colours.jpg?fit=1100%2C740&ssl=1&resize=700%2C400 2x, https:\/\/i0.wp.com\/guydutoit.com\/wp-content\/uploads\/2025\/10\/Bulb-Woodturned-Ornament-Kits-in-various-colours.jpg?fit=1100%2C740&ssl=1&resize=1050%2C600 3x"},"classes":[]},{"id":29204,"url":"https:\/\/guydutoit.com\/fr\/product\/kit-de-porte-cles-mince-plaque-or-pour-une-creation-facile\/","url_meta":{"origin":26336,"position":2},"title":"Kit de porte-cl\u00e9s mince plaqu\u00e9 or pour une cr\u00e9ation facile","author":"Guy du Toit","date":"23 janvier 2026","format":false,"excerpt":"Faites de l'artisanat facile et amusant avec ce kit de porte-cl\u00e9s plaqu\u00e9 or. Id\u00e9al pour les cadeaux ou les expositions d'artisanat.","rel":"","context":"Article similaire","block_context":{"text":"Article similaire","link":""},"img":{"alt_text":"","src":"https:\/\/i0.wp.com\/guydutoit.com\/wp-content\/uploads\/2026\/01\/RZ-KR23N-G_001.jpg?fit=1100%2C740&ssl=1&resize=350%2C200","width":350,"height":200,"srcset":"https:\/\/i0.wp.com\/guydutoit.com\/wp-content\/uploads\/2026\/01\/RZ-KR23N-G_001.jpg?fit=1100%2C740&ssl=1&resize=350%2C200 1x, https:\/\/i0.wp.com\/guydutoit.com\/wp-content\/uploads\/2026\/01\/RZ-KR23N-G_001.jpg?fit=1100%2C740&ssl=1&resize=525%2C300 1.5x, https:\/\/i0.wp.com\/guydutoit.com\/wp-content\/uploads\/2026\/01\/RZ-KR23N-G_001.jpg?fit=1100%2C740&ssl=1&resize=700%2C400 2x, https:\/\/i0.wp.com\/guydutoit.com\/wp-content\/uploads\/2026\/01\/RZ-KR23N-G_001.jpg?fit=1100%2C740&ssl=1&resize=1050%2C600 3x"},"classes":[]},{"id":21630,"url":"https:\/\/guydutoit.com\/fr\/product\/tire-bouchon-en-t-ouvre-bouteille-kit-de-tournage-sur-bois-plaque-or-ou-chrome\/","url_meta":{"origin":26336,"position":3},"title":"Tire-bouchon en T Ouvre-bouteille Kit de tournage sur bois (plaqu\u00e9 or ou chrom\u00e9)","author":"Guy du Toit","date":"28 octobre 2025","format":false,"excerpt":"Cr\u00e9ez un tire-bouchon en T \u00e0 la fois beau et pratique avec ce kit plaqu\u00e9 or ou chrom\u00e9. Le tube unique est s\u00fbr et se range facilement dans une poche, ce qui en fait un cadeau artisanal et un accessoire de pique-nique parfait. Commencez \u00e0 tourner d\u00e8s aujourd'hui !","rel":"","context":"Article similaire","block_context":{"text":"Article similaire","link":""},"img":{"alt_text":"Gros plan du kit de tournage sur bois du tire-bouchon en T chrom\u00e9, montrant les composants m\u00e9talliques, y compris la m\u00e8che du tire-bouchon et les tubes filet\u00e9s.","src":"https:\/\/i0.wp.com\/guydutoit.com\/wp-content\/uploads\/2025\/10\/Chrome-T-corkscrew-bottle-opener-kits.jpg?fit=1100%2C740&ssl=1&resize=350%2C200","width":350,"height":200,"srcset":"https:\/\/i0.wp.com\/guydutoit.com\/wp-content\/uploads\/2025\/10\/Chrome-T-corkscrew-bottle-opener-kits.jpg?fit=1100%2C740&ssl=1&resize=350%2C200 1x, https:\/\/i0.wp.com\/guydutoit.com\/wp-content\/uploads\/2025\/10\/Chrome-T-corkscrew-bottle-opener-kits.jpg?fit=1100%2C740&ssl=1&resize=525%2C300 1.5x, https:\/\/i0.wp.com\/guydutoit.com\/wp-content\/uploads\/2025\/10\/Chrome-T-corkscrew-bottle-opener-kits.jpg?fit=1100%2C740&ssl=1&resize=700%2C400 2x, https:\/\/i0.wp.com\/guydutoit.com\/wp-content\/uploads\/2025\/10\/Chrome-T-corkscrew-bottle-opener-kits.jpg?fit=1100%2C740&ssl=1&resize=1050%2C600 3x"},"classes":[]},{"id":27588,"url":"https:\/\/guydutoit.com\/fr\/product\/kit-de-pendentif-a-plomb-en-or-pour-les-projets-de-tournage-sur-bois\/","url_meta":{"origin":26336,"position":4},"title":"Kit de pendentif \u00e0 plomb en or pour les projets de tournage sur bois","author":"Guy du Toit","date":"23 janvier 2026","format":false,"excerpt":"Am\u00e9liorez vos projets de tournage sur bois avec ce kit polyvalent de pendentifs \u00e0 plomb dor\u00e9s. Utilisez-le comme un mini fil \u00e0 plomb, un collier unique ou une superbe d\u00e9coration.","rel":"","context":"Article similaire","block_context":{"text":"Article similaire","link":""},"img":{"alt_text":"","src":"https:\/\/i0.wp.com\/guydutoit.com\/wp-content\/uploads\/2026\/01\/RZ-PK347-G_001.jpg?fit=1100%2C740&ssl=1&resize=350%2C200","width":350,"height":200,"srcset":"https:\/\/i0.wp.com\/guydutoit.com\/wp-content\/uploads\/2026\/01\/RZ-PK347-G_001.jpg?fit=1100%2C740&ssl=1&resize=350%2C200 1x, https:\/\/i0.wp.com\/guydutoit.com\/wp-content\/uploads\/2026\/01\/RZ-PK347-G_001.jpg?fit=1100%2C740&ssl=1&resize=525%2C300 1.5x, https:\/\/i0.wp.com\/guydutoit.com\/wp-content\/uploads\/2026\/01\/RZ-PK347-G_001.jpg?fit=1100%2C740&ssl=1&resize=700%2C400 2x, https:\/\/i0.wp.com\/guydutoit.com\/wp-content\/uploads\/2026\/01\/RZ-PK347-G_001.jpg?fit=1100%2C740&ssl=1&resize=1050%2C600 3x"},"classes":[]},{"id":27624,"url":"https:\/\/guydutoit.com\/fr\/product\/kits-de-pendentifs-chromes-pour-projets-de-tournage-sur-bois\/","url_meta":{"origin":26336,"position":5},"title":"Kits de pendentifs chrom\u00e9s pour projets de tournage sur bois","author":"Guy du Toit","date":"23 janvier 2026","format":false,"excerpt":"Am\u00e9liorez vos projets de tournage sur bois avec ce kit de suspension chrom\u00e9. Cr\u00e9ez un mini fil \u00e0 plomb, un collier unique ou une superbe d\u00e9coration sans effort.","rel":"","context":"Article similaire","block_context":{"text":"Article similaire","link":""},"img":{"alt_text":"","src":"https:\/\/i0.wp.com\/guydutoit.com\/wp-content\/uploads\/2026\/01\/RZ-PK347-CHR_001.jpg?fit=1100%2C740&ssl=1&resize=350%2C200","width":350,"height":200,"srcset":"https:\/\/i0.wp.com\/guydutoit.com\/wp-content\/uploads\/2026\/01\/RZ-PK347-CHR_001.jpg?fit=1100%2C740&ssl=1&resize=350%2C200 1x, https:\/\/i0.wp.com\/guydutoit.com\/wp-content\/uploads\/2026\/01\/RZ-PK347-CHR_001.jpg?fit=1100%2C740&ssl=1&resize=525%2C300 1.5x, https:\/\/i0.wp.com\/guydutoit.com\/wp-content\/uploads\/2026\/01\/RZ-PK347-CHR_001.jpg?fit=1100%2C740&ssl=1&resize=700%2C400 2x, https:\/\/i0.wp.com\/guydutoit.com\/wp-content\/uploads\/2026\/01\/RZ-PK347-CHR_001.jpg?fit=1100%2C740&ssl=1&resize=1050%2C600 3x"},"classes":[]}],"jetpack_sharing_enabled":true,"jetpack_likes_enabled":true,"_links":{"self":[{"href":"https:\/\/guydutoit.com\/fr\/wp-json\/wp\/v2\/product\/26336","targetHints":{"allow":["GET"]}}],"collection":[{"href":"https:\/\/guydutoit.com\/fr\/wp-json\/wp\/v2\/product"}],"about":[{"href":"https:\/\/guydutoit.com\/fr\/wp-json\/wp\/v2\/types\/product"}],"replies":[{"embeddable":true,"href":"https:\/\/guydutoit.com\/fr\/wp-json\/wp\/v2\/comments?post=26336"}],"wp:featuredmedia":[{"embeddable":true,"href":"https:\/\/guydutoit.com\/fr\/wp-json\/wp\/v2\/media\/26341"}],"wp:attachment":[{"href":"https:\/\/guydutoit.com\/fr\/wp-json\/wp\/v2\/media?parent=26336"}],"wp:term":[{"taxonomy":"product_brand","embeddable":true,"href":"https:\/\/guydutoit.com\/fr\/wp-json\/wp\/v2\/product_brand?post=26336"},{"taxonomy":"product_cat","embeddable":true,"href":"https:\/\/guydutoit.com\/fr\/wp-json\/wp\/v2\/product_cat?post=26336"},{"taxonomy":"product_tag","embeddable":true,"href":"https:\/\/guydutoit.com\/fr\/wp-json\/wp\/v2\/product_tag?post=26336"}],"curies":[{"name":"wp","href":"https:\/\/api.w.org\/{rel}","templated":true}]}}