{"id":26543,"date":"2026-01-23T01:05:20","date_gmt":"2026-01-23T00:05:20","guid":{"rendered":"https:\/\/guydutoit.com\/product\/kit-stylo-a-bille-pour-chien-en-plaque-or-avec-elements-canins-uniques\/"},"modified":"2026-01-23T01:05:20","modified_gmt":"2026-01-23T00:05:20","slug":"kit-stylo-a-bille-pour-chien-en-plaque-or-avec-elements-canins-uniques","status":"publish","type":"product","link":"https:\/\/guydutoit.com\/fr\/product\/kit-stylo-a-bille-pour-chien-en-plaque-or-avec-elements-canins-uniques\/","title":{"rendered":"Kit stylo \u00e0 bille pour chien en plaqu\u00e9 or avec \u00e9l\u00e9ments canins uniques"},"content":{"rendered":"<p>Plaqu\u00e9 or, kits de stylos \u00e0 bille pour chiens avec pointe \u00e9vid\u00e9e, qui est pleine d&#8217;\u00e9l\u00e9ments canins, un adorable chiot, un os, des empreintes de pas. Accessoires : Douille (RZ-BP349#-BU) Tubes (RZ-BT349) M\u00e9canisme de rotation (RZ-M62). Vous pouvez t\u00e9l\u00e9charger les instructions PDF pour ce kit <a href=\"https:\/\/guydutoit.com\/wp-content\/uploads\/2026\/01\/Premium-Gold-Plated-Doggie-Ball-Pen-Kit-With-Unique-Dog-Elements.pdf\">ici.<\/a><\/p>\n","protected":false},"excerpt":{"rendered":"<p>Cr\u00e9ez d&#8217;adorables stylos sur le th\u00e8me des chiens gr\u00e2ce \u00e0 ce kit plaqu\u00e9 or de premi\u00e8re qualit\u00e9 repr\u00e9sentant un adorable chiot, un os et des empreintes de pas.<\/p>\n","protected":false},"featured_media":26551,"comment_status":"open","ping_status":"closed","template":"","meta":{"site-sidebar-layout":"","site-content-layout":"","ast-site-content-layout":"","site-content-style":"","site-sidebar-style":"","ast-global-header-display":"","ast-banner-title-visibility":"","ast-main-header-display":"","ast-hfb-above-header-display":"","ast-hfb-below-header-display":"","ast-hfb-mobile-header-display":"","site-post-title":"","ast-breadcrumbs-content":"","ast-featured-img":"","footer-sml-layout":"","ast-disable-related-posts":"","theme-transparent-header-meta":"","adv-header-id-meta":"","stick-header-meta":"","header-above-stick-meta":"","header-main-stick-meta":"","header-below-stick-meta":"","astra-migrate-meta-layouts":"default","ast-page-background-enabled":"default","ast-page-background-meta":{"desktop":{"background-color":"var(--ast-global-color-4)","background-image":"","background-repeat":"repeat","background-position":"center center","background-size":"auto","background-attachment":"scroll","background-type":"","background-media":"","overlay-type":"","overlay-color":"","overlay-opacity":"","overlay-gradient":""},"tablet":{"background-color":"","background-image":"","background-repeat":"repeat","background-position":"center center","background-size":"auto","background-attachment":"scroll","background-type":"","background-media":"","overlay-type":"","overlay-color":"","overlay-opacity":"","overlay-gradient":""},"mobile":{"background-color":"","background-image":"","background-repeat":"repeat","background-position":"center center","background-size":"auto","background-attachment":"scroll","background-type":"","background-media":"","overlay-type":"","overlay-color":"","overlay-opacity":"","overlay-gradient":""}},"ast-content-background-meta":{"desktop":{"background-color":"var(--ast-global-color-5)","background-image":"","background-repeat":"repeat","background-position":"center center","background-size":"auto","background-attachment":"scroll","background-type":"","background-media":"","overlay-type":"","overlay-color":"","overlay-opacity":"","overlay-gradient":""},"tablet":{"background-color":"var(--ast-global-color-5)","background-image":"","background-repeat":"repeat","background-position":"center center","background-size":"auto","background-attachment":"scroll","background-type":"","background-media":"","overlay-type":"","overlay-color":"","overlay-opacity":"","overlay-gradient":""},"mobile":{"background-color":"var(--ast-global-color-5)","background-image":"","background-repeat":"repeat","background-position":"center center","background-size":"auto","background-attachment":"scroll","background-type":"","background-media":"","overlay-type":"","overlay-color":"","overlay-opacity":"","overlay-gradient":""}},"jetpack_post_was_ever_published":false,"jetpack_publicize_message":"","jetpack_publicize_feature_enabled":true,"jetpack_social_post_already_shared":true,"jetpack_social_options":{"image_generator_settings":{"template":"highway","default_image_id":0,"font":"","enabled":false},"version":2}},"product_brand":[],"product_cat":[31],"product_tag":[409,2014,1751,2016,2015],"class_list":{"0":"post-26543","1":"product","2":"type-product","3":"status-publish","4":"has-post-thumbnail","6":"product_cat-uncategorized","7":"product_tag-accessoires-pour-le-tournage-du-bois","8":"product_tag-kit-stylo-a-bille-pour-chien","9":"product_tag-placage-dor","10":"product_tag-stylo-a-mecanisme-rotatif","11":"product_tag-stylo-pour-chiot-mignon","12":"desktop-align-left","13":"tablet-align-left","14":"mobile-align-left","15":"ast-product-gallery-layout-vertical-slider","16":"ast-product-tabs-layout-horizontal","18":"first","19":"instock","20":"shipping-taxable","21":"purchasable","22":"product-type-simple"},"jetpack_publicize_connections":[],"jetpack-related-posts":[{"id":28575,"url":"https:\/\/guydutoit.com\/fr\/product\/kit-stylo-a-bille-pour-chien-en-chrome-de-qualite-superieure-avec-embout-creuse\/","url_meta":{"origin":26543,"position":0},"title":"Kit stylo \u00e0 bille pour chien en chrome de qualit\u00e9 sup\u00e9rieure avec embout creus\u00e9","author":"Guy du Toit","date":"23 janvier 2026","format":false,"excerpt":"D\u00e9couvrez les joies du tournage sur bois avec notre kit de stylo \u00e0 bille pour chien chrom\u00e9 de premi\u00e8re qualit\u00e9, qui pr\u00e9sente une pointe \u00e9vid\u00e9e remplie d'adorables \u00e9l\u00e9ments de chiot, d'os et d'empreintes de pas.","rel":"","context":"Article similaire","block_context":{"text":"Article similaire","link":""},"img":{"alt_text":"","src":"https:\/\/i0.wp.com\/guydutoit.com\/wp-content\/uploads\/2026\/01\/RZ-BP349-CHR_002.jpg?fit=1100%2C740&ssl=1&resize=350%2C200","width":350,"height":200,"srcset":"https:\/\/i0.wp.com\/guydutoit.com\/wp-content\/uploads\/2026\/01\/RZ-BP349-CHR_002.jpg?fit=1100%2C740&ssl=1&resize=350%2C200 1x, https:\/\/i0.wp.com\/guydutoit.com\/wp-content\/uploads\/2026\/01\/RZ-BP349-CHR_002.jpg?fit=1100%2C740&ssl=1&resize=525%2C300 1.5x, https:\/\/i0.wp.com\/guydutoit.com\/wp-content\/uploads\/2026\/01\/RZ-BP349-CHR_002.jpg?fit=1100%2C740&ssl=1&resize=700%2C400 2x, https:\/\/i0.wp.com\/guydutoit.com\/wp-content\/uploads\/2026\/01\/RZ-BP349-CHR_002.jpg?fit=1100%2C740&ssl=1&resize=1050%2C600 3x"},"classes":[]},{"id":29015,"url":"https:\/\/guydutoit.com\/fr\/product\/kit-stylo-roller-plaque-or-premium-avec-bande-centrale-plate\/","url_meta":{"origin":26543,"position":1},"title":"Kit stylo roller plaqu\u00e9 or Premium avec bande centrale plate","author":"Guy du Toit","date":"23 janvier 2026","format":false,"excerpt":"D\u00e9couvrez l'\u00e9quilibre et le poids parfaits avec notre kit de stylo roller plaqu\u00e9 or facile \u00e0 assembler. Ajoutez une touche de luxe \u00e0 vos projets de tournage.","rel":"","context":"Article similaire","block_context":{"text":"Article similaire","link":""},"img":{"alt_text":"","src":"https:\/\/i0.wp.com\/guydutoit.com\/wp-content\/uploads\/2026\/01\/RZ-RP501-ABP_001.jpg?fit=1100%2C740&ssl=1&resize=350%2C200","width":350,"height":200,"srcset":"https:\/\/i0.wp.com\/guydutoit.com\/wp-content\/uploads\/2026\/01\/RZ-RP501-ABP_001.jpg?fit=1100%2C740&ssl=1&resize=350%2C200 1x, https:\/\/i0.wp.com\/guydutoit.com\/wp-content\/uploads\/2026\/01\/RZ-RP501-ABP_001.jpg?fit=1100%2C740&ssl=1&resize=525%2C300 1.5x, https:\/\/i0.wp.com\/guydutoit.com\/wp-content\/uploads\/2026\/01\/RZ-RP501-ABP_001.jpg?fit=1100%2C740&ssl=1&resize=700%2C400 2x, https:\/\/i0.wp.com\/guydutoit.com\/wp-content\/uploads\/2026\/01\/RZ-RP501-ABP_001.jpg?fit=1100%2C740&ssl=1&resize=1050%2C600 3x"},"classes":[]},{"id":26667,"url":"https:\/\/guydutoit.com\/fr\/product\/kit-elegant-de-stylo-lancer-plaque-or\/","url_meta":{"origin":26543,"position":2},"title":"Kit \u00e9l\u00e9gant de stylo Lancer plaqu\u00e9 or","author":"Guy du Toit","date":"23 janvier 2026","format":false,"excerpt":"Faites-vous remarquer avec cette \u00e9l\u00e9gante trousse de stylos Lancer plaqu\u00e9e or, qui ne manquera pas de faire tourner les t\u00eates.","rel":"","context":"Article similaire","block_context":{"text":"Article similaire","link":""},"img":{"alt_text":"","src":"https:\/\/i0.wp.com\/guydutoit.com\/wp-content\/uploads\/2026\/01\/RZ-BP200-G_001.jpg?fit=1100%2C740&ssl=1&resize=350%2C200","width":350,"height":200,"srcset":"https:\/\/i0.wp.com\/guydutoit.com\/wp-content\/uploads\/2026\/01\/RZ-BP200-G_001.jpg?fit=1100%2C740&ssl=1&resize=350%2C200 1x, https:\/\/i0.wp.com\/guydutoit.com\/wp-content\/uploads\/2026\/01\/RZ-BP200-G_001.jpg?fit=1100%2C740&ssl=1&resize=525%2C300 1.5x, https:\/\/i0.wp.com\/guydutoit.com\/wp-content\/uploads\/2026\/01\/RZ-BP200-G_001.jpg?fit=1100%2C740&ssl=1&resize=700%2C400 2x, https:\/\/i0.wp.com\/guydutoit.com\/wp-content\/uploads\/2026\/01\/RZ-BP200-G_001.jpg?fit=1100%2C740&ssl=1&resize=1050%2C600 3x"},"classes":[]},{"id":27009,"url":"https:\/\/guydutoit.com\/fr\/product\/kit-stylo-plume-churchill-plaque-argent-premium-avec-convertisseur-de-type-piston\/","url_meta":{"origin":26543,"position":3},"title":"Kit stylo plume Churchill plaqu\u00e9 argent Premium avec convertisseur de type piston","author":"Guy du Toit","date":"23 janvier 2026","format":false,"excerpt":"Am\u00e9liorez vos projets de tournage sur bois avec notre kit de stylo plume Churchill plaqu\u00e9 argent de premi\u00e8re qualit\u00e9. Comprend un convertisseur \u00e0 piston pour un d\u00e9bit d'encre r\u00e9gulier.","rel":"","context":"Article similaire","block_context":{"text":"Article similaire","link":""},"img":{"alt_text":"","src":"https:\/\/i0.wp.com\/guydutoit.com\/wp-content\/uploads\/2026\/01\/RZ-FP71-SC_001.jpg?fit=1100%2C740&ssl=1&resize=350%2C200","width":350,"height":200,"srcset":"https:\/\/i0.wp.com\/guydutoit.com\/wp-content\/uploads\/2026\/01\/RZ-FP71-SC_001.jpg?fit=1100%2C740&ssl=1&resize=350%2C200 1x, https:\/\/i0.wp.com\/guydutoit.com\/wp-content\/uploads\/2026\/01\/RZ-FP71-SC_001.jpg?fit=1100%2C740&ssl=1&resize=525%2C300 1.5x, https:\/\/i0.wp.com\/guydutoit.com\/wp-content\/uploads\/2026\/01\/RZ-FP71-SC_001.jpg?fit=1100%2C740&ssl=1&resize=700%2C400 2x, https:\/\/i0.wp.com\/guydutoit.com\/wp-content\/uploads\/2026\/01\/RZ-FP71-SC_001.jpg?fit=1100%2C740&ssl=1&resize=1050%2C600 3x"},"classes":[]},{"id":26895,"url":"https:\/\/guydutoit.com\/fr\/product\/elegant-kit-de-stylo-plaque-chrome-et-metal-gun-avec-details-de-feuilles-et-de-tournesols\/","url_meta":{"origin":26543,"position":4},"title":"\u00c9l\u00e9gant kit de stylo plaqu\u00e9 chrome et m\u00e9tal gun avec d\u00e9tails de feuilles et de tournesols","author":"Guy du Toit","date":"23 janvier 2026","format":false,"excerpt":"D\u00e9couvrez l'\u00e9l\u00e9gance de ce kit de stylo plaqu\u00e9 chrome et m\u00e9tal, avec un motif tridimensionnel de feuilles sculpt\u00e9es sur la bande centrale et un magnifique tournesol \u00e0 l'extr\u00e9mit\u00e9.","rel":"","context":"Article similaire","block_context":{"text":"Article similaire","link":""},"img":{"alt_text":"","src":"https:\/\/i0.wp.com\/guydutoit.com\/wp-content\/uploads\/2026\/01\/RZ-BP182-CGM_001.jpg?fit=1100%2C740&ssl=1&resize=350%2C200","width":350,"height":200,"srcset":"https:\/\/i0.wp.com\/guydutoit.com\/wp-content\/uploads\/2026\/01\/RZ-BP182-CGM_001.jpg?fit=1100%2C740&ssl=1&resize=350%2C200 1x, https:\/\/i0.wp.com\/guydutoit.com\/wp-content\/uploads\/2026\/01\/RZ-BP182-CGM_001.jpg?fit=1100%2C740&ssl=1&resize=525%2C300 1.5x, https:\/\/i0.wp.com\/guydutoit.com\/wp-content\/uploads\/2026\/01\/RZ-BP182-CGM_001.jpg?fit=1100%2C740&ssl=1&resize=700%2C400 2x, https:\/\/i0.wp.com\/guydutoit.com\/wp-content\/uploads\/2026\/01\/RZ-BP182-CGM_001.jpg?fit=1100%2C740&ssl=1&resize=1050%2C600 3x"},"classes":[]},{"id":28836,"url":"https:\/\/guydutoit.com\/fr\/product\/stylo-plaque-or-pour-les-amoureux-du-football\/","url_meta":{"origin":26543,"position":5},"title":"Stylo plaqu\u00e9 or pour les amoureux du football","author":"Guy du Toit","date":"23 janvier 2026","format":false,"excerpt":"\u00c9levez votre jeu d'\u00e9criture avec ce stylo de football plaqu\u00e9 or, con\u00e7u avec une impression st\u00e9r\u00e9oscopique vive. Le cadeau id\u00e9al pour les amateurs de football et les passionn\u00e9s de sport.","rel":"","context":"Article similaire","block_context":{"text":"Article similaire","link":""},"img":{"alt_text":"","src":"https:\/\/i0.wp.com\/guydutoit.com\/wp-content\/uploads\/2026\/01\/RZ-BP414-G_001.jpg?fit=1100%2C740&ssl=1&resize=350%2C200","width":350,"height":200,"srcset":"https:\/\/i0.wp.com\/guydutoit.com\/wp-content\/uploads\/2026\/01\/RZ-BP414-G_001.jpg?fit=1100%2C740&ssl=1&resize=350%2C200 1x, https:\/\/i0.wp.com\/guydutoit.com\/wp-content\/uploads\/2026\/01\/RZ-BP414-G_001.jpg?fit=1100%2C740&ssl=1&resize=525%2C300 1.5x, https:\/\/i0.wp.com\/guydutoit.com\/wp-content\/uploads\/2026\/01\/RZ-BP414-G_001.jpg?fit=1100%2C740&ssl=1&resize=700%2C400 2x, https:\/\/i0.wp.com\/guydutoit.com\/wp-content\/uploads\/2026\/01\/RZ-BP414-G_001.jpg?fit=1100%2C740&ssl=1&resize=1050%2C600 3x"},"classes":[]}],"jetpack_sharing_enabled":true,"jetpack_likes_enabled":true,"_links":{"self":[{"href":"https:\/\/guydutoit.com\/fr\/wp-json\/wp\/v2\/product\/26543","targetHints":{"allow":["GET"]}}],"collection":[{"href":"https:\/\/guydutoit.com\/fr\/wp-json\/wp\/v2\/product"}],"about":[{"href":"https:\/\/guydutoit.com\/fr\/wp-json\/wp\/v2\/types\/product"}],"replies":[{"embeddable":true,"href":"https:\/\/guydutoit.com\/fr\/wp-json\/wp\/v2\/comments?post=26543"}],"wp:featuredmedia":[{"embeddable":true,"href":"https:\/\/guydutoit.com\/fr\/wp-json\/wp\/v2\/media\/26551"}],"wp:attachment":[{"href":"https:\/\/guydutoit.com\/fr\/wp-json\/wp\/v2\/media?parent=26543"}],"wp:term":[{"taxonomy":"product_brand","embeddable":true,"href":"https:\/\/guydutoit.com\/fr\/wp-json\/wp\/v2\/product_brand?post=26543"},{"taxonomy":"product_cat","embeddable":true,"href":"https:\/\/guydutoit.com\/fr\/wp-json\/wp\/v2\/product_cat?post=26543"},{"taxonomy":"product_tag","embeddable":true,"href":"https:\/\/guydutoit.com\/fr\/wp-json\/wp\/v2\/product_tag?post=26543"}],"curies":[{"name":"wp","href":"https:\/\/api.w.org\/{rel}","templated":true}]}}