{"id":26667,"date":"2026-01-23T01:06:16","date_gmt":"2026-01-23T00:06:16","guid":{"rendered":"https:\/\/guydutoit.com\/product\/kit-elegant-de-stylo-lancer-plaque-or\/"},"modified":"2026-03-13T22:30:09","modified_gmt":"2026-03-13T21:30:09","slug":"kit-elegant-de-stylo-lancer-plaque-or","status":"publish","type":"product","link":"https:\/\/guydutoit.com\/fr\/product\/kit-elegant-de-stylo-lancer-plaque-or\/","title":{"rendered":"Kit \u00e9l\u00e9gant de stylo Lancer plaqu\u00e9 or"},"content":{"rendered":"<p>Placage d&#8217;or. Kits de stylos Lancer. Ce stylo est garanti d&#8217;\u00eatre une attraction pour n&#8217;importe quel homme ou femme. Accessoires : Douille (RZ-BP200#-BU) M\u00e8che (RZ-DB27\/64, RZ-RSDB27\/64) Tubes (RZ-BT40) Moulins \u00e0 stylos (RZ-PM015) Recharge (RZ-F6) Vous pouvez t\u00e9l\u00e9charger les instructions PDF pour ce kit <a href=\"https:\/\/guydutoit.com\/wp-content\/uploads\/2026\/01\/Elegant-Gold-Plated-Lancer-Pen-Kit.pdf\">ici.<\/a><\/p>\n","protected":false},"excerpt":{"rendered":"<p>Faites-vous remarquer avec cette \u00e9l\u00e9gante trousse de stylos Lancer plaqu\u00e9e or, qui ne manquera pas de faire tourner les t\u00eates.<\/p>\n","protected":false},"featured_media":26672,"comment_status":"open","ping_status":"closed","template":"","meta":{"site-sidebar-layout":"","site-content-layout":"","ast-site-content-layout":"","site-content-style":"","site-sidebar-style":"","ast-global-header-display":"","ast-banner-title-visibility":"","ast-main-header-display":"","ast-hfb-above-header-display":"","ast-hfb-below-header-display":"","ast-hfb-mobile-header-display":"","site-post-title":"","ast-breadcrumbs-content":"","ast-featured-img":"","footer-sml-layout":"","ast-disable-related-posts":"","theme-transparent-header-meta":"","adv-header-id-meta":"","stick-header-meta":"","header-above-stick-meta":"","header-main-stick-meta":"","header-below-stick-meta":"","astra-migrate-meta-layouts":"default","ast-page-background-enabled":"default","ast-page-background-meta":{"desktop":{"background-color":"var(--ast-global-color-4)","background-image":"","background-repeat":"repeat","background-position":"center center","background-size":"auto","background-attachment":"scroll","background-type":"","background-media":"","overlay-type":"","overlay-color":"","overlay-opacity":"","overlay-gradient":""},"tablet":{"background-color":"","background-image":"","background-repeat":"repeat","background-position":"center center","background-size":"auto","background-attachment":"scroll","background-type":"","background-media":"","overlay-type":"","overlay-color":"","overlay-opacity":"","overlay-gradient":""},"mobile":{"background-color":"","background-image":"","background-repeat":"repeat","background-position":"center center","background-size":"auto","background-attachment":"scroll","background-type":"","background-media":"","overlay-type":"","overlay-color":"","overlay-opacity":"","overlay-gradient":""}},"ast-content-background-meta":{"desktop":{"background-color":"var(--ast-global-color-5)","background-image":"","background-repeat":"repeat","background-position":"center center","background-size":"auto","background-attachment":"scroll","background-type":"","background-media":"","overlay-type":"","overlay-color":"","overlay-opacity":"","overlay-gradient":""},"tablet":{"background-color":"var(--ast-global-color-5)","background-image":"","background-repeat":"repeat","background-position":"center center","background-size":"auto","background-attachment":"scroll","background-type":"","background-media":"","overlay-type":"","overlay-color":"","overlay-opacity":"","overlay-gradient":""},"mobile":{"background-color":"var(--ast-global-color-5)","background-image":"","background-repeat":"repeat","background-position":"center center","background-size":"auto","background-attachment":"scroll","background-type":"","background-media":"","overlay-type":"","overlay-color":"","overlay-opacity":"","overlay-gradient":""}},"jetpack_post_was_ever_published":false,"jetpack_publicize_message":"","jetpack_publicize_feature_enabled":true,"jetpack_social_post_already_shared":true,"jetpack_social_options":{"image_generator_settings":{"template":"highway","default_image_id":0,"font":"","enabled":false},"version":2}},"product_brand":[],"product_cat":[3146],"product_tag":[409,1992,2121,2122,1751],"class_list":{"0":"post-26667","1":"product","2":"type-product","3":"status-publish","4":"has-post-thumbnail","6":"product_cat-accessoires-pour-le-tournage-du-bois","7":"product_tag-accessoires-pour-le-tournage-du-bois","8":"product_tag-fournitures-pour-la-fabrication-de-stylos","9":"product_tag-kits-de-stylos-diy","10":"product_tag-kits-de-stylos-lancer","11":"product_tag-placage-dor","12":"desktop-align-left","13":"tablet-align-left","14":"mobile-align-left","15":"ast-product-gallery-layout-vertical-slider","16":"ast-product-tabs-layout-horizontal","18":"first","19":"instock","20":"shipping-taxable","21":"purchasable","22":"product-type-simple"},"jetpack_publicize_connections":[],"jetpack-related-posts":[{"id":26644,"url":"https:\/\/guydutoit.com\/fr\/product\/premium-chrome-plated-lancer-pen-kit\/","url_meta":{"origin":26667,"position":0},"title":"Premium Chrome Plated Lancer Pen Kit","author":"Guy du Toit","date":"23 janvier 2026","format":false,"excerpt":"Faites-vous remarquer avec ce kit de stylo Lancer chrom\u00e9 de premi\u00e8re qualit\u00e9, un produit phare pour tous ceux qui appr\u00e9cient la qualit\u00e9 de l'artisanat.","rel":"","context":"Article similaire","block_context":{"text":"Article similaire","link":""},"img":{"alt_text":"","src":"https:\/\/i0.wp.com\/guydutoit.com\/wp-content\/uploads\/2026\/01\/RZ-BP200-CHR_001.jpg?fit=1100%2C740&ssl=1&resize=350%2C200","width":350,"height":200,"srcset":"https:\/\/i0.wp.com\/guydutoit.com\/wp-content\/uploads\/2026\/01\/RZ-BP200-CHR_001.jpg?fit=1100%2C740&ssl=1&resize=350%2C200 1x, https:\/\/i0.wp.com\/guydutoit.com\/wp-content\/uploads\/2026\/01\/RZ-BP200-CHR_001.jpg?fit=1100%2C740&ssl=1&resize=525%2C300 1.5x, https:\/\/i0.wp.com\/guydutoit.com\/wp-content\/uploads\/2026\/01\/RZ-BP200-CHR_001.jpg?fit=1100%2C740&ssl=1&resize=700%2C400 2x, https:\/\/i0.wp.com\/guydutoit.com\/wp-content\/uploads\/2026\/01\/RZ-BP200-CHR_001.jpg?fit=1100%2C740&ssl=1&resize=1050%2C600 3x"},"classes":[]},{"id":29041,"url":"https:\/\/guydutoit.com\/fr\/product\/kit-stylo-roller-majestic-titane-or-et-noir\/","url_meta":{"origin":26667,"position":1},"title":"Kit Stylo Roller Majestic Titane Or et Noir","author":"Guy du Toit","date":"23 janvier 2026","format":false,"excerpt":"Am\u00e9liorez votre exp\u00e9rience d'\u00e9criture avec ce magnifique kit de stylos rollerball en titane noir et or, le cadeau id\u00e9al pour vous et votre ami.","rel":"","context":"Article similaire","block_context":{"text":"Article similaire","link":""},"img":{"alt_text":"","src":"","width":0,"height":0},"classes":[]},{"id":29056,"url":"https:\/\/guydutoit.com\/fr\/product\/kit-stylo-roller-majestic-chrome-et-titane-noir-premium\/","url_meta":{"origin":26667,"position":2},"title":"Kit stylo roller Majestic chrome et titane noir Premium","author":"Guy du Toit","date":"23 janvier 2026","format":false,"excerpt":"Am\u00e9liorez votre exp\u00e9rience d'\u00e9criture avec ce magnifique kit de stylos rollerball en titane chrom\u00e9 et noir, le cadeau id\u00e9al pour vous ou un ami.","rel":"","context":"Article similaire","block_context":{"text":"Article similaire","link":""},"img":{"alt_text":"","src":"","width":0,"height":0},"classes":[]},{"id":28528,"url":"https:\/\/guydutoit.com\/fr\/product\/kit-stylo-twist-sierra-en-acier-inoxydable-de-premiere-qualite\/","url_meta":{"origin":26667,"position":3},"title":"Kit stylo twist Sierra en acier inoxydable de premi\u00e8re qualit\u00e9","author":"Guy du Toit","date":"23 janvier 2026","format":false,"excerpt":"Fabriqu\u00e9 avec un placage en acier inoxydable brillant, ce kit de stylo twist Sierra est dot\u00e9 d'un tube unique \u00e9l\u00e9gant pour une rotation facile. Il suffit de tourner la section du capuchon pour commencer \u00e0 cr\u00e9er sans effort. Votre compagnon id\u00e9al pour un usage quotidien.","rel":"","context":"Article similaire","block_context":{"text":"Article similaire","link":""},"img":{"alt_text":"","src":"https:\/\/i0.wp.com\/guydutoit.com\/wp-content\/uploads\/2026\/01\/RZ-BP40-SSL_003.jpg?fit=1100%2C740&ssl=1&resize=350%2C200","width":350,"height":200,"srcset":"https:\/\/i0.wp.com\/guydutoit.com\/wp-content\/uploads\/2026\/01\/RZ-BP40-SSL_003.jpg?fit=1100%2C740&ssl=1&resize=350%2C200 1x, https:\/\/i0.wp.com\/guydutoit.com\/wp-content\/uploads\/2026\/01\/RZ-BP40-SSL_003.jpg?fit=1100%2C740&ssl=1&resize=525%2C300 1.5x, https:\/\/i0.wp.com\/guydutoit.com\/wp-content\/uploads\/2026\/01\/RZ-BP40-SSL_003.jpg?fit=1100%2C740&ssl=1&resize=700%2C400 2x, https:\/\/i0.wp.com\/guydutoit.com\/wp-content\/uploads\/2026\/01\/RZ-BP40-SSL_003.jpg?fit=1100%2C740&ssl=1&resize=1050%2C600 3x"},"classes":[]},{"id":27518,"url":"https:\/\/guydutoit.com\/fr\/product\/kits-uniques-de-stylos-twist-sierra-chromes-plaques-sous-vide\/","url_meta":{"origin":26667,"position":4},"title":"Kits uniques de stylos twist Sierra chrom\u00e9s plaqu\u00e9s sous vide","author":"Guy du Toit","date":"23 janvier 2026","format":false,"excerpt":"D\u00e9couvrez le placage color\u00e9 sous vide sp\u00e9cial et unique de ces kits de stylos twist Sierra. Des couleurs riches et vives vous surprendront sous tous les angles.","rel":"","context":"Article similaire","block_context":{"text":"Article similaire","link":""},"img":{"alt_text":"","src":"https:\/\/i0.wp.com\/guydutoit.com\/wp-content\/uploads\/2026\/01\/RZ-BP40-CWC_002.jpg?fit=1100%2C740&ssl=1&resize=350%2C200","width":350,"height":200,"srcset":"https:\/\/i0.wp.com\/guydutoit.com\/wp-content\/uploads\/2026\/01\/RZ-BP40-CWC_002.jpg?fit=1100%2C740&ssl=1&resize=350%2C200 1x, https:\/\/i0.wp.com\/guydutoit.com\/wp-content\/uploads\/2026\/01\/RZ-BP40-CWC_002.jpg?fit=1100%2C740&ssl=1&resize=525%2C300 1.5x, https:\/\/i0.wp.com\/guydutoit.com\/wp-content\/uploads\/2026\/01\/RZ-BP40-CWC_002.jpg?fit=1100%2C740&ssl=1&resize=700%2C400 2x, https:\/\/i0.wp.com\/guydutoit.com\/wp-content\/uploads\/2026\/01\/RZ-BP40-CWC_002.jpg?fit=1100%2C740&ssl=1&resize=1050%2C600 3x"},"classes":[]},{"id":26528,"url":"https:\/\/guydutoit.com\/fr\/product\/kit-stylo-roller-elegant-plaque-or-pour-homme\/","url_meta":{"origin":26667,"position":5},"title":"Kit stylo roller \u00e9l\u00e9gant plaqu\u00e9 or pour homme","author":"Guy du Toit","date":"23 janvier 2026","format":false,"excerpt":"D\u00e9couvrez le charme luxueux de notre nouveau kit de stylo roller plaqu\u00e9 or avec des motifs complexes sur la bande centrale et le capuchon.","rel":"","context":"Article similaire","block_context":{"text":"Article similaire","link":""},"img":{"alt_text":"","src":"https:\/\/i0.wp.com\/guydutoit.com\/wp-content\/uploads\/2026\/01\/RZ-RP50N-G_001.jpg?fit=1100%2C740&ssl=1&resize=350%2C200","width":350,"height":200,"srcset":"https:\/\/i0.wp.com\/guydutoit.com\/wp-content\/uploads\/2026\/01\/RZ-RP50N-G_001.jpg?fit=1100%2C740&ssl=1&resize=350%2C200 1x, https:\/\/i0.wp.com\/guydutoit.com\/wp-content\/uploads\/2026\/01\/RZ-RP50N-G_001.jpg?fit=1100%2C740&ssl=1&resize=525%2C300 1.5x, https:\/\/i0.wp.com\/guydutoit.com\/wp-content\/uploads\/2026\/01\/RZ-RP50N-G_001.jpg?fit=1100%2C740&ssl=1&resize=700%2C400 2x, https:\/\/i0.wp.com\/guydutoit.com\/wp-content\/uploads\/2026\/01\/RZ-RP50N-G_001.jpg?fit=1100%2C740&ssl=1&resize=1050%2C600 3x"},"classes":[]}],"jetpack_sharing_enabled":true,"jetpack_likes_enabled":true,"_links":{"self":[{"href":"https:\/\/guydutoit.com\/fr\/wp-json\/wp\/v2\/product\/26667","targetHints":{"allow":["GET"]}}],"collection":[{"href":"https:\/\/guydutoit.com\/fr\/wp-json\/wp\/v2\/product"}],"about":[{"href":"https:\/\/guydutoit.com\/fr\/wp-json\/wp\/v2\/types\/product"}],"replies":[{"embeddable":true,"href":"https:\/\/guydutoit.com\/fr\/wp-json\/wp\/v2\/comments?post=26667"}],"wp:featuredmedia":[{"embeddable":true,"href":"https:\/\/guydutoit.com\/fr\/wp-json\/wp\/v2\/media\/26672"}],"wp:attachment":[{"href":"https:\/\/guydutoit.com\/fr\/wp-json\/wp\/v2\/media?parent=26667"}],"wp:term":[{"taxonomy":"product_brand","embeddable":true,"href":"https:\/\/guydutoit.com\/fr\/wp-json\/wp\/v2\/product_brand?post=26667"},{"taxonomy":"product_cat","embeddable":true,"href":"https:\/\/guydutoit.com\/fr\/wp-json\/wp\/v2\/product_cat?post=26667"},{"taxonomy":"product_tag","embeddable":true,"href":"https:\/\/guydutoit.com\/fr\/wp-json\/wp\/v2\/product_tag?post=26667"}],"curies":[{"name":"wp","href":"https:\/\/api.w.org\/{rel}","templated":true}]}}