{"id":26825,"date":"2026-01-23T01:05:25","date_gmt":"2026-01-23T00:05:25","guid":{"rendered":"https:\/\/guydutoit.com\/product\/kit-stylo-dragon-chinois-en-etain-antique-avec-clip-dragon-complet\/"},"modified":"2026-01-23T01:05:25","modified_gmt":"2026-01-23T00:05:25","slug":"kit-stylo-dragon-chinois-en-etain-antique-avec-clip-dragon-complet","status":"publish","type":"product","link":"https:\/\/guydutoit.com\/fr\/product\/kit-stylo-dragon-chinois-en-etain-antique-avec-clip-dragon-complet\/","title":{"rendered":"Kit stylo dragon chinois en \u00e9tain antique avec clip dragon complet"},"content":{"rendered":"<p>\u00c9tain antique, kits de stylos longs. Le clip est un corps de dragon complet. La bande repr\u00e9sente un double dragon jouant au ballon. La pointe et l&#8217;embout du stylo sont recouverts du squame du dragon. Les dragons chinois sont des symboles puissants et bienveillants de la culture chinoise et sont omnipr\u00e9sents en Chine &#8211; dans les l\u00e9gendes, les festivals, l&#8217;astrologie, l&#8217;art, les noms et les expressions idiomatiques. Accessoires : Douille (RZ-BP231#-BU) Tubes (RZ-BT231) M\u00e9canisme de rotation (RZ-M6) Vous pouvez t\u00e9l\u00e9charger les instructions PDF pour ce kit <a href=\"https:\/\/guydutoit.com\/wp-content\/uploads\/2026\/01\/Antique-Pewter-Chinese-Dragon-Pen-Kit-With-Full-Dragon-Clip.pdf\">ici.<\/a><\/p>\n","protected":false},"excerpt":{"rendered":"<p>Exploitez le pouvoir du symbolisme chinois gr\u00e2ce \u00e0 ce stylo en \u00e9tain antique orn\u00e9 de d\u00e9tails de dragons.<\/p>\n","protected":false},"featured_media":26827,"comment_status":"open","ping_status":"closed","template":"","meta":{"site-sidebar-layout":"","site-content-layout":"","ast-site-content-layout":"","site-content-style":"","site-sidebar-style":"","ast-global-header-display":"","ast-banner-title-visibility":"","ast-main-header-display":"","ast-hfb-above-header-display":"","ast-hfb-below-header-display":"","ast-hfb-mobile-header-display":"","site-post-title":"","ast-breadcrumbs-content":"","ast-featured-img":"","footer-sml-layout":"","ast-disable-related-posts":"","theme-transparent-header-meta":"","adv-header-id-meta":"","stick-header-meta":"","header-above-stick-meta":"","header-main-stick-meta":"","header-below-stick-meta":"","astra-migrate-meta-layouts":"default","ast-page-background-enabled":"default","ast-page-background-meta":{"desktop":{"background-color":"var(--ast-global-color-4)","background-image":"","background-repeat":"repeat","background-position":"center center","background-size":"auto","background-attachment":"scroll","background-type":"","background-media":"","overlay-type":"","overlay-color":"","overlay-opacity":"","overlay-gradient":""},"tablet":{"background-color":"","background-image":"","background-repeat":"repeat","background-position":"center center","background-size":"auto","background-attachment":"scroll","background-type":"","background-media":"","overlay-type":"","overlay-color":"","overlay-opacity":"","overlay-gradient":""},"mobile":{"background-color":"","background-image":"","background-repeat":"repeat","background-position":"center center","background-size":"auto","background-attachment":"scroll","background-type":"","background-media":"","overlay-type":"","overlay-color":"","overlay-opacity":"","overlay-gradient":""}},"ast-content-background-meta":{"desktop":{"background-color":"var(--ast-global-color-5)","background-image":"","background-repeat":"repeat","background-position":"center center","background-size":"auto","background-attachment":"scroll","background-type":"","background-media":"","overlay-type":"","overlay-color":"","overlay-opacity":"","overlay-gradient":""},"tablet":{"background-color":"var(--ast-global-color-5)","background-image":"","background-repeat":"repeat","background-position":"center center","background-size":"auto","background-attachment":"scroll","background-type":"","background-media":"","overlay-type":"","overlay-color":"","overlay-opacity":"","overlay-gradient":""},"mobile":{"background-color":"var(--ast-global-color-5)","background-image":"","background-repeat":"repeat","background-position":"center center","background-size":"auto","background-attachment":"scroll","background-type":"","background-media":"","overlay-type":"","overlay-color":"","overlay-opacity":"","overlay-gradient":""}},"jetpack_post_was_ever_published":false,"jetpack_publicize_message":"","jetpack_publicize_feature_enabled":true,"jetpack_social_post_already_shared":true,"jetpack_social_options":{"image_generator_settings":{"template":"highway","default_image_id":0,"font":"","enabled":false},"version":2}},"product_brand":[],"product_cat":[31],"product_tag":[2251,2234,2249,1054,2253],"class_list":{"0":"post-26825","1":"product","2":"type-product","3":"status-publish","4":"has-post-thumbnail","6":"product_cat-uncategorized","7":"product_tag-accessoires-pour-stylos-dragon","8":"product_tag-dessin-de-dragon-chinois","9":"product_tag-kits-de-stylos-en-etain-antique","10":"product_tag-kits-de-tournage-sur-bois","11":"product_tag-stylos-a-mecanisme-rotatif","12":"desktop-align-left","13":"tablet-align-left","14":"mobile-align-left","15":"ast-product-gallery-layout-vertical-slider","16":"ast-product-tabs-layout-horizontal","18":"first","19":"instock","20":"shipping-taxable","21":"purchasable","22":"product-type-simple"},"jetpack_publicize_connections":[],"jetpack-related-posts":[{"id":26782,"url":"https:\/\/guydutoit.com\/fr\/product\/kit-stylo-dragon-chinois-en-bronze-antique\/","url_meta":{"origin":26825,"position":0},"title":"Kit stylo dragon chinois en bronze antique","author":"Guy du Toit","date":"23 janvier 2026","format":false,"excerpt":"Fabriqu\u00e9 avec des d\u00e9tails complexes de dragon chinois, ce kit de stylo pr\u00e9sente un poli bronze antique, parfait pour les amateurs de tournage sur bois.","rel":"","context":"Article similaire","block_context":{"text":"Article similaire","link":""},"img":{"alt_text":"","src":"https:\/\/i0.wp.com\/guydutoit.com\/wp-content\/uploads\/2026\/01\/RZ-BP231-ABP_001.jpg?fit=1100%2C740&ssl=1&resize=350%2C200","width":350,"height":200,"srcset":"https:\/\/i0.wp.com\/guydutoit.com\/wp-content\/uploads\/2026\/01\/RZ-BP231-ABP_001.jpg?fit=1100%2C740&ssl=1&resize=350%2C200 1x, https:\/\/i0.wp.com\/guydutoit.com\/wp-content\/uploads\/2026\/01\/RZ-BP231-ABP_001.jpg?fit=1100%2C740&ssl=1&resize=525%2C300 1.5x, https:\/\/i0.wp.com\/guydutoit.com\/wp-content\/uploads\/2026\/01\/RZ-BP231-ABP_001.jpg?fit=1100%2C740&ssl=1&resize=700%2C400 2x, https:\/\/i0.wp.com\/guydutoit.com\/wp-content\/uploads\/2026\/01\/RZ-BP231-ABP_001.jpg?fit=1100%2C740&ssl=1&resize=1050%2C600 3x"},"classes":[]},{"id":26805,"url":"https:\/\/guydutoit.com\/fr\/product\/antique-rose-copper-polish-dragon-body-pen-kit\/","url_meta":{"origin":26825,"position":1},"title":"Antique Rose Copper Polish Dragon Body Pen Kit","author":"Guy du Toit","date":"23 janvier 2026","format":false,"excerpt":"Fabriqu\u00e9 avec un puissant motif de dragon chinois, ce stylo \u00e0 bille en cuivre rose antique est dot\u00e9 d'un clip en forme de dragon, d'une double bande en forme de dragon et d'une pointe et d'un capuchon recouverts de squama.","rel":"","context":"Article similaire","block_context":{"text":"Article similaire","link":""},"img":{"alt_text":"","src":"https:\/\/i0.wp.com\/guydutoit.com\/wp-content\/uploads\/2026\/01\/RZ-BP231-ARCP_001.jpg?fit=1100%2C740&ssl=1&resize=350%2C200","width":350,"height":200,"srcset":"https:\/\/i0.wp.com\/guydutoit.com\/wp-content\/uploads\/2026\/01\/RZ-BP231-ARCP_001.jpg?fit=1100%2C740&ssl=1&resize=350%2C200 1x, https:\/\/i0.wp.com\/guydutoit.com\/wp-content\/uploads\/2026\/01\/RZ-BP231-ARCP_001.jpg?fit=1100%2C740&ssl=1&resize=525%2C300 1.5x, https:\/\/i0.wp.com\/guydutoit.com\/wp-content\/uploads\/2026\/01\/RZ-BP231-ARCP_001.jpg?fit=1100%2C740&ssl=1&resize=700%2C400 2x, https:\/\/i0.wp.com\/guydutoit.com\/wp-content\/uploads\/2026\/01\/RZ-BP231-ARCP_001.jpg?fit=1100%2C740&ssl=1&resize=1050%2C600 3x"},"classes":[]},{"id":29113,"url":"https:\/\/guydutoit.com\/fr\/product\/kit-stylo-plume-bronze-antique-polish-kitten\/","url_meta":{"origin":26825,"position":2},"title":"Kit Stylo Plume Bronze Antique Polish Kitten","author":"Guy du Toit","date":"23 janvier 2026","format":false,"excerpt":"Surprenez les amoureux des chats avec cette trousse de stylo plume en bronze antique Polish Kitten, dot\u00e9e d'un joli clip de stylo pour chat, de gravures de pattes de chat amusantes et d'images de chatons mignons sur la bande centrale.","rel":"","context":"Article similaire","block_context":{"text":"Article similaire","link":""},"img":{"alt_text":"","src":"https:\/\/i0.wp.com\/guydutoit.com\/wp-content\/uploads\/2026\/01\/RZ-FP529-ABP_001.jpg?fit=1100%2C740&ssl=1&resize=350%2C200","width":350,"height":200,"srcset":"https:\/\/i0.wp.com\/guydutoit.com\/wp-content\/uploads\/2026\/01\/RZ-FP529-ABP_001.jpg?fit=1100%2C740&ssl=1&resize=350%2C200 1x, https:\/\/i0.wp.com\/guydutoit.com\/wp-content\/uploads\/2026\/01\/RZ-FP529-ABP_001.jpg?fit=1100%2C740&ssl=1&resize=525%2C300 1.5x, https:\/\/i0.wp.com\/guydutoit.com\/wp-content\/uploads\/2026\/01\/RZ-FP529-ABP_001.jpg?fit=1100%2C740&ssl=1&resize=700%2C400 2x, https:\/\/i0.wp.com\/guydutoit.com\/wp-content\/uploads\/2026\/01\/RZ-FP529-ABP_001.jpg?fit=1100%2C740&ssl=1&resize=1050%2C600 3x"},"classes":[]},{"id":28924,"url":"https:\/\/guydutoit.com\/fr\/product\/kit-stylo-twist-voile-rose-antique-cuivre-polonais\/","url_meta":{"origin":26825,"position":3},"title":"Kit stylo twist Voile Rose Antique Cuivre Polonais","author":"Guy du Toit","date":"23 janvier 2026","format":false,"excerpt":"Explorez la haute mer avec ce kit de stylos \u00e0 bille sur le th\u00e8me de la marine, parfait pour les amateurs de voile. C'est un excellent cadeau !","rel":"","context":"Article similaire","block_context":{"text":"Article similaire","link":""},"img":{"alt_text":"","src":"https:\/\/i0.wp.com\/guydutoit.com\/wp-content\/uploads\/2026\/01\/RZ-BP241-ARCP_001.jpg?fit=1100%2C740&ssl=1&resize=350%2C200","width":350,"height":200,"srcset":"https:\/\/i0.wp.com\/guydutoit.com\/wp-content\/uploads\/2026\/01\/RZ-BP241-ARCP_001.jpg?fit=1100%2C740&ssl=1&resize=350%2C200 1x, https:\/\/i0.wp.com\/guydutoit.com\/wp-content\/uploads\/2026\/01\/RZ-BP241-ARCP_001.jpg?fit=1100%2C740&ssl=1&resize=525%2C300 1.5x, https:\/\/i0.wp.com\/guydutoit.com\/wp-content\/uploads\/2026\/01\/RZ-BP241-ARCP_001.jpg?fit=1100%2C740&ssl=1&resize=700%2C400 2x, https:\/\/i0.wp.com\/guydutoit.com\/wp-content\/uploads\/2026\/01\/RZ-BP241-ARCP_001.jpg?fit=1100%2C740&ssl=1&resize=1050%2C600 3x"},"classes":[]},{"id":28900,"url":"https:\/\/guydutoit.com\/fr\/product\/kit-stylo-twist-voile-en-bronze-antique-polonais\/","url_meta":{"origin":26825,"position":4},"title":"Kit stylo twist Voile en bronze antique polonais","author":"Guy du Toit","date":"23 janvier 2026","format":false,"excerpt":"D\u00e9couvrez le charme de la navigation avec ce kit de stylos twist en bronze antique. Parfait pour les amateurs de mer et de voile.","rel":"","context":"Article similaire","block_context":{"text":"Article similaire","link":""},"img":{"alt_text":"","src":"https:\/\/i0.wp.com\/guydutoit.com\/wp-content\/uploads\/2026\/01\/RZ-BP241-ABP_001.jpg?fit=1100%2C740&ssl=1&resize=350%2C200","width":350,"height":200,"srcset":"https:\/\/i0.wp.com\/guydutoit.com\/wp-content\/uploads\/2026\/01\/RZ-BP241-ABP_001.jpg?fit=1100%2C740&ssl=1&resize=350%2C200 1x, https:\/\/i0.wp.com\/guydutoit.com\/wp-content\/uploads\/2026\/01\/RZ-BP241-ABP_001.jpg?fit=1100%2C740&ssl=1&resize=525%2C300 1.5x, https:\/\/i0.wp.com\/guydutoit.com\/wp-content\/uploads\/2026\/01\/RZ-BP241-ABP_001.jpg?fit=1100%2C740&ssl=1&resize=700%2C400 2x, https:\/\/i0.wp.com\/guydutoit.com\/wp-content\/uploads\/2026\/01\/RZ-BP241-ABP_001.jpg?fit=1100%2C740&ssl=1&resize=1050%2C600 3x"},"classes":[]},{"id":28735,"url":"https:\/\/guydutoit.com\/fr\/product\/kit-stylo-roller-classic-hurricane-plaque-chrome-noir\/","url_meta":{"origin":26825,"position":5},"title":"Kit stylo roller Classic Hurricane plaqu\u00e9 chrome noir","author":"Guy du Toit","date":"23 janvier 2026","format":false,"excerpt":"Faites l'exp\u00e9rience d'une \u00e9criture douce et soyeuse gr\u00e2ce au fil de pr\u00e9cision \u00e0 action rapide de ce kit de stylo roller classique Hurricane en plaqu\u00e9 chrome noir.","rel":"","context":"Article similaire","block_context":{"text":"Article similaire","link":""},"img":{"alt_text":"","src":"https:\/\/i0.wp.com\/guydutoit.com\/wp-content\/uploads\/2026\/01\/RZ-RP341-BC_002.jpg?fit=1100%2C740&ssl=1&resize=350%2C200","width":350,"height":200,"srcset":"https:\/\/i0.wp.com\/guydutoit.com\/wp-content\/uploads\/2026\/01\/RZ-RP341-BC_002.jpg?fit=1100%2C740&ssl=1&resize=350%2C200 1x, https:\/\/i0.wp.com\/guydutoit.com\/wp-content\/uploads\/2026\/01\/RZ-RP341-BC_002.jpg?fit=1100%2C740&ssl=1&resize=525%2C300 1.5x, https:\/\/i0.wp.com\/guydutoit.com\/wp-content\/uploads\/2026\/01\/RZ-RP341-BC_002.jpg?fit=1100%2C740&ssl=1&resize=700%2C400 2x, https:\/\/i0.wp.com\/guydutoit.com\/wp-content\/uploads\/2026\/01\/RZ-RP341-BC_002.jpg?fit=1100%2C740&ssl=1&resize=1050%2C600 3x"},"classes":[]}],"jetpack_sharing_enabled":true,"jetpack_likes_enabled":true,"_links":{"self":[{"href":"https:\/\/guydutoit.com\/fr\/wp-json\/wp\/v2\/product\/26825","targetHints":{"allow":["GET"]}}],"collection":[{"href":"https:\/\/guydutoit.com\/fr\/wp-json\/wp\/v2\/product"}],"about":[{"href":"https:\/\/guydutoit.com\/fr\/wp-json\/wp\/v2\/types\/product"}],"replies":[{"embeddable":true,"href":"https:\/\/guydutoit.com\/fr\/wp-json\/wp\/v2\/comments?post=26825"}],"wp:featuredmedia":[{"embeddable":true,"href":"https:\/\/guydutoit.com\/fr\/wp-json\/wp\/v2\/media\/26827"}],"wp:attachment":[{"href":"https:\/\/guydutoit.com\/fr\/wp-json\/wp\/v2\/media?parent=26825"}],"wp:term":[{"taxonomy":"product_brand","embeddable":true,"href":"https:\/\/guydutoit.com\/fr\/wp-json\/wp\/v2\/product_brand?post=26825"},{"taxonomy":"product_cat","embeddable":true,"href":"https:\/\/guydutoit.com\/fr\/wp-json\/wp\/v2\/product_cat?post=26825"},{"taxonomy":"product_tag","embeddable":true,"href":"https:\/\/guydutoit.com\/fr\/wp-json\/wp\/v2\/product_tag?post=26825"}],"curies":[{"name":"wp","href":"https:\/\/api.w.org\/{rel}","templated":true}]}}