{"id":27040,"date":"2026-01-23T01:06:17","date_gmt":"2026-01-23T00:06:17","guid":{"rendered":"https:\/\/guydutoit.com\/product\/kit-de-support-pour-rasoir-et-brosse-en-plaque-or-de-qualite-superieure\/"},"modified":"2026-03-21T10:02:27","modified_gmt":"2026-03-21T09:02:27","slug":"kit-de-support-pour-rasoir-et-brosse-en-plaque-or-de-qualite-superieure","status":"publish","type":"product","link":"https:\/\/guydutoit.com\/fr\/product\/kit-de-support-pour-rasoir-et-brosse-en-plaque-or-de-qualite-superieure\/","title":{"rendered":"Kit de support pour rasoir et brosse en plaqu\u00e9 or de qualit\u00e9 sup\u00e9rieure"},"content":{"rendered":"<p>Placage d&#8217;or. Kit de support pour les manches de rasoir et de brosse. Tube de 8,5 mm. Longueur totale : 18 cm. Accessoires : Douille (RZ-PK92#-BU). Vous pouvez t\u00e9l\u00e9charger les instructions PDF pour ce kit <a href=\"https:\/\/guydutoit.com\/wp-content\/uploads\/2026\/01\/Premium-Gold-Plated-Razor-And-Brush-Handle-Stand-Kit.pdf\">ici.<\/a><\/p>\n","protected":false},"excerpt":{"rendered":"<p>Gardez vos manches de rasoir et de brosse organis\u00e9s avec style gr\u00e2ce \u00e0 ce kit de support plaqu\u00e9 or de premi\u00e8re qualit\u00e9 pour les projets de tournage sur bois.<\/p>\n","protected":false},"featured_media":27042,"comment_status":"open","ping_status":"closed","template":"","meta":{"site-sidebar-layout":"","site-content-layout":"","ast-site-content-layout":"","site-content-style":"","site-sidebar-style":"","ast-global-header-display":"","ast-banner-title-visibility":"","ast-main-header-display":"","ast-hfb-above-header-display":"","ast-hfb-below-header-display":"","ast-hfb-mobile-header-display":"","site-post-title":"","ast-breadcrumbs-content":"","ast-featured-img":"","footer-sml-layout":"","ast-disable-related-posts":"","theme-transparent-header-meta":"","adv-header-id-meta":"","stick-header-meta":"","header-above-stick-meta":"","header-main-stick-meta":"","header-below-stick-meta":"","astra-migrate-meta-layouts":"default","ast-page-background-enabled":"default","ast-page-background-meta":{"desktop":{"background-color":"var(--ast-global-color-4)","background-image":"","background-repeat":"repeat","background-position":"center center","background-size":"auto","background-attachment":"scroll","background-type":"","background-media":"","overlay-type":"","overlay-color":"","overlay-opacity":"","overlay-gradient":""},"tablet":{"background-color":"","background-image":"","background-repeat":"repeat","background-position":"center center","background-size":"auto","background-attachment":"scroll","background-type":"","background-media":"","overlay-type":"","overlay-color":"","overlay-opacity":"","overlay-gradient":""},"mobile":{"background-color":"","background-image":"","background-repeat":"repeat","background-position":"center center","background-size":"auto","background-attachment":"scroll","background-type":"","background-media":"","overlay-type":"","overlay-color":"","overlay-opacity":"","overlay-gradient":""}},"ast-content-background-meta":{"desktop":{"background-color":"var(--ast-global-color-5)","background-image":"","background-repeat":"repeat","background-position":"center center","background-size":"auto","background-attachment":"scroll","background-type":"","background-media":"","overlay-type":"","overlay-color":"","overlay-opacity":"","overlay-gradient":""},"tablet":{"background-color":"var(--ast-global-color-5)","background-image":"","background-repeat":"repeat","background-position":"center center","background-size":"auto","background-attachment":"scroll","background-type":"","background-media":"","overlay-type":"","overlay-color":"","overlay-opacity":"","overlay-gradient":""},"mobile":{"background-color":"var(--ast-global-color-5)","background-image":"","background-repeat":"repeat","background-position":"center center","background-size":"auto","background-attachment":"scroll","background-type":"","background-media":"","overlay-type":"","overlay-color":"","overlay-opacity":"","overlay-gradient":""}},"jetpack_post_was_ever_published":false,"jetpack_publicize_message":"","jetpack_publicize_feature_enabled":true,"jetpack_social_post_already_shared":true,"jetpack_social_options":{"image_generator_settings":{"template":"highway","default_image_id":0,"font":"","enabled":false},"version":2}},"product_brand":[],"product_cat":[3146],"product_tag":[409,2438,2437,1751,2439],"class_list":{"0":"post-27040","1":"product","2":"type-product","3":"status-publish","4":"has-post-thumbnail","6":"product_cat-accessoires-pour-le-tournage-du-bois","7":"product_tag-accessoires-pour-le-tournage-du-bois","8":"product_tag-kit-de-poignee-de-brosse","9":"product_tag-kit-de-support-pour-rasoir","10":"product_tag-placage-dor","11":"product_tag-tube-de-85-mm","12":"desktop-align-left","13":"tablet-align-left","14":"mobile-align-left","15":"ast-product-gallery-layout-vertical-slider","16":"ast-product-tabs-layout-horizontal","18":"first","19":"onbackorder","20":"shipping-taxable","21":"purchasable","22":"product-type-simple"},"jetpack_publicize_connections":[],"jetpack-related-posts":[{"id":26635,"url":"https:\/\/guydutoit.com\/fr\/product\/kit-de-quincaillerie-pour-blaireau-de-rasage-en-metal-de-premiere-qualite\/","url_meta":{"origin":27040,"position":0},"title":"Kit de quincaillerie pour blaireau de rasage en m\u00e9tal de premi\u00e8re qualit\u00e9","author":"Guy du Toit","date":"23 janvier 2026","format":false,"excerpt":"Am\u00e9liorez votre exp\u00e9rience de rasage avec ce kit de mat\u00e9riel en m\u00e9tal de premi\u00e8re qualit\u00e9, comprenant un ensemble de brosses et de capuchons d\u00e9coratifs. (la brosse n'est pas incluse)","rel":"","context":"Article similaire","block_context":{"text":"Article similaire","link":""},"img":{"alt_text":"","src":"https:\/\/i0.wp.com\/guydutoit.com\/wp-content\/uploads\/2026\/01\/RZ-PK94-GM_003.jpg?fit=550%2C370&ssl=1&resize=350%2C200","width":350,"height":200,"srcset":"https:\/\/i0.wp.com\/guydutoit.com\/wp-content\/uploads\/2026\/01\/RZ-PK94-GM_003.jpg?fit=550%2C370&ssl=1&resize=350%2C200 1x, https:\/\/i0.wp.com\/guydutoit.com\/wp-content\/uploads\/2026\/01\/RZ-PK94-GM_003.jpg?fit=550%2C370&ssl=1&resize=525%2C300 1.5x"},"classes":[]},{"id":27049,"url":"https:\/\/guydutoit.com\/fr\/product\/kit-daccessoires-pour-blaireau-de-rasage-en-chrome-de-qualite-superieure-avec-coupe-et-capuchon-de-blaireau-decoratif\/","url_meta":{"origin":27040,"position":1},"title":"Kit d&#8217;accessoires pour blaireau de rasage en chrome de qualit\u00e9 sup\u00e9rieure avec coupe et capuchon de blaireau d\u00e9coratif","author":"Guy du Toit","date":"23 janvier 2026","format":false,"excerpt":"Am\u00e9liorez votre exp\u00e9rience de rasage avec ce kit de mat\u00e9riel chrom\u00e9 de premi\u00e8re qualit\u00e9 comprenant un ensemble de brosses et de capuchons d\u00e9coratifs \u00e9l\u00e9gants.","rel":"","context":"Article similaire","block_context":{"text":"Article similaire","link":""},"img":{"alt_text":"","src":"https:\/\/i0.wp.com\/guydutoit.com\/wp-content\/uploads\/2026\/01\/RZ-PK94-CHR_003.jpg?fit=550%2C370&ssl=1&resize=350%2C200","width":350,"height":200,"srcset":"https:\/\/i0.wp.com\/guydutoit.com\/wp-content\/uploads\/2026\/01\/RZ-PK94-CHR_003.jpg?fit=550%2C370&ssl=1&resize=350%2C200 1x, https:\/\/i0.wp.com\/guydutoit.com\/wp-content\/uploads\/2026\/01\/RZ-PK94-CHR_003.jpg?fit=550%2C370&ssl=1&resize=525%2C300 1.5x"},"classes":[]},{"id":27568,"url":"https:\/\/guydutoit.com\/fr\/product\/kit-dornement-dampoule-plaque-or-de-premiere-qualite-pour-les-projets-de-tournage-sur-bois\/","url_meta":{"origin":27040,"position":2},"title":"Kit d&#8217;ornement d&#8217;ampoule plaqu\u00e9 or de premi\u00e8re qualit\u00e9 pour les projets de tournage sur bois","author":"Guy du Toit","date":"23 janvier 2026","format":false,"excerpt":"Am\u00e9liorez vos projets de tournage sur bois avec ce kit d'ornement \u00e0 bulbe plaqu\u00e9 or de premi\u00e8re qualit\u00e9. Cr\u00e9ez de superbes ornements en utilisant des plastiques color\u00e9s, des bois teints ou des mat\u00e9riaux exotiques. Peut \u00e9galement \u00eatre port\u00e9 en collier.","rel":"","context":"Article similaire","block_context":{"text":"Article similaire","link":""},"img":{"alt_text":"","src":"https:\/\/i0.wp.com\/guydutoit.com\/wp-content\/uploads\/2026\/01\/RZ-PK299-G_001.jpg?fit=1100%2C740&ssl=1&resize=350%2C200","width":350,"height":200,"srcset":"https:\/\/i0.wp.com\/guydutoit.com\/wp-content\/uploads\/2026\/01\/RZ-PK299-G_001.jpg?fit=1100%2C740&ssl=1&resize=350%2C200 1x, https:\/\/i0.wp.com\/guydutoit.com\/wp-content\/uploads\/2026\/01\/RZ-PK299-G_001.jpg?fit=1100%2C740&ssl=1&resize=525%2C300 1.5x, https:\/\/i0.wp.com\/guydutoit.com\/wp-content\/uploads\/2026\/01\/RZ-PK299-G_001.jpg?fit=1100%2C740&ssl=1&resize=700%2C400 2x, https:\/\/i0.wp.com\/guydutoit.com\/wp-content\/uploads\/2026\/01\/RZ-PK299-G_001.jpg?fit=1100%2C740&ssl=1&resize=1050%2C600 3x"},"classes":[]},{"id":26158,"url":"https:\/\/guydutoit.com\/fr\/product\/stylo-a-bille-plaque-metal-de-premiere-qualite-pour-les-projets-de-tournage-sur-bois\/","url_meta":{"origin":27040,"position":3},"title":"Stylo \u00e0 bille plaqu\u00e9 m\u00e9tal de premi\u00e8re qualit\u00e9 pour les projets de tournage sur bois","author":"Guy du Toit","date":"23 janvier 2026","format":false,"excerpt":"Am\u00e9liorez vos projets de tournage sur bois avec ce grand stylo plaqu\u00e9 m\u00e9tal de premi\u00e8re qualit\u00e9 qui est tr\u00e8s agr\u00e9able \u00e0 tenir en main. Parfait pour cr\u00e9er des cadeaux uniques !","rel":"","context":"Article similaire","block_context":{"text":"Article similaire","link":""},"img":{"alt_text":"","src":"https:\/\/i0.wp.com\/guydutoit.com\/wp-content\/uploads\/2026\/01\/RZ-BP102-GM_002.jpg?fit=1100%2C740&ssl=1&resize=350%2C200","width":350,"height":200,"srcset":"https:\/\/i0.wp.com\/guydutoit.com\/wp-content\/uploads\/2026\/01\/RZ-BP102-GM_002.jpg?fit=1100%2C740&ssl=1&resize=350%2C200 1x, https:\/\/i0.wp.com\/guydutoit.com\/wp-content\/uploads\/2026\/01\/RZ-BP102-GM_002.jpg?fit=1100%2C740&ssl=1&resize=525%2C300 1.5x, https:\/\/i0.wp.com\/guydutoit.com\/wp-content\/uploads\/2026\/01\/RZ-BP102-GM_002.jpg?fit=1100%2C740&ssl=1&resize=700%2C400 2x, https:\/\/i0.wp.com\/guydutoit.com\/wp-content\/uploads\/2026\/01\/RZ-BP102-GM_002.jpg?fit=1100%2C740&ssl=1&resize=1050%2C600 3x"},"classes":[]},{"id":21630,"url":"https:\/\/guydutoit.com\/fr\/product\/tire-bouchon-en-t-ouvre-bouteille-kit-de-tournage-sur-bois-plaque-or-ou-chrome\/","url_meta":{"origin":27040,"position":4},"title":"Tire-bouchon en T Ouvre-bouteille Kit de tournage sur bois (plaqu\u00e9 or ou chrom\u00e9)","author":"Guy du Toit","date":"28 octobre 2025","format":false,"excerpt":"Cr\u00e9ez un tire-bouchon en T \u00e0 la fois beau et pratique avec ce kit plaqu\u00e9 or ou chrom\u00e9. Le tube unique est s\u00fbr et se range facilement dans une poche, ce qui en fait un cadeau artisanal et un accessoire de pique-nique parfait. Commencez \u00e0 tourner d\u00e8s aujourd'hui !","rel":"","context":"Article similaire","block_context":{"text":"Article similaire","link":""},"img":{"alt_text":"Gros plan du kit de tournage sur bois du tire-bouchon en T chrom\u00e9, montrant les composants m\u00e9talliques, y compris la m\u00e8che du tire-bouchon et les tubes filet\u00e9s.","src":"https:\/\/i0.wp.com\/guydutoit.com\/wp-content\/uploads\/2025\/10\/Chrome-T-corkscrew-bottle-opener-kits.jpg?fit=1100%2C740&ssl=1&resize=350%2C200","width":350,"height":200,"srcset":"https:\/\/i0.wp.com\/guydutoit.com\/wp-content\/uploads\/2025\/10\/Chrome-T-corkscrew-bottle-opener-kits.jpg?fit=1100%2C740&ssl=1&resize=350%2C200 1x, https:\/\/i0.wp.com\/guydutoit.com\/wp-content\/uploads\/2025\/10\/Chrome-T-corkscrew-bottle-opener-kits.jpg?fit=1100%2C740&ssl=1&resize=525%2C300 1.5x, https:\/\/i0.wp.com\/guydutoit.com\/wp-content\/uploads\/2025\/10\/Chrome-T-corkscrew-bottle-opener-kits.jpg?fit=1100%2C740&ssl=1&resize=700%2C400 2x, https:\/\/i0.wp.com\/guydutoit.com\/wp-content\/uploads\/2025\/10\/Chrome-T-corkscrew-bottle-opener-kits.jpg?fit=1100%2C740&ssl=1&resize=1050%2C600 3x"},"classes":[]},{"id":26729,"url":"https:\/\/guydutoit.com\/fr\/product\/kit-douverture-de-lettres-de-luxe-en-plaque-or-pour-le-tournage-sur-bois\/","url_meta":{"origin":27040,"position":5},"title":"Kit d&#8217;ouverture de lettres de luxe en plaqu\u00e9 or pour le tournage sur bois","author":"Guy du Toit","date":"23 janvier 2026","format":false,"excerpt":"D\u00e9couvrez le kit d'ouvre-lettres de luxe plaqu\u00e9 or, robuste et attrayant, dont les lames offrent la sensation substantielle que vous attendez d'un outil de qualit\u00e9.","rel":"","context":"Article similaire","block_context":{"text":"Article similaire","link":""},"img":{"alt_text":"","src":"https:\/\/i0.wp.com\/guydutoit.com\/wp-content\/uploads\/2026\/01\/RZ-LO32-G_001.jpg?fit=1100%2C740&ssl=1&resize=350%2C200","width":350,"height":200,"srcset":"https:\/\/i0.wp.com\/guydutoit.com\/wp-content\/uploads\/2026\/01\/RZ-LO32-G_001.jpg?fit=1100%2C740&ssl=1&resize=350%2C200 1x, https:\/\/i0.wp.com\/guydutoit.com\/wp-content\/uploads\/2026\/01\/RZ-LO32-G_001.jpg?fit=1100%2C740&ssl=1&resize=525%2C300 1.5x, https:\/\/i0.wp.com\/guydutoit.com\/wp-content\/uploads\/2026\/01\/RZ-LO32-G_001.jpg?fit=1100%2C740&ssl=1&resize=700%2C400 2x, https:\/\/i0.wp.com\/guydutoit.com\/wp-content\/uploads\/2026\/01\/RZ-LO32-G_001.jpg?fit=1100%2C740&ssl=1&resize=1050%2C600 3x"},"classes":[]}],"jetpack_sharing_enabled":true,"jetpack_likes_enabled":true,"_links":{"self":[{"href":"https:\/\/guydutoit.com\/fr\/wp-json\/wp\/v2\/product\/27040","targetHints":{"allow":["GET"]}}],"collection":[{"href":"https:\/\/guydutoit.com\/fr\/wp-json\/wp\/v2\/product"}],"about":[{"href":"https:\/\/guydutoit.com\/fr\/wp-json\/wp\/v2\/types\/product"}],"replies":[{"embeddable":true,"href":"https:\/\/guydutoit.com\/fr\/wp-json\/wp\/v2\/comments?post=27040"}],"wp:featuredmedia":[{"embeddable":true,"href":"https:\/\/guydutoit.com\/fr\/wp-json\/wp\/v2\/media\/27042"}],"wp:attachment":[{"href":"https:\/\/guydutoit.com\/fr\/wp-json\/wp\/v2\/media?parent=27040"}],"wp:term":[{"taxonomy":"product_brand","embeddable":true,"href":"https:\/\/guydutoit.com\/fr\/wp-json\/wp\/v2\/product_brand?post=27040"},{"taxonomy":"product_cat","embeddable":true,"href":"https:\/\/guydutoit.com\/fr\/wp-json\/wp\/v2\/product_cat?post=27040"},{"taxonomy":"product_tag","embeddable":true,"href":"https:\/\/guydutoit.com\/fr\/wp-json\/wp\/v2\/product_tag?post=27040"}],"curies":[{"name":"wp","href":"https:\/\/api.w.org\/{rel}","templated":true}]}}