{"id":27124,"date":"2026-01-23T01:08:21","date_gmt":"2026-01-23T00:08:21","guid":{"rendered":"https:\/\/guydutoit.com\/product\/kit-moulin-a-poivre-et-sel-en-ceramique-reglable-controle-de-la-mouture\/"},"modified":"2026-01-23T01:08:21","modified_gmt":"2026-01-23T00:08:21","slug":"kit-moulin-a-poivre-et-sel-en-ceramique-reglable-controle-de-la-mouture","status":"publish","type":"product","link":"https:\/\/guydutoit.com\/fr\/product\/kit-moulin-a-poivre-et-sel-en-ceramique-reglable-controle-de-la-mouture\/","title":{"rendered":"Kit moulin \u00e0 poivre et sel en c\u00e9ramique r\u00e9glable &#8211; contr\u00f4le de la mouture"},"content":{"rendered":"<p>Le moulin \u00e0 sel et \u00e0 poivre en c\u00e9ramique de 12 pouces vous permet d&#8217;ajuster la mouture de grossi\u00e8re \u00e0 fine facilement. Foret (RZ-FBS27, RZ-FBS38), rallonge de foret (RZ-FBE38-08)<\/p>\n","protected":false},"excerpt":{"rendered":"<p>Am\u00e9liorez votre exp\u00e9rience culinaire avec ce moulin \u00e0 sel et \u00e0 poivre en c\u00e9ramique de 12 pouces. R\u00e9glez facilement la mouture, de grossi\u00e8re \u00e0 fine, pour un assaisonnement parfait.<\/p>\n","protected":false},"featured_media":27128,"comment_status":"open","ping_status":"closed","template":"","meta":{"site-sidebar-layout":"","site-content-layout":"","ast-site-content-layout":"","site-content-style":"","site-sidebar-style":"","ast-global-header-display":"","ast-banner-title-visibility":"","ast-main-header-display":"","ast-hfb-above-header-display":"","ast-hfb-below-header-display":"","ast-hfb-mobile-header-display":"","site-post-title":"","ast-breadcrumbs-content":"","ast-featured-img":"","footer-sml-layout":"","ast-disable-related-posts":"","theme-transparent-header-meta":"","adv-header-id-meta":"","stick-header-meta":"","header-above-stick-meta":"","header-main-stick-meta":"","header-below-stick-meta":"","astra-migrate-meta-layouts":"default","ast-page-background-enabled":"default","ast-page-background-meta":{"desktop":{"background-color":"var(--ast-global-color-4)","background-image":"","background-repeat":"repeat","background-position":"center center","background-size":"auto","background-attachment":"scroll","background-type":"","background-media":"","overlay-type":"","overlay-color":"","overlay-opacity":"","overlay-gradient":""},"tablet":{"background-color":"","background-image":"","background-repeat":"repeat","background-position":"center center","background-size":"auto","background-attachment":"scroll","background-type":"","background-media":"","overlay-type":"","overlay-color":"","overlay-opacity":"","overlay-gradient":""},"mobile":{"background-color":"","background-image":"","background-repeat":"repeat","background-position":"center center","background-size":"auto","background-attachment":"scroll","background-type":"","background-media":"","overlay-type":"","overlay-color":"","overlay-opacity":"","overlay-gradient":""}},"ast-content-background-meta":{"desktop":{"background-color":"var(--ast-global-color-5)","background-image":"","background-repeat":"repeat","background-position":"center center","background-size":"auto","background-attachment":"scroll","background-type":"","background-media":"","overlay-type":"","overlay-color":"","overlay-opacity":"","overlay-gradient":""},"tablet":{"background-color":"var(--ast-global-color-5)","background-image":"","background-repeat":"repeat","background-position":"center center","background-size":"auto","background-attachment":"scroll","background-type":"","background-media":"","overlay-type":"","overlay-color":"","overlay-opacity":"","overlay-gradient":""},"mobile":{"background-color":"var(--ast-global-color-5)","background-image":"","background-repeat":"repeat","background-position":"center center","background-size":"auto","background-attachment":"scroll","background-type":"","background-media":"","overlay-type":"","overlay-color":"","overlay-opacity":"","overlay-gradient":""}},"jetpack_post_was_ever_published":false,"jetpack_publicize_message":"","jetpack_publicize_feature_enabled":true,"jetpack_social_post_already_shared":true,"jetpack_social_options":{"image_generator_settings":{"template":"highway","default_image_id":0,"font":"","enabled":false},"version":2}},"product_brand":[],"product_cat":[31],"product_tag":[1054,2512,2510,2511,2133],"class_list":{"0":"post-27124","1":"product","2":"type-product","3":"status-publish","4":"has-post-thumbnail","6":"product_cat-uncategorized","7":"product_tag-kits-de-tournage-sur-bois","8":"product_tag-meche-forstner","9":"product_tag-moulin-a-sel-et-a-poivre-en-ceramique","10":"product_tag-mouture-reglable","11":"product_tag-outils-de-cuisine","12":"desktop-align-left","13":"tablet-align-left","14":"mobile-align-left","15":"ast-product-gallery-layout-vertical-slider","16":"ast-product-tabs-layout-horizontal","18":"first","19":"instock","20":"shipping-taxable","21":"purchasable","22":"product-type-simple"},"jetpack_publicize_connections":[],"jetpack-related-posts":[{"id":27131,"url":"https:\/\/guydutoit.com\/fr\/product\/moulin-a-sel-et-a-poivre-en-ceramique-reglable-8-pouces\/","url_meta":{"origin":27124,"position":0},"title":"Moulin \u00e0 sel et \u00e0 poivre en c\u00e9ramique r\u00e9glable &#8211; 8 pouces","author":"Guy du Toit","date":"23 janvier 2026","format":false,"excerpt":"R\u00e9glez facilement la mouture, de grossi\u00e8re \u00e0 fine, gr\u00e2ce \u00e0 ce moulin \u00e0 sel et \u00e0 poivre en c\u00e9ramique de 8 pouces.","rel":"","context":"Article similaire","block_context":{"text":"Article similaire","link":""},"img":{"alt_text":"","src":"https:\/\/i0.wp.com\/guydutoit.com\/wp-content\/uploads\/2026\/01\/RZ-PK95-C008_002.jpg?fit=550%2C370&ssl=1&resize=350%2C200","width":350,"height":200,"srcset":"https:\/\/i0.wp.com\/guydutoit.com\/wp-content\/uploads\/2026\/01\/RZ-PK95-C008_002.jpg?fit=550%2C370&ssl=1&resize=350%2C200 1x, https:\/\/i0.wp.com\/guydutoit.com\/wp-content\/uploads\/2026\/01\/RZ-PK95-C008_002.jpg?fit=550%2C370&ssl=1&resize=525%2C300 1.5x"},"classes":[]},{"id":27153,"url":"https:\/\/guydutoit.com\/fr\/product\/kit-moulin-a-poivre-et-sel-en-ceramique-reglable-6-pouces\/","url_meta":{"origin":27124,"position":1},"title":"Kit moulin \u00e0 poivre et sel en c\u00e9ramique r\u00e9glable &#8211; 6 pouces","author":"Guy du Toit","date":"23 janvier 2026","format":false,"excerpt":"R\u00e9glez facilement la mouture, de grossi\u00e8re \u00e0 fine, gr\u00e2ce \u00e0 ce moulin \u00e0 sel et \u00e0 poivre en c\u00e9ramique de 6 pouces. Am\u00e9liorez votre exp\u00e9rience en mati\u00e8re d'assaisonnement.","rel":"","context":"Article similaire","block_context":{"text":"Article similaire","link":""},"img":{"alt_text":"","src":"https:\/\/i0.wp.com\/guydutoit.com\/wp-content\/uploads\/2026\/01\/RZ-PK95-C006_002.jpg?fit=550%2C370&ssl=1&resize=350%2C200","width":350,"height":200,"srcset":"https:\/\/i0.wp.com\/guydutoit.com\/wp-content\/uploads\/2026\/01\/RZ-PK95-C006_002.jpg?fit=550%2C370&ssl=1&resize=350%2C200 1x, https:\/\/i0.wp.com\/guydutoit.com\/wp-content\/uploads\/2026\/01\/RZ-PK95-C006_002.jpg?fit=550%2C370&ssl=1&resize=525%2C300 1.5x"},"classes":[]},{"id":27149,"url":"https:\/\/guydutoit.com\/fr\/product\/kit-moulin-a-poivre-et-sel-en-ceramique-reglable-du-gros-grain-au-grain-fin\/","url_meta":{"origin":27124,"position":2},"title":"Kit moulin \u00e0 poivre et sel en c\u00e9ramique r\u00e9glable &#8211; du gros grain au grain fin","author":"Guy du Toit","date":"23 janvier 2026","format":false,"excerpt":"R\u00e9glez facilement la mouture, de grossi\u00e8re \u00e0 fine, gr\u00e2ce \u00e0 ce moulin \u00e0 sel et \u00e0 poivre de 9 pouces en c\u00e9ramique.","rel":"","context":"Article similaire","block_context":{"text":"Article similaire","link":""},"img":{"alt_text":"","src":"https:\/\/i0.wp.com\/guydutoit.com\/wp-content\/uploads\/2026\/01\/RZ-PK95-C009_001.jpg?fit=1100%2C740&ssl=1&resize=350%2C200","width":350,"height":200,"srcset":"https:\/\/i0.wp.com\/guydutoit.com\/wp-content\/uploads\/2026\/01\/RZ-PK95-C009_001.jpg?fit=1100%2C740&ssl=1&resize=350%2C200 1x, https:\/\/i0.wp.com\/guydutoit.com\/wp-content\/uploads\/2026\/01\/RZ-PK95-C009_001.jpg?fit=1100%2C740&ssl=1&resize=525%2C300 1.5x, https:\/\/i0.wp.com\/guydutoit.com\/wp-content\/uploads\/2026\/01\/RZ-PK95-C009_001.jpg?fit=1100%2C740&ssl=1&resize=700%2C400 2x, https:\/\/i0.wp.com\/guydutoit.com\/wp-content\/uploads\/2026\/01\/RZ-PK95-C009_001.jpg?fit=1100%2C740&ssl=1&resize=1050%2C600 3x"},"classes":[]},{"id":27178,"url":"https:\/\/guydutoit.com\/fr\/product\/moulin-a-sel-et-a-poivre-en-ceramique-reglable-du-gros-grain-au-grain-fin\/","url_meta":{"origin":27124,"position":3},"title":"Moulin \u00e0 sel et \u00e0 poivre en c\u00e9ramique r\u00e9glable &#8211; du gros grain au grain fin","author":"Guy du Toit","date":"23 janvier 2026","format":false,"excerpt":"R\u00e9glez facilement la mouture, de grossi\u00e8re \u00e0 fine, gr\u00e2ce \u00e0 ce moulin \u00e0 sel et \u00e0 poivre de 5 pouces en c\u00e9ramique.","rel":"","context":"Article similaire","block_context":{"text":"Article similaire","link":""},"img":{"alt_text":"","src":"https:\/\/i0.wp.com\/guydutoit.com\/wp-content\/uploads\/2026\/01\/RZ-PK95-C005_003.jpg?fit=550%2C370&ssl=1&resize=350%2C200","width":350,"height":200,"srcset":"https:\/\/i0.wp.com\/guydutoit.com\/wp-content\/uploads\/2026\/01\/RZ-PK95-C005_003.jpg?fit=550%2C370&ssl=1&resize=350%2C200 1x, https:\/\/i0.wp.com\/guydutoit.com\/wp-content\/uploads\/2026\/01\/RZ-PK95-C005_003.jpg?fit=550%2C370&ssl=1&resize=525%2C300 1.5x"},"classes":[]},{"id":18655,"url":"https:\/\/guydutoit.com\/fr\/product\/moulin-a-sel-ou-a-poivre-en-ceramique-kit-de-tournage-sur-bois\/","url_meta":{"origin":27124,"position":4},"title":"Moulin \u00e0 sel ou \u00e0 poivre en c\u00e9ramique kit de tournage sur bois","author":"Guy du Toit","date":"9 mai 2025","format":false,"excerpt":"Kits de moulins \u00e0 sel ou \u00e0 poivre en c\u00e9ramique pour le tournage sur bois","rel":"","context":"Article similaire","block_context":{"text":"Article similaire","link":""},"img":{"alt_text":"Kits de moulins \u00e0 poivre en bois","src":"https:\/\/i0.wp.com\/guydutoit.com\/wp-content\/uploads\/2025\/05\/Peppermill-kits.jpg?fit=1100%2C740&ssl=1&resize=350%2C200","width":350,"height":200,"srcset":"https:\/\/i0.wp.com\/guydutoit.com\/wp-content\/uploads\/2025\/05\/Peppermill-kits.jpg?fit=1100%2C740&ssl=1&resize=350%2C200 1x, https:\/\/i0.wp.com\/guydutoit.com\/wp-content\/uploads\/2025\/05\/Peppermill-kits.jpg?fit=1100%2C740&ssl=1&resize=525%2C300 1.5x, https:\/\/i0.wp.com\/guydutoit.com\/wp-content\/uploads\/2025\/05\/Peppermill-kits.jpg?fit=1100%2C740&ssl=1&resize=700%2C400 2x, https:\/\/i0.wp.com\/guydutoit.com\/wp-content\/uploads\/2025\/05\/Peppermill-kits.jpg?fit=1100%2C740&ssl=1&resize=1050%2C600 3x"},"classes":[]},{"id":27066,"url":"https:\/\/guydutoit.com\/fr\/product\/moulin-a-sel-et-a-poivre-de-6-pouces-a-manivelle-avec-mecanisme-de-broyage-en-ceramique\/","url_meta":{"origin":27124,"position":5},"title":"Moulin \u00e0 sel et \u00e0 poivre de 6 pouces \u00e0 manivelle avec m\u00e9canisme de broyage en c\u00e9ramique","author":"Guy du Toit","date":"23 janvier 2026","format":false,"excerpt":"Cr\u00e9ez le cadeau id\u00e9al avec ce moulin \u00e0 sel et \u00e0 poivre facile \u00e0 fabriquer. Id\u00e9al pour les tables de d\u00eener ou de pique-nique.","rel":"","context":"Article similaire","block_context":{"text":"Article similaire","link":""},"img":{"alt_text":"","src":"https:\/\/i0.wp.com\/guydutoit.com\/wp-content\/uploads\/2026\/01\/RZ-PK339-C006_001.jpg?fit=1100%2C740&ssl=1&resize=350%2C200","width":350,"height":200,"srcset":"https:\/\/i0.wp.com\/guydutoit.com\/wp-content\/uploads\/2026\/01\/RZ-PK339-C006_001.jpg?fit=1100%2C740&ssl=1&resize=350%2C200 1x, https:\/\/i0.wp.com\/guydutoit.com\/wp-content\/uploads\/2026\/01\/RZ-PK339-C006_001.jpg?fit=1100%2C740&ssl=1&resize=525%2C300 1.5x, https:\/\/i0.wp.com\/guydutoit.com\/wp-content\/uploads\/2026\/01\/RZ-PK339-C006_001.jpg?fit=1100%2C740&ssl=1&resize=700%2C400 2x, https:\/\/i0.wp.com\/guydutoit.com\/wp-content\/uploads\/2026\/01\/RZ-PK339-C006_001.jpg?fit=1100%2C740&ssl=1&resize=1050%2C600 3x"},"classes":[]}],"jetpack_sharing_enabled":true,"jetpack_likes_enabled":true,"_links":{"self":[{"href":"https:\/\/guydutoit.com\/fr\/wp-json\/wp\/v2\/product\/27124","targetHints":{"allow":["GET"]}}],"collection":[{"href":"https:\/\/guydutoit.com\/fr\/wp-json\/wp\/v2\/product"}],"about":[{"href":"https:\/\/guydutoit.com\/fr\/wp-json\/wp\/v2\/types\/product"}],"replies":[{"embeddable":true,"href":"https:\/\/guydutoit.com\/fr\/wp-json\/wp\/v2\/comments?post=27124"}],"wp:featuredmedia":[{"embeddable":true,"href":"https:\/\/guydutoit.com\/fr\/wp-json\/wp\/v2\/media\/27128"}],"wp:attachment":[{"href":"https:\/\/guydutoit.com\/fr\/wp-json\/wp\/v2\/media?parent=27124"}],"wp:term":[{"taxonomy":"product_brand","embeddable":true,"href":"https:\/\/guydutoit.com\/fr\/wp-json\/wp\/v2\/product_brand?post=27124"},{"taxonomy":"product_cat","embeddable":true,"href":"https:\/\/guydutoit.com\/fr\/wp-json\/wp\/v2\/product_cat?post=27124"},{"taxonomy":"product_tag","embeddable":true,"href":"https:\/\/guydutoit.com\/fr\/wp-json\/wp\/v2\/product_tag?post=27124"}],"curies":[{"name":"wp","href":"https:\/\/api.w.org\/{rel}","templated":true}]}}