{"id":27637,"date":"2026-01-23T01:12:03","date_gmt":"2026-01-23T00:12:03","guid":{"rendered":"https:\/\/guydutoit.com\/product\/kit-kaleidoscope-plaque-or-pour-le-tournage-sur-bois\/"},"modified":"2026-02-09T05:31:58","modified_gmt":"2026-02-09T04:31:58","slug":"kit-kaleidoscope-plaque-or-pour-le-tournage-sur-bois","status":"publish","type":"product","link":"https:\/\/guydutoit.com\/fr\/product\/kit-kaleidoscope-plaque-or-pour-le-tournage-sur-bois\/","title":{"rendered":"Kit kal\u00e9idoscope plaqu\u00e9 or pour le tournage sur bois"},"content":{"rendered":"<p>Placage d&#8217;or. Il s&#8217;agit d&#8217;un kal\u00e9idoscope tr\u00e8s attrayant et facile \u00e0 r\u00e9aliser. Des formes d&#8217;\u0153ufs, des cylindres ou d&#8217;autres formes peuvent \u00eatre adapt\u00e9s pour le r\u00e9aliser. Accessoires : Douille (RZ-PK79#-BU). Vous pouvez t\u00e9l\u00e9charger les instructions PDF pour ce kit <a href=\"https:\/\/guydutoit.com\/wp-content\/uploads\/2026\/01\/Premium-Gold-Plated-Kaleidoscope-Kit-For-Woodturning.pdf\">ici.<\/a><\/p>\n","protected":false},"excerpt":{"rendered":"<p>Cr\u00e9ez des kal\u00e9idoscopes captivants sans effort avec ce kit plaqu\u00e9 or de premi\u00e8re qualit\u00e9. Adaptez facilement les formes d&#8217;\u0153ufs, de cylindres ou d&#8217;autres formes.<\/p>\n","protected":false},"featured_media":27639,"comment_status":"open","ping_status":"closed","template":"","meta":{"site-sidebar-layout":"","site-content-layout":"","ast-site-content-layout":"","site-content-style":"","site-sidebar-style":"","ast-global-header-display":"","ast-banner-title-visibility":"","ast-main-header-display":"","ast-hfb-above-header-display":"","ast-hfb-below-header-display":"","ast-hfb-mobile-header-display":"","site-post-title":"","ast-breadcrumbs-content":"","ast-featured-img":"","footer-sml-layout":"","ast-disable-related-posts":"","theme-transparent-header-meta":"","adv-header-id-meta":"","stick-header-meta":"","header-above-stick-meta":"","header-main-stick-meta":"","header-below-stick-meta":"","astra-migrate-meta-layouts":"default","ast-page-background-enabled":"default","ast-page-background-meta":{"desktop":{"background-color":"var(--ast-global-color-4)","background-image":"","background-repeat":"repeat","background-position":"center center","background-size":"auto","background-attachment":"scroll","background-type":"","background-media":"","overlay-type":"","overlay-color":"","overlay-opacity":"","overlay-gradient":""},"tablet":{"background-color":"","background-image":"","background-repeat":"repeat","background-position":"center center","background-size":"auto","background-attachment":"scroll","background-type":"","background-media":"","overlay-type":"","overlay-color":"","overlay-opacity":"","overlay-gradient":""},"mobile":{"background-color":"","background-image":"","background-repeat":"repeat","background-position":"center center","background-size":"auto","background-attachment":"scroll","background-type":"","background-media":"","overlay-type":"","overlay-color":"","overlay-opacity":"","overlay-gradient":""}},"ast-content-background-meta":{"desktop":{"background-color":"var(--ast-global-color-5)","background-image":"","background-repeat":"repeat","background-position":"center center","background-size":"auto","background-attachment":"scroll","background-type":"","background-media":"","overlay-type":"","overlay-color":"","overlay-opacity":"","overlay-gradient":""},"tablet":{"background-color":"var(--ast-global-color-5)","background-image":"","background-repeat":"repeat","background-position":"center center","background-size":"auto","background-attachment":"scroll","background-type":"","background-media":"","overlay-type":"","overlay-color":"","overlay-opacity":"","overlay-gradient":""},"mobile":{"background-color":"var(--ast-global-color-5)","background-image":"","background-repeat":"repeat","background-position":"center center","background-size":"auto","background-attachment":"scroll","background-type":"","background-media":"","overlay-type":"","overlay-color":"","overlay-opacity":"","overlay-gradient":""}},"jetpack_post_was_ever_published":false,"jetpack_publicize_message":"","jetpack_publicize_feature_enabled":true,"jetpack_social_post_already_shared":true,"jetpack_social_options":{"image_generator_settings":{"template":"highway","default_image_id":0,"font":"","enabled":false},"version":2}},"product_brand":[],"product_cat":[3146],"product_tag":[409,2778,2776,2774,1751],"class_list":{"0":"post-27637","1":"product","2":"type-product","3":"status-publish","4":"has-post-thumbnail","6":"product_cat-accessoires-pour-le-tournage-du-bois","7":"product_tag-accessoires-pour-le-tournage-du-bois","8":"product_tag-formes-cylindriques","9":"product_tag-formes-doeufs","10":"product_tag-kit-kaleidoscope","11":"product_tag-placage-dor","12":"desktop-align-left","13":"tablet-align-left","14":"mobile-align-left","15":"ast-product-gallery-layout-vertical-slider","16":"ast-product-tabs-layout-horizontal","18":"first","19":"instock","20":"shipping-taxable","21":"purchasable","22":"product-type-simple"},"jetpack_publicize_connections":[],"jetpack-related-posts":[{"id":29204,"url":"https:\/\/guydutoit.com\/fr\/product\/kit-de-porte-cles-mince-plaque-or-pour-une-creation-facile\/","url_meta":{"origin":27637,"position":0},"title":"Kit de porte-cl\u00e9s mince plaqu\u00e9 or pour une cr\u00e9ation facile","author":"Guy du Toit","date":"23 janvier 2026","format":false,"excerpt":"Faites de l'artisanat facile et amusant avec ce kit de porte-cl\u00e9s plaqu\u00e9 or. Id\u00e9al pour les cadeaux ou les expositions d'artisanat.","rel":"","context":"Article similaire","block_context":{"text":"Article similaire","link":""},"img":{"alt_text":"","src":"https:\/\/i0.wp.com\/guydutoit.com\/wp-content\/uploads\/2026\/01\/RZ-KR23N-G_001.jpg?fit=1100%2C740&ssl=1&resize=350%2C200","width":350,"height":200,"srcset":"https:\/\/i0.wp.com\/guydutoit.com\/wp-content\/uploads\/2026\/01\/RZ-KR23N-G_001.jpg?fit=1100%2C740&ssl=1&resize=350%2C200 1x, https:\/\/i0.wp.com\/guydutoit.com\/wp-content\/uploads\/2026\/01\/RZ-KR23N-G_001.jpg?fit=1100%2C740&ssl=1&resize=525%2C300 1.5x, https:\/\/i0.wp.com\/guydutoit.com\/wp-content\/uploads\/2026\/01\/RZ-KR23N-G_001.jpg?fit=1100%2C740&ssl=1&resize=700%2C400 2x, https:\/\/i0.wp.com\/guydutoit.com\/wp-content\/uploads\/2026\/01\/RZ-KR23N-G_001.jpg?fit=1100%2C740&ssl=1&resize=1050%2C600 3x"},"classes":[]},{"id":18674,"url":"https:\/\/guydutoit.com\/fr\/product\/set-de-coupe-cylindre-de-moulin-a-papier\/","url_meta":{"origin":27637,"position":1},"title":"Set de coupe-cylindre de moulin \u00e0 papier","author":"Guy du Toit","date":"7 mai 2025","format":false,"excerpt":"Tourneur sur bois Ensemble d \u00ab \u00e9bauches de stylos pour l \u00bb \u00e9quarrissage des extr\u00e9mit\u00e9s des \u00e9bauches de stylos","rel":"","context":"Article similaire","block_context":{"text":"Article similaire","link":""},"img":{"alt_text":"Tournage du bois Moulin \u00e0 plume set d'\u00e9barbage de baril","src":"https:\/\/i0.wp.com\/guydutoit.com\/wp-content\/uploads\/2025\/05\/Pen-mills.jpg?fit=1100%2C740&ssl=1&resize=350%2C200","width":350,"height":200,"srcset":"https:\/\/i0.wp.com\/guydutoit.com\/wp-content\/uploads\/2025\/05\/Pen-mills.jpg?fit=1100%2C740&ssl=1&resize=350%2C200 1x, https:\/\/i0.wp.com\/guydutoit.com\/wp-content\/uploads\/2025\/05\/Pen-mills.jpg?fit=1100%2C740&ssl=1&resize=525%2C300 1.5x, https:\/\/i0.wp.com\/guydutoit.com\/wp-content\/uploads\/2025\/05\/Pen-mills.jpg?fit=1100%2C740&ssl=1&resize=700%2C400 2x, https:\/\/i0.wp.com\/guydutoit.com\/wp-content\/uploads\/2025\/05\/Pen-mills.jpg?fit=1100%2C740&ssl=1&resize=1050%2C600 3x"},"classes":[]},{"id":21630,"url":"https:\/\/guydutoit.com\/fr\/product\/tire-bouchon-en-t-ouvre-bouteille-kit-de-tournage-sur-bois-plaque-or-ou-chrome\/","url_meta":{"origin":27637,"position":2},"title":"Tire-bouchon en T Ouvre-bouteille Kit de tournage sur bois (plaqu\u00e9 or ou chrom\u00e9)","author":"Guy du Toit","date":"28 octobre 2025","format":false,"excerpt":"Cr\u00e9ez un tire-bouchon en T \u00e0 la fois beau et pratique avec ce kit plaqu\u00e9 or ou chrom\u00e9. Le tube unique est s\u00fbr et se range facilement dans une poche, ce qui en fait un cadeau artisanal et un accessoire de pique-nique parfait. Commencez \u00e0 tourner d\u00e8s aujourd'hui !","rel":"","context":"Article similaire","block_context":{"text":"Article similaire","link":""},"img":{"alt_text":"Gros plan du kit de tournage sur bois du tire-bouchon en T chrom\u00e9, montrant les composants m\u00e9talliques, y compris la m\u00e8che du tire-bouchon et les tubes filet\u00e9s.","src":"https:\/\/i0.wp.com\/guydutoit.com\/wp-content\/uploads\/2025\/10\/Chrome-T-corkscrew-bottle-opener-kits.jpg?fit=1100%2C740&ssl=1&resize=350%2C200","width":350,"height":200,"srcset":"https:\/\/i0.wp.com\/guydutoit.com\/wp-content\/uploads\/2025\/10\/Chrome-T-corkscrew-bottle-opener-kits.jpg?fit=1100%2C740&ssl=1&resize=350%2C200 1x, https:\/\/i0.wp.com\/guydutoit.com\/wp-content\/uploads\/2025\/10\/Chrome-T-corkscrew-bottle-opener-kits.jpg?fit=1100%2C740&ssl=1&resize=525%2C300 1.5x, https:\/\/i0.wp.com\/guydutoit.com\/wp-content\/uploads\/2025\/10\/Chrome-T-corkscrew-bottle-opener-kits.jpg?fit=1100%2C740&ssl=1&resize=700%2C400 2x, https:\/\/i0.wp.com\/guydutoit.com\/wp-content\/uploads\/2025\/10\/Chrome-T-corkscrew-bottle-opener-kits.jpg?fit=1100%2C740&ssl=1&resize=1050%2C600 3x"},"classes":[]},{"id":26676,"url":"https:\/\/guydutoit.com\/fr\/product\/gyroscope-a-roulement-a-billes-plaque-or-kit-de-tournage-sur-bois\/","url_meta":{"origin":27637,"position":3},"title":"Gyroscope \u00e0 roulement \u00e0 billes plaqu\u00e9 or Kit de tournage sur bois","author":"Guy du Toit","date":"23 janvier 2026","format":false,"excerpt":"D\u00e9couvrez le plaisir de tourner avec pr\u00e9cision sur n'importe quelle surface gr\u00e2ce \u00e0 ce kit de tournage de gyroscope facile \u00e0 r\u00e9aliser. Parfait pour lib\u00e9rer la cr\u00e9ativit\u00e9 !","rel":"","context":"Article similaire","block_context":{"text":"Article similaire","link":""},"img":{"alt_text":"","src":"https:\/\/i0.wp.com\/guydutoit.com\/wp-content\/uploads\/2026\/01\/RZ-PK44-G_001.jpg?fit=1100%2C740&ssl=1&resize=350%2C200","width":350,"height":200,"srcset":"https:\/\/i0.wp.com\/guydutoit.com\/wp-content\/uploads\/2026\/01\/RZ-PK44-G_001.jpg?fit=1100%2C740&ssl=1&resize=350%2C200 1x, https:\/\/i0.wp.com\/guydutoit.com\/wp-content\/uploads\/2026\/01\/RZ-PK44-G_001.jpg?fit=1100%2C740&ssl=1&resize=525%2C300 1.5x, https:\/\/i0.wp.com\/guydutoit.com\/wp-content\/uploads\/2026\/01\/RZ-PK44-G_001.jpg?fit=1100%2C740&ssl=1&resize=700%2C400 2x, https:\/\/i0.wp.com\/guydutoit.com\/wp-content\/uploads\/2026\/01\/RZ-PK44-G_001.jpg?fit=1100%2C740&ssl=1&resize=1050%2C600 3x"},"classes":[]},{"id":26336,"url":"https:\/\/guydutoit.com\/fr\/product\/pendule-rond-plaque-or-kit-de-pendule-pour-la-guerison-reiki-cadeau\/","url_meta":{"origin":27637,"position":4},"title":"Pendule rond plaqu\u00e9 or Kit de pendule pour la gu\u00e9rison Reiki Cadeau","author":"Guy du Toit","date":"23 janvier 2026","format":false,"excerpt":"Rehaussez vos cadeaux avec ce kit de pendule plaqu\u00e9 or, personnalisable avec des pierres pr\u00e9cieuses naturelles ou des cristaux. Parfait pour Halloween, No\u00ebl ou les cadeaux d'anniversaire.","rel":"","context":"Article similaire","block_context":{"text":"Article similaire","link":""},"img":{"alt_text":"","src":"https:\/\/i0.wp.com\/guydutoit.com\/wp-content\/uploads\/2026\/01\/RZ-PK685-G_001.jpg?fit=1100%2C740&ssl=1&resize=350%2C200","width":350,"height":200,"srcset":"https:\/\/i0.wp.com\/guydutoit.com\/wp-content\/uploads\/2026\/01\/RZ-PK685-G_001.jpg?fit=1100%2C740&ssl=1&resize=350%2C200 1x, https:\/\/i0.wp.com\/guydutoit.com\/wp-content\/uploads\/2026\/01\/RZ-PK685-G_001.jpg?fit=1100%2C740&ssl=1&resize=525%2C300 1.5x, https:\/\/i0.wp.com\/guydutoit.com\/wp-content\/uploads\/2026\/01\/RZ-PK685-G_001.jpg?fit=1100%2C740&ssl=1&resize=700%2C400 2x, https:\/\/i0.wp.com\/guydutoit.com\/wp-content\/uploads\/2026\/01\/RZ-PK685-G_001.jpg?fit=1100%2C740&ssl=1&resize=1050%2C600 3x"},"classes":[]},{"id":29015,"url":"https:\/\/guydutoit.com\/fr\/product\/kit-stylo-roller-plaque-or-premium-avec-bande-centrale-plate\/","url_meta":{"origin":27637,"position":5},"title":"Kit stylo roller plaqu\u00e9 or Premium avec bande centrale plate","author":"Guy du Toit","date":"23 janvier 2026","format":false,"excerpt":"D\u00e9couvrez l'\u00e9quilibre et le poids parfaits avec notre kit de stylo roller plaqu\u00e9 or facile \u00e0 assembler. Ajoutez une touche de luxe \u00e0 vos projets de tournage.","rel":"","context":"Article similaire","block_context":{"text":"Article similaire","link":""},"img":{"alt_text":"","src":"https:\/\/i0.wp.com\/guydutoit.com\/wp-content\/uploads\/2026\/01\/RZ-RP501-ABP_001.jpg?fit=1100%2C740&ssl=1&resize=350%2C200","width":350,"height":200,"srcset":"https:\/\/i0.wp.com\/guydutoit.com\/wp-content\/uploads\/2026\/01\/RZ-RP501-ABP_001.jpg?fit=1100%2C740&ssl=1&resize=350%2C200 1x, https:\/\/i0.wp.com\/guydutoit.com\/wp-content\/uploads\/2026\/01\/RZ-RP501-ABP_001.jpg?fit=1100%2C740&ssl=1&resize=525%2C300 1.5x, https:\/\/i0.wp.com\/guydutoit.com\/wp-content\/uploads\/2026\/01\/RZ-RP501-ABP_001.jpg?fit=1100%2C740&ssl=1&resize=700%2C400 2x, https:\/\/i0.wp.com\/guydutoit.com\/wp-content\/uploads\/2026\/01\/RZ-RP501-ABP_001.jpg?fit=1100%2C740&ssl=1&resize=1050%2C600 3x"},"classes":[]}],"jetpack_sharing_enabled":true,"jetpack_likes_enabled":true,"_links":{"self":[{"href":"https:\/\/guydutoit.com\/fr\/wp-json\/wp\/v2\/product\/27637","targetHints":{"allow":["GET"]}}],"collection":[{"href":"https:\/\/guydutoit.com\/fr\/wp-json\/wp\/v2\/product"}],"about":[{"href":"https:\/\/guydutoit.com\/fr\/wp-json\/wp\/v2\/types\/product"}],"replies":[{"embeddable":true,"href":"https:\/\/guydutoit.com\/fr\/wp-json\/wp\/v2\/comments?post=27637"}],"wp:featuredmedia":[{"embeddable":true,"href":"https:\/\/guydutoit.com\/fr\/wp-json\/wp\/v2\/media\/27639"}],"wp:attachment":[{"href":"https:\/\/guydutoit.com\/fr\/wp-json\/wp\/v2\/media?parent=27637"}],"wp:term":[{"taxonomy":"product_brand","embeddable":true,"href":"https:\/\/guydutoit.com\/fr\/wp-json\/wp\/v2\/product_brand?post=27637"},{"taxonomy":"product_cat","embeddable":true,"href":"https:\/\/guydutoit.com\/fr\/wp-json\/wp\/v2\/product_cat?post=27637"},{"taxonomy":"product_tag","embeddable":true,"href":"https:\/\/guydutoit.com\/fr\/wp-json\/wp\/v2\/product_tag?post=27637"}],"curies":[{"name":"wp","href":"https:\/\/api.w.org\/{rel}","templated":true}]}}