{"id":27710,"date":"2026-01-23T01:12:01","date_gmt":"2026-01-23T00:12:01","guid":{"rendered":"https:\/\/guydutoit.com\/product\/premium-black-double-pen-box-with-sponge-insert\/"},"modified":"2026-02-13T18:04:07","modified_gmt":"2026-02-13T17:04:07","slug":"premium-black-double-pen-box-with-sponge-insert","status":"publish","type":"product","link":"https:\/\/guydutoit.com\/fr\/product\/premium-black-double-pen-box-with-sponge-insert\/","title":{"rendered":"Premium Black Double Pen Box With Sponge Insert"},"content":{"rendered":"<p>Plumier double en papier avec insert en \u00e9ponge. Couleur noire, peut contenir deux stylos fins. Taille : 17,5x6x2,3cm.<\/p>\n","protected":false},"excerpt":{"rendered":"<p>Gardez vos stylos fins en s\u00e9curit\u00e9 et organis\u00e9s gr\u00e2ce \u00e0 ce double plumier noir de qualit\u00e9 sup\u00e9rieure dot\u00e9 d&#8217;un insert en \u00e9ponge.<\/p>\n","protected":false},"featured_media":27712,"comment_status":"open","ping_status":"closed","template":"","meta":{"site-sidebar-layout":"","site-content-layout":"","ast-site-content-layout":"","site-content-style":"","site-sidebar-style":"","ast-global-header-display":"","ast-banner-title-visibility":"","ast-main-header-display":"","ast-hfb-above-header-display":"","ast-hfb-below-header-display":"","ast-hfb-mobile-header-display":"","site-post-title":"","ast-breadcrumbs-content":"","ast-featured-img":"","footer-sml-layout":"","ast-disable-related-posts":"","theme-transparent-header-meta":"","adv-header-id-meta":"","stick-header-meta":"","header-above-stick-meta":"","header-main-stick-meta":"","header-below-stick-meta":"","astra-migrate-meta-layouts":"default","ast-page-background-enabled":"default","ast-page-background-meta":{"desktop":{"background-color":"var(--ast-global-color-4)","background-image":"","background-repeat":"repeat","background-position":"center center","background-size":"auto","background-attachment":"scroll","background-type":"","background-media":"","overlay-type":"","overlay-color":"","overlay-opacity":"","overlay-gradient":""},"tablet":{"background-color":"","background-image":"","background-repeat":"repeat","background-position":"center center","background-size":"auto","background-attachment":"scroll","background-type":"","background-media":"","overlay-type":"","overlay-color":"","overlay-opacity":"","overlay-gradient":""},"mobile":{"background-color":"","background-image":"","background-repeat":"repeat","background-position":"center center","background-size":"auto","background-attachment":"scroll","background-type":"","background-media":"","overlay-type":"","overlay-color":"","overlay-opacity":"","overlay-gradient":""}},"ast-content-background-meta":{"desktop":{"background-color":"var(--ast-global-color-5)","background-image":"","background-repeat":"repeat","background-position":"center center","background-size":"auto","background-attachment":"scroll","background-type":"","background-media":"","overlay-type":"","overlay-color":"","overlay-opacity":"","overlay-gradient":""},"tablet":{"background-color":"var(--ast-global-color-5)","background-image":"","background-repeat":"repeat","background-position":"center center","background-size":"auto","background-attachment":"scroll","background-type":"","background-media":"","overlay-type":"","overlay-color":"","overlay-opacity":"","overlay-gradient":""},"mobile":{"background-color":"var(--ast-global-color-5)","background-image":"","background-repeat":"repeat","background-position":"center center","background-size":"auto","background-attachment":"scroll","background-type":"","background-media":"","overlay-type":"","overlay-color":"","overlay-opacity":"","overlay-gradient":""}},"jetpack_post_was_ever_published":false,"jetpack_publicize_message":"","jetpack_publicize_feature_enabled":true,"jetpack_social_post_already_shared":true,"jetpack_social_options":{"image_generator_settings":{"template":"highway","default_image_id":0,"font":"","enabled":false},"version":2}},"product_brand":[],"product_cat":[3146],"product_tag":[409,2833,2830,2831,2832],"class_list":{"0":"post-27710","1":"product","2":"type-product","3":"status-publish","4":"has-post-thumbnail","6":"product_cat-accessoires-pour-le-tournage-du-bois","7":"product_tag-accessoires-pour-le-tournage-du-bois","8":"product_tag-plumier-double-en-papier","9":"product_tag-plumier-noir","10":"product_tag-porte-stylo-mince","11":"product_tag-solution-de-rangement-des-stylos","12":"desktop-align-left","13":"tablet-align-left","14":"mobile-align-left","15":"ast-product-gallery-layout-vertical-slider","16":"ast-product-tabs-layout-horizontal","18":"first","19":"instock","20":"shipping-taxable","21":"purchasable","22":"product-type-simple"},"jetpack_publicize_connections":[],"jetpack-related-posts":[{"id":27687,"url":"https:\/\/guydutoit.com\/fr\/product\/elegant-coffret-a-stylos-en-papier-double-noir-avec-insertion-deponge\/","url_meta":{"origin":27710,"position":0},"title":"\u00c9l\u00e9gant coffret \u00e0 stylos en papier double noir avec insertion d&#8217;\u00e9ponge","author":"Guy du Toit","date":"23 janvier 2026","format":false,"excerpt":"Gardez vos stylos fins en toute s\u00e9curit\u00e9 et avec style dans cet \u00e9l\u00e9gant plumier noir avec insert en \u00e9ponge. Parfait pour les cadeaux !","rel":"","context":"Article similaire","block_context":{"text":"Article similaire","link":""},"img":{"alt_text":"","src":"https:\/\/i0.wp.com\/guydutoit.com\/wp-content\/uploads\/2026\/01\/RZ-PPB05-DB_002.jpg?fit=1100%2C740&ssl=1&resize=350%2C200","width":350,"height":200,"srcset":"https:\/\/i0.wp.com\/guydutoit.com\/wp-content\/uploads\/2026\/01\/RZ-PPB05-DB_002.jpg?fit=1100%2C740&ssl=1&resize=350%2C200 1x, https:\/\/i0.wp.com\/guydutoit.com\/wp-content\/uploads\/2026\/01\/RZ-PPB05-DB_002.jpg?fit=1100%2C740&ssl=1&resize=525%2C300 1.5x, https:\/\/i0.wp.com\/guydutoit.com\/wp-content\/uploads\/2026\/01\/RZ-PPB05-DB_002.jpg?fit=1100%2C740&ssl=1&resize=700%2C400 2x, https:\/\/i0.wp.com\/guydutoit.com\/wp-content\/uploads\/2026\/01\/RZ-PPB05-DB_002.jpg?fit=1100%2C740&ssl=1&resize=1050%2C600 3x"},"classes":[]},{"id":20859,"url":"https:\/\/guydutoit.com\/fr\/product\/boite-a-stylos-en-papier-colore-orange-avec-motifs\/","url_meta":{"origin":27710,"position":1},"title":"Bo\u00eete \u00e0 stylos en papier color\u00e9 (orange avec motifs)","author":"Guy du Toit","date":"10 septembre 2025","format":false,"excerpt":"Un plumier en papier orange d\u00e9coratif de haute qualit\u00e9 (183 mm x 54 mm x 23 mm) avec un motif. L'insert en \u00e9ponge permet de maintenir et de pr\u00e9senter en toute s\u00e9curit\u00e9 une vari\u00e9t\u00e9 de stylos tourn\u00e9s, des stylos fins aux stylos \u00e0 cigare.","rel":"","context":"Article similaire","block_context":{"text":"Article similaire","link":""},"img":{"alt_text":"Plumier en papier orange avec un motif d\u00e9coratif et un insert en \u00e9ponge pour ranger un stylo en bois fait \u00e0 la main.","src":"https:\/\/i0.wp.com\/guydutoit.com\/wp-content\/uploads\/2025\/09\/Colourful-paper-pen-box-orange.jpg?fit=1100%2C740&ssl=1&resize=350%2C200","width":350,"height":200,"srcset":"https:\/\/i0.wp.com\/guydutoit.com\/wp-content\/uploads\/2025\/09\/Colourful-paper-pen-box-orange.jpg?fit=1100%2C740&ssl=1&resize=350%2C200 1x, https:\/\/i0.wp.com\/guydutoit.com\/wp-content\/uploads\/2025\/09\/Colourful-paper-pen-box-orange.jpg?fit=1100%2C740&ssl=1&resize=525%2C300 1.5x, https:\/\/i0.wp.com\/guydutoit.com\/wp-content\/uploads\/2025\/09\/Colourful-paper-pen-box-orange.jpg?fit=1100%2C740&ssl=1&resize=700%2C400 2x, https:\/\/i0.wp.com\/guydutoit.com\/wp-content\/uploads\/2025\/09\/Colourful-paper-pen-box-orange.jpg?fit=1100%2C740&ssl=1&resize=1050%2C600 3x"},"classes":[]},{"id":28029,"url":"https:\/\/guydutoit.com\/fr\/product\/boite-en-papier-bleue-avec-insert-en-eponge-pour-stylo-slimline-stylo-a-cigare-stylo-plume-hawaiian-love\/","url_meta":{"origin":27710,"position":2},"title":"Bo\u00eete en papier bleue avec insert en \u00e9ponge pour stylo Slimline, stylo \u00e0 cigare, stylo plume Hawaiian Love","author":"Guy du Toit","date":"23 janvier 2026","format":false,"excerpt":"Gardez vos stylos pr\u00e9f\u00e9r\u00e9s en s\u00e9curit\u00e9 et organis\u00e9s gr\u00e2ce \u00e0 cette bo\u00eete en papier bleu avec des motifs et un insert en \u00e9ponge. Parfait pour les stylos fins, les stylos \u00e0 cigare, les stylos \u00e0 plume Hawaiian Love et bien d'autres encore.","rel":"","context":"Article similaire","block_context":{"text":"Article similaire","link":""},"img":{"alt_text":"","src":"https:\/\/i0.wp.com\/guydutoit.com\/wp-content\/uploads\/2026\/01\/RZ-PPB04-BL1_002-1.jpg?fit=1100%2C740&ssl=1&resize=350%2C200","width":350,"height":200,"srcset":"https:\/\/i0.wp.com\/guydutoit.com\/wp-content\/uploads\/2026\/01\/RZ-PPB04-BL1_002-1.jpg?fit=1100%2C740&ssl=1&resize=350%2C200 1x, https:\/\/i0.wp.com\/guydutoit.com\/wp-content\/uploads\/2026\/01\/RZ-PPB04-BL1_002-1.jpg?fit=1100%2C740&ssl=1&resize=525%2C300 1.5x, https:\/\/i0.wp.com\/guydutoit.com\/wp-content\/uploads\/2026\/01\/RZ-PPB04-BL1_002-1.jpg?fit=1100%2C740&ssl=1&resize=700%2C400 2x, https:\/\/i0.wp.com\/guydutoit.com\/wp-content\/uploads\/2026\/01\/RZ-PPB04-BL1_002-1.jpg?fit=1100%2C740&ssl=1&resize=1050%2C600 3x"},"classes":[]},{"id":28053,"url":"https:\/\/guydutoit.com\/fr\/product\/premium-black-paper-pen-box-with-paper-insert-for-cigar-pen-sierra-pen-and-pencil\/","url_meta":{"origin":27710,"position":3},"title":"Premium Black Paper Pen Box With Paper Insert For Cigar Pen, Sierra Pen, And Pencil","author":"Guy du Toit","date":"23 janvier 2026","format":false,"excerpt":"Gardez vos pr\u00e9cieux stylos en s\u00e9curit\u00e9 et organis\u00e9s gr\u00e2ce \u00e0 ce plumier en papier noir de premi\u00e8re qualit\u00e9. Convient parfaitement aux stylos \u00e0 cigare, aux stylos Sierra et aux crayons.","rel":"","context":"Article similaire","block_context":{"text":"Article similaire","link":""},"img":{"alt_text":"","src":"https:\/\/i0.wp.com\/guydutoit.com\/wp-content\/uploads\/2026\/01\/RZ-PPB05-SB_001.jpg?fit=1100%2C740&ssl=1&resize=350%2C200","width":350,"height":200,"srcset":"https:\/\/i0.wp.com\/guydutoit.com\/wp-content\/uploads\/2026\/01\/RZ-PPB05-SB_001.jpg?fit=1100%2C740&ssl=1&resize=350%2C200 1x, https:\/\/i0.wp.com\/guydutoit.com\/wp-content\/uploads\/2026\/01\/RZ-PPB05-SB_001.jpg?fit=1100%2C740&ssl=1&resize=525%2C300 1.5x, https:\/\/i0.wp.com\/guydutoit.com\/wp-content\/uploads\/2026\/01\/RZ-PPB05-SB_001.jpg?fit=1100%2C740&ssl=1&resize=700%2C400 2x, https:\/\/i0.wp.com\/guydutoit.com\/wp-content\/uploads\/2026\/01\/RZ-PPB05-SB_001.jpg?fit=1100%2C740&ssl=1&resize=1050%2C600 3x"},"classes":[]},{"id":29080,"url":"https:\/\/guydutoit.com\/fr\/product\/boite-a-crayons-en-papier-diy-en-paquet-plat-noir\/","url_meta":{"origin":27710,"position":4},"title":"Bo\u00eete \u00e0 crayons en papier Diy en paquet plat noir","author":"Guy du Toit","date":"23 janvier 2026","format":false,"excerpt":"Gagnez de l'espace et r\u00e9duisez vos frais d'exp\u00e9dition gr\u00e2ce \u00e0 ce coffret de stylos en papier noir. Facile \u00e0 ranger et \u00e0 assembler en cas de besoin.","rel":"","context":"Article similaire","block_context":{"text":"Article similaire","link":""},"img":{"alt_text":"","src":"https:\/\/i0.wp.com\/guydutoit.com\/wp-content\/uploads\/2026\/01\/RZ-PPB09-BK_001.jpg?fit=1100%2C740&ssl=1&resize=350%2C200","width":350,"height":200,"srcset":"https:\/\/i0.wp.com\/guydutoit.com\/wp-content\/uploads\/2026\/01\/RZ-PPB09-BK_001.jpg?fit=1100%2C740&ssl=1&resize=350%2C200 1x, https:\/\/i0.wp.com\/guydutoit.com\/wp-content\/uploads\/2026\/01\/RZ-PPB09-BK_001.jpg?fit=1100%2C740&ssl=1&resize=525%2C300 1.5x, https:\/\/i0.wp.com\/guydutoit.com\/wp-content\/uploads\/2026\/01\/RZ-PPB09-BK_001.jpg?fit=1100%2C740&ssl=1&resize=700%2C400 2x, https:\/\/i0.wp.com\/guydutoit.com\/wp-content\/uploads\/2026\/01\/RZ-PPB09-BK_001.jpg?fit=1100%2C740&ssl=1&resize=1050%2C600 3x"},"classes":[]},{"id":21060,"url":"https:\/\/guydutoit.com\/fr\/product\/boite-presentoir-double-pour-stylos-en-papier-noir-avec-couvercle-transparent-copy-2\/","url_meta":{"origin":27710,"position":5},"title":"Bo\u00eete pr\u00e9sentoir pour stylos en papier noir avec couvercle transparent","author":"Guy du Toit","date":"11 septembre 2025","format":false,"excerpt":"Vous \u00eates pr\u00eat \u00e0 pr\u00e9senter l'une de vos plus belles cr\u00e9ations en bois tourn\u00e9 ? Cette bo\u00eete noire \u00e9l\u00e9gante avec un couvercle transparent est la mani\u00e8re id\u00e9ale de pr\u00e9senter un stylo de petite taille. Il rehausse instantan\u00e9ment votre savoir-faire, donnant \u00e0 votre travail un aspect professionnel et pr\u00eat \u00e0 \u00eatre\u2026","rel":"","context":"Article similaire","block_context":{"text":"Article similaire","link":""},"img":{"alt_text":"Un plumier simple noir avec un couvercle transparent, mettant en valeur un stylo fin en bois tourn\u00e9.","src":"https:\/\/i0.wp.com\/guydutoit.com\/wp-content\/uploads\/2025\/09\/PPB05-Paper-pen-box-single2.jpg?fit=1100%2C740&ssl=1&resize=350%2C200","width":350,"height":200,"srcset":"https:\/\/i0.wp.com\/guydutoit.com\/wp-content\/uploads\/2025\/09\/PPB05-Paper-pen-box-single2.jpg?fit=1100%2C740&ssl=1&resize=350%2C200 1x, https:\/\/i0.wp.com\/guydutoit.com\/wp-content\/uploads\/2025\/09\/PPB05-Paper-pen-box-single2.jpg?fit=1100%2C740&ssl=1&resize=525%2C300 1.5x, https:\/\/i0.wp.com\/guydutoit.com\/wp-content\/uploads\/2025\/09\/PPB05-Paper-pen-box-single2.jpg?fit=1100%2C740&ssl=1&resize=700%2C400 2x, https:\/\/i0.wp.com\/guydutoit.com\/wp-content\/uploads\/2025\/09\/PPB05-Paper-pen-box-single2.jpg?fit=1100%2C740&ssl=1&resize=1050%2C600 3x"},"classes":[]}],"jetpack_sharing_enabled":true,"jetpack_likes_enabled":true,"_links":{"self":[{"href":"https:\/\/guydutoit.com\/fr\/wp-json\/wp\/v2\/product\/27710","targetHints":{"allow":["GET"]}}],"collection":[{"href":"https:\/\/guydutoit.com\/fr\/wp-json\/wp\/v2\/product"}],"about":[{"href":"https:\/\/guydutoit.com\/fr\/wp-json\/wp\/v2\/types\/product"}],"replies":[{"embeddable":true,"href":"https:\/\/guydutoit.com\/fr\/wp-json\/wp\/v2\/comments?post=27710"}],"wp:featuredmedia":[{"embeddable":true,"href":"https:\/\/guydutoit.com\/fr\/wp-json\/wp\/v2\/media\/27712"}],"wp:attachment":[{"href":"https:\/\/guydutoit.com\/fr\/wp-json\/wp\/v2\/media?parent=27710"}],"wp:term":[{"taxonomy":"product_brand","embeddable":true,"href":"https:\/\/guydutoit.com\/fr\/wp-json\/wp\/v2\/product_brand?post=27710"},{"taxonomy":"product_cat","embeddable":true,"href":"https:\/\/guydutoit.com\/fr\/wp-json\/wp\/v2\/product_cat?post=27710"},{"taxonomy":"product_tag","embeddable":true,"href":"https:\/\/guydutoit.com\/fr\/wp-json\/wp\/v2\/product_tag?post=27710"}],"curies":[{"name":"wp","href":"https:\/\/api.w.org\/{rel}","templated":true}]}}