{"id":27801,"date":"2026-01-23T01:11:57","date_gmt":"2026-01-23T00:11:57","guid":{"rendered":"https:\/\/guydutoit.com\/product\/outil-de-polissage-en-forme-de-dome-pour-le-tournage-du-bois-diametre-100-mm\/"},"modified":"2026-01-23T01:11:57","modified_gmt":"2026-01-23T00:11:57","slug":"outil-de-polissage-en-forme-de-dome-pour-le-tournage-du-bois-diametre-100-mm","status":"publish","type":"product","link":"https:\/\/guydutoit.com\/fr\/product\/outil-de-polissage-en-forme-de-dome-pour-le-tournage-du-bois-diametre-100-mm\/","title":{"rendered":"Outil de polissage en forme de d\u00f4me pour le tournage du bois, diam\u00e8tre 100 mm"},"content":{"rendered":"<p>Diam\u00e8tre : 100 mm. Sp\u00e9cialement bomb\u00e9 pour polir une surface concave, l&#8217;arbre de 6 mm de diam\u00e8tre s&#8217;adapte \u00e0 la plupart des perceuses \u00e9lectriques.<\/p>\n","protected":false},"excerpt":{"rendered":"<p>Obtenez des surfaces concaves impeccables gr\u00e2ce \u00e0 notre outil de polissage de d\u00f4me pour le tournage du bois. S&#8217;adapte \u00e0 la plupart des perceuses \u00e9lectriques pour une utilisation facile.<\/p>\n","protected":false},"featured_media":27803,"comment_status":"open","ping_status":"closed","template":"","meta":{"site-sidebar-layout":"","site-content-layout":"","ast-site-content-layout":"","site-content-style":"","site-sidebar-style":"","ast-global-header-display":"","ast-banner-title-visibility":"","ast-main-header-display":"","ast-hfb-above-header-display":"","ast-hfb-below-header-display":"","ast-hfb-mobile-header-display":"","site-post-title":"","ast-breadcrumbs-content":"","ast-featured-img":"","footer-sml-layout":"","ast-disable-related-posts":"","theme-transparent-header-meta":"","adv-header-id-meta":"","stick-header-meta":"","header-above-stick-meta":"","header-main-stick-meta":"","header-below-stick-meta":"","astra-migrate-meta-layouts":"default","ast-page-background-enabled":"default","ast-page-background-meta":{"desktop":{"background-color":"var(--ast-global-color-4)","background-image":"","background-repeat":"repeat","background-position":"center center","background-size":"auto","background-attachment":"scroll","background-type":"","background-media":"","overlay-type":"","overlay-color":"","overlay-opacity":"","overlay-gradient":""},"tablet":{"background-color":"","background-image":"","background-repeat":"repeat","background-position":"center center","background-size":"auto","background-attachment":"scroll","background-type":"","background-media":"","overlay-type":"","overlay-color":"","overlay-opacity":"","overlay-gradient":""},"mobile":{"background-color":"","background-image":"","background-repeat":"repeat","background-position":"center center","background-size":"auto","background-attachment":"scroll","background-type":"","background-media":"","overlay-type":"","overlay-color":"","overlay-opacity":"","overlay-gradient":""}},"ast-content-background-meta":{"desktop":{"background-color":"var(--ast-global-color-5)","background-image":"","background-repeat":"repeat","background-position":"center center","background-size":"auto","background-attachment":"scroll","background-type":"","background-media":"","overlay-type":"","overlay-color":"","overlay-opacity":"","overlay-gradient":""},"tablet":{"background-color":"var(--ast-global-color-5)","background-image":"","background-repeat":"repeat","background-position":"center center","background-size":"auto","background-attachment":"scroll","background-type":"","background-media":"","overlay-type":"","overlay-color":"","overlay-opacity":"","overlay-gradient":""},"mobile":{"background-color":"var(--ast-global-color-5)","background-image":"","background-repeat":"repeat","background-position":"center center","background-size":"auto","background-attachment":"scroll","background-type":"","background-media":"","overlay-type":"","overlay-color":"","overlay-opacity":"","overlay-gradient":""}},"jetpack_post_was_ever_published":false,"jetpack_publicize_message":"","jetpack_publicize_feature_enabled":true,"jetpack_social_post_already_shared":true,"jetpack_social_options":{"image_generator_settings":{"template":"highway","default_image_id":0,"font":"","enabled":false},"version":2}},"product_brand":[],"product_cat":[31],"product_tag":[2920,1550,1054,2918,2919],"class_list":{"0":"post-27801","1":"product","2":"type-product","3":"status-publish","4":"has-post-thumbnail","6":"product_cat-uncategorized","7":"product_tag-accessoires-pour-perceuse-electrique","8":"product_tag-fournitures-pour-le-travail-du-bois","9":"product_tag-kits-de-tournage-sur-bois","10":"product_tag-outils-de-polissage","11":"product_tag-surface-concave","12":"desktop-align-left","13":"tablet-align-left","14":"mobile-align-left","15":"ast-product-gallery-layout-vertical-slider","16":"ast-product-tabs-layout-horizontal","18":"first","19":"instock","20":"shipping-taxable","21":"purchasable","22":"product-type-simple"},"jetpack_publicize_connections":[],"jetpack-related-posts":[{"id":18663,"url":"https:\/\/guydutoit.com\/fr\/product\/mop-de-polissage-en-coton-bombe-de-100-mm\/","url_meta":{"origin":27801,"position":0},"title":"Mop de polissage en coton bomb\u00e9 de 100 mm","author":"Guy du Toit","date":"9 mai 2025","format":false,"excerpt":"Mop de polissage en coton bomb\u00e9 de 100 mm pour polir les surfaces concaves telles que les bols","rel":"","context":"Article similaire","block_context":{"text":"Article similaire","link":""},"img":{"alt_text":"Mop de polissage en coton bomb\u00e9 de 100 mm","src":"https:\/\/i0.wp.com\/guydutoit.com\/wp-content\/uploads\/2025\/05\/100mm-dome-polishing-mop.jpg?fit=1100%2C740&ssl=1&resize=350%2C200","width":350,"height":200,"srcset":"https:\/\/i0.wp.com\/guydutoit.com\/wp-content\/uploads\/2025\/05\/100mm-dome-polishing-mop.jpg?fit=1100%2C740&ssl=1&resize=350%2C200 1x, https:\/\/i0.wp.com\/guydutoit.com\/wp-content\/uploads\/2025\/05\/100mm-dome-polishing-mop.jpg?fit=1100%2C740&ssl=1&resize=525%2C300 1.5x, https:\/\/i0.wp.com\/guydutoit.com\/wp-content\/uploads\/2025\/05\/100mm-dome-polishing-mop.jpg?fit=1100%2C740&ssl=1&resize=700%2C400 2x, https:\/\/i0.wp.com\/guydutoit.com\/wp-content\/uploads\/2025\/05\/100mm-dome-polishing-mop.jpg?fit=1100%2C740&ssl=1&resize=1050%2C600 3x"},"classes":[]},{"id":18681,"url":"https:\/\/guydutoit.com\/fr\/product\/tampon-de-poncage-de-75-mm\/","url_meta":{"origin":27801,"position":1},"title":"Tampon de pon\u00e7age de 75 mm","author":"Guy du Toit","date":"7 mai 2025","format":false,"excerpt":"Tampon de pon\u00e7age de 75 mm (3 pouces) \u00e0 boucles et crochets (avec fixation pour perceuse).","rel":"","context":"Article similaire","block_context":{"text":"Article similaire","link":""},"img":{"alt_text":"Tampon de pon\u00e7age de 75 mm avec crochets et boucles","src":"https:\/\/i0.wp.com\/guydutoit.com\/wp-content\/uploads\/2025\/05\/3-inch-sanding-pad.jpg?fit=1100%2C740&ssl=1&resize=350%2C200","width":350,"height":200,"srcset":"https:\/\/i0.wp.com\/guydutoit.com\/wp-content\/uploads\/2025\/05\/3-inch-sanding-pad.jpg?fit=1100%2C740&ssl=1&resize=350%2C200 1x, https:\/\/i0.wp.com\/guydutoit.com\/wp-content\/uploads\/2025\/05\/3-inch-sanding-pad.jpg?fit=1100%2C740&ssl=1&resize=525%2C300 1.5x, https:\/\/i0.wp.com\/guydutoit.com\/wp-content\/uploads\/2025\/05\/3-inch-sanding-pad.jpg?fit=1100%2C740&ssl=1&resize=700%2C400 2x, https:\/\/i0.wp.com\/guydutoit.com\/wp-content\/uploads\/2025\/05\/3-inch-sanding-pad.jpg?fit=1100%2C740&ssl=1&resize=1050%2C600 3x"},"classes":[]},{"id":15936,"url":"https:\/\/guydutoit.com\/fr\/product\/munro-hollower-handle-only\/","url_meta":{"origin":27801,"position":2},"title":"Rolly Munro Poign\u00e9es d&#8217;outils d&#8217;\u00e9vidage","author":"Guy du Toit","date":"21 ao\u00fbt 2024","format":false,"excerpt":"Poign\u00e9es Rolly Munro pour gouges et outils d'\u00e9vidage pour le tournage du bois. Les meilleurs !","rel":"","context":"Article similaire","block_context":{"text":"Article similaire","link":""},"img":{"alt_text":"Poign\u00e9es creuses Rolly Munro","src":"https:\/\/i0.wp.com\/guydutoit.com\/wp-content\/uploads\/2024\/11\/Rolly-Munro-Hollower-Handles.png?fit=817%2C1200&ssl=1&resize=350%2C200","width":350,"height":200,"srcset":"https:\/\/i0.wp.com\/guydutoit.com\/wp-content\/uploads\/2024\/11\/Rolly-Munro-Hollower-Handles.png?fit=817%2C1200&ssl=1&resize=350%2C200 1x, https:\/\/i0.wp.com\/guydutoit.com\/wp-content\/uploads\/2024\/11\/Rolly-Munro-Hollower-Handles.png?fit=817%2C1200&ssl=1&resize=525%2C300 1.5x, https:\/\/i0.wp.com\/guydutoit.com\/wp-content\/uploads\/2024\/11\/Rolly-Munro-Hollower-Handles.png?fit=817%2C1200&ssl=1&resize=700%2C400 2x"},"classes":[]},{"id":21706,"url":"https:\/\/guydutoit.com\/fr\/product\/couvercle-pour-pot-pourri-tulipes-en-bronze-antique\/","url_meta":{"origin":27801,"position":3},"title":"Couvercle pour pot-pourri Tulipes en bronze antique","author":"","date":"31 octobre 2025","format":false,"excerpt":"Couvercle de tulipe Potpourri en bronze antique de 80 mm. La touche finale parfaite et haut de gamme pour vos bols en bois tourn\u00e9. Transforme instantan\u00e9ment un simple r\u00e9cipient en bois en un diffuseur de parfum haut de gamme et fonctionnel, tr\u00e8s attractif sur le march\u00e9.","rel":"","context":"Article similaire","block_context":{"text":"Article similaire","link":""},"img":{"alt_text":"Couvercle de pot-pourri tulipes en bronze antique pour projets de tournage sur bois","src":"https:\/\/i0.wp.com\/guydutoit.com\/wp-content\/uploads\/2025\/10\/Antique-bronze-tulips-potpourri-lid.jpg?fit=1100%2C740&ssl=1&resize=350%2C200","width":350,"height":200,"srcset":"https:\/\/i0.wp.com\/guydutoit.com\/wp-content\/uploads\/2025\/10\/Antique-bronze-tulips-potpourri-lid.jpg?fit=1100%2C740&ssl=1&resize=350%2C200 1x, https:\/\/i0.wp.com\/guydutoit.com\/wp-content\/uploads\/2025\/10\/Antique-bronze-tulips-potpourri-lid.jpg?fit=1100%2C740&ssl=1&resize=525%2C300 1.5x, https:\/\/i0.wp.com\/guydutoit.com\/wp-content\/uploads\/2025\/10\/Antique-bronze-tulips-potpourri-lid.jpg?fit=1100%2C740&ssl=1&resize=700%2C400 2x, https:\/\/i0.wp.com\/guydutoit.com\/wp-content\/uploads\/2025\/10\/Antique-bronze-tulips-potpourri-lid.jpg?fit=1100%2C740&ssl=1&resize=1050%2C600 3x"},"classes":[]},{"id":15925,"url":"https:\/\/guydutoit.com\/fr\/product\/munro-sharpening-dowel\/","url_meta":{"origin":27801,"position":4},"title":"Goujon d&#8217;aff\u00fbtage Munro","author":"Guy du Toit","date":"16 ao\u00fbt 2024","format":false,"excerpt":"Chevilles d'aff\u00fbtage de pr\u00e9cision pour l'aff\u00fbtage des molettes de coupe en carbure de tungst\u00e8ne pour les outils de tournage sur bois Munro. B\u00e9n\u00e9ficiez d'une performance de coupe et d'une long\u00e9vit\u00e9 sup\u00e9rieures.","rel":"","context":"Article similaire","block_context":{"text":"Article similaire","link":""},"img":{"alt_text":"Goujon d'aff\u00fbtage Munro pour meules en carbure de tungst\u00e8ne","src":"https:\/\/i0.wp.com\/guydutoit.com\/wp-content\/uploads\/2024\/11\/Munro-Sharpening-Dowel-for-Tungsten-Carbide-Cutting-Wheels.png?fit=678%2C806&ssl=1&resize=350%2C200","width":350,"height":200,"srcset":"https:\/\/i0.wp.com\/guydutoit.com\/wp-content\/uploads\/2024\/11\/Munro-Sharpening-Dowel-for-Tungsten-Carbide-Cutting-Wheels.png?fit=678%2C806&ssl=1&resize=350%2C200 1x, https:\/\/i0.wp.com\/guydutoit.com\/wp-content\/uploads\/2024\/11\/Munro-Sharpening-Dowel-for-Tungsten-Carbide-Cutting-Wheels.png?fit=678%2C806&ssl=1&resize=525%2C300 1.5x"},"classes":[]},{"id":21699,"url":"https:\/\/guydutoit.com\/fr\/product\/couvercle-de-pot-pourri-en-cuivre-rose-antique-avec-noix-de-pin\/","url_meta":{"origin":27801,"position":5},"title":"Couvercle de pot-pourri en cuivre rose et noix de pin : L&#8217;am\u00e9lioration de l&#8217;artisanat","author":"","date":"31 octobre 2025","format":false,"excerpt":"Couvercle en forme de noix de pin de 80 mm en cuivre rose antique. L'accessoire de quincaillerie haut de gamme qui transforme instantan\u00e9ment vos petits r\u00e9cipients en diffuseurs de parfum fonctionnels et de grande valeur. Utilisez ce couvercle pour rehausser votre savoir-faire et accro\u00eetre la valeur commerciale de vos bols\u2026","rel":"","context":"Article similaire","block_context":{"text":"Article similaire","link":""},"img":{"alt_text":"Couvercle de pot-pourri en cuivre rose antique pour projets de tournage sur bois","src":"https:\/\/i0.wp.com\/guydutoit.com\/wp-content\/uploads\/2025\/10\/Antique-rose-copper-pine-nut-potpourri-lid.jpg?fit=1100%2C740&ssl=1&resize=350%2C200","width":350,"height":200,"srcset":"https:\/\/i0.wp.com\/guydutoit.com\/wp-content\/uploads\/2025\/10\/Antique-rose-copper-pine-nut-potpourri-lid.jpg?fit=1100%2C740&ssl=1&resize=350%2C200 1x, https:\/\/i0.wp.com\/guydutoit.com\/wp-content\/uploads\/2025\/10\/Antique-rose-copper-pine-nut-potpourri-lid.jpg?fit=1100%2C740&ssl=1&resize=525%2C300 1.5x, https:\/\/i0.wp.com\/guydutoit.com\/wp-content\/uploads\/2025\/10\/Antique-rose-copper-pine-nut-potpourri-lid.jpg?fit=1100%2C740&ssl=1&resize=700%2C400 2x, https:\/\/i0.wp.com\/guydutoit.com\/wp-content\/uploads\/2025\/10\/Antique-rose-copper-pine-nut-potpourri-lid.jpg?fit=1100%2C740&ssl=1&resize=1050%2C600 3x"},"classes":[]}],"jetpack_sharing_enabled":true,"jetpack_likes_enabled":true,"_links":{"self":[{"href":"https:\/\/guydutoit.com\/fr\/wp-json\/wp\/v2\/product\/27801","targetHints":{"allow":["GET"]}}],"collection":[{"href":"https:\/\/guydutoit.com\/fr\/wp-json\/wp\/v2\/product"}],"about":[{"href":"https:\/\/guydutoit.com\/fr\/wp-json\/wp\/v2\/types\/product"}],"replies":[{"embeddable":true,"href":"https:\/\/guydutoit.com\/fr\/wp-json\/wp\/v2\/comments?post=27801"}],"wp:featuredmedia":[{"embeddable":true,"href":"https:\/\/guydutoit.com\/fr\/wp-json\/wp\/v2\/media\/27803"}],"wp:attachment":[{"href":"https:\/\/guydutoit.com\/fr\/wp-json\/wp\/v2\/media?parent=27801"}],"wp:term":[{"taxonomy":"product_brand","embeddable":true,"href":"https:\/\/guydutoit.com\/fr\/wp-json\/wp\/v2\/product_brand?post=27801"},{"taxonomy":"product_cat","embeddable":true,"href":"https:\/\/guydutoit.com\/fr\/wp-json\/wp\/v2\/product_cat?post=27801"},{"taxonomy":"product_tag","embeddable":true,"href":"https:\/\/guydutoit.com\/fr\/wp-json\/wp\/v2\/product_tag?post=27801"}],"curies":[{"name":"wp","href":"https:\/\/api.w.org\/{rel}","templated":true}]}}