{"id":27845,"date":"2026-01-23T01:11:08","date_gmt":"2026-01-23T00:11:08","guid":{"rendered":"https:\/\/guydutoit.com\/product\/coffret-a-stylos-en-bois-derable-fabrique-a-la-main-idee-cadeau-elegante\/"},"modified":"2026-03-15T17:45:38","modified_gmt":"2026-03-15T16:45:38","slug":"coffret-a-stylos-en-bois-derable-fabrique-a-la-main-idee-cadeau-elegante","status":"publish","type":"product","link":"https:\/\/guydutoit.com\/fr\/product\/coffret-a-stylos-en-bois-derable-fabrique-a-la-main-idee-cadeau-elegante\/","title":{"rendered":"Coffret \u00e0 stylos en bois d&#8217;\u00e9rable fabriqu\u00e9 \u00e0 la main &#8211; Id\u00e9e cadeau \u00e9l\u00e9gante"},"content":{"rendered":"<p>Plumier en bois simple, en bois d&#8217;\u00e9rable. Taille de l&#8217;article : 17.1&#215;4.0x2.4cm<\/p>\n","protected":false},"excerpt":{"rendered":"<p>Gardez vos stylos en s\u00e9curit\u00e9 et avec style gr\u00e2ce \u00e0 ce plumier en bois d&#8217;\u00e9rable fabriqu\u00e9 \u00e0 la main. Parfait pour les cadeaux !<\/p>\n","protected":false},"featured_media":27847,"comment_status":"open","ping_status":"closed","template":"","meta":{"site-sidebar-layout":"","site-content-layout":"","ast-site-content-layout":"","site-content-style":"","site-sidebar-style":"","ast-global-header-display":"","ast-banner-title-visibility":"","ast-main-header-display":"","ast-hfb-above-header-display":"","ast-hfb-below-header-display":"","ast-hfb-mobile-header-display":"","site-post-title":"","ast-breadcrumbs-content":"","ast-featured-img":"","footer-sml-layout":"","ast-disable-related-posts":"","theme-transparent-header-meta":"","adv-header-id-meta":"","stick-header-meta":"","header-above-stick-meta":"","header-main-stick-meta":"","header-below-stick-meta":"","astra-migrate-meta-layouts":"default","ast-page-background-enabled":"default","ast-page-background-meta":{"desktop":{"background-color":"var(--ast-global-color-4)","background-image":"","background-repeat":"repeat","background-position":"center center","background-size":"auto","background-attachment":"scroll","background-type":"","background-media":"","overlay-type":"","overlay-color":"","overlay-opacity":"","overlay-gradient":""},"tablet":{"background-color":"","background-image":"","background-repeat":"repeat","background-position":"center center","background-size":"auto","background-attachment":"scroll","background-type":"","background-media":"","overlay-type":"","overlay-color":"","overlay-opacity":"","overlay-gradient":""},"mobile":{"background-color":"","background-image":"","background-repeat":"repeat","background-position":"center center","background-size":"auto","background-attachment":"scroll","background-type":"","background-media":"","overlay-type":"","overlay-color":"","overlay-opacity":"","overlay-gradient":""}},"ast-content-background-meta":{"desktop":{"background-color":"var(--ast-global-color-5)","background-image":"","background-repeat":"repeat","background-position":"center center","background-size":"auto","background-attachment":"scroll","background-type":"","background-media":"","overlay-type":"","overlay-color":"","overlay-opacity":"","overlay-gradient":""},"tablet":{"background-color":"var(--ast-global-color-5)","background-image":"","background-repeat":"repeat","background-position":"center center","background-size":"auto","background-attachment":"scroll","background-type":"","background-media":"","overlay-type":"","overlay-color":"","overlay-opacity":"","overlay-gradient":""},"mobile":{"background-color":"var(--ast-global-color-5)","background-image":"","background-repeat":"repeat","background-position":"center center","background-size":"auto","background-attachment":"scroll","background-type":"","background-media":"","overlay-type":"","overlay-color":"","overlay-opacity":"","overlay-gradient":""}},"jetpack_post_was_ever_published":false,"jetpack_publicize_message":"","jetpack_publicize_feature_enabled":true,"jetpack_social_post_already_shared":true,"jetpack_social_options":{"image_generator_settings":{"template":"highway","default_image_id":0,"font":"","enabled":false},"version":2}},"product_brand":[],"product_cat":[3146],"product_tag":[2950,2953,1978,1054,874],"class_list":{"0":"post-27845","1":"product","2":"type-product","3":"status-publish","4":"has-post-thumbnail","6":"product_cat-accessoires-pour-le-tournage-du-bois","7":"product_tag-bois-derable","8":"product_tag-coffret-a-stylos-en-bois","9":"product_tag-fournitures-pour-lartisanat","10":"product_tag-kits-de-tournage-sur-bois","11":"product_tag-rangement-des-stylos","12":"desktop-align-left","13":"tablet-align-left","14":"mobile-align-left","15":"ast-product-gallery-layout-vertical-slider","16":"ast-product-tabs-layout-horizontal","18":"first","19":"instock","20":"shipping-taxable","21":"purchasable","22":"product-type-simple"},"jetpack_publicize_connections":[],"jetpack-related-posts":[{"id":27869,"url":"https:\/\/guydutoit.com\/fr\/product\/coffret-a-stylos-unique-en-bois-derable-fabrique-a-la-main-2\/","url_meta":{"origin":27845,"position":0},"title":"Coffret \u00e0 stylos unique en bois d&#8217;\u00e9rable fabriqu\u00e9 \u00e0 la main","author":"Guy du Toit","date":"23 janvier 2026","format":false,"excerpt":"Gardez vos stylos en s\u00e9curit\u00e9 et avec style dans ce magnifique plumier en bois d'\u00e9rable fabriqu\u00e9 \u00e0 la main. Une id\u00e9e de cadeau parfaite !","rel":"","context":"Article similaire","block_context":{"text":"Article similaire","link":""},"img":{"alt_text":"","src":"https:\/\/i0.wp.com\/guydutoit.com\/wp-content\/uploads\/2026\/01\/RZ-002N-SM_001.jpg?fit=1100%2C740&ssl=1&resize=350%2C200","width":350,"height":200,"srcset":"https:\/\/i0.wp.com\/guydutoit.com\/wp-content\/uploads\/2026\/01\/RZ-002N-SM_001.jpg?fit=1100%2C740&ssl=1&resize=350%2C200 1x, https:\/\/i0.wp.com\/guydutoit.com\/wp-content\/uploads\/2026\/01\/RZ-002N-SM_001.jpg?fit=1100%2C740&ssl=1&resize=525%2C300 1.5x, https:\/\/i0.wp.com\/guydutoit.com\/wp-content\/uploads\/2026\/01\/RZ-002N-SM_001.jpg?fit=1100%2C740&ssl=1&resize=700%2C400 2x, https:\/\/i0.wp.com\/guydutoit.com\/wp-content\/uploads\/2026\/01\/RZ-002N-SM_001.jpg?fit=1100%2C740&ssl=1&resize=1050%2C600 3x"},"classes":[]},{"id":27821,"url":"https:\/\/guydutoit.com\/fr\/product\/coffret-a-stylos-unique-en-bois-derable-fabrique-a-la-main\/","url_meta":{"origin":27845,"position":1},"title":"Coffret \u00e0 stylos unique en bois d&#8217;\u00e9rable fabriqu\u00e9 \u00e0 la main","author":"Guy du Toit","date":"23 janvier 2026","format":false,"excerpt":"Gardez vos stylos en s\u00e9curit\u00e9 et avec style gr\u00e2ce \u00e0 notre bo\u00eete \u00e0 stylos en bois d'\u00e9rable fabriqu\u00e9e \u00e0 la main. Parfait pour un cadeau ou un usage personnel.","rel":"","context":"Article similaire","block_context":{"text":"Article similaire","link":""},"img":{"alt_text":"","src":"https:\/\/i0.wp.com\/guydutoit.com\/wp-content\/uploads\/2026\/01\/RZ-037N-SM_001.jpg?fit=1100%2C740&ssl=1&resize=350%2C200","width":350,"height":200,"srcset":"https:\/\/i0.wp.com\/guydutoit.com\/wp-content\/uploads\/2026\/01\/RZ-037N-SM_001.jpg?fit=1100%2C740&ssl=1&resize=350%2C200 1x, https:\/\/i0.wp.com\/guydutoit.com\/wp-content\/uploads\/2026\/01\/RZ-037N-SM_001.jpg?fit=1100%2C740&ssl=1&resize=525%2C300 1.5x, https:\/\/i0.wp.com\/guydutoit.com\/wp-content\/uploads\/2026\/01\/RZ-037N-SM_001.jpg?fit=1100%2C740&ssl=1&resize=700%2C400 2x, https:\/\/i0.wp.com\/guydutoit.com\/wp-content\/uploads\/2026\/01\/RZ-037N-SM_001.jpg?fit=1100%2C740&ssl=1&resize=1050%2C600 3x"},"classes":[]},{"id":27837,"url":"https:\/\/guydutoit.com\/fr\/product\/coffret-a-stylos-double-en-bois-derable-fait-a-la-main\/","url_meta":{"origin":27845,"position":2},"title":"Coffret \u00e0 stylos double en bois d&#8217;\u00e9rable fait \u00e0 la main","author":"Guy du Toit","date":"23 janvier 2026","format":false,"excerpt":"Gardez vos stylos en s\u00e9curit\u00e9 et avec style gr\u00e2ce \u00e0 ce double plumier en bois d'\u00e9rable fabriqu\u00e9 \u00e0 la main. Id\u00e9al pour un cadeau ou un usage personnel.","rel":"","context":"Article similaire","block_context":{"text":"Article similaire","link":""},"img":{"alt_text":"","src":"https:\/\/i0.wp.com\/guydutoit.com\/wp-content\/uploads\/2026\/01\/RZ-004-2-DM_001.jpg?fit=1100%2C740&ssl=1&resize=350%2C200","width":350,"height":200,"srcset":"https:\/\/i0.wp.com\/guydutoit.com\/wp-content\/uploads\/2026\/01\/RZ-004-2-DM_001.jpg?fit=1100%2C740&ssl=1&resize=350%2C200 1x, https:\/\/i0.wp.com\/guydutoit.com\/wp-content\/uploads\/2026\/01\/RZ-004-2-DM_001.jpg?fit=1100%2C740&ssl=1&resize=525%2C300 1.5x, https:\/\/i0.wp.com\/guydutoit.com\/wp-content\/uploads\/2026\/01\/RZ-004-2-DM_001.jpg?fit=1100%2C740&ssl=1&resize=700%2C400 2x, https:\/\/i0.wp.com\/guydutoit.com\/wp-content\/uploads\/2026\/01\/RZ-004-2-DM_001.jpg?fit=1100%2C740&ssl=1&resize=1050%2C600 3x"},"classes":[]},{"id":20977,"url":"https:\/\/guydutoit.com\/fr\/product\/presentoir-de-stylos-en-bois-derable-bicolore\/","url_meta":{"origin":27845,"position":3},"title":"Pr\u00e9sentoir de stylos en bois d&#8217;\u00e9rable bicolore","author":"Guy du Toit","date":"10 septembre 2025","format":false,"excerpt":"Un pr\u00e9sentoir pour stylo unique en bois d'\u00e9rable \u00e9l\u00e9gant avec des panneaux lat\u00e9raux fonc\u00e9s, parfait pour mettre en valeur vos stylos fabriqu\u00e9s \u00e0 la main.","rel":"","context":"Article similaire","block_context":{"text":"Article similaire","link":""},"img":{"alt_text":"Un plumier en bois d'\u00e9rable avec des panneaux lat\u00e9raux fonc\u00e9s, con\u00e7u pour un seul stylo artisanal.","src":"https:\/\/i0.wp.com\/guydutoit.com\/wp-content\/uploads\/2025\/09\/Single-wooden-pen-box.jpg?fit=1100%2C740&ssl=1&resize=350%2C200","width":350,"height":200,"srcset":"https:\/\/i0.wp.com\/guydutoit.com\/wp-content\/uploads\/2025\/09\/Single-wooden-pen-box.jpg?fit=1100%2C740&ssl=1&resize=350%2C200 1x, https:\/\/i0.wp.com\/guydutoit.com\/wp-content\/uploads\/2025\/09\/Single-wooden-pen-box.jpg?fit=1100%2C740&ssl=1&resize=525%2C300 1.5x, https:\/\/i0.wp.com\/guydutoit.com\/wp-content\/uploads\/2025\/09\/Single-wooden-pen-box.jpg?fit=1100%2C740&ssl=1&resize=700%2C400 2x, https:\/\/i0.wp.com\/guydutoit.com\/wp-content\/uploads\/2025\/09\/Single-wooden-pen-box.jpg?fit=1100%2C740&ssl=1&resize=1050%2C600 3x"},"classes":[]},{"id":21010,"url":"https:\/\/guydutoit.com\/fr\/product\/presentoir-a-stylos-et-crayons-en-bois-derable-bicolore\/","url_meta":{"origin":27845,"position":4},"title":"Pr\u00e9sentoir \u00e0 stylos et crayons en bois d&#8217;\u00e9rable bicolore","author":"Guy du Toit","date":"10 septembre 2025","format":false,"excerpt":"Un pr\u00e9sentoir pour deux stylos en bois d'\u00e9rable \u00e9l\u00e9gant avec des panneaux lat\u00e9raux fonc\u00e9s, parfait pour mettre en valeur vos stylos faits \u00e0 la main.","rel":"","context":"Article similaire","block_context":{"text":"Article similaire","link":""},"img":{"alt_text":"Un plumier en bois d'\u00e9rable avec des panneaux lat\u00e9raux fonc\u00e9s, con\u00e7u pour deux stylos artisanaux ou une parure de stylos et de crayons.","src":"https:\/\/i0.wp.com\/guydutoit.com\/wp-content\/uploads\/2025\/09\/Double-wooden-pen-box.jpg?fit=1100%2C740&ssl=1&resize=350%2C200","width":350,"height":200,"srcset":"https:\/\/i0.wp.com\/guydutoit.com\/wp-content\/uploads\/2025\/09\/Double-wooden-pen-box.jpg?fit=1100%2C740&ssl=1&resize=350%2C200 1x, https:\/\/i0.wp.com\/guydutoit.com\/wp-content\/uploads\/2025\/09\/Double-wooden-pen-box.jpg?fit=1100%2C740&ssl=1&resize=525%2C300 1.5x, https:\/\/i0.wp.com\/guydutoit.com\/wp-content\/uploads\/2025\/09\/Double-wooden-pen-box.jpg?fit=1100%2C740&ssl=1&resize=700%2C400 2x, https:\/\/i0.wp.com\/guydutoit.com\/wp-content\/uploads\/2025\/09\/Double-wooden-pen-box.jpg?fit=1100%2C740&ssl=1&resize=1050%2C600 3x"},"classes":[]},{"id":21005,"url":"https:\/\/guydutoit.com\/fr\/product\/presentoir-de-stylos-en-bois-derable\/","url_meta":{"origin":27845,"position":5},"title":"Pr\u00e9sentoir de stylos en bois d&#8217;\u00e9rable","author":"Guy du Toit","date":"10 septembre 2025","format":false,"excerpt":"Une bo\u00eete de pr\u00e9sentation \u00e9l\u00e9gante en \u00e9rable massif avec des c\u00f4t\u00e9s doux et arrondis, parfaite pour mettre en valeur un seul stylo.","rel":"","context":"Article similaire","block_context":{"text":"Article similaire","link":""},"img":{"alt_text":"Un plumier en bois d'\u00e9rable, con\u00e7u pour un seul stylo artisanal.","src":"https:\/\/i0.wp.com\/guydutoit.com\/wp-content\/uploads\/2025\/09\/Maple-Single-wooden-pen-box.jpg?fit=1100%2C740&ssl=1&resize=350%2C200","width":350,"height":200,"srcset":"https:\/\/i0.wp.com\/guydutoit.com\/wp-content\/uploads\/2025\/09\/Maple-Single-wooden-pen-box.jpg?fit=1100%2C740&ssl=1&resize=350%2C200 1x, https:\/\/i0.wp.com\/guydutoit.com\/wp-content\/uploads\/2025\/09\/Maple-Single-wooden-pen-box.jpg?fit=1100%2C740&ssl=1&resize=525%2C300 1.5x, https:\/\/i0.wp.com\/guydutoit.com\/wp-content\/uploads\/2025\/09\/Maple-Single-wooden-pen-box.jpg?fit=1100%2C740&ssl=1&resize=700%2C400 2x, https:\/\/i0.wp.com\/guydutoit.com\/wp-content\/uploads\/2025\/09\/Maple-Single-wooden-pen-box.jpg?fit=1100%2C740&ssl=1&resize=1050%2C600 3x"},"classes":[]}],"jetpack_sharing_enabled":true,"jetpack_likes_enabled":true,"_links":{"self":[{"href":"https:\/\/guydutoit.com\/fr\/wp-json\/wp\/v2\/product\/27845","targetHints":{"allow":["GET"]}}],"collection":[{"href":"https:\/\/guydutoit.com\/fr\/wp-json\/wp\/v2\/product"}],"about":[{"href":"https:\/\/guydutoit.com\/fr\/wp-json\/wp\/v2\/types\/product"}],"replies":[{"embeddable":true,"href":"https:\/\/guydutoit.com\/fr\/wp-json\/wp\/v2\/comments?post=27845"}],"wp:featuredmedia":[{"embeddable":true,"href":"https:\/\/guydutoit.com\/fr\/wp-json\/wp\/v2\/media\/27847"}],"wp:attachment":[{"href":"https:\/\/guydutoit.com\/fr\/wp-json\/wp\/v2\/media?parent=27845"}],"wp:term":[{"taxonomy":"product_brand","embeddable":true,"href":"https:\/\/guydutoit.com\/fr\/wp-json\/wp\/v2\/product_brand?post=27845"},{"taxonomy":"product_cat","embeddable":true,"href":"https:\/\/guydutoit.com\/fr\/wp-json\/wp\/v2\/product_cat?post=27845"},{"taxonomy":"product_tag","embeddable":true,"href":"https:\/\/guydutoit.com\/fr\/wp-json\/wp\/v2\/product_tag?post=27845"}],"curies":[{"name":"wp","href":"https:\/\/api.w.org\/{rel}","templated":true}]}}