{"id":27900,"date":"2026-01-23T01:11:08","date_gmt":"2026-01-23T00:11:08","guid":{"rendered":"https:\/\/guydutoit.com\/product\/pochette-a-stylos-en-velours-noir-ideale-pour-les-projets-de-tournage-sur-bois\/"},"modified":"2026-01-29T21:24:40","modified_gmt":"2026-01-29T20:24:40","slug":"pochette-a-stylos-en-velours-noir-ideale-pour-les-projets-de-tournage-sur-bois","status":"publish","type":"product","link":"https:\/\/guydutoit.com\/fr\/product\/pochette-a-stylos-en-velours-noir-ideale-pour-les-projets-de-tournage-sur-bois\/","title":{"rendered":"Pochette \u00e0 stylos en velours noir &#8211; id\u00e9ale pour les projets de tournage sur bois"},"content":{"rendered":"<p>Couleur rose. 4 cm de large et 15,5 cm de long. Ils sont fabriqu\u00e9s en velours noir avec un cordon de serrage et peuvent s&#8217;adapter \u00e0 la plupart des stylos.<\/p>\n","protected":false},"excerpt":{"rendered":"<p>Gardez vos stylos en s\u00e9curit\u00e9 et organis\u00e9s dans cette pochette \u00e0 cordon en velours noir, parfaite pour les projets de tournage sur bois.<\/p>\n","protected":false},"featured_media":27902,"comment_status":"open","ping_status":"closed","template":"","meta":{"site-sidebar-layout":"","site-content-layout":"","ast-site-content-layout":"","site-content-style":"","site-sidebar-style":"","ast-global-header-display":"","ast-banner-title-visibility":"","ast-main-header-display":"","ast-hfb-above-header-display":"","ast-hfb-below-header-display":"","ast-hfb-mobile-header-display":"","site-post-title":"","ast-breadcrumbs-content":"","ast-featured-img":"","footer-sml-layout":"","ast-disable-related-posts":"","theme-transparent-header-meta":"","adv-header-id-meta":"","stick-header-meta":"","header-above-stick-meta":"","header-main-stick-meta":"","header-below-stick-meta":"","astra-migrate-meta-layouts":"default","ast-page-background-enabled":"default","ast-page-background-meta":{"desktop":{"background-color":"var(--ast-global-color-4)","background-image":"","background-repeat":"repeat","background-position":"center center","background-size":"auto","background-attachment":"scroll","background-type":"","background-media":"","overlay-type":"","overlay-color":"","overlay-opacity":"","overlay-gradient":""},"tablet":{"background-color":"","background-image":"","background-repeat":"repeat","background-position":"center center","background-size":"auto","background-attachment":"scroll","background-type":"","background-media":"","overlay-type":"","overlay-color":"","overlay-opacity":"","overlay-gradient":""},"mobile":{"background-color":"","background-image":"","background-repeat":"repeat","background-position":"center center","background-size":"auto","background-attachment":"scroll","background-type":"","background-media":"","overlay-type":"","overlay-color":"","overlay-opacity":"","overlay-gradient":""}},"ast-content-background-meta":{"desktop":{"background-color":"var(--ast-global-color-5)","background-image":"","background-repeat":"repeat","background-position":"center center","background-size":"auto","background-attachment":"scroll","background-type":"","background-media":"","overlay-type":"","overlay-color":"","overlay-opacity":"","overlay-gradient":""},"tablet":{"background-color":"var(--ast-global-color-5)","background-image":"","background-repeat":"repeat","background-position":"center center","background-size":"auto","background-attachment":"scroll","background-type":"","background-media":"","overlay-type":"","overlay-color":"","overlay-opacity":"","overlay-gradient":""},"mobile":{"background-color":"var(--ast-global-color-5)","background-image":"","background-repeat":"repeat","background-position":"center center","background-size":"auto","background-attachment":"scroll","background-type":"","background-media":"","overlay-type":"","overlay-color":"","overlay-opacity":"","overlay-gradient":""}},"jetpack_post_was_ever_published":false,"jetpack_publicize_message":"","jetpack_publicize_feature_enabled":true,"jetpack_social_post_already_shared":true,"jetpack_social_options":{"image_generator_settings":{"template":"highway","default_image_id":0,"font":"","enabled":false},"version":2}},"product_brand":[],"product_cat":[31],"product_tag":[409,2822,2980,2982,2820],"class_list":{"0":"post-27900","1":"product","2":"type-product","3":"status-publish","4":"has-post-thumbnail","6":"product_cat-uncategorized","7":"product_tag-accessoires-pour-le-tournage-du-bois","8":"product_tag-etui-a-stylos-a-cordon","9":"product_tag-kit-de-tournage-sur-bois-rose","10":"product_tag-pochette-en-velours-noir","11":"product_tag-sac-de-rangement-pour-stylos","12":"desktop-align-left","13":"tablet-align-left","14":"mobile-align-left","15":"ast-product-gallery-layout-vertical-slider","16":"ast-product-tabs-layout-horizontal","18":"first","19":"instock","20":"shipping-taxable","21":"purchasable","22":"product-type-simple"},"jetpack_publicize_connections":[],"jetpack-related-posts":[{"id":21047,"url":"https:\/\/guydutoit.com\/fr\/product\/pochette-a-stylos-en-velours-noir-avec-cordon-de-serrage\/","url_meta":{"origin":27900,"position":0},"title":"Pochette \u00e0 stylos en velours noir avec cordon de serrage","author":"Guy du Toit","date":"10 septembre 2025","format":false,"excerpt":"Un \u00e9l\u00e9gant \u00e9tui \u00e0 stylos en velours noir avec un cordon de serrage s\u00e9curis\u00e9, con\u00e7u pour s'adapter \u00e0 la plupart des stylos fins et grands. Parfait pour prot\u00e9ger vos cr\u00e9ations artisanales et ajouter une touche d'\u00e9l\u00e9gance. Dimensions : 190 mm x 40 mm : 190mm x 40mm.","rel":"","context":"Article similaire","block_context":{"text":"Article similaire","link":""},"img":{"alt_text":"Un \u00e9tui \u00e0 stylo \u00e0 cordon en velours noir, con\u00e7u pour prot\u00e9ger les stylos tourn\u00e9s en bois.","src":"https:\/\/i0.wp.com\/guydutoit.com\/wp-content\/uploads\/2025\/09\/Black-velvet-drawstring-pen-pouch.jpg?fit=1100%2C740&ssl=1&resize=350%2C200","width":350,"height":200,"srcset":"https:\/\/i0.wp.com\/guydutoit.com\/wp-content\/uploads\/2025\/09\/Black-velvet-drawstring-pen-pouch.jpg?fit=1100%2C740&ssl=1&resize=350%2C200 1x, https:\/\/i0.wp.com\/guydutoit.com\/wp-content\/uploads\/2025\/09\/Black-velvet-drawstring-pen-pouch.jpg?fit=1100%2C740&ssl=1&resize=525%2C300 1.5x, https:\/\/i0.wp.com\/guydutoit.com\/wp-content\/uploads\/2025\/09\/Black-velvet-drawstring-pen-pouch.jpg?fit=1100%2C740&ssl=1&resize=700%2C400 2x, https:\/\/i0.wp.com\/guydutoit.com\/wp-content\/uploads\/2025\/09\/Black-velvet-drawstring-pen-pouch.jpg?fit=1100%2C740&ssl=1&resize=1050%2C600 3x"},"classes":[]},{"id":27679,"url":"https:\/\/guydutoit.com\/fr\/product\/elegant-etui-a-stylos-en-velours-noir-avec-cordon-de-serrage\/","url_meta":{"origin":27900,"position":1},"title":"\u00c9l\u00e9gant \u00e9tui \u00e0 stylos en velours noir avec cordon de serrage","author":"Guy du Toit","date":"23 janvier 2026","format":false,"excerpt":"Gardez vos stylos en s\u00e9curit\u00e9 et avec style gr\u00e2ce \u00e0 cet \u00e9l\u00e9gant \u00e9tui \u00e0 stylos en velours noir dot\u00e9 d'un cordon de serrage. Convient \u00e0 la plupart des stylos.","rel":"","context":"Article similaire","block_context":{"text":"Article similaire","link":""},"img":{"alt_text":"","src":"https:\/\/i0.wp.com\/guydutoit.com\/wp-content\/uploads\/2026\/01\/RZ-VPB2_001.jpg?fit=1100%2C740&ssl=1&resize=350%2C200","width":350,"height":200,"srcset":"https:\/\/i0.wp.com\/guydutoit.com\/wp-content\/uploads\/2026\/01\/RZ-VPB2_001.jpg?fit=1100%2C740&ssl=1&resize=350%2C200 1x, https:\/\/i0.wp.com\/guydutoit.com\/wp-content\/uploads\/2026\/01\/RZ-VPB2_001.jpg?fit=1100%2C740&ssl=1&resize=525%2C300 1.5x, https:\/\/i0.wp.com\/guydutoit.com\/wp-content\/uploads\/2026\/01\/RZ-VPB2_001.jpg?fit=1100%2C740&ssl=1&resize=700%2C400 2x, https:\/\/i0.wp.com\/guydutoit.com\/wp-content\/uploads\/2026\/01\/RZ-VPB2_001.jpg?fit=1100%2C740&ssl=1&resize=1050%2C600 3x"},"classes":[]},{"id":21050,"url":"https:\/\/guydutoit.com\/fr\/product\/pochette-a-stylos-en-velours-rose-avec-cordon-de-serrage\/","url_meta":{"origin":27900,"position":2},"title":"Pochette \u00e0 stylos en velours rose avec cordon de serrage","author":"Guy du Toit","date":"10 septembre 2025","format":false,"excerpt":"Un \u00e9l\u00e9gant \u00e9tui \u00e0 stylos en velours rose avec un cordon de serrage s\u00e9curis\u00e9, con\u00e7u pour s'adapter \u00e0 la plupart des stylos, qu'ils soient fins ou plus grands. Parfait pour prot\u00e9ger vos cr\u00e9ations artisanales et ajouter une touche d'\u00e9l\u00e9gance. Dimensions : 190 mm x 40 mm : 190mm x 40mm.","rel":"","context":"Article similaire","block_context":{"text":"Article similaire","link":""},"img":{"alt_text":"Un \u00e9tui \u00e0 stylo \u00e0 cordon en velours rose, con\u00e7u pour prot\u00e9ger les stylos tourn\u00e9s en bois.","src":"https:\/\/i0.wp.com\/guydutoit.com\/wp-content\/uploads\/2025\/09\/Pink-velvet-pen-pouches2.jpg?fit=1100%2C740&ssl=1&resize=350%2C200","width":350,"height":200,"srcset":"https:\/\/i0.wp.com\/guydutoit.com\/wp-content\/uploads\/2025\/09\/Pink-velvet-pen-pouches2.jpg?fit=1100%2C740&ssl=1&resize=350%2C200 1x, https:\/\/i0.wp.com\/guydutoit.com\/wp-content\/uploads\/2025\/09\/Pink-velvet-pen-pouches2.jpg?fit=1100%2C740&ssl=1&resize=525%2C300 1.5x, https:\/\/i0.wp.com\/guydutoit.com\/wp-content\/uploads\/2025\/09\/Pink-velvet-pen-pouches2.jpg?fit=1100%2C740&ssl=1&resize=700%2C400 2x, https:\/\/i0.wp.com\/guydutoit.com\/wp-content\/uploads\/2025\/09\/Pink-velvet-pen-pouches2.jpg?fit=1100%2C740&ssl=1&resize=1050%2C600 3x"},"classes":[]},{"id":20940,"url":"https:\/\/guydutoit.com\/fr\/product\/manchons-de-stylos-en-fibre\/","url_meta":{"origin":27900,"position":3},"title":"Manchons de stylos en fibre","author":"Guy du Toit","date":"10 septembre 2025","format":false,"excerpt":"Fourreaux de stylos en fibre de haute qualit\u00e9, souples et durables (153 mm x 34 mm) disponibles dans une gamme de couleurs. La fa\u00e7on id\u00e9ale de prot\u00e9ger et de pr\u00e9senter vos stylos tourn\u00e9s faits \u00e0 la main.","rel":"","context":"Article similaire","block_context":{"text":"Article similaire","link":""},"img":{"alt_text":"Une s\u00e9lection d'\u00e9tuis \u00e0 stylos en fibre color\u00e9e dans les coloris gris, rouge, caf\u00e9, violet et noir, con\u00e7us pour les stylos en bois fabriqu\u00e9s \u00e0 la main.","src":"https:\/\/i0.wp.com\/guydutoit.com\/wp-content\/uploads\/2025\/09\/Fiber-pen-sleeves.jpg?fit=1100%2C740&ssl=1&resize=350%2C200","width":350,"height":200,"srcset":"https:\/\/i0.wp.com\/guydutoit.com\/wp-content\/uploads\/2025\/09\/Fiber-pen-sleeves.jpg?fit=1100%2C740&ssl=1&resize=350%2C200 1x, https:\/\/i0.wp.com\/guydutoit.com\/wp-content\/uploads\/2025\/09\/Fiber-pen-sleeves.jpg?fit=1100%2C740&ssl=1&resize=525%2C300 1.5x, https:\/\/i0.wp.com\/guydutoit.com\/wp-content\/uploads\/2025\/09\/Fiber-pen-sleeves.jpg?fit=1100%2C740&ssl=1&resize=700%2C400 2x, https:\/\/i0.wp.com\/guydutoit.com\/wp-content\/uploads\/2025\/09\/Fiber-pen-sleeves.jpg?fit=1100%2C740&ssl=1&resize=1050%2C600 3x"},"classes":[]},{"id":21105,"url":"https:\/\/guydutoit.com\/fr\/product\/etuis-a-stylos-en-cuir-noir-fait-a-la-main-avec-motif-de-fleurs\/","url_meta":{"origin":27900,"position":4},"title":"\u00c9tuis \u00e0 stylos en cuir noir fait \u00e0 la main avec motif de fleurs","author":"Guy du Toit","date":"11 septembre 2025","format":false,"excerpt":"Cet \u00e9tui \u00e0 stylo en cuir de premi\u00e8re qualit\u00e9, fabriqu\u00e9 \u00e0 la main, est gaufr\u00e9 d'un magnifique motif floral, ajoutant une touche de classe \u00e0 vos stylos finis. C'est le moyen id\u00e9al de prot\u00e9ger et de pr\u00e9senter votre travail.","rel":"","context":"Article similaire","block_context":{"text":"Article similaire","link":""},"img":{"alt_text":"Un \u00e9tui \u00e0 stylo en cuir de haute qualit\u00e9 avec un motif floral d\u00e9taill\u00e9 en relief sur sa surface.","src":"https:\/\/i0.wp.com\/guydutoit.com\/wp-content\/uploads\/2025\/09\/Black-Handmade-Leather-Pen-Sleeves-with-Flower-Pattern-with-pen.jpg?fit=1100%2C740&ssl=1&resize=350%2C200","width":350,"height":200,"srcset":"https:\/\/i0.wp.com\/guydutoit.com\/wp-content\/uploads\/2025\/09\/Black-Handmade-Leather-Pen-Sleeves-with-Flower-Pattern-with-pen.jpg?fit=1100%2C740&ssl=1&resize=350%2C200 1x, https:\/\/i0.wp.com\/guydutoit.com\/wp-content\/uploads\/2025\/09\/Black-Handmade-Leather-Pen-Sleeves-with-Flower-Pattern-with-pen.jpg?fit=1100%2C740&ssl=1&resize=525%2C300 1.5x, https:\/\/i0.wp.com\/guydutoit.com\/wp-content\/uploads\/2025\/09\/Black-Handmade-Leather-Pen-Sleeves-with-Flower-Pattern-with-pen.jpg?fit=1100%2C740&ssl=1&resize=700%2C400 2x, https:\/\/i0.wp.com\/guydutoit.com\/wp-content\/uploads\/2025\/09\/Black-Handmade-Leather-Pen-Sleeves-with-Flower-Pattern-with-pen.jpg?fit=1100%2C740&ssl=1&resize=1050%2C600 3x"},"classes":[]},{"id":20888,"url":"https:\/\/guydutoit.com\/fr\/product\/fourreaux-de-stylos-en-feutre\/","url_meta":{"origin":27900,"position":5},"title":"Fourreaux de stylos en feutre","author":"Guy du Toit","date":"10 septembre 2025","format":false,"excerpt":"Gaines de stylo en feutre de haute qualit\u00e9 disponibles en gris, rouge ou orange. Une mani\u00e8re douce et durable de prot\u00e9ger et de pr\u00e9senter vos stylos tourn\u00e9s faits \u00e0 la main.","rel":"","context":"Article similaire","block_context":{"text":"Article similaire","link":""},"img":{"alt_text":"Fourreaux en feutre, pr\u00eats \u00e0 prot\u00e9ger un stylo en bois fabriqu\u00e9 \u00e0 la main.","src":"https:\/\/i0.wp.com\/guydutoit.com\/wp-content\/uploads\/2025\/09\/Felt-pen-sleeves.jpg?fit=1100%2C740&ssl=1&resize=350%2C200","width":350,"height":200,"srcset":"https:\/\/i0.wp.com\/guydutoit.com\/wp-content\/uploads\/2025\/09\/Felt-pen-sleeves.jpg?fit=1100%2C740&ssl=1&resize=350%2C200 1x, https:\/\/i0.wp.com\/guydutoit.com\/wp-content\/uploads\/2025\/09\/Felt-pen-sleeves.jpg?fit=1100%2C740&ssl=1&resize=525%2C300 1.5x, https:\/\/i0.wp.com\/guydutoit.com\/wp-content\/uploads\/2025\/09\/Felt-pen-sleeves.jpg?fit=1100%2C740&ssl=1&resize=700%2C400 2x, https:\/\/i0.wp.com\/guydutoit.com\/wp-content\/uploads\/2025\/09\/Felt-pen-sleeves.jpg?fit=1100%2C740&ssl=1&resize=1050%2C600 3x"},"classes":[]}],"jetpack_sharing_enabled":true,"jetpack_likes_enabled":true,"_links":{"self":[{"href":"https:\/\/guydutoit.com\/fr\/wp-json\/wp\/v2\/product\/27900","targetHints":{"allow":["GET"]}}],"collection":[{"href":"https:\/\/guydutoit.com\/fr\/wp-json\/wp\/v2\/product"}],"about":[{"href":"https:\/\/guydutoit.com\/fr\/wp-json\/wp\/v2\/types\/product"}],"replies":[{"embeddable":true,"href":"https:\/\/guydutoit.com\/fr\/wp-json\/wp\/v2\/comments?post=27900"}],"wp:featuredmedia":[{"embeddable":true,"href":"https:\/\/guydutoit.com\/fr\/wp-json\/wp\/v2\/media\/27902"}],"wp:attachment":[{"href":"https:\/\/guydutoit.com\/fr\/wp-json\/wp\/v2\/media?parent=27900"}],"wp:term":[{"taxonomy":"product_brand","embeddable":true,"href":"https:\/\/guydutoit.com\/fr\/wp-json\/wp\/v2\/product_brand?post=27900"},{"taxonomy":"product_cat","embeddable":true,"href":"https:\/\/guydutoit.com\/fr\/wp-json\/wp\/v2\/product_cat?post=27900"},{"taxonomy":"product_tag","embeddable":true,"href":"https:\/\/guydutoit.com\/fr\/wp-json\/wp\/v2\/product_tag?post=27900"}],"curies":[{"name":"wp","href":"https:\/\/api.w.org\/{rel}","templated":true}]}}