{"id":28528,"date":"2026-01-23T00:51:18","date_gmt":"2026-01-22T23:51:18","guid":{"rendered":"https:\/\/guydutoit.com\/product\/kit-stylo-twist-sierra-en-acier-inoxydable-de-premiere-qualite\/"},"modified":"2026-01-23T00:51:18","modified_gmt":"2026-01-22T23:51:18","slug":"kit-stylo-twist-sierra-en-acier-inoxydable-de-premiere-qualite","status":"publish","type":"product","link":"https:\/\/guydutoit.com\/fr\/product\/kit-stylo-twist-sierra-en-acier-inoxydable-de-premiere-qualite\/","title":{"rendered":"Kit stylo twist Sierra en acier inoxydable de premi\u00e8re qualit\u00e9"},"content":{"rendered":"<p>Placage en acier inoxydable (brillant) sierra twist pen kits. La conception du tube unique est tr\u00e8s esth\u00e9tique et facile \u00e0 tourner. Une simple rotation de la section du capuchon et vous \u00eates en action. Un stylo sans concession que vous pouvez utiliser tous les jours. Accessoires : Douille (RZ-BP40#-BU) M\u00e8che (RZ-DB27\/64, RZ-RSDB27\/64) Tubes (RZ-BT40) Moulins \u00e0 stylos (RZ-PM015) Recharge (RZ-F6). Vous pouvez t\u00e9l\u00e9charger les instructions PDF pour ce kit <a href=\"https:\/\/guydutoit.com\/wp-content\/uploads\/2026\/01\/Premium-Stainless-Steel-Plating-Sierra-Twist-Pen-Kit.pdf\">ici.<\/a><\/p>\n","protected":false},"excerpt":{"rendered":"<p>Fabriqu\u00e9 avec un placage en acier inoxydable brillant, ce kit de stylo twist Sierra est dot\u00e9 d&#8217;un tube unique \u00e9l\u00e9gant pour une rotation facile. Il suffit de tourner la section du capuchon pour commencer \u00e0 cr\u00e9er sans effort. Votre compagnon id\u00e9al pour un usage quotidien.<\/p>\n","protected":false},"featured_media":28529,"comment_status":"open","ping_status":"closed","template":"","meta":{"site-sidebar-layout":"","site-content-layout":"","ast-site-content-layout":"","site-content-style":"","site-sidebar-style":"","ast-global-header-display":"","ast-banner-title-visibility":"","ast-main-header-display":"","ast-hfb-above-header-display":"","ast-hfb-below-header-display":"","ast-hfb-mobile-header-display":"","site-post-title":"","ast-breadcrumbs-content":"","ast-featured-img":"","footer-sml-layout":"","ast-disable-related-posts":"","theme-transparent-header-meta":"","adv-header-id-meta":"","stick-header-meta":"","header-above-stick-meta":"","header-main-stick-meta":"","header-below-stick-meta":"","astra-migrate-meta-layouts":"default","ast-page-background-enabled":"default","ast-page-background-meta":{"desktop":{"background-color":"var(--ast-global-color-4)","background-image":"","background-repeat":"repeat","background-position":"center center","background-size":"auto","background-attachment":"scroll","background-type":"","background-media":"","overlay-type":"","overlay-color":"","overlay-opacity":"","overlay-gradient":""},"tablet":{"background-color":"","background-image":"","background-repeat":"repeat","background-position":"center center","background-size":"auto","background-attachment":"scroll","background-type":"","background-media":"","overlay-type":"","overlay-color":"","overlay-opacity":"","overlay-gradient":""},"mobile":{"background-color":"","background-image":"","background-repeat":"repeat","background-position":"center center","background-size":"auto","background-attachment":"scroll","background-type":"","background-media":"","overlay-type":"","overlay-color":"","overlay-opacity":"","overlay-gradient":""}},"ast-content-background-meta":{"desktop":{"background-color":"var(--ast-global-color-5)","background-image":"","background-repeat":"repeat","background-position":"center center","background-size":"auto","background-attachment":"scroll","background-type":"","background-media":"","overlay-type":"","overlay-color":"","overlay-opacity":"","overlay-gradient":""},"tablet":{"background-color":"var(--ast-global-color-5)","background-image":"","background-repeat":"repeat","background-position":"center center","background-size":"auto","background-attachment":"scroll","background-type":"","background-media":"","overlay-type":"","overlay-color":"","overlay-opacity":"","overlay-gradient":""},"mobile":{"background-color":"var(--ast-global-color-5)","background-image":"","background-repeat":"repeat","background-position":"center center","background-size":"auto","background-attachment":"scroll","background-type":"","background-media":"","overlay-type":"","overlay-color":"","overlay-opacity":"","overlay-gradient":""}},"jetpack_post_was_ever_published":false,"jetpack_publicize_message":"","jetpack_publicize_feature_enabled":true,"jetpack_social_post_already_shared":true,"jetpack_social_options":{"image_generator_settings":{"template":"highway","default_image_id":0,"font":"","enabled":false},"version":2}},"product_brand":[],"product_cat":[3146],"product_tag":[409,1694,3185,1607,2722],"class_list":{"0":"post-28528","1":"product","2":"type-product","3":"status-publish","4":"has-post-thumbnail","6":"product_cat-accessoires-pour-le-tournage-du-bois","7":"product_tag-accessoires-pour-le-tournage-du-bois","8":"product_tag-fabrication-de-stylos-diy","9":"product_tag-kit-stylo-en-acier-inoxydable","10":"product_tag-stylo-a-bille-sierra","11":"product_tag-stylo-facile-a-tourner","12":"desktop-align-left","13":"tablet-align-left","14":"mobile-align-left","15":"ast-product-gallery-layout-vertical-slider","16":"ast-product-tabs-layout-horizontal","18":"first","19":"instock","20":"shipping-taxable","21":"purchasable","22":"product-type-simple"},"jetpack_publicize_connections":[],"jetpack-related-posts":[{"id":28981,"url":"https:\/\/guydutoit.com\/fr\/product\/kit-stylo-twist-sierra-plaque-or-et-cuivre-satine\/","url_meta":{"origin":28528,"position":0},"title":"Kit stylo twist Sierra plaqu\u00e9 or et cuivre satin\u00e9","author":"Guy du Toit","date":"23 janvier 2026","format":false,"excerpt":"D\u00e9couvrez l'\u00e9l\u00e9gance du kit de stylo twist Sierra plaqu\u00e9 or et cuivre satin\u00e9. D'un simple tour de main, vous transformez le mod\u00e8le \u00e0 tube unique en un stylo \u00e9l\u00e9gant. Parfait pour une utilisation quotidienne.","rel":"","context":"Article similaire","block_context":{"text":"Article similaire","link":""},"img":{"alt_text":"","src":"https:\/\/i0.wp.com\/guydutoit.com\/wp-content\/uploads\/2026\/01\/RZ-BP40-GSCO_001.jpg?fit=1100%2C740&ssl=1&resize=350%2C200","width":350,"height":200,"srcset":"https:\/\/i0.wp.com\/guydutoit.com\/wp-content\/uploads\/2026\/01\/RZ-BP40-GSCO_001.jpg?fit=1100%2C740&ssl=1&resize=350%2C200 1x, https:\/\/i0.wp.com\/guydutoit.com\/wp-content\/uploads\/2026\/01\/RZ-BP40-GSCO_001.jpg?fit=1100%2C740&ssl=1&resize=525%2C300 1.5x, https:\/\/i0.wp.com\/guydutoit.com\/wp-content\/uploads\/2026\/01\/RZ-BP40-GSCO_001.jpg?fit=1100%2C740&ssl=1&resize=700%2C400 2x, https:\/\/i0.wp.com\/guydutoit.com\/wp-content\/uploads\/2026\/01\/RZ-BP40-GSCO_001.jpg?fit=1100%2C740&ssl=1&resize=1050%2C600 3x"},"classes":[]},{"id":26135,"url":"https:\/\/guydutoit.com\/fr\/product\/premium-matt-gun-metal-polish-sierra-twist-pen-kit\/","url_meta":{"origin":28528,"position":1},"title":"Premium Matt Gun Metal Polish Sierra Twist Pen Kit","author":"Guy du Toit","date":"23 janvier 2026","format":false,"excerpt":"Faites l'exp\u00e9rience d'une rotation sans effort gr\u00e2ce \u00e0 ce kit de stylos twist haut de gamme. Con\u00e7u avec un tube unique et \u00e9l\u00e9gant, ce stylo est parfait pour un usage quotidien.","rel":"","context":"Article similaire","block_context":{"text":"Article similaire","link":""},"img":{"alt_text":"","src":"https:\/\/i0.wp.com\/guydutoit.com\/wp-content\/uploads\/2026\/01\/RZ-BP40-MGMP_001.jpg?fit=1100%2C740&ssl=1&resize=350%2C200","width":350,"height":200,"srcset":"https:\/\/i0.wp.com\/guydutoit.com\/wp-content\/uploads\/2026\/01\/RZ-BP40-MGMP_001.jpg?fit=1100%2C740&ssl=1&resize=350%2C200 1x, https:\/\/i0.wp.com\/guydutoit.com\/wp-content\/uploads\/2026\/01\/RZ-BP40-MGMP_001.jpg?fit=1100%2C740&ssl=1&resize=525%2C300 1.5x, https:\/\/i0.wp.com\/guydutoit.com\/wp-content\/uploads\/2026\/01\/RZ-BP40-MGMP_001.jpg?fit=1100%2C740&ssl=1&resize=700%2C400 2x, https:\/\/i0.wp.com\/guydutoit.com\/wp-content\/uploads\/2026\/01\/RZ-BP40-MGMP_001.jpg?fit=1100%2C740&ssl=1&resize=1050%2C600 3x"},"classes":[]},{"id":29042,"url":"https:\/\/guydutoit.com\/fr\/product\/kit-stylo-twist-sierra-premium-en-chrome-noir-et-nickel-satine\/","url_meta":{"origin":28528,"position":2},"title":"Kit stylo twist Sierra Premium en chrome noir et nickel satin\u00e9","author":"Guy du Toit","date":"23 janvier 2026","format":false,"excerpt":"Tournez sans effort avec notre kit de stylo twist Sierra en chrome noir et nickel satin\u00e9. Un simple geste de rotation pour une utilisation quotidienne.","rel":"","context":"Article similaire","block_context":{"text":"Article similaire","link":""},"img":{"alt_text":"","src":"https:\/\/i0.wp.com\/guydutoit.com\/wp-content\/uploads\/2026\/01\/RZ-BP40-BSN_002.jpg?fit=1100%2C740&ssl=1&resize=350%2C200","width":350,"height":200,"srcset":"https:\/\/i0.wp.com\/guydutoit.com\/wp-content\/uploads\/2026\/01\/RZ-BP40-BSN_002.jpg?fit=1100%2C740&ssl=1&resize=350%2C200 1x, https:\/\/i0.wp.com\/guydutoit.com\/wp-content\/uploads\/2026\/01\/RZ-BP40-BSN_002.jpg?fit=1100%2C740&ssl=1&resize=525%2C300 1.5x, https:\/\/i0.wp.com\/guydutoit.com\/wp-content\/uploads\/2026\/01\/RZ-BP40-BSN_002.jpg?fit=1100%2C740&ssl=1&resize=700%2C400 2x, https:\/\/i0.wp.com\/guydutoit.com\/wp-content\/uploads\/2026\/01\/RZ-BP40-BSN_002.jpg?fit=1100%2C740&ssl=1&resize=1050%2C600 3x"},"classes":[]},{"id":28892,"url":"https:\/\/guydutoit.com\/fr\/product\/stylo-monotube-vert-plaque-or-pour-tourner-facilement\/","url_meta":{"origin":28528,"position":3},"title":"Stylo monotube vert plaqu\u00e9 or pour tourner facilement","author":"Guy du Toit","date":"23 janvier 2026","format":false,"excerpt":"Tournez sans effort ce stylo vert plaqu\u00e9 or d'une simple rotation du capuchon. Parfait pour une utilisation quotidienne.","rel":"","context":"Article similaire","block_context":{"text":"Article similaire","link":""},"img":{"alt_text":"","src":"https:\/\/i0.wp.com\/guydutoit.com\/wp-content\/uploads\/2026\/01\/RZ-BP40-GGR_001.jpg?fit=1100%2C740&ssl=1&resize=350%2C200","width":350,"height":200,"srcset":"https:\/\/i0.wp.com\/guydutoit.com\/wp-content\/uploads\/2026\/01\/RZ-BP40-GGR_001.jpg?fit=1100%2C740&ssl=1&resize=350%2C200 1x, https:\/\/i0.wp.com\/guydutoit.com\/wp-content\/uploads\/2026\/01\/RZ-BP40-GGR_001.jpg?fit=1100%2C740&ssl=1&resize=525%2C300 1.5x, https:\/\/i0.wp.com\/guydutoit.com\/wp-content\/uploads\/2026\/01\/RZ-BP40-GGR_001.jpg?fit=1100%2C740&ssl=1&resize=700%2C400 2x, https:\/\/i0.wp.com\/guydutoit.com\/wp-content\/uploads\/2026\/01\/RZ-BP40-GGR_001.jpg?fit=1100%2C740&ssl=1&resize=1050%2C600 3x"},"classes":[]},{"id":26916,"url":"https:\/\/guydutoit.com\/fr\/product\/stylo-a-bille-en-titane-noir-plaque-or-premium\/","url_meta":{"origin":28528,"position":4},"title":"Stylo \u00e0 bille en titane noir plaqu\u00e9 or Premium","author":"Guy du Toit","date":"23 janvier 2026","format":false,"excerpt":"Ce stylo \u00e9l\u00e9gant \u00e0 tube unique vous permet de tourner sans effort. Il suffit de tourner le capuchon pour commencer \u00e0 cr\u00e9er. Un indispensable durable pour tous les jours.","rel":"","context":"Article similaire","block_context":{"text":"Article similaire","link":""},"img":{"alt_text":"","src":"https:\/\/i0.wp.com\/guydutoit.com\/wp-content\/uploads\/2026\/01\/RZ-BP40-GBT_003.jpg?fit=1100%2C740&ssl=1&resize=350%2C200","width":350,"height":200,"srcset":"https:\/\/i0.wp.com\/guydutoit.com\/wp-content\/uploads\/2026\/01\/RZ-BP40-GBT_003.jpg?fit=1100%2C740&ssl=1&resize=350%2C200 1x, https:\/\/i0.wp.com\/guydutoit.com\/wp-content\/uploads\/2026\/01\/RZ-BP40-GBT_003.jpg?fit=1100%2C740&ssl=1&resize=525%2C300 1.5x, https:\/\/i0.wp.com\/guydutoit.com\/wp-content\/uploads\/2026\/01\/RZ-BP40-GBT_003.jpg?fit=1100%2C740&ssl=1&resize=700%2C400 2x, https:\/\/i0.wp.com\/guydutoit.com\/wp-content\/uploads\/2026\/01\/RZ-BP40-GBT_003.jpg?fit=1100%2C740&ssl=1&resize=1050%2C600 3x"},"classes":[]},{"id":27549,"url":"https:\/\/guydutoit.com\/fr\/product\/stylo-a-bille-premium-plaque-or-et-chrome-noir-mat\/","url_meta":{"origin":28528,"position":5},"title":"Stylo \u00e0 bille Premium plaqu\u00e9 or et chrome noir mat","author":"Guy du Toit","date":"23 janvier 2026","format":false,"excerpt":"Profitez d'une rotation sans effort gr\u00e2ce \u00e0 ce stylo \u00e0 tube unique au design \u00e9pur\u00e9. Il suffit de tourner le capuchon pour obtenir une action en douceur. Un compagnon fiable pour un usage quotidien.","rel":"","context":"Article similaire","block_context":{"text":"Article similaire","link":""},"img":{"alt_text":"","src":"https:\/\/i0.wp.com\/guydutoit.com\/wp-content\/uploads\/2026\/01\/RZ-BP40-GMBC_001.jpg?fit=1100%2C740&ssl=1&resize=350%2C200","width":350,"height":200,"srcset":"https:\/\/i0.wp.com\/guydutoit.com\/wp-content\/uploads\/2026\/01\/RZ-BP40-GMBC_001.jpg?fit=1100%2C740&ssl=1&resize=350%2C200 1x, https:\/\/i0.wp.com\/guydutoit.com\/wp-content\/uploads\/2026\/01\/RZ-BP40-GMBC_001.jpg?fit=1100%2C740&ssl=1&resize=525%2C300 1.5x, https:\/\/i0.wp.com\/guydutoit.com\/wp-content\/uploads\/2026\/01\/RZ-BP40-GMBC_001.jpg?fit=1100%2C740&ssl=1&resize=700%2C400 2x, https:\/\/i0.wp.com\/guydutoit.com\/wp-content\/uploads\/2026\/01\/RZ-BP40-GMBC_001.jpg?fit=1100%2C740&ssl=1&resize=1050%2C600 3x"},"classes":[]}],"jetpack_sharing_enabled":true,"jetpack_likes_enabled":true,"_links":{"self":[{"href":"https:\/\/guydutoit.com\/fr\/wp-json\/wp\/v2\/product\/28528","targetHints":{"allow":["GET"]}}],"collection":[{"href":"https:\/\/guydutoit.com\/fr\/wp-json\/wp\/v2\/product"}],"about":[{"href":"https:\/\/guydutoit.com\/fr\/wp-json\/wp\/v2\/types\/product"}],"replies":[{"embeddable":true,"href":"https:\/\/guydutoit.com\/fr\/wp-json\/wp\/v2\/comments?post=28528"}],"wp:featuredmedia":[{"embeddable":true,"href":"https:\/\/guydutoit.com\/fr\/wp-json\/wp\/v2\/media\/28529"}],"wp:attachment":[{"href":"https:\/\/guydutoit.com\/fr\/wp-json\/wp\/v2\/media?parent=28528"}],"wp:term":[{"taxonomy":"product_brand","embeddable":true,"href":"https:\/\/guydutoit.com\/fr\/wp-json\/wp\/v2\/product_brand?post=28528"},{"taxonomy":"product_cat","embeddable":true,"href":"https:\/\/guydutoit.com\/fr\/wp-json\/wp\/v2\/product_cat?post=28528"},{"taxonomy":"product_tag","embeddable":true,"href":"https:\/\/guydutoit.com\/fr\/wp-json\/wp\/v2\/product_tag?post=28528"}],"curies":[{"name":"wp","href":"https:\/\/api.w.org\/{rel}","templated":true}]}}