{"id":28828,"date":"2026-01-23T01:01:41","date_gmt":"2026-01-23T00:01:41","guid":{"rendered":"https:\/\/guydutoit.com\/product\/kit-de-coupe-pizza-en-acier-inoxydable-de-qualite-superieure\/"},"modified":"2026-01-23T01:01:41","modified_gmt":"2026-01-23T00:01:41","slug":"kit-de-coupe-pizza-en-acier-inoxydable-de-qualite-superieure","status":"publish","type":"product","link":"https:\/\/guydutoit.com\/fr\/product\/kit-de-coupe-pizza-en-acier-inoxydable-de-qualite-superieure\/","title":{"rendered":"Kit de coupe-pizza en acier inoxydable de qualit\u00e9 sup\u00e9rieure"},"content":{"rendered":"<p>Kits de coupe-pizza en acier inoxydable. Il coupe les p\u00e2tes \u00e0 pizza, \u00e0 tarte, \u00e0 lasagne, \u00e0 p\u00e2tisserie et autres. Roue de 9 cm de diam\u00e8tre, la longueur totale peut varier en fonction de votre dessin. Vous pouvez t\u00e9l\u00e9charger les instructions PDF pour ce kit <a href=\"https:\/\/guydutoit.com\/wp-content\/uploads\/2026\/01\/Premium-Stainless-Steel-Pizza-Cutter-Kit.pdf\">ici.<\/a><\/p>\n","protected":false},"excerpt":{"rendered":"<p>Coupez sans effort les pizzas, les cro\u00fbtes de tarte, les lasagnes et bien d&#8217;autres choses encore gr\u00e2ce \u00e0 ce kit de coupe en acier inoxydable de premi\u00e8re qualit\u00e9. Personnalisez la longueur totale pour qu&#8217;elle corresponde \u00e0 votre conception.<\/p>\n","protected":false},"featured_media":28832,"comment_status":"open","ping_status":"closed","template":"","meta":{"site-sidebar-layout":"","site-content-layout":"","ast-site-content-layout":"","site-content-style":"","site-sidebar-style":"","ast-global-header-display":"","ast-banner-title-visibility":"","ast-main-header-display":"","ast-hfb-above-header-display":"","ast-hfb-below-header-display":"","ast-hfb-mobile-header-display":"","site-post-title":"","ast-breadcrumbs-content":"","ast-featured-img":"","footer-sml-layout":"","ast-disable-related-posts":"","theme-transparent-header-meta":"","adv-header-id-meta":"","stick-header-meta":"","header-above-stick-meta":"","header-main-stick-meta":"","header-below-stick-meta":"","astra-migrate-meta-layouts":"default","ast-page-background-enabled":"default","ast-page-background-meta":{"desktop":{"background-color":"var(--ast-global-color-4)","background-image":"","background-repeat":"repeat","background-position":"center center","background-size":"auto","background-attachment":"scroll","background-type":"","background-media":"","overlay-type":"","overlay-color":"","overlay-opacity":"","overlay-gradient":""},"tablet":{"background-color":"","background-image":"","background-repeat":"repeat","background-position":"center center","background-size":"auto","background-attachment":"scroll","background-type":"","background-media":"","overlay-type":"","overlay-color":"","overlay-opacity":"","overlay-gradient":""},"mobile":{"background-color":"","background-image":"","background-repeat":"repeat","background-position":"center center","background-size":"auto","background-attachment":"scroll","background-type":"","background-media":"","overlay-type":"","overlay-color":"","overlay-opacity":"","overlay-gradient":""}},"ast-content-background-meta":{"desktop":{"background-color":"var(--ast-global-color-5)","background-image":"","background-repeat":"repeat","background-position":"center center","background-size":"auto","background-attachment":"scroll","background-type":"","background-media":"","overlay-type":"","overlay-color":"","overlay-opacity":"","overlay-gradient":""},"tablet":{"background-color":"var(--ast-global-color-5)","background-image":"","background-repeat":"repeat","background-position":"center center","background-size":"auto","background-attachment":"scroll","background-type":"","background-media":"","overlay-type":"","overlay-color":"","overlay-opacity":"","overlay-gradient":""},"mobile":{"background-color":"var(--ast-global-color-5)","background-image":"","background-repeat":"repeat","background-position":"center center","background-size":"auto","background-attachment":"scroll","background-type":"","background-media":"","overlay-type":"","overlay-color":"","overlay-opacity":"","overlay-gradient":""}},"jetpack_post_was_ever_published":false,"jetpack_publicize_message":"","jetpack_publicize_feature_enabled":true,"jetpack_social_post_already_shared":true,"jetpack_social_options":{"image_generator_settings":{"template":"highway","default_image_id":0,"font":"","enabled":false},"version":2}},"product_brand":[],"product_cat":[3146],"product_tag":[3340,3337,3339,549,2133],"class_list":{"0":"post-28828","1":"product","2":"type-product","3":"status-publish","4":"has-post-thumbnail","6":"product_cat-accessoires-pour-le-tournage-du-bois","7":"product_tag-accessoires-pour-pizzas","8":"product_tag-coupe-pizza-en-acier-inoxydable","9":"product_tag-kit-coupe-pizza","10":"product_tag-kit-de-tournage-sur-bois","11":"product_tag-outils-de-cuisine","12":"desktop-align-left","13":"tablet-align-left","14":"mobile-align-left","15":"ast-product-gallery-layout-vertical-slider","16":"ast-product-tabs-layout-horizontal","18":"first","19":"instock","20":"shipping-taxable","21":"purchasable","22":"product-type-simple"},"jetpack_publicize_connections":[],"jetpack-related-posts":[{"id":27441,"url":"https:\/\/guydutoit.com\/fr\/product\/kit-debauche-de-couteau-en-acier-inoxydable-440c-de-qualite-superieure-pour-les-projets-de-bricolage\/","url_meta":{"origin":28828,"position":0},"title":"Kit d&#8217;\u00e9bauche de couteau en acier inoxydable 440C de qualit\u00e9 sup\u00e9rieure pour les projets de bricolage","author":"Guy du Toit","date":"23 janvier 2026","format":false,"excerpt":"Cr\u00e9ez votre propre couteau portable de haute qualit\u00e9 pour les fruits, les grillades ou la chasse avec ce kit de d\u00e9coupe en acier inoxydable 440C de premi\u00e8re qualit\u00e9. Faites preuve de cr\u00e9ativit\u00e9 et personnalisez votre lame parfaite pour toute aventure en plein air.","rel":"","context":"Article similaire","block_context":{"text":"Article similaire","link":""},"img":{"alt_text":"","src":"https:\/\/i0.wp.com\/guydutoit.com\/wp-content\/uploads\/2026\/01\/RZ-KN006_001.jpg?fit=1100%2C740&ssl=1&resize=350%2C200","width":350,"height":200,"srcset":"https:\/\/i0.wp.com\/guydutoit.com\/wp-content\/uploads\/2026\/01\/RZ-KN006_001.jpg?fit=1100%2C740&ssl=1&resize=350%2C200 1x, https:\/\/i0.wp.com\/guydutoit.com\/wp-content\/uploads\/2026\/01\/RZ-KN006_001.jpg?fit=1100%2C740&ssl=1&resize=525%2C300 1.5x, https:\/\/i0.wp.com\/guydutoit.com\/wp-content\/uploads\/2026\/01\/RZ-KN006_001.jpg?fit=1100%2C740&ssl=1&resize=700%2C400 2x, https:\/\/i0.wp.com\/guydutoit.com\/wp-content\/uploads\/2026\/01\/RZ-KN006_001.jpg?fit=1100%2C740&ssl=1&resize=1050%2C600 3x"},"classes":[]},{"id":28710,"url":"https:\/\/guydutoit.com\/fr\/product\/kit-de-couteau-a-fromage-en-acier-inoxydable-pour-tour-a-bois\/","url_meta":{"origin":28828,"position":1},"title":"Kit de couteau \u00e0 fromage en acier inoxydable pour tour \u00e0 bois","author":"Guy du Toit","date":"23 janvier 2026","format":false,"excerpt":"Am\u00e9liorez votre exp\u00e9rience de d\u00e9gustation de fromage avec ce kit de couteau \u00e0 fromage en acier inoxydable de premi\u00e8re qualit\u00e9 con\u00e7u pour les projets de tournage sur bois.","rel":"","context":"Article similaire","block_context":{"text":"Article similaire","link":""},"img":{"alt_text":"","src":"https:\/\/i0.wp.com\/guydutoit.com\/wp-content\/uploads\/2026\/01\/RZ-PK422-SS_002.jpg?fit=1100%2C740&ssl=1&resize=350%2C200","width":350,"height":200,"srcset":"https:\/\/i0.wp.com\/guydutoit.com\/wp-content\/uploads\/2026\/01\/RZ-PK422-SS_002.jpg?fit=1100%2C740&ssl=1&resize=350%2C200 1x, https:\/\/i0.wp.com\/guydutoit.com\/wp-content\/uploads\/2026\/01\/RZ-PK422-SS_002.jpg?fit=1100%2C740&ssl=1&resize=525%2C300 1.5x, https:\/\/i0.wp.com\/guydutoit.com\/wp-content\/uploads\/2026\/01\/RZ-PK422-SS_002.jpg?fit=1100%2C740&ssl=1&resize=700%2C400 2x, https:\/\/i0.wp.com\/guydutoit.com\/wp-content\/uploads\/2026\/01\/RZ-PK422-SS_002.jpg?fit=1100%2C740&ssl=1&resize=1050%2C600 3x"},"classes":[]},{"id":28694,"url":"https:\/\/guydutoit.com\/fr\/product\/kit-de-couteaux-a-fromage-en-acier-inoxydable-de-qualite-superieure-avec-lame-en-forme-de-queue-de-poisson\/","url_meta":{"origin":28828,"position":2},"title":"Kit de couteaux \u00e0 fromage en acier inoxydable de qualit\u00e9 sup\u00e9rieure avec lame en forme de queue de poisson","author":"Guy du Toit","date":"23 janvier 2026","format":false,"excerpt":"Rehaussez votre plateau de fromage avec notre kit de couteaux \u00e0 fromage en acier inoxydable durable, dot\u00e9 d'une lame en queue de poisson durable. Parfait pour les projets de tournage sur tour \u00e0 bois !","rel":"","context":"Article similaire","block_context":{"text":"Article similaire","link":""},"img":{"alt_text":"","src":"https:\/\/i0.wp.com\/guydutoit.com\/wp-content\/uploads\/2026\/01\/RZ-PK420-SS078_002.jpg?fit=1100%2C740&ssl=1&resize=350%2C200","width":350,"height":200,"srcset":"https:\/\/i0.wp.com\/guydutoit.com\/wp-content\/uploads\/2026\/01\/RZ-PK420-SS078_002.jpg?fit=1100%2C740&ssl=1&resize=350%2C200 1x, https:\/\/i0.wp.com\/guydutoit.com\/wp-content\/uploads\/2026\/01\/RZ-PK420-SS078_002.jpg?fit=1100%2C740&ssl=1&resize=525%2C300 1.5x, https:\/\/i0.wp.com\/guydutoit.com\/wp-content\/uploads\/2026\/01\/RZ-PK420-SS078_002.jpg?fit=1100%2C740&ssl=1&resize=700%2C400 2x, https:\/\/i0.wp.com\/guydutoit.com\/wp-content\/uploads\/2026\/01\/RZ-PK420-SS078_002.jpg?fit=1100%2C740&ssl=1&resize=1050%2C600 3x"},"classes":[]},{"id":21026,"url":"https:\/\/guydutoit.com\/fr\/product\/kit-disque-decapsuleur-en-acier-inoxydable\/","url_meta":{"origin":28828,"position":3},"title":"Kit disque d\u00e9capsuleur en acier inoxydable","author":"Guy du Toit","date":"10 septembre 2025","format":false,"excerpt":"Un disque d\u00e9capsuleur en acier inoxydable de haute qualit\u00e9, parfait pour cr\u00e9er des d\u00e9capsuleurs personnalis\u00e9s tourn\u00e9s en bois. Quatre vis sont incluses pour une fixation s\u00fbre.","rel":"","context":"Article similaire","block_context":{"text":"Article similaire","link":""},"img":{"alt_text":"Un kit de disque d\u00e9capsuleur en acier inoxydable avec des vis pour les projets de tournage sur bois.","src":"https:\/\/i0.wp.com\/guydutoit.com\/wp-content\/uploads\/2025\/09\/Stainless-steel-bottle-opener-disc-kits.jpg?fit=1100%2C740&ssl=1&resize=350%2C200","width":350,"height":200,"srcset":"https:\/\/i0.wp.com\/guydutoit.com\/wp-content\/uploads\/2025\/09\/Stainless-steel-bottle-opener-disc-kits.jpg?fit=1100%2C740&ssl=1&resize=350%2C200 1x, https:\/\/i0.wp.com\/guydutoit.com\/wp-content\/uploads\/2025\/09\/Stainless-steel-bottle-opener-disc-kits.jpg?fit=1100%2C740&ssl=1&resize=525%2C300 1.5x, https:\/\/i0.wp.com\/guydutoit.com\/wp-content\/uploads\/2025\/09\/Stainless-steel-bottle-opener-disc-kits.jpg?fit=1100%2C740&ssl=1&resize=700%2C400 2x, https:\/\/i0.wp.com\/guydutoit.com\/wp-content\/uploads\/2025\/09\/Stainless-steel-bottle-opener-disc-kits.jpg?fit=1100%2C740&ssl=1&resize=1050%2C600 3x"},"classes":[]},{"id":21649,"url":"https:\/\/guydutoit.com\/fr\/product\/kit-disque-decapsuleur-en-acier-inoxydable-copy\/","url_meta":{"origin":28828,"position":4},"title":"D\u00e9capsuleur de bi\u00e8re en acier inoxydable","author":"Guy du Toit","date":"30 octobre 2025","format":false,"excerpt":"Un d\u00e9capsuleur de bi\u00e8re en acier inoxydable de haute qualit\u00e9, parfait pour cr\u00e9er des d\u00e9capsuleurs personnalis\u00e9s en bois.","rel":"","context":"Article similaire","block_context":{"text":"Article similaire","link":""},"img":{"alt_text":"Kit d\u00e9capsuleur en acier inoxydable pour les projets de tournage sur bois.","src":"https:\/\/i0.wp.com\/guydutoit.com\/wp-content\/uploads\/2025\/11\/Stainless-steel-beer-bottle-opener.jpg?fit=1100%2C740&ssl=1&resize=350%2C200","width":350,"height":200,"srcset":"https:\/\/i0.wp.com\/guydutoit.com\/wp-content\/uploads\/2025\/11\/Stainless-steel-beer-bottle-opener.jpg?fit=1100%2C740&ssl=1&resize=350%2C200 1x, https:\/\/i0.wp.com\/guydutoit.com\/wp-content\/uploads\/2025\/11\/Stainless-steel-beer-bottle-opener.jpg?fit=1100%2C740&ssl=1&resize=525%2C300 1.5x, https:\/\/i0.wp.com\/guydutoit.com\/wp-content\/uploads\/2025\/11\/Stainless-steel-beer-bottle-opener.jpg?fit=1100%2C740&ssl=1&resize=700%2C400 2x, https:\/\/i0.wp.com\/guydutoit.com\/wp-content\/uploads\/2025\/11\/Stainless-steel-beer-bottle-opener.jpg?fit=1100%2C740&ssl=1&resize=1050%2C600 3x"},"classes":[]},{"id":20777,"url":"https:\/\/guydutoit.com\/fr\/product\/mug-de-voyage-en-acier-inoxydable-kit-de-tournage-sur-bois\/","url_meta":{"origin":28828,"position":5},"title":"Mug de voyage en acier inoxydable Kit de tournage sur bois","author":"Guy du Toit","date":"9 septembre 2025","format":false,"excerpt":"Une tasse de voyage en acier inoxydable de haute qualit\u00e9 de 450 ml avec couvercle \u00e9tanche, parfaite pour cr\u00e9er un cadeau personnalis\u00e9 et fonctionnel en bois tourn\u00e9.","rel":"","context":"Article similaire","block_context":{"text":"Article similaire","link":""},"img":{"alt_text":"Kit de mugs de voyage en acier inoxydable avec couvercle \u00e9tanche, pour cr\u00e9er un mug en bois tourn\u00e9 personnalis\u00e9.","src":"https:\/\/i0.wp.com\/guydutoit.com\/wp-content\/uploads\/2025\/09\/Stainless-Steel-Travel-mug-woodturning-kit-components2.jpg?fit=1100%2C740&ssl=1&resize=350%2C200","width":350,"height":200,"srcset":"https:\/\/i0.wp.com\/guydutoit.com\/wp-content\/uploads\/2025\/09\/Stainless-Steel-Travel-mug-woodturning-kit-components2.jpg?fit=1100%2C740&ssl=1&resize=350%2C200 1x, https:\/\/i0.wp.com\/guydutoit.com\/wp-content\/uploads\/2025\/09\/Stainless-Steel-Travel-mug-woodturning-kit-components2.jpg?fit=1100%2C740&ssl=1&resize=525%2C300 1.5x, https:\/\/i0.wp.com\/guydutoit.com\/wp-content\/uploads\/2025\/09\/Stainless-Steel-Travel-mug-woodturning-kit-components2.jpg?fit=1100%2C740&ssl=1&resize=700%2C400 2x, https:\/\/i0.wp.com\/guydutoit.com\/wp-content\/uploads\/2025\/09\/Stainless-Steel-Travel-mug-woodturning-kit-components2.jpg?fit=1100%2C740&ssl=1&resize=1050%2C600 3x"},"classes":[]}],"jetpack_sharing_enabled":true,"jetpack_likes_enabled":true,"_links":{"self":[{"href":"https:\/\/guydutoit.com\/fr\/wp-json\/wp\/v2\/product\/28828","targetHints":{"allow":["GET"]}}],"collection":[{"href":"https:\/\/guydutoit.com\/fr\/wp-json\/wp\/v2\/product"}],"about":[{"href":"https:\/\/guydutoit.com\/fr\/wp-json\/wp\/v2\/types\/product"}],"replies":[{"embeddable":true,"href":"https:\/\/guydutoit.com\/fr\/wp-json\/wp\/v2\/comments?post=28828"}],"wp:featuredmedia":[{"embeddable":true,"href":"https:\/\/guydutoit.com\/fr\/wp-json\/wp\/v2\/media\/28832"}],"wp:attachment":[{"href":"https:\/\/guydutoit.com\/fr\/wp-json\/wp\/v2\/media?parent=28828"}],"wp:term":[{"taxonomy":"product_brand","embeddable":true,"href":"https:\/\/guydutoit.com\/fr\/wp-json\/wp\/v2\/product_brand?post=28828"},{"taxonomy":"product_cat","embeddable":true,"href":"https:\/\/guydutoit.com\/fr\/wp-json\/wp\/v2\/product_cat?post=28828"},{"taxonomy":"product_tag","embeddable":true,"href":"https:\/\/guydutoit.com\/fr\/wp-json\/wp\/v2\/product_tag?post=28828"}],"curies":[{"name":"wp","href":"https:\/\/api.w.org\/{rel}","templated":true}]}}