{"id":28974,"date":"2026-01-23T01:01:38","date_gmt":"2026-01-23T00:01:38","guid":{"rendered":"https:\/\/guydutoit.com\/product\/kit-decapsuleur-elegant-chrome-a-bout-carre\/"},"modified":"2026-01-23T01:01:38","modified_gmt":"2026-01-23T00:01:38","slug":"kit-decapsuleur-elegant-chrome-a-bout-carre","status":"publish","type":"product","link":"https:\/\/guydutoit.com\/fr\/product\/kit-decapsuleur-elegant-chrome-a-bout-carre\/","title":{"rendered":"Kit d\u00e9capsuleur \u00e9l\u00e9gant chrom\u00e9 \u00e0 bout carr\u00e9"},"content":{"rendered":"<p>Nouveau kit d\u00e9capsuleur \u00e0 bout carr\u00e9, chrom\u00e9. Il est tr\u00e8s \u00e9l\u00e9gant. Convient aux travaux plats ou ronds ainsi qu&#8217;\u00e0 de nombreuses autres applications artisanales &#8211; sa simplicit\u00e9 est son plus grand atout. Vous pouvez t\u00e9l\u00e9charger les instructions PDF pour ce kit <a href=\"https:\/\/guydutoit.com\/wp-content\/uploads\/2026\/01\/Stylish-Chrome-Plated-Square-End-Bottle-Opener-Kit.pdf\">ici.<\/a><\/p>\n","protected":false},"excerpt":{"rendered":"<p>D\u00e9couvrez l&#8217;\u00e9l\u00e9gant kit de d\u00e9capsuleur chrom\u00e9 \u00e0 bout carr\u00e9, parfait pour les projets de tournage sur bois plats ou ronds. Id\u00e9al pour diverses applications artisanales.<\/p>\n","protected":false},"featured_media":28976,"comment_status":"open","ping_status":"closed","template":"","meta":{"site-sidebar-layout":"","site-content-layout":"","ast-site-content-layout":"","site-content-style":"","site-sidebar-style":"","ast-global-header-display":"","ast-banner-title-visibility":"","ast-main-header-display":"","ast-hfb-above-header-display":"","ast-hfb-below-header-display":"","ast-hfb-mobile-header-display":"","site-post-title":"","ast-breadcrumbs-content":"","ast-featured-img":"","footer-sml-layout":"","ast-disable-related-posts":"","theme-transparent-header-meta":"","adv-header-id-meta":"","stick-header-meta":"","header-above-stick-meta":"","header-main-stick-meta":"","header-below-stick-meta":"","astra-migrate-meta-layouts":"default","ast-page-background-enabled":"default","ast-page-background-meta":{"desktop":{"background-color":"var(--ast-global-color-4)","background-image":"","background-repeat":"repeat","background-position":"center center","background-size":"auto","background-attachment":"scroll","background-type":"","background-media":"","overlay-type":"","overlay-color":"","overlay-opacity":"","overlay-gradient":""},"tablet":{"background-color":"","background-image":"","background-repeat":"repeat","background-position":"center center","background-size":"auto","background-attachment":"scroll","background-type":"","background-media":"","overlay-type":"","overlay-color":"","overlay-opacity":"","overlay-gradient":""},"mobile":{"background-color":"","background-image":"","background-repeat":"repeat","background-position":"center center","background-size":"auto","background-attachment":"scroll","background-type":"","background-media":"","overlay-type":"","overlay-color":"","overlay-opacity":"","overlay-gradient":""}},"ast-content-background-meta":{"desktop":{"background-color":"var(--ast-global-color-5)","background-image":"","background-repeat":"repeat","background-position":"center center","background-size":"auto","background-attachment":"scroll","background-type":"","background-media":"","overlay-type":"","overlay-color":"","overlay-opacity":"","overlay-gradient":""},"tablet":{"background-color":"var(--ast-global-color-5)","background-image":"","background-repeat":"repeat","background-position":"center center","background-size":"auto","background-attachment":"scroll","background-type":"","background-media":"","overlay-type":"","overlay-color":"","overlay-opacity":"","overlay-gradient":""},"mobile":{"background-color":"var(--ast-global-color-5)","background-image":"","background-repeat":"repeat","background-position":"center center","background-size":"auto","background-attachment":"scroll","background-type":"","background-media":"","overlay-type":"","overlay-color":"","overlay-opacity":"","overlay-gradient":""}},"jetpack_post_was_ever_published":false,"jetpack_publicize_message":"","jetpack_publicize_feature_enabled":true,"jetpack_social_post_already_shared":true,"jetpack_social_options":{"image_generator_settings":{"template":"highway","default_image_id":0,"font":"","enabled":false},"version":2}},"product_brand":[],"product_cat":[3146],"product_tag":[3411,1614,3413,549,910],"class_list":{"0":"post-28974","1":"product","2":"type-product","3":"status-publish","4":"has-post-thumbnail","6":"product_cat-accessoires-pour-le-tournage-du-bois","7":"product_tag-applications-artisanales","8":"product_tag-chromage","9":"product_tag-design-elegant","10":"product_tag-kit-de-tournage-sur-bois","11":"product_tag-kit-decapsuleur","12":"desktop-align-left","13":"tablet-align-left","14":"mobile-align-left","15":"ast-product-gallery-layout-vertical-slider","16":"ast-product-tabs-layout-horizontal","18":"first","19":"instock","20":"shipping-taxable","21":"purchasable","22":"product-type-simple"},"jetpack_publicize_connections":[],"jetpack-related-posts":[{"id":21649,"url":"https:\/\/guydutoit.com\/fr\/product\/kit-disque-decapsuleur-en-acier-inoxydable-copy\/","url_meta":{"origin":28974,"position":0},"title":"D\u00e9capsuleur de bi\u00e8re en acier inoxydable","author":"Guy du Toit","date":"30 octobre 2025","format":false,"excerpt":"Un d\u00e9capsuleur de bi\u00e8re en acier inoxydable de haute qualit\u00e9, parfait pour cr\u00e9er des d\u00e9capsuleurs personnalis\u00e9s en bois.","rel":"","context":"Article similaire","block_context":{"text":"Article similaire","link":""},"img":{"alt_text":"Kit d\u00e9capsuleur en acier inoxydable pour les projets de tournage sur bois.","src":"https:\/\/i0.wp.com\/guydutoit.com\/wp-content\/uploads\/2025\/11\/Stainless-steel-beer-bottle-opener.jpg?fit=1100%2C740&ssl=1&resize=350%2C200","width":350,"height":200,"srcset":"https:\/\/i0.wp.com\/guydutoit.com\/wp-content\/uploads\/2025\/11\/Stainless-steel-beer-bottle-opener.jpg?fit=1100%2C740&ssl=1&resize=350%2C200 1x, https:\/\/i0.wp.com\/guydutoit.com\/wp-content\/uploads\/2025\/11\/Stainless-steel-beer-bottle-opener.jpg?fit=1100%2C740&ssl=1&resize=525%2C300 1.5x, https:\/\/i0.wp.com\/guydutoit.com\/wp-content\/uploads\/2025\/11\/Stainless-steel-beer-bottle-opener.jpg?fit=1100%2C740&ssl=1&resize=700%2C400 2x, https:\/\/i0.wp.com\/guydutoit.com\/wp-content\/uploads\/2025\/11\/Stainless-steel-beer-bottle-opener.jpg?fit=1100%2C740&ssl=1&resize=1050%2C600 3x"},"classes":[]},{"id":21026,"url":"https:\/\/guydutoit.com\/fr\/product\/kit-disque-decapsuleur-en-acier-inoxydable\/","url_meta":{"origin":28974,"position":1},"title":"Kit disque d\u00e9capsuleur en acier inoxydable","author":"Guy du Toit","date":"10 septembre 2025","format":false,"excerpt":"Un disque d\u00e9capsuleur en acier inoxydable de haute qualit\u00e9, parfait pour cr\u00e9er des d\u00e9capsuleurs personnalis\u00e9s tourn\u00e9s en bois. Quatre vis sont incluses pour une fixation s\u00fbre.","rel":"","context":"Article similaire","block_context":{"text":"Article similaire","link":""},"img":{"alt_text":"Un kit de disque d\u00e9capsuleur en acier inoxydable avec des vis pour les projets de tournage sur bois.","src":"https:\/\/i0.wp.com\/guydutoit.com\/wp-content\/uploads\/2025\/09\/Stainless-steel-bottle-opener-disc-kits.jpg?fit=1100%2C740&ssl=1&resize=350%2C200","width":350,"height":200,"srcset":"https:\/\/i0.wp.com\/guydutoit.com\/wp-content\/uploads\/2025\/09\/Stainless-steel-bottle-opener-disc-kits.jpg?fit=1100%2C740&ssl=1&resize=350%2C200 1x, https:\/\/i0.wp.com\/guydutoit.com\/wp-content\/uploads\/2025\/09\/Stainless-steel-bottle-opener-disc-kits.jpg?fit=1100%2C740&ssl=1&resize=525%2C300 1.5x, https:\/\/i0.wp.com\/guydutoit.com\/wp-content\/uploads\/2025\/09\/Stainless-steel-bottle-opener-disc-kits.jpg?fit=1100%2C740&ssl=1&resize=700%2C400 2x, https:\/\/i0.wp.com\/guydutoit.com\/wp-content\/uploads\/2025\/09\/Stainless-steel-bottle-opener-disc-kits.jpg?fit=1100%2C740&ssl=1&resize=1050%2C600 3x"},"classes":[]},{"id":20820,"url":"https:\/\/guydutoit.com\/fr\/product\/decapsuleur-a-pression-automatique-kit-de-tournage-sur-bois\/","url_meta":{"origin":28974,"position":2},"title":"D\u00e9capsuleur \u00e0 pression automatique Kit de tournage sur bois","author":"Guy du Toit","date":"9 septembre 2025","format":false,"excerpt":"Un d\u00e9capsuleur automatique noir et magn\u00e9tique, parfait pour cr\u00e9er une coque en bois tourn\u00e9e sur mesure. Un excellent projet pour les tourneurs de bois.","rel":"","context":"Article similaire","block_context":{"text":"Article similaire","link":""},"img":{"alt_text":"Ouvre-bouteille automatique noir avec un attrape-capsule magn\u00e9tique, parfait pour r\u00e9aliser une poign\u00e9e en bois personnalis\u00e9e.","src":"https:\/\/i0.wp.com\/guydutoit.com\/wp-content\/uploads\/2025\/09\/Black-automatic-press-bottle-opener-kit.jpg?fit=1100%2C740&ssl=1&resize=350%2C200","width":350,"height":200,"srcset":"https:\/\/i0.wp.com\/guydutoit.com\/wp-content\/uploads\/2025\/09\/Black-automatic-press-bottle-opener-kit.jpg?fit=1100%2C740&ssl=1&resize=350%2C200 1x, https:\/\/i0.wp.com\/guydutoit.com\/wp-content\/uploads\/2025\/09\/Black-automatic-press-bottle-opener-kit.jpg?fit=1100%2C740&ssl=1&resize=525%2C300 1.5x, https:\/\/i0.wp.com\/guydutoit.com\/wp-content\/uploads\/2025\/09\/Black-automatic-press-bottle-opener-kit.jpg?fit=1100%2C740&ssl=1&resize=700%2C400 2x, https:\/\/i0.wp.com\/guydutoit.com\/wp-content\/uploads\/2025\/09\/Black-automatic-press-bottle-opener-kit.jpg?fit=1100%2C740&ssl=1&resize=1050%2C600 3x"},"classes":[]},{"id":26232,"url":"https:\/\/guydutoit.com\/fr\/product\/kit-mini-decapsuleur-en-bronze-antique-poli\/","url_meta":{"origin":28974,"position":3},"title":"Kit mini-d\u00e9capsuleur en bronze antique poli","author":"Guy du Toit","date":"23 janvier 2026","format":false,"excerpt":"Rehaussez votre cuisine ou votre bar avec ce mini kit d\u00e9capsuleur en bronze antique poli. Parfait pour tout amateur de bi\u00e8re et facile \u00e0 r\u00e9aliser avec des moules en r\u00e9sine.","rel":"","context":"Article similaire","block_context":{"text":"Article similaire","link":""},"img":{"alt_text":"","src":"https:\/\/i0.wp.com\/guydutoit.com\/wp-content\/uploads\/2026\/01\/RZ-PK619E-ABP_001.jpg?fit=1100%2C740&ssl=1&resize=350%2C200","width":350,"height":200,"srcset":"https:\/\/i0.wp.com\/guydutoit.com\/wp-content\/uploads\/2026\/01\/RZ-PK619E-ABP_001.jpg?fit=1100%2C740&ssl=1&resize=350%2C200 1x, https:\/\/i0.wp.com\/guydutoit.com\/wp-content\/uploads\/2026\/01\/RZ-PK619E-ABP_001.jpg?fit=1100%2C740&ssl=1&resize=525%2C300 1.5x, https:\/\/i0.wp.com\/guydutoit.com\/wp-content\/uploads\/2026\/01\/RZ-PK619E-ABP_001.jpg?fit=1100%2C740&ssl=1&resize=700%2C400 2x, https:\/\/i0.wp.com\/guydutoit.com\/wp-content\/uploads\/2026\/01\/RZ-PK619E-ABP_001.jpg?fit=1100%2C740&ssl=1&resize=1050%2C600 3x"},"classes":[]},{"id":26811,"url":"https:\/\/guydutoit.com\/fr\/product\/tire-bouchon-en-t-plaque-or-premium-kit-decapsuleur\/","url_meta":{"origin":28974,"position":4},"title":"Tire-bouchon en T plaqu\u00e9 or Premium Kit d\u00e9capsuleur","author":"Guy du Toit","date":"23 janvier 2026","format":false,"excerpt":"D\u00e9couvrez la commodit\u00e9 de notre tire-bouchon en T \u00e0 tube unique avec plaquage or. Il se transporte facilement dans votre poche ou votre sac \u00e0 main pour une utilisation en d\u00e9placement.","rel":"","context":"Article similaire","block_context":{"text":"Article similaire","link":""},"img":{"alt_text":"","src":"https:\/\/i0.wp.com\/guydutoit.com\/wp-content\/uploads\/2026\/01\/RZ-PK223-G_002.jpg?fit=1100%2C740&ssl=1&resize=350%2C200","width":350,"height":200,"srcset":"https:\/\/i0.wp.com\/guydutoit.com\/wp-content\/uploads\/2026\/01\/RZ-PK223-G_002.jpg?fit=1100%2C740&ssl=1&resize=350%2C200 1x, https:\/\/i0.wp.com\/guydutoit.com\/wp-content\/uploads\/2026\/01\/RZ-PK223-G_002.jpg?fit=1100%2C740&ssl=1&resize=525%2C300 1.5x, https:\/\/i0.wp.com\/guydutoit.com\/wp-content\/uploads\/2026\/01\/RZ-PK223-G_002.jpg?fit=1100%2C740&ssl=1&resize=700%2C400 2x, https:\/\/i0.wp.com\/guydutoit.com\/wp-content\/uploads\/2026\/01\/RZ-PK223-G_002.jpg?fit=1100%2C740&ssl=1&resize=1050%2C600 3x"},"classes":[]},{"id":29076,"url":"https:\/\/guydutoit.com\/fr\/product\/kit-decapsuleur-premium-pour-le-tournage-sur-bois\/","url_meta":{"origin":28974,"position":5},"title":"Kit d\u00e9capsuleur Premium pour le tournage sur bois","author":"Guy du Toit","date":"23 janvier 2026","format":false,"excerpt":"Am\u00e9liorez vos projets de tournage sur bois avec cet ensemble de qualit\u00e9 sup\u00e9rieure compos\u00e9 de 5 d\u00e9capsuleurs et de 10 vis. Parfaitement compatible avec notre ensemble de moules en silicone RZ-SM005. Cr\u00e9ez des cadeaux uniques sans effort !","rel":"","context":"Article similaire","block_context":{"text":"Article similaire","link":""},"img":{"alt_text":"","src":"","width":0,"height":0},"classes":[]}],"jetpack_sharing_enabled":true,"jetpack_likes_enabled":true,"_links":{"self":[{"href":"https:\/\/guydutoit.com\/fr\/wp-json\/wp\/v2\/product\/28974","targetHints":{"allow":["GET"]}}],"collection":[{"href":"https:\/\/guydutoit.com\/fr\/wp-json\/wp\/v2\/product"}],"about":[{"href":"https:\/\/guydutoit.com\/fr\/wp-json\/wp\/v2\/types\/product"}],"replies":[{"embeddable":true,"href":"https:\/\/guydutoit.com\/fr\/wp-json\/wp\/v2\/comments?post=28974"}],"wp:featuredmedia":[{"embeddable":true,"href":"https:\/\/guydutoit.com\/fr\/wp-json\/wp\/v2\/media\/28976"}],"wp:attachment":[{"href":"https:\/\/guydutoit.com\/fr\/wp-json\/wp\/v2\/media?parent=28974"}],"wp:term":[{"taxonomy":"product_brand","embeddable":true,"href":"https:\/\/guydutoit.com\/fr\/wp-json\/wp\/v2\/product_brand?post=28974"},{"taxonomy":"product_cat","embeddable":true,"href":"https:\/\/guydutoit.com\/fr\/wp-json\/wp\/v2\/product_cat?post=28974"},{"taxonomy":"product_tag","embeddable":true,"href":"https:\/\/guydutoit.com\/fr\/wp-json\/wp\/v2\/product_tag?post=28974"}],"curies":[{"name":"wp","href":"https:\/\/api.w.org\/{rel}","templated":true}]}}