{"id":29066,"date":"2026-01-23T01:01:36","date_gmt":"2026-01-23T00:01:36","guid":{"rendered":"https:\/\/guydutoit.com\/product\/ripper-de-tournage-sur-bois-plaque-metal-de-premiere-qualite-avec-joints-toriques\/"},"modified":"2026-03-03T21:13:10","modified_gmt":"2026-03-03T20:13:10","slug":"ripper-de-tournage-sur-bois-plaque-metal-de-premiere-qualite-avec-joints-toriques","status":"publish","type":"product","link":"https:\/\/guydutoit.com\/fr\/product\/ripper-de-tournage-sur-bois-plaque-metal-de-premiere-qualite-avec-joints-toriques\/","title":{"rendered":"Ripper de tournage sur bois plaqu\u00e9 m\u00e9tal de premi\u00e8re qualit\u00e9 avec joints toriques"},"content":{"rendered":"<p>Placage en m\u00e9tal arm\u00e9. Avec des joints toriques pour maintenir le ripper en place. Pas d&#8217;autocollant, pas de ressort, un nouveau style ! Douille (RZ-PK91#-BU) Tubes (RZ-BT91) M\u00e8che (RZ-DB008) Moulins \u00e0 plume\uff08RZ-PM012). Vous pouvez t\u00e9l\u00e9charger les instructions PDF pour ce kit <a href=\"https:\/\/guydutoit.com\/wp-content\/uploads\/2026\/01\/Premium-Gun-Metal-Plated-Woodturning-Ripper-With-O-Rings.pdf\">ici.<\/a><\/p>\n","protected":false},"excerpt":{"rendered":"<p>D\u00e9couvrez le nouveau style de Ripper de tournage sur bois avec joints toriques pour des projets de tournage pr\u00e9cis. Pas d&#8217;autocollant, pas de ressort, juste une qualit\u00e9 sup\u00e9rieure.<\/p>\n","protected":false},"featured_media":29067,"comment_status":"open","ping_status":"closed","template":"","meta":{"site-sidebar-layout":"","site-content-layout":"","ast-site-content-layout":"","site-content-style":"","site-sidebar-style":"","ast-global-header-display":"","ast-banner-title-visibility":"","ast-main-header-display":"","ast-hfb-above-header-display":"","ast-hfb-below-header-display":"","ast-hfb-mobile-header-display":"","site-post-title":"","ast-breadcrumbs-content":"","ast-featured-img":"","footer-sml-layout":"","ast-disable-related-posts":"","theme-transparent-header-meta":"","adv-header-id-meta":"","stick-header-meta":"","header-above-stick-meta":"","header-main-stick-meta":"","header-below-stick-meta":"","astra-migrate-meta-layouts":"default","ast-page-background-enabled":"default","ast-page-background-meta":{"desktop":{"background-color":"var(--ast-global-color-4)","background-image":"","background-repeat":"repeat","background-position":"center center","background-size":"auto","background-attachment":"scroll","background-type":"","background-media":"","overlay-type":"","overlay-color":"","overlay-opacity":"","overlay-gradient":""},"tablet":{"background-color":"","background-image":"","background-repeat":"repeat","background-position":"center center","background-size":"auto","background-attachment":"scroll","background-type":"","background-media":"","overlay-type":"","overlay-color":"","overlay-opacity":"","overlay-gradient":""},"mobile":{"background-color":"","background-image":"","background-repeat":"repeat","background-position":"center center","background-size":"auto","background-attachment":"scroll","background-type":"","background-media":"","overlay-type":"","overlay-color":"","overlay-opacity":"","overlay-gradient":""}},"ast-content-background-meta":{"desktop":{"background-color":"var(--ast-global-color-5)","background-image":"","background-repeat":"repeat","background-position":"center center","background-size":"auto","background-attachment":"scroll","background-type":"","background-media":"","overlay-type":"","overlay-color":"","overlay-opacity":"","overlay-gradient":""},"tablet":{"background-color":"var(--ast-global-color-5)","background-image":"","background-repeat":"repeat","background-position":"center center","background-size":"auto","background-attachment":"scroll","background-type":"","background-media":"","overlay-type":"","overlay-color":"","overlay-opacity":"","overlay-gradient":""},"mobile":{"background-color":"var(--ast-global-color-5)","background-image":"","background-repeat":"repeat","background-position":"center center","background-size":"auto","background-attachment":"scroll","background-type":"","background-media":"","overlay-type":"","overlay-color":"","overlay-opacity":"","overlay-gradient":""}},"jetpack_post_was_ever_published":false,"jetpack_publicize_message":"","jetpack_publicize_feature_enabled":true,"jetpack_social_post_already_shared":true,"jetpack_social_options":{"image_generator_settings":{"template":"highway","default_image_id":0,"font":"","enabled":false},"version":2}},"product_brand":[],"product_cat":[3146],"product_tag":[1992,1054,404,1777,3476],"class_list":{"0":"post-29066","1":"product","2":"type-product","3":"status-publish","4":"has-post-thumbnail","6":"product_cat-accessoires-pour-le-tournage-du-bois","7":"product_tag-fournitures-pour-la-fabrication-de-stylos","8":"product_tag-kits-de-tournage-sur-bois","9":"product_tag-outils-de-tournage-sur-bois","10":"product_tag-placage-au-pistolet","11":"product_tag-support-de-ripper","12":"desktop-align-left","13":"tablet-align-left","14":"mobile-align-left","15":"ast-product-gallery-layout-vertical-slider","16":"ast-product-tabs-layout-horizontal","18":"first","19":"instock","20":"shipping-taxable","21":"purchasable","22":"product-type-simple"},"jetpack_publicize_connections":[],"jetpack-related-posts":[{"id":28995,"url":"https:\/\/guydutoit.com\/fr\/product\/kit-darrache-coutures-en-bronze-antique-plaque-avec-joints-toriques\/","url_meta":{"origin":29066,"position":0},"title":"Kit d&#8217;arrache-coutures en bronze antique plaqu\u00e9 avec joints toriques","author":"Guy du Toit","date":"23 janvier 2026","format":false,"excerpt":"Retirez les coutures sans effort gr\u00e2ce \u00e0 notre kit de d\u00e9fonceuse de coutures en bronze antique plaqu\u00e9, comprenant trois d\u00e9fonceuses - stiletto, petite et grande, chacune \u00e9tant solidement maintenue en place par des joints toriques.","rel":"","context":"Article similaire","block_context":{"text":"Article similaire","link":""},"img":{"alt_text":"","src":"https:\/\/i0.wp.com\/guydutoit.com\/wp-content\/uploads\/2026\/01\/RZ-PK330-ABP_002.jpg?fit=1100%2C740&ssl=1&resize=350%2C200","width":350,"height":200,"srcset":"https:\/\/i0.wp.com\/guydutoit.com\/wp-content\/uploads\/2026\/01\/RZ-PK330-ABP_002.jpg?fit=1100%2C740&ssl=1&resize=350%2C200 1x, https:\/\/i0.wp.com\/guydutoit.com\/wp-content\/uploads\/2026\/01\/RZ-PK330-ABP_002.jpg?fit=1100%2C740&ssl=1&resize=525%2C300 1.5x, https:\/\/i0.wp.com\/guydutoit.com\/wp-content\/uploads\/2026\/01\/RZ-PK330-ABP_002.jpg?fit=1100%2C740&ssl=1&resize=700%2C400 2x, https:\/\/i0.wp.com\/guydutoit.com\/wp-content\/uploads\/2026\/01\/RZ-PK330-ABP_002.jpg?fit=1100%2C740&ssl=1&resize=1050%2C600 3x"},"classes":[]},{"id":28631,"url":"https:\/\/guydutoit.com\/fr\/product\/kit-de-stylo-chrome-haut-de-gamme-pour-le-tournage-sur-bois\/","url_meta":{"origin":29066,"position":1},"title":"Kit de stylo chrom\u00e9 haut de gamme pour le tournage sur bois","author":"Guy du Toit","date":"23 janvier 2026","format":false,"excerpt":"Am\u00e9liorez vos projets de tournage avec ce kit de stylet chrom\u00e9 de premi\u00e8re qualit\u00e9, dot\u00e9 d'un tube unique \u00e9l\u00e9gant pour une touche de modernit\u00e9.","rel":"","context":"Article similaire","block_context":{"text":"Article similaire","link":""},"img":{"alt_text":"","src":"https:\/\/i0.wp.com\/guydutoit.com\/wp-content\/uploads\/2026\/01\/RZ-BPCL76-CHR_001.jpg?fit=1100%2C740&ssl=1&resize=350%2C200","width":350,"height":200,"srcset":"https:\/\/i0.wp.com\/guydutoit.com\/wp-content\/uploads\/2026\/01\/RZ-BPCL76-CHR_001.jpg?fit=1100%2C740&ssl=1&resize=350%2C200 1x, https:\/\/i0.wp.com\/guydutoit.com\/wp-content\/uploads\/2026\/01\/RZ-BPCL76-CHR_001.jpg?fit=1100%2C740&ssl=1&resize=525%2C300 1.5x, https:\/\/i0.wp.com\/guydutoit.com\/wp-content\/uploads\/2026\/01\/RZ-BPCL76-CHR_001.jpg?fit=1100%2C740&ssl=1&resize=700%2C400 2x, https:\/\/i0.wp.com\/guydutoit.com\/wp-content\/uploads\/2026\/01\/RZ-BPCL76-CHR_001.jpg?fit=1100%2C740&ssl=1&resize=1050%2C600 3x"},"classes":[]},{"id":26528,"url":"https:\/\/guydutoit.com\/fr\/product\/kit-stylo-roller-elegant-plaque-or-pour-homme\/","url_meta":{"origin":29066,"position":2},"title":"Kit stylo roller \u00e9l\u00e9gant plaqu\u00e9 or pour homme","author":"Guy du Toit","date":"23 janvier 2026","format":false,"excerpt":"D\u00e9couvrez le charme luxueux de notre nouveau kit de stylo roller plaqu\u00e9 or avec des motifs complexes sur la bande centrale et le capuchon.","rel":"","context":"Article similaire","block_context":{"text":"Article similaire","link":""},"img":{"alt_text":"","src":"https:\/\/i0.wp.com\/guydutoit.com\/wp-content\/uploads\/2026\/01\/RZ-RP50N-G_001.jpg?fit=1100%2C740&ssl=1&resize=350%2C200","width":350,"height":200,"srcset":"https:\/\/i0.wp.com\/guydutoit.com\/wp-content\/uploads\/2026\/01\/RZ-RP50N-G_001.jpg?fit=1100%2C740&ssl=1&resize=350%2C200 1x, https:\/\/i0.wp.com\/guydutoit.com\/wp-content\/uploads\/2026\/01\/RZ-RP50N-G_001.jpg?fit=1100%2C740&ssl=1&resize=525%2C300 1.5x, https:\/\/i0.wp.com\/guydutoit.com\/wp-content\/uploads\/2026\/01\/RZ-RP50N-G_001.jpg?fit=1100%2C740&ssl=1&resize=700%2C400 2x, https:\/\/i0.wp.com\/guydutoit.com\/wp-content\/uploads\/2026\/01\/RZ-RP50N-G_001.jpg?fit=1100%2C740&ssl=1&resize=1050%2C600 3x"},"classes":[]},{"id":28575,"url":"https:\/\/guydutoit.com\/fr\/product\/kit-stylo-a-bille-pour-chien-en-chrome-de-qualite-superieure-avec-embout-creuse\/","url_meta":{"origin":29066,"position":3},"title":"Kit stylo \u00e0 bille pour chien en chrome de qualit\u00e9 sup\u00e9rieure avec embout creus\u00e9","author":"Guy du Toit","date":"23 janvier 2026","format":false,"excerpt":"D\u00e9couvrez les joies du tournage sur bois avec notre kit de stylo \u00e0 bille pour chien chrom\u00e9 de premi\u00e8re qualit\u00e9, qui pr\u00e9sente une pointe \u00e9vid\u00e9e remplie d'adorables \u00e9l\u00e9ments de chiot, d'os et d'empreintes de pas.","rel":"","context":"Article similaire","block_context":{"text":"Article similaire","link":""},"img":{"alt_text":"","src":"https:\/\/i0.wp.com\/guydutoit.com\/wp-content\/uploads\/2026\/01\/RZ-BP349-CHR_002.jpg?fit=1100%2C740&ssl=1&resize=350%2C200","width":350,"height":200,"srcset":"https:\/\/i0.wp.com\/guydutoit.com\/wp-content\/uploads\/2026\/01\/RZ-BP349-CHR_002.jpg?fit=1100%2C740&ssl=1&resize=350%2C200 1x, https:\/\/i0.wp.com\/guydutoit.com\/wp-content\/uploads\/2026\/01\/RZ-BP349-CHR_002.jpg?fit=1100%2C740&ssl=1&resize=525%2C300 1.5x, https:\/\/i0.wp.com\/guydutoit.com\/wp-content\/uploads\/2026\/01\/RZ-BP349-CHR_002.jpg?fit=1100%2C740&ssl=1&resize=700%2C400 2x, https:\/\/i0.wp.com\/guydutoit.com\/wp-content\/uploads\/2026\/01\/RZ-BP349-CHR_002.jpg?fit=1100%2C740&ssl=1&resize=1050%2C600 3x"},"classes":[]},{"id":27266,"url":"https:\/\/guydutoit.com\/fr\/product\/chrome-plating-large-jr-gentleman-rollerball-pen-kit\/","url_meta":{"origin":29066,"position":4},"title":"Chrome Plating Large Jr Gentleman Rollerball Pen Kit","author":"Guy du Toit","date":"23 janvier 2026","format":false,"excerpt":"Am\u00e9liorez vos projets de tournage sur bois avec notre stylo roller Large Jr Gentleman Chrome Plating, qui pr\u00e9sente des motifs complexes sur la bande centrale et le capuchon.","rel":"","context":"Article similaire","block_context":{"text":"Article similaire","link":""},"img":{"alt_text":"","src":"https:\/\/i0.wp.com\/guydutoit.com\/wp-content\/uploads\/2026\/01\/RZ-RP50N-CHR_002.jpg?fit=1100%2C740&ssl=1&resize=350%2C200","width":350,"height":200,"srcset":"https:\/\/i0.wp.com\/guydutoit.com\/wp-content\/uploads\/2026\/01\/RZ-RP50N-CHR_002.jpg?fit=1100%2C740&ssl=1&resize=350%2C200 1x, https:\/\/i0.wp.com\/guydutoit.com\/wp-content\/uploads\/2026\/01\/RZ-RP50N-CHR_002.jpg?fit=1100%2C740&ssl=1&resize=525%2C300 1.5x, https:\/\/i0.wp.com\/guydutoit.com\/wp-content\/uploads\/2026\/01\/RZ-RP50N-CHR_002.jpg?fit=1100%2C740&ssl=1&resize=700%2C400 2x, https:\/\/i0.wp.com\/guydutoit.com\/wp-content\/uploads\/2026\/01\/RZ-RP50N-CHR_002.jpg?fit=1100%2C740&ssl=1&resize=1050%2C600 3x"},"classes":[]},{"id":29004,"url":"https:\/\/guydutoit.com\/fr\/product\/kit-de-stylo-dinfirmiere-de-premiere-qualite-avec-placage-en-or-et-en-metal-arme\/","url_meta":{"origin":29066,"position":5},"title":"Kit de stylo d&#8217;infirmi\u00e8re de premi\u00e8re qualit\u00e9 avec placage en or et en m\u00e9tal arm\u00e9","author":"Guy du Toit","date":"23 janvier 2026","format":false,"excerpt":"Rendez hommage au d\u00e9vouement des infirmi\u00e8res du monde entier avec ce kit de stylos sur le th\u00e8me de l'\u00e9lectrocardiogramme. Une id\u00e9e de cadeau parfaite !","rel":"","context":"Article similaire","block_context":{"text":"Article similaire","link":""},"img":{"alt_text":"","src":"https:\/\/i0.wp.com\/guydutoit.com\/wp-content\/uploads\/2026\/01\/RZ-BP505-GGM_001.jpg?fit=1100%2C740&ssl=1&resize=350%2C200","width":350,"height":200,"srcset":"https:\/\/i0.wp.com\/guydutoit.com\/wp-content\/uploads\/2026\/01\/RZ-BP505-GGM_001.jpg?fit=1100%2C740&ssl=1&resize=350%2C200 1x, https:\/\/i0.wp.com\/guydutoit.com\/wp-content\/uploads\/2026\/01\/RZ-BP505-GGM_001.jpg?fit=1100%2C740&ssl=1&resize=525%2C300 1.5x, https:\/\/i0.wp.com\/guydutoit.com\/wp-content\/uploads\/2026\/01\/RZ-BP505-GGM_001.jpg?fit=1100%2C740&ssl=1&resize=700%2C400 2x, https:\/\/i0.wp.com\/guydutoit.com\/wp-content\/uploads\/2026\/01\/RZ-BP505-GGM_001.jpg?fit=1100%2C740&ssl=1&resize=1050%2C600 3x"},"classes":[]}],"jetpack_sharing_enabled":true,"jetpack_likes_enabled":true,"_links":{"self":[{"href":"https:\/\/guydutoit.com\/fr\/wp-json\/wp\/v2\/product\/29066","targetHints":{"allow":["GET"]}}],"collection":[{"href":"https:\/\/guydutoit.com\/fr\/wp-json\/wp\/v2\/product"}],"about":[{"href":"https:\/\/guydutoit.com\/fr\/wp-json\/wp\/v2\/types\/product"}],"replies":[{"embeddable":true,"href":"https:\/\/guydutoit.com\/fr\/wp-json\/wp\/v2\/comments?post=29066"}],"wp:featuredmedia":[{"embeddable":true,"href":"https:\/\/guydutoit.com\/fr\/wp-json\/wp\/v2\/media\/29067"}],"wp:attachment":[{"href":"https:\/\/guydutoit.com\/fr\/wp-json\/wp\/v2\/media?parent=29066"}],"wp:term":[{"taxonomy":"product_brand","embeddable":true,"href":"https:\/\/guydutoit.com\/fr\/wp-json\/wp\/v2\/product_brand?post=29066"},{"taxonomy":"product_cat","embeddable":true,"href":"https:\/\/guydutoit.com\/fr\/wp-json\/wp\/v2\/product_cat?post=29066"},{"taxonomy":"product_tag","embeddable":true,"href":"https:\/\/guydutoit.com\/fr\/wp-json\/wp\/v2\/product_tag?post=29066"}],"curies":[{"name":"wp","href":"https:\/\/api.w.org\/{rel}","templated":true}]}}